{"id":922,"date":"2021-01-27T10:26:08","date_gmt":"2021-01-27T09:26:08","guid":{"rendered":"https:\/\/chateausaintemargueritenew.fr\/?post_type=product&#038;p=922"},"modified":"2026-03-18T15:50:14","modified_gmt":"2026-03-18T14:50:14","slug":"fantastique-rose","status":"publish","type":"product","link":"https:\/\/www.chateausaintemarguerite.com\/en\/vins-de-provence\/fantastique-rose\/","title":{"rendered":"Fantastique Ros\u00e9 2025"},"content":{"rendered":"<p data-start=\"212\" data-end=\"537\">Created in 2017, the cuv\u00e9e <strong data-start=\"236\" data-end=\"291\">Fantastic Ros\u00e9 - <a href=\"https:\/\/www.chateausaintemarguerite.com\/en\/quest-ce-quun-cru-classe-de-provence\/\">Cru Class\u00e9 des C\u00f4tes-de-Provence<\/a><\/strong> comes exclusively from grapes grown in the historic vineyards of <strong data-start=\"353\" data-end=\"382\">Ch\u00e2teau Sainte Marguerite<\/strong>, a singular terroir located between land and sea.<\/p>\n<p data-start=\"212\" data-end=\"537\">This emblematic cuv\u00e9e accurately reflects the estate's sought-after style and masterful expertise.<\/p>\n<p data-start=\"539\" data-end=\"879\">Certified<a href=\"https:\/\/www.chateausaintemarguerite.com\/en\/les-certifications-dans-le-monde-du-vin-bio-vegan-ecocert\/\"> <strong data-start=\"548\" data-end=\"562\">biological<\/strong> and <strong data-start=\"566\" data-end=\"575\">vegan<\/strong><\/a>, Fantastique Ros\u00e9 is distinguished by its clear, balanced and carefully crafted expression.<\/p>\n<p data-start=\"539\" data-end=\"879\">The assembly of <a href=\"https:\/\/www.chateausaintemarguerite.com\/en\/les-cepages-des-cotes-de-provence-richesse-et-singularite\/\">three grape varieties<\/a> contributes to a more authentic reading of the terroir, enhanced by the use of the <strong data-start=\"789\" data-end=\"810\">massal selection<\/strong>, which allows a fuller, more nuanced aromatic palette to be expressed.<\/p>\n<p data-start=\"881\" data-end=\"1079\">This cuv\u00e9e is at the heart of the Fantastique collection, alongside<a href=\"https:\/\/www.chateausaintemarguerite.com\/en\/vins-de-provence\/cuvee-fantastique-2024-vin-blanc-provence\/\"> <strong data-start=\"954\" data-end=\"975\">Fantastic White<\/strong> <\/a>and <a href=\"https:\/\/www.chateausaintemarguerite.com\/en\/vins-de-provence\/cuvee-fantastique-2022-vin-rouge-provence\/\"><strong data-start=\"979\" data-end=\"1000\">Fantastic Red<\/strong><\/a>, and testifies to the estate's commitment to developing its exceptional plots.<\/p>","protected":false},"excerpt":{"rendered":"<p>Created in 2017, the Fantastique Ros\u00e9 - <a href=\"https:\/\/www.chateausaintemarguerite.com\/en\/quest-ce-quun-cru-classe-de-provence\/\">Cru Class\u00e9 des C\u00f4tes-de-Provence<\/a> - is made from grapes grown in our historic vineyards.<br \/>\nCh\u00e2teau Sainte Marguerite, located between land and sea.<\/p>\n<p>It faithfully illustrates the style and expertise of the estate.<\/p>\n<p>This great ros\u00e9 -<a href=\"https:\/\/www.chateausaintemarguerite.com\/en\/les-certifications-dans-le-monde-du-vin-bio-vegan-ecocert\/\">certified organic and vegan<\/a> - is characterized by precision, elegance and finesse.<\/p>","protected":false},"featured_media":311131,"template":"","meta":{"inline_featured_image":false},"product_brand":[],"product_cat":[36,28,31],"product_tag":[89,88,110],"class_list":{"0":"post-922","1":"product","2":"type-product","3":"status-publish","4":"has-post-thumbnail","6":"product_cat-vins-cuvee-fantastique","7":"product_cat-vins-ste-marguerite","8":"product_cat-vins-roses-ste-marguerite","9":"product_tag-bio","10":"product_tag-cru-classe-cotes-de-provence","11":"product_tag-vin-rose","12":"member-discount","13":"discount-restricted","15":"first","16":"instock","17":"taxable","18":"shipping-taxable","19":"purchasable","20":"product-type-variable","21":"has-default-attributes"},"booking_location":null,"booking_location_type":null,"booking_duration":null,"booking_duration_unit":null,"booking_buffer":null,"booking_cost":null,"booking_resources":null,"acf":[],"yoast_head":"<!-- This site is optimized with the Yoast SEO plugin v27.1.1 - https:\/\/yoast.com\/product\/yoast-seo-wordpress\/ -->\n<title>Cuv\u00e9e Fantastique Ros\u00e9 2025 - Ch\u00e2teau Sainte-Marguerite<\/title>\n<meta name=\"description\" content=\"Cuv\u00e9e Fantastique Ros\u00e9 Cru Class\u00e9 : vin ros\u00e9 bio et v\u00e9gan, \u00e9l\u00e9gant et pr\u00e9cis, r\u00e9v\u00e9lant la richesse du terroir historique de Ch\u00e2teau Sainte Marguerite.\" \/>\n<meta name=\"robots\" content=\"index, follow, max-snippet:-1, max-image-preview:large, max-video-preview:-1\" \/>\n<link rel=\"canonical\" href=\"https:\/\/www.chateausaintemarguerite.com\/en\/vins-de-provence\/fantastique-rose\/\" \/>\n<meta property=\"og:locale\" content=\"en_US\" \/>\n<meta property=\"og:type\" content=\"article\" \/>\n<meta property=\"og:title\" content=\"Cuv\u00e9e Fantastique Ros\u00e9 2025 - Ch\u00e2teau Sainte-Marguerite\" \/>\n<meta property=\"og:description\" content=\"Cuv\u00e9e Fantastique Ros\u00e9 Cru Class\u00e9 : vin ros\u00e9 bio et v\u00e9gan, \u00e9l\u00e9gant et pr\u00e9cis, r\u00e9v\u00e9lant la richesse du terroir historique de Ch\u00e2teau Sainte Marguerite.\" \/>\n<meta property=\"og:url\" content=\"https:\/\/www.chateausaintemarguerite.com\/en\/vins-de-provence\/fantastique-rose\/\" \/>\n<meta property=\"og:site_name\" content=\"Ch\u00e2teau Sainte Marguerite\" \/>\n<meta property=\"article:publisher\" content=\"https:\/\/fr-fr.facebook.com\/Chateausaintemarguerite\/\" \/>\n<meta property=\"article:modified_time\" content=\"2026-03-18T14:50:14+00:00\" \/>\n<meta property=\"og:image\" content=\"https:\/\/www.chateausaintemarguerite.com\/wp-content\/uploads\/2021\/01\/fantastique-rose-packshotcoffrets.png\" \/>\n\t<meta property=\"og:image:width\" content=\"1200\" \/>\n\t<meta property=\"og:image:height\" content=\"1200\" \/>\n\t<meta property=\"og:image:type\" content=\"image\/png\" \/>\n<meta name=\"twitter:card\" content=\"summary_large_image\" \/>\n<meta name=\"twitter:label1\" content=\"Est. reading time\" \/>\n\t<meta name=\"twitter:data1\" content=\"1 minute\" \/>\n<script type=\"application\/ld+json\" class=\"yoast-schema-graph\">{\"@context\":\"https:\/\/schema.org\",\"@graph\":[{\"@type\":\"WebPage\",\"@id\":\"https:\/\/www.chateausaintemarguerite.com\/vins-de-provence\/fantastique-rose\/\",\"url\":\"https:\/\/www.chateausaintemarguerite.com\/vins-de-provence\/fantastique-rose\/\",\"name\":\"Cuv\u00e9e Fantastique Ros\u00e9 2025 - Ch\u00e2teau Sainte-Marguerite\",\"isPartOf\":{\"@id\":\"https:\/\/www.chateausaintemarguerite.com\/#website\"},\"primaryImageOfPage\":{\"@id\":\"https:\/\/www.chateausaintemarguerite.com\/vins-de-provence\/fantastique-rose\/#primaryimage\"},\"image\":{\"@id\":\"https:\/\/www.chateausaintemarguerite.com\/vins-de-provence\/fantastique-rose\/#primaryimage\"},\"thumbnailUrl\":\"https:\/\/www.chateausaintemarguerite.com\/wp-content\/uploads\/2021\/01\/fantastique-rose-packshotcoffrets.png\",\"datePublished\":\"2021-01-27T09:26:08+00:00\",\"dateModified\":\"2026-03-18T14:50:14+00:00\",\"description\":\"Cuv\u00e9e Fantastique Ros\u00e9 Cru Class\u00e9 : vin ros\u00e9 bio et v\u00e9gan, \u00e9l\u00e9gant et pr\u00e9cis, r\u00e9v\u00e9lant la richesse du terroir historique de Ch\u00e2teau Sainte Marguerite.\",\"breadcrumb\":{\"@id\":\"https:\/\/www.chateausaintemarguerite.com\/vins-de-provence\/fantastique-rose\/#breadcrumb\"},\"inLanguage\":\"en-US\",\"potentialAction\":[{\"@type\":\"ReadAction\",\"target\":[\"https:\/\/www.chateausaintemarguerite.com\/vins-de-provence\/fantastique-rose\/\"]}]},{\"@type\":\"ImageObject\",\"inLanguage\":\"en-US\",\"@id\":\"https:\/\/www.chateausaintemarguerite.com\/vins-de-provence\/fantastique-rose\/#primaryimage\",\"url\":\"https:\/\/www.chateausaintemarguerite.com\/wp-content\/uploads\/2021\/01\/fantastique-rose-packshotcoffrets.png\",\"contentUrl\":\"https:\/\/www.chateausaintemarguerite.com\/wp-content\/uploads\/2021\/01\/fantastique-rose-packshotcoffrets.png\",\"width\":1200,\"height\":1200,\"caption\":\"fantastique-rose-packshotcoffrets\"},{\"@type\":\"BreadcrumbList\",\"@id\":\"https:\/\/www.chateausaintemarguerite.com\/vins-de-provence\/fantastique-rose\/#breadcrumb\",\"itemListElement\":[{\"@type\":\"ListItem\",\"position\":1,\"name\":\"Accueil\",\"item\":\"https:\/\/www.chateausaintemarguerite.com\/\"},{\"@type\":\"ListItem\",\"position\":2,\"name\":\"Boutique\",\"item\":\"https:\/\/www.chateausaintemarguerite.com\/vins-de-provence\/\"},{\"@type\":\"ListItem\",\"position\":3,\"name\":\"Les Fantastiques\",\"item\":\"https:\/\/www.chateausaintemarguerite.com\/en\/cru-classe-provence\/vins-cuvee-fantastique\/\"},{\"@type\":\"ListItem\",\"position\":4,\"name\":\"Fantastique Ros\u00e9 2025\"}]},{\"@type\":\"WebSite\",\"@id\":\"https:\/\/www.chateausaintemarguerite.com\/#website\",\"url\":\"https:\/\/www.chateausaintemarguerite.com\/\",\"name\":\"Ch\u00e2teau Sainte Marguerite\",\"description\":\"Vins de Provence\",\"publisher\":{\"@id\":\"https:\/\/www.chateausaintemarguerite.com\/#organization\"},\"potentialAction\":[{\"@type\":\"SearchAction\",\"target\":{\"@type\":\"EntryPoint\",\"urlTemplate\":\"https:\/\/www.chateausaintemarguerite.com\/?s={search_term_string}\"},\"query-input\":{\"@type\":\"PropertyValueSpecification\",\"valueRequired\":true,\"valueName\":\"search_term_string\"}}],\"inLanguage\":\"en-US\"},{\"@type\":\"Organization\",\"@id\":\"https:\/\/www.chateausaintemarguerite.com\/#organization\",\"name\":\"Ch\u00e2teau Sainte Marguerite\",\"url\":\"https:\/\/www.chateausaintemarguerite.com\/\",\"logo\":{\"@type\":\"ImageObject\",\"inLanguage\":\"en-US\",\"@id\":\"https:\/\/www.chateausaintemarguerite.com\/#\/schema\/logo\/image\/\",\"url\":\"https:\/\/www.chateausaintemarguerite.com\/wp-content\/uploads\/2021\/01\/LogoCSM_1600.png\",\"contentUrl\":\"https:\/\/www.chateausaintemarguerite.com\/wp-content\/uploads\/2021\/01\/LogoCSM_1600.png\",\"width\":2560,\"height\":1257,\"caption\":\"Ch\u00e2teau Sainte Marguerite\"},\"image\":{\"@id\":\"https:\/\/www.chateausaintemarguerite.com\/#\/schema\/logo\/image\/\"},\"sameAs\":[\"https:\/\/fr-fr.facebook.com\/Chateausaintemarguerite\/\",\"https:\/\/www.instagram.com\/chateausaintemarguerite\/?hl=fr\",\"https:\/\/www.youtube.com\/channel\/UC0WoRvE6wQi_9J8WZg27vwA\"]}]}<\/script>\n<!-- \/ Yoast SEO plugin. -->","yoast_head_json":{"title":"Cuv\u00e9e Fantastique Ros\u00e9 2025 - Ch\u00e2teau Sainte-Marguerite","description":"Cuv\u00e9e Fantastique Ros\u00e9 Cru Class\u00e9: organic and vegan ros\u00e9 wine, elegant and precise, revealing the richness of Ch\u00e2teau Sainte Marguerite's historic terroir.","robots":{"index":"index","follow":"follow","max-snippet":"max-snippet:-1","max-image-preview":"max-image-preview:large","max-video-preview":"max-video-preview:-1"},"canonical":"https:\/\/www.chateausaintemarguerite.com\/en\/vins-de-provence\/fantastique-rose\/","og_locale":"en_US","og_type":"article","og_title":"Cuv\u00e9e Fantastique Ros\u00e9 2025 - Ch\u00e2teau Sainte-Marguerite","og_description":"Cuv\u00e9e Fantastique Ros\u00e9 Cru Class\u00e9 : vin ros\u00e9 bio et v\u00e9gan, \u00e9l\u00e9gant et pr\u00e9cis, r\u00e9v\u00e9lant la richesse du terroir historique de Ch\u00e2teau Sainte Marguerite.","og_url":"https:\/\/www.chateausaintemarguerite.com\/en\/vins-de-provence\/fantastique-rose\/","og_site_name":"Ch\u00e2teau Sainte Marguerite","article_publisher":"https:\/\/fr-fr.facebook.com\/Chateausaintemarguerite\/","article_modified_time":"2026-03-18T14:50:14+00:00","og_image":[{"width":1200,"height":1200,"url":"https:\/\/www.chateausaintemarguerite.com\/wp-content\/uploads\/2021\/01\/fantastique-rose-packshotcoffrets.png","type":"image\/png"}],"twitter_card":"summary_large_image","twitter_misc":{"Est. reading time":"1 minute"},"schema":{"@context":"https:\/\/schema.org","@graph":[{"@type":"WebPage","@id":"https:\/\/www.chateausaintemarguerite.com\/vins-de-provence\/fantastique-rose\/","url":"https:\/\/www.chateausaintemarguerite.com\/vins-de-provence\/fantastique-rose\/","name":"Cuv\u00e9e Fantastique Ros\u00e9 2025 - Ch\u00e2teau Sainte-Marguerite","isPartOf":{"@id":"https:\/\/www.chateausaintemarguerite.com\/#website"},"primaryImageOfPage":{"@id":"https:\/\/www.chateausaintemarguerite.com\/vins-de-provence\/fantastique-rose\/#primaryimage"},"image":{"@id":"https:\/\/www.chateausaintemarguerite.com\/vins-de-provence\/fantastique-rose\/#primaryimage"},"thumbnailUrl":"https:\/\/www.chateausaintemarguerite.com\/wp-content\/uploads\/2021\/01\/fantastique-rose-packshotcoffrets.png","datePublished":"2021-01-27T09:26:08+00:00","dateModified":"2026-03-18T14:50:14+00:00","description":"Cuv\u00e9e Fantastique Ros\u00e9 Cru Class\u00e9: organic and vegan ros\u00e9 wine, elegant and precise, revealing the richness of Ch\u00e2teau Sainte Marguerite's historic terroir.","breadcrumb":{"@id":"https:\/\/www.chateausaintemarguerite.com\/vins-de-provence\/fantastique-rose\/#breadcrumb"},"inLanguage":"en-US","potentialAction":[{"@type":"ReadAction","target":["https:\/\/www.chateausaintemarguerite.com\/vins-de-provence\/fantastique-rose\/"]}]},{"@type":"ImageObject","inLanguage":"en-US","@id":"https:\/\/www.chateausaintemarguerite.com\/vins-de-provence\/fantastique-rose\/#primaryimage","url":"https:\/\/www.chateausaintemarguerite.com\/wp-content\/uploads\/2021\/01\/fantastique-rose-packshotcoffrets.png","contentUrl":"https:\/\/www.chateausaintemarguerite.com\/wp-content\/uploads\/2021\/01\/fantastique-rose-packshotcoffrets.png","width":1200,"height":1200,"caption":"fantastique-rose-packshotcoffrets"},{"@type":"BreadcrumbList","@id":"https:\/\/www.chateausaintemarguerite.com\/vins-de-provence\/fantastique-rose\/#breadcrumb","itemListElement":[{"@type":"ListItem","position":1,"name":"Accueil","item":"https:\/\/www.chateausaintemarguerite.com\/"},{"@type":"ListItem","position":2,"name":"Boutique","item":"https:\/\/www.chateausaintemarguerite.com\/vins-de-provence\/"},{"@type":"ListItem","position":3,"name":"Les Fantastiques","item":"https:\/\/www.chateausaintemarguerite.com\/en\/cru-classe-provence\/vins-cuvee-fantastique\/"},{"@type":"ListItem","position":4,"name":"Fantastique Ros\u00e9 2025"}]},{"@type":"WebSite","@id":"https:\/\/www.chateausaintemarguerite.com\/#website","url":"https:\/\/www.chateausaintemarguerite.com\/","name":"Ch\u00e2teau Sainte Marguerite","description":"Provence wines","publisher":{"@id":"https:\/\/www.chateausaintemarguerite.com\/#organization"},"potentialAction":[{"@type":"SearchAction","target":{"@type":"EntryPoint","urlTemplate":"https:\/\/www.chateausaintemarguerite.com\/?s={search_term_string}"},"query-input":{"@type":"PropertyValueSpecification","valueRequired":true,"valueName":"search_term_string"}}],"inLanguage":"en-US"},{"@type":"Organization","@id":"https:\/\/www.chateausaintemarguerite.com\/#organization","name":"Ch\u00e2teau Sainte Marguerite","url":"https:\/\/www.chateausaintemarguerite.com\/","logo":{"@type":"ImageObject","inLanguage":"en-US","@id":"https:\/\/www.chateausaintemarguerite.com\/#\/schema\/logo\/image\/","url":"https:\/\/www.chateausaintemarguerite.com\/wp-content\/uploads\/2021\/01\/LogoCSM_1600.png","contentUrl":"https:\/\/www.chateausaintemarguerite.com\/wp-content\/uploads\/2021\/01\/LogoCSM_1600.png","width":2560,"height":1257,"caption":"Ch\u00e2teau Sainte Marguerite"},"image":{"@id":"https:\/\/www.chateausaintemarguerite.com\/#\/schema\/logo\/image\/"},"sameAs":["https:\/\/fr-fr.facebook.com\/Chateausaintemarguerite\/","https:\/\/www.instagram.com\/chateausaintemarguerite\/?hl=fr","https:\/\/www.youtube.com\/channel\/UC0WoRvE6wQi_9J8WZg27vwA"]}]}},"_links":{"self":[{"href":"https:\/\/www.chateausaintemarguerite.com\/en\/wp-json\/wp\/v2\/product\/922","targetHints":{"allow":["GET"]}}],"collection":[{"href":"https:\/\/www.chateausaintemarguerite.com\/en\/wp-json\/wp\/v2\/product"}],"about":[{"href":"https:\/\/www.chateausaintemarguerite.com\/en\/wp-json\/wp\/v2\/types\/product"}],"wp:featuredmedia":[{"embeddable":true,"href":"https:\/\/www.chateausaintemarguerite.com\/en\/wp-json\/wp\/v2\/media\/311131"}],"wp:attachment":[{"href":"https:\/\/www.chateausaintemarguerite.com\/en\/wp-json\/wp\/v2\/media?parent=922"}],"wp:term":[{"taxonomy":"product_brand","embeddable":true,"href":"https:\/\/www.chateausaintemarguerite.com\/en\/wp-json\/wp\/v2\/product_brand?post=922"},{"taxonomy":"product_cat","embeddable":true,"href":"https:\/\/www.chateausaintemarguerite.com\/en\/wp-json\/wp\/v2\/product_cat?post=922"},{"taxonomy":"product_tag","embeddable":true,"href":"https:\/\/www.chateausaintemarguerite.com\/en\/wp-json\/wp\/v2\/product_tag?post=922"}],"curies":[{"name":"wp","href":"https:\/\/api.w.org\/{rel}","templated":true}]}}