{"id":916,"date":"2021-01-27T10:21:42","date_gmt":"2021-01-27T09:21:42","guid":{"rendered":"https:\/\/chateausaintemargueritenew.fr\/?post_type=product&#038;p=916"},"modified":"2026-02-09T14:19:17","modified_gmt":"2026-02-09T13:19:17","slug":"fantastique-rouge","status":"publish","type":"product","link":"https:\/\/www.chateausaintemarguerite.com\/en\/vins-de-provence\/fantastique-rouge\/","title":{"rendered":"Fantastic Red 2022"},"content":{"rendered":"<p data-start=\"310\" data-end=\"680\">Cr\u00e9\u00e9e en 2016, la <strong data-start=\"328\" data-end=\"355\">Cuv\u00e9e Fantastique Rouge<\/strong> incarne toute l\u2019exigence et le savoir-faire du <strong data-start=\"403\" data-end=\"466\"><a href=\"https:\/\/www.chateausaintemarguerite.com\/en\/decouvrez-notre-histoire\/\" target=\"_blank\" rel=\"noopener\">Ch\u00e2teau Sainte Marguerite,<\/a> Cru Class\u00e9 C\u00f4tes-de-Provence<\/strong>. \u00c9labor\u00e9e \u00e0 partir de <strong data-start=\"489\" data-end=\"498\">Syrah<\/strong> and <strong data-start=\"505\" data-end=\"517\">Grenache<\/strong>, soigneusement s\u00e9lectionn\u00e9s dans les meilleures parcelles du domaine, cette cuv\u00e9e d\u2019exception refl\u00e8te la richesse du terroir et la pr\u00e9cision du travail en cave.<\/p>\n<p data-start=\"682\" data-end=\"978\">Le Fantastique rouge 2022\u00a0se distingue par une <strong data-start=\"734\" data-end=\"780\">expression aromatique \u00e9l\u00e9gante et complexe<\/strong>, o\u00f9 s\u2019entrem\u00ealent des notes de fruits rouges m\u00fbrs et d\u2019\u00e9pices d\u00e9licates. La vinification minutieuse permet de r\u00e9v\u00e9ler toute la profondeur et la puret\u00e9 de ces <a href=\"https:\/\/www.chateausaintemarguerite.com\/en\/les-cepages-des-cotes-de-provence-richesse-et-singularite\/\">c\u00e9pages embl\u00e9matiques de la Provence<\/a>.<\/p>\n<p data-start=\"980\" data-end=\"1163\">Certified<a href=\"https:\/\/www.chateausaintemarguerite.com\/en\/les-certifications-dans-le-monde-du-vin-bio-vegan-ecocert\/\"><strong> bio et v\u00e9gan<\/strong><\/a>, ce vin traduit l\u2019engagement du Ch\u00e2teau Sainte Marguerite pour une viticulture respectueuse de la nature et fid\u00e8le \u00e0 son identit\u00e9 : puret\u00e9, \u00e9l\u00e9gance et \u00e9quilibre.<\/p>\n<p data-start=\"1165\" data-end=\"1397\">Chaque mill\u00e9sime de la <strong data-start=\"1188\" data-end=\"1215\">Cuv\u00e9e Fantastique Rouge<\/strong> incarne une vision moderne et sinc\u00e8re du<a href=\"https:\/\/www.chateausaintemarguerite.com\/en\/quest-ce-quun-cru-classe-de-provence\/\" target=\"_blank\" rel=\"noopener\"> <strong data-start=\"1257\" data-end=\"1283\">Cru Class\u00e9 c\u00f4tes de Provence<\/strong><\/a>, o\u00f9 l\u2019excellence technique s\u2019allie \u00e0 une recherche constante d\u2019harmonie entre le fruit, le terroir et le temps.<\/p>","protected":false},"excerpt":{"rendered":"<p>Created in 2016, the Fantastique Rouge - <a href=\"https:\/\/www.chateausaintemarguerite.com\/en\/quest-ce-quun-cru-classe-de-provence\/\">Cru Class\u00e9 des C\u00f4tes-de-Provence<\/a> \u2013 se distingue par sa<br \/>\nrichesse aromatique. Ce vin au style pur et pr\u00e9cis, <a href=\"https:\/\/www.chateausaintemarguerite.com\/en\/les-certifications-dans-le-monde-du-vin-bio-vegan-ecocert\/\">certified organic and vegan<\/a>, est \u00e9labor\u00e9 \u00e0 partir de Syrah et de Grenache<br \/>\ncarefully selected from the best parcels of Ch\u00e2teau Sainte Marguerite.<\/p>","protected":false},"featured_media":232307,"template":"","meta":{"inline_featured_image":false},"product_brand":[],"product_cat":[36,28,33],"product_tag":[89,88,109],"class_list":{"0":"post-916","1":"product","2":"type-product","3":"status-publish","4":"has-post-thumbnail","6":"product_cat-vins-cuvee-fantastique","7":"product_cat-vins-ste-marguerite","8":"product_cat-vins-rouges-ste-marguerite","9":"product_tag-bio","10":"product_tag-cru-classe-cotes-de-provence","11":"product_tag-vin-rouge","12":"member-discount","13":"discount-restricted","15":"first","16":"instock","17":"taxable","18":"shipping-taxable","19":"purchasable","20":"product-type-variable","21":"has-default-attributes"},"booking_location":null,"booking_location_type":null,"booking_duration":null,"booking_duration_unit":null,"booking_buffer":null,"booking_cost":null,"booking_resources":null,"acf":[],"yoast_head":"<!-- This site is optimized with the Yoast SEO plugin v27.1.1 - https:\/\/yoast.com\/product\/yoast-seo-wordpress\/ -->\n<title>Cuv\u00e9e Fantastique rouge 2022<\/title>\n<meta name=\"description\" content=\"Cr\u00e9\u00e9e en 2016, la cuv\u00e9e Fantastique Rouge \u2013 Cru Class\u00e9 C\u00f4tes-de-Provence \u2013 se distingue par sa richesse aromatique. et sa finesse en bouche\" \/>\n<meta name=\"robots\" content=\"index, follow, max-snippet:-1, max-image-preview:large, max-video-preview:-1\" \/>\n<link rel=\"canonical\" href=\"https:\/\/www.chateausaintemarguerite.com\/en\/vins-de-provence\/fantastique-rouge\/\" \/>\n<meta property=\"og:locale\" content=\"en_US\" \/>\n<meta property=\"og:type\" content=\"article\" \/>\n<meta property=\"og:title\" content=\"Cuv\u00e9e Fantastique rouge 2022\" \/>\n<meta property=\"og:description\" content=\"Cr\u00e9\u00e9e en 2016, la cuv\u00e9e Fantastique Rouge \u2013 Cru Class\u00e9 C\u00f4tes-de-Provence \u2013 se distingue par sa richesse aromatique. et sa finesse en bouche\" \/>\n<meta property=\"og:url\" content=\"https:\/\/www.chateausaintemarguerite.com\/en\/vins-de-provence\/fantastique-rouge\/\" \/>\n<meta property=\"og:site_name\" content=\"Ch\u00e2teau Sainte Marguerite\" \/>\n<meta property=\"article:publisher\" content=\"https:\/\/fr-fr.facebook.com\/Chateausaintemarguerite\/\" \/>\n<meta property=\"article:modified_time\" content=\"2026-02-09T13:19:17+00:00\" \/>\n<meta property=\"og:image\" content=\"http:\/\/www.chateausaintemarguerite.com\/wp-content\/uploads\/2021\/01\/fantastique-rouge.png\" \/>\n\t<meta property=\"og:image:width\" content=\"1200\" \/>\n\t<meta property=\"og:image:height\" content=\"1200\" \/>\n\t<meta property=\"og:image:type\" content=\"image\/png\" \/>\n<meta name=\"twitter:card\" content=\"summary_large_image\" \/>\n<meta name=\"twitter:label1\" content=\"Est. reading time\" \/>\n\t<meta name=\"twitter:data1\" content=\"2 minutes\" \/>\n<script type=\"application\/ld+json\" class=\"yoast-schema-graph\">{\"@context\":\"https:\/\/schema.org\",\"@graph\":[{\"@type\":\"WebPage\",\"@id\":\"https:\/\/www.chateausaintemarguerite.com\/vins-de-provence\/fantastique-rouge\/\",\"url\":\"https:\/\/www.chateausaintemarguerite.com\/vins-de-provence\/fantastique-rouge\/\",\"name\":\"Cuv\u00e9e Fantastique rouge 2022\",\"isPartOf\":{\"@id\":\"https:\/\/www.chateausaintemarguerite.com\/#website\"},\"primaryImageOfPage\":{\"@id\":\"https:\/\/www.chateausaintemarguerite.com\/vins-de-provence\/fantastique-rouge\/#primaryimage\"},\"image\":{\"@id\":\"https:\/\/www.chateausaintemarguerite.com\/vins-de-provence\/fantastique-rouge\/#primaryimage\"},\"thumbnailUrl\":\"https:\/\/www.chateausaintemarguerite.com\/wp-content\/uploads\/2021\/01\/fantastique-rouge.png\",\"datePublished\":\"2021-01-27T09:21:42+00:00\",\"dateModified\":\"2026-02-09T13:19:17+00:00\",\"description\":\"Cr\u00e9\u00e9e en 2016, la cuv\u00e9e Fantastique Rouge \u2013 Cru Class\u00e9 C\u00f4tes-de-Provence \u2013 se distingue par sa richesse aromatique. et sa finesse en bouche\",\"breadcrumb\":{\"@id\":\"https:\/\/www.chateausaintemarguerite.com\/vins-de-provence\/fantastique-rouge\/#breadcrumb\"},\"inLanguage\":\"en-US\",\"potentialAction\":[{\"@type\":\"ReadAction\",\"target\":[\"https:\/\/www.chateausaintemarguerite.com\/vins-de-provence\/fantastique-rouge\/\"]}]},{\"@type\":\"ImageObject\",\"inLanguage\":\"en-US\",\"@id\":\"https:\/\/www.chateausaintemarguerite.com\/vins-de-provence\/fantastique-rouge\/#primaryimage\",\"url\":\"https:\/\/www.chateausaintemarguerite.com\/wp-content\/uploads\/2021\/01\/fantastique-rouge.png\",\"contentUrl\":\"https:\/\/www.chateausaintemarguerite.com\/wp-content\/uploads\/2021\/01\/fantastique-rouge.png\",\"width\":1200,\"height\":1200,\"caption\":\"Fantastique Rouge\"},{\"@type\":\"BreadcrumbList\",\"@id\":\"https:\/\/www.chateausaintemarguerite.com\/vins-de-provence\/fantastique-rouge\/#breadcrumb\",\"itemListElement\":[{\"@type\":\"ListItem\",\"position\":1,\"name\":\"Accueil\",\"item\":\"https:\/\/www.chateausaintemarguerite.com\/\"},{\"@type\":\"ListItem\",\"position\":2,\"name\":\"Boutique\",\"item\":\"https:\/\/www.chateausaintemarguerite.com\/vins-de-provence\/\"},{\"@type\":\"ListItem\",\"position\":3,\"name\":\"Les Fantastiques\",\"item\":\"https:\/\/www.chateausaintemarguerite.com\/en\/cru-classe-provence\/vins-cuvee-fantastique\/\"},{\"@type\":\"ListItem\",\"position\":4,\"name\":\"Fantastique Rouge 2022\"}]},{\"@type\":\"WebSite\",\"@id\":\"https:\/\/www.chateausaintemarguerite.com\/#website\",\"url\":\"https:\/\/www.chateausaintemarguerite.com\/\",\"name\":\"Ch\u00e2teau Sainte Marguerite\",\"description\":\"Vins de Provence\",\"publisher\":{\"@id\":\"https:\/\/www.chateausaintemarguerite.com\/#organization\"},\"potentialAction\":[{\"@type\":\"SearchAction\",\"target\":{\"@type\":\"EntryPoint\",\"urlTemplate\":\"https:\/\/www.chateausaintemarguerite.com\/?s={search_term_string}\"},\"query-input\":{\"@type\":\"PropertyValueSpecification\",\"valueRequired\":true,\"valueName\":\"search_term_string\"}}],\"inLanguage\":\"en-US\"},{\"@type\":\"Organization\",\"@id\":\"https:\/\/www.chateausaintemarguerite.com\/#organization\",\"name\":\"Ch\u00e2teau Sainte Marguerite\",\"url\":\"https:\/\/www.chateausaintemarguerite.com\/\",\"logo\":{\"@type\":\"ImageObject\",\"inLanguage\":\"en-US\",\"@id\":\"https:\/\/www.chateausaintemarguerite.com\/#\/schema\/logo\/image\/\",\"url\":\"https:\/\/www.chateausaintemarguerite.com\/wp-content\/uploads\/2021\/01\/LogoCSM_1600.png\",\"contentUrl\":\"https:\/\/www.chateausaintemarguerite.com\/wp-content\/uploads\/2021\/01\/LogoCSM_1600.png\",\"width\":2560,\"height\":1257,\"caption\":\"Ch\u00e2teau Sainte Marguerite\"},\"image\":{\"@id\":\"https:\/\/www.chateausaintemarguerite.com\/#\/schema\/logo\/image\/\"},\"sameAs\":[\"https:\/\/fr-fr.facebook.com\/Chateausaintemarguerite\/\",\"https:\/\/www.instagram.com\/chateausaintemarguerite\/?hl=fr\",\"https:\/\/www.youtube.com\/channel\/UC0WoRvE6wQi_9J8WZg27vwA\"]}]}<\/script>\n<!-- \/ Yoast SEO plugin. -->","yoast_head_json":{"title":"Cuv\u00e9e Fantastique rouge 2022","description":"Cr\u00e9\u00e9e en 2016, la cuv\u00e9e Fantastique Rouge \u2013 Cru Class\u00e9 C\u00f4tes-de-Provence \u2013 se distingue par sa richesse aromatique. et sa finesse en bouche","robots":{"index":"index","follow":"follow","max-snippet":"max-snippet:-1","max-image-preview":"max-image-preview:large","max-video-preview":"max-video-preview:-1"},"canonical":"https:\/\/www.chateausaintemarguerite.com\/en\/vins-de-provence\/fantastique-rouge\/","og_locale":"en_US","og_type":"article","og_title":"Cuv\u00e9e Fantastique rouge 2022","og_description":"Cr\u00e9\u00e9e en 2016, la cuv\u00e9e Fantastique Rouge \u2013 Cru Class\u00e9 C\u00f4tes-de-Provence \u2013 se distingue par sa richesse aromatique. et sa finesse en bouche","og_url":"https:\/\/www.chateausaintemarguerite.com\/en\/vins-de-provence\/fantastique-rouge\/","og_site_name":"Ch\u00e2teau Sainte Marguerite","article_publisher":"https:\/\/fr-fr.facebook.com\/Chateausaintemarguerite\/","article_modified_time":"2026-02-09T13:19:17+00:00","og_image":[{"width":1200,"height":1200,"url":"http:\/\/www.chateausaintemarguerite.com\/wp-content\/uploads\/2021\/01\/fantastique-rouge.png","type":"image\/png"}],"twitter_card":"summary_large_image","twitter_misc":{"Est. reading time":"2 minutes"},"schema":{"@context":"https:\/\/schema.org","@graph":[{"@type":"WebPage","@id":"https:\/\/www.chateausaintemarguerite.com\/vins-de-provence\/fantastique-rouge\/","url":"https:\/\/www.chateausaintemarguerite.com\/vins-de-provence\/fantastique-rouge\/","name":"Cuv\u00e9e Fantastique rouge 2022","isPartOf":{"@id":"https:\/\/www.chateausaintemarguerite.com\/#website"},"primaryImageOfPage":{"@id":"https:\/\/www.chateausaintemarguerite.com\/vins-de-provence\/fantastique-rouge\/#primaryimage"},"image":{"@id":"https:\/\/www.chateausaintemarguerite.com\/vins-de-provence\/fantastique-rouge\/#primaryimage"},"thumbnailUrl":"https:\/\/www.chateausaintemarguerite.com\/wp-content\/uploads\/2021\/01\/fantastique-rouge.png","datePublished":"2021-01-27T09:21:42+00:00","dateModified":"2026-02-09T13:19:17+00:00","description":"Cr\u00e9\u00e9e en 2016, la cuv\u00e9e Fantastique Rouge \u2013 Cru Class\u00e9 C\u00f4tes-de-Provence \u2013 se distingue par sa richesse aromatique. et sa finesse en bouche","breadcrumb":{"@id":"https:\/\/www.chateausaintemarguerite.com\/vins-de-provence\/fantastique-rouge\/#breadcrumb"},"inLanguage":"en-US","potentialAction":[{"@type":"ReadAction","target":["https:\/\/www.chateausaintemarguerite.com\/vins-de-provence\/fantastique-rouge\/"]}]},{"@type":"ImageObject","inLanguage":"en-US","@id":"https:\/\/www.chateausaintemarguerite.com\/vins-de-provence\/fantastique-rouge\/#primaryimage","url":"https:\/\/www.chateausaintemarguerite.com\/wp-content\/uploads\/2021\/01\/fantastique-rouge.png","contentUrl":"https:\/\/www.chateausaintemarguerite.com\/wp-content\/uploads\/2021\/01\/fantastique-rouge.png","width":1200,"height":1200,"caption":"Fantastique Rouge"},{"@type":"BreadcrumbList","@id":"https:\/\/www.chateausaintemarguerite.com\/vins-de-provence\/fantastique-rouge\/#breadcrumb","itemListElement":[{"@type":"ListItem","position":1,"name":"Accueil","item":"https:\/\/www.chateausaintemarguerite.com\/"},{"@type":"ListItem","position":2,"name":"Boutique","item":"https:\/\/www.chateausaintemarguerite.com\/vins-de-provence\/"},{"@type":"ListItem","position":3,"name":"Les Fantastiques","item":"https:\/\/www.chateausaintemarguerite.com\/en\/cru-classe-provence\/vins-cuvee-fantastique\/"},{"@type":"ListItem","position":4,"name":"Fantastique Rouge 2022"}]},{"@type":"WebSite","@id":"https:\/\/www.chateausaintemarguerite.com\/#website","url":"https:\/\/www.chateausaintemarguerite.com\/","name":"Ch\u00e2teau Sainte Marguerite","description":"Provence wines","publisher":{"@id":"https:\/\/www.chateausaintemarguerite.com\/#organization"},"potentialAction":[{"@type":"SearchAction","target":{"@type":"EntryPoint","urlTemplate":"https:\/\/www.chateausaintemarguerite.com\/?s={search_term_string}"},"query-input":{"@type":"PropertyValueSpecification","valueRequired":true,"valueName":"search_term_string"}}],"inLanguage":"en-US"},{"@type":"Organization","@id":"https:\/\/www.chateausaintemarguerite.com\/#organization","name":"Ch\u00e2teau Sainte Marguerite","url":"https:\/\/www.chateausaintemarguerite.com\/","logo":{"@type":"ImageObject","inLanguage":"en-US","@id":"https:\/\/www.chateausaintemarguerite.com\/#\/schema\/logo\/image\/","url":"https:\/\/www.chateausaintemarguerite.com\/wp-content\/uploads\/2021\/01\/LogoCSM_1600.png","contentUrl":"https:\/\/www.chateausaintemarguerite.com\/wp-content\/uploads\/2021\/01\/LogoCSM_1600.png","width":2560,"height":1257,"caption":"Ch\u00e2teau Sainte Marguerite"},"image":{"@id":"https:\/\/www.chateausaintemarguerite.com\/#\/schema\/logo\/image\/"},"sameAs":["https:\/\/fr-fr.facebook.com\/Chateausaintemarguerite\/","https:\/\/www.instagram.com\/chateausaintemarguerite\/?hl=fr","https:\/\/www.youtube.com\/channel\/UC0WoRvE6wQi_9J8WZg27vwA"]}]}},"_links":{"self":[{"href":"https:\/\/www.chateausaintemarguerite.com\/en\/wp-json\/wp\/v2\/product\/916","targetHints":{"allow":["GET"]}}],"collection":[{"href":"https:\/\/www.chateausaintemarguerite.com\/en\/wp-json\/wp\/v2\/product"}],"about":[{"href":"https:\/\/www.chateausaintemarguerite.com\/en\/wp-json\/wp\/v2\/types\/product"}],"wp:featuredmedia":[{"embeddable":true,"href":"https:\/\/www.chateausaintemarguerite.com\/en\/wp-json\/wp\/v2\/media\/232307"}],"wp:attachment":[{"href":"https:\/\/www.chateausaintemarguerite.com\/en\/wp-json\/wp\/v2\/media?parent=916"}],"wp:term":[{"taxonomy":"product_brand","embeddable":true,"href":"https:\/\/www.chateausaintemarguerite.com\/en\/wp-json\/wp\/v2\/product_brand?post=916"},{"taxonomy":"product_cat","embeddable":true,"href":"https:\/\/www.chateausaintemarguerite.com\/en\/wp-json\/wp\/v2\/product_cat?post=916"},{"taxonomy":"product_tag","embeddable":true,"href":"https:\/\/www.chateausaintemarguerite.com\/en\/wp-json\/wp\/v2\/product_tag?post=916"}],"curies":[{"name":"wp","href":"https:\/\/api.w.org\/{rel}","templated":true}]}}