{"id":897,"date":"2021-01-27T10:05:34","date_gmt":"2021-01-27T09:05:34","guid":{"rendered":"https:\/\/chateausaintemargueritenew.fr\/?post_type=product&#038;p=897"},"modified":"2025-07-17T09:39:37","modified_gmt":"2025-07-17T07:39:37","slug":"cuvee-symphonie-2021-vin-blanc-provence","status":"publish","type":"product","link":"https:\/\/www.chateausaintemarguerite.com\/en\/vins-de-provence\/cuvee-symphonie-2021-vin-blanc-provence\/","title":{"rendered":"Symphonie Blanc 2021"},"content":{"rendered":"","protected":false},"excerpt":{"rendered":"<p class=\"csm_product-page_product-headline\">Tears of pure gold with enchanting fragrances. A unique pleasure in Provence.<\/p>","protected":false},"featured_media":634,"template":"","meta":{"inline_featured_image":false},"product_brand":[],"product_cat":[32,28,34],"product_tag":[89],"class_list":{"0":"post-897","1":"product","2":"type-product","3":"status-publish","4":"has-post-thumbnail","6":"product_cat-vins-cuvee-symphonie","7":"product_cat-vins-ste-marguerite","8":"product_cat-vins-blancs-ste-marguerite","9":"product_tag-bio","10":"member-discount","11":"discount-restricted","13":"first","14":"outofstock","15":"taxable","16":"shipping-taxable","17":"product-type-variable","18":"has-default-attributes"},"booking_location":null,"booking_location_type":null,"booking_duration":null,"booking_duration_unit":null,"booking_buffer":null,"booking_cost":null,"booking_resources":null,"acf":[],"yoast_head":"<!-- This site is optimized with the Yoast SEO plugin v27.1.1 - https:\/\/yoast.com\/product\/yoast-seo-wordpress\/ -->\n<title>Symphonie Blanc 2021 Ch\u00e2teau Sainte Marguerite, cru class\u00e9 Provence<\/title>\n<meta name=\"description\" content=\"Le vin blanc bio\/vegan cuv\u00e9e Symphonie 2021, des larmes d&#039;or pur aux fragrances enchant\u00e9es. Un plaisir unique en Provence ! Disponible \u00e0 partir de d\u00e9but mars. Pr\u00e9commande possible. \u00c0 partir de 22,00\u20ac.\" \/>\n<meta name=\"robots\" content=\"index, follow, max-snippet:-1, max-image-preview:large, max-video-preview:-1\" \/>\n<link rel=\"canonical\" href=\"https:\/\/www.chateausaintemarguerite.com\/en\/vins-de-provence\/cuvee-symphonie-2021-vin-blanc-provence\/\" \/>\n<meta property=\"og:locale\" content=\"en_US\" \/>\n<meta property=\"og:type\" content=\"article\" \/>\n<meta property=\"og:title\" content=\"Symphonie Blanc 2021 Ch\u00e2teau Sainte Marguerite, cru class\u00e9 Provence\" \/>\n<meta property=\"og:description\" content=\"Le vin blanc bio\/vegan cuv\u00e9e Symphonie 2021, des larmes d&#039;or pur aux fragrances enchant\u00e9es. Un plaisir unique en Provence ! Disponible \u00e0 partir de d\u00e9but mars. Pr\u00e9commande possible. \u00c0 partir de 22,00\u20ac.\" \/>\n<meta property=\"og:url\" content=\"https:\/\/www.chateausaintemarguerite.com\/en\/vins-de-provence\/cuvee-symphonie-2021-vin-blanc-provence\/\" \/>\n<meta property=\"og:site_name\" content=\"Ch\u00e2teau Sainte Marguerite\" \/>\n<meta property=\"article:publisher\" content=\"https:\/\/fr-fr.facebook.com\/Chateausaintemarguerite\/\" \/>\n<meta property=\"article:modified_time\" content=\"2025-07-17T07:39:37+00:00\" \/>\n<meta property=\"og:image\" content=\"https:\/\/www.chateausaintemarguerite.com\/wp-content\/uploads\/2021\/01\/al20_fayard_packshot_053_CARRE.jpg\" \/>\n\t<meta property=\"og:image:width\" content=\"1195\" \/>\n\t<meta property=\"og:image:height\" content=\"1195\" \/>\n\t<meta property=\"og:image:type\" content=\"image\/jpeg\" \/>\n<meta name=\"twitter:card\" content=\"summary_large_image\" \/>\n<meta name=\"twitter:label1\" content=\"Est. reading time\" \/>\n\t<meta name=\"twitter:data1\" content=\"1 minute\" \/>\n<script type=\"application\/ld+json\" class=\"yoast-schema-graph\">{\"@context\":\"https:\/\/schema.org\",\"@graph\":[{\"@type\":\"WebPage\",\"@id\":\"https:\/\/www.chateausaintemarguerite.com\/vins-de-provence\/cuvee-symphonie-2021-vin-blanc-provence\/\",\"url\":\"https:\/\/www.chateausaintemarguerite.com\/vins-de-provence\/cuvee-symphonie-2021-vin-blanc-provence\/\",\"name\":\"Symphonie Blanc 2021 Ch\u00e2teau Sainte Marguerite, cru class\u00e9 Provence\",\"isPartOf\":{\"@id\":\"https:\/\/www.chateausaintemarguerite.com\/#website\"},\"primaryImageOfPage\":{\"@id\":\"https:\/\/www.chateausaintemarguerite.com\/vins-de-provence\/cuvee-symphonie-2021-vin-blanc-provence\/#primaryimage\"},\"image\":{\"@id\":\"https:\/\/www.chateausaintemarguerite.com\/vins-de-provence\/cuvee-symphonie-2021-vin-blanc-provence\/#primaryimage\"},\"thumbnailUrl\":\"https:\/\/www.chateausaintemarguerite.com\/wp-content\/uploads\/2021\/01\/al20_fayard_packshot_053_CARRE.jpg\",\"datePublished\":\"2021-01-27T09:05:34+00:00\",\"dateModified\":\"2025-07-17T07:39:37+00:00\",\"description\":\"Le vin blanc bio\/vegan cuv\u00e9e Symphonie 2021, des larmes d'or pur aux fragrances enchant\u00e9es. Un plaisir unique en Provence ! Disponible \u00e0 partir de d\u00e9but mars. Pr\u00e9commande possible. \u00c0 partir de 22,00\u20ac.\",\"breadcrumb\":{\"@id\":\"https:\/\/www.chateausaintemarguerite.com\/vins-de-provence\/cuvee-symphonie-2021-vin-blanc-provence\/#breadcrumb\"},\"inLanguage\":\"en-US\",\"potentialAction\":[{\"@type\":\"ReadAction\",\"target\":[\"https:\/\/www.chateausaintemarguerite.com\/vins-de-provence\/cuvee-symphonie-2021-vin-blanc-provence\/\"]}]},{\"@type\":\"ImageObject\",\"inLanguage\":\"en-US\",\"@id\":\"https:\/\/www.chateausaintemarguerite.com\/vins-de-provence\/cuvee-symphonie-2021-vin-blanc-provence\/#primaryimage\",\"url\":\"https:\/\/www.chateausaintemarguerite.com\/wp-content\/uploads\/2021\/01\/al20_fayard_packshot_053_CARRE.jpg\",\"contentUrl\":\"https:\/\/www.chateausaintemarguerite.com\/wp-content\/uploads\/2021\/01\/al20_fayard_packshot_053_CARRE.jpg\",\"width\":1195,\"height\":1195,\"caption\":\"al20 fayard packshot 053 CARRE\"},{\"@type\":\"BreadcrumbList\",\"@id\":\"https:\/\/www.chateausaintemarguerite.com\/vins-de-provence\/cuvee-symphonie-2021-vin-blanc-provence\/#breadcrumb\",\"itemListElement\":[{\"@type\":\"ListItem\",\"position\":1,\"name\":\"Accueil\",\"item\":\"https:\/\/www.chateausaintemarguerite.com\/\"},{\"@type\":\"ListItem\",\"position\":2,\"name\":\"Boutique\",\"item\":\"https:\/\/www.chateausaintemarguerite.com\/vins-de-provence\/\"},{\"@type\":\"ListItem\",\"position\":3,\"name\":\"Symphonie\",\"item\":\"https:\/\/www.chateausaintemarguerite.com\/cru-classe-provence\/vins-cuvee-symphonie\/\"},{\"@type\":\"ListItem\",\"position\":4,\"name\":\"Symphonie Blanc 2021\"}]},{\"@type\":\"WebSite\",\"@id\":\"https:\/\/www.chateausaintemarguerite.com\/#website\",\"url\":\"https:\/\/www.chateausaintemarguerite.com\/\",\"name\":\"Ch\u00e2teau Sainte Marguerite\",\"description\":\"Vins de Provence\",\"publisher\":{\"@id\":\"https:\/\/www.chateausaintemarguerite.com\/#organization\"},\"potentialAction\":[{\"@type\":\"SearchAction\",\"target\":{\"@type\":\"EntryPoint\",\"urlTemplate\":\"https:\/\/www.chateausaintemarguerite.com\/?s={search_term_string}\"},\"query-input\":{\"@type\":\"PropertyValueSpecification\",\"valueRequired\":true,\"valueName\":\"search_term_string\"}}],\"inLanguage\":\"en-US\"},{\"@type\":\"Organization\",\"@id\":\"https:\/\/www.chateausaintemarguerite.com\/#organization\",\"name\":\"Ch\u00e2teau Sainte Marguerite\",\"url\":\"https:\/\/www.chateausaintemarguerite.com\/\",\"logo\":{\"@type\":\"ImageObject\",\"inLanguage\":\"en-US\",\"@id\":\"https:\/\/www.chateausaintemarguerite.com\/#\/schema\/logo\/image\/\",\"url\":\"https:\/\/www.chateausaintemarguerite.com\/wp-content\/uploads\/2021\/01\/LogoCSM_1600.png\",\"contentUrl\":\"https:\/\/www.chateausaintemarguerite.com\/wp-content\/uploads\/2021\/01\/LogoCSM_1600.png\",\"width\":2560,\"height\":1257,\"caption\":\"Ch\u00e2teau Sainte Marguerite\"},\"image\":{\"@id\":\"https:\/\/www.chateausaintemarguerite.com\/#\/schema\/logo\/image\/\"},\"sameAs\":[\"https:\/\/fr-fr.facebook.com\/Chateausaintemarguerite\/\",\"https:\/\/www.instagram.com\/chateausaintemarguerite\/?hl=fr\",\"https:\/\/www.youtube.com\/channel\/UC0WoRvE6wQi_9J8WZg27vwA\"]}]}<\/script>\n<!-- \/ Yoast SEO plugin. -->","yoast_head_json":{"title":"Symphonie Blanc 2021 Ch\u00e2teau Sainte Marguerite, cru class\u00e9 Provence","description":"Le vin blanc bio\/vegan cuv\u00e9e Symphonie 2021, des larmes d'or pur aux fragrances enchant\u00e9es. Un plaisir unique en Provence ! Disponible \u00e0 partir de d\u00e9but mars. Pr\u00e9commande possible. \u00c0 partir de 22,00\u20ac.","robots":{"index":"index","follow":"follow","max-snippet":"max-snippet:-1","max-image-preview":"max-image-preview:large","max-video-preview":"max-video-preview:-1"},"canonical":"https:\/\/www.chateausaintemarguerite.com\/en\/vins-de-provence\/cuvee-symphonie-2021-vin-blanc-provence\/","og_locale":"en_US","og_type":"article","og_title":"Symphonie Blanc 2021 Ch\u00e2teau Sainte Marguerite, cru class\u00e9 Provence","og_description":"Le vin blanc bio\/vegan cuv\u00e9e Symphonie 2021, des larmes d'or pur aux fragrances enchant\u00e9es. Un plaisir unique en Provence ! Disponible \u00e0 partir de d\u00e9but mars. Pr\u00e9commande possible. \u00c0 partir de 22,00\u20ac.","og_url":"https:\/\/www.chateausaintemarguerite.com\/en\/vins-de-provence\/cuvee-symphonie-2021-vin-blanc-provence\/","og_site_name":"Ch\u00e2teau Sainte Marguerite","article_publisher":"https:\/\/fr-fr.facebook.com\/Chateausaintemarguerite\/","article_modified_time":"2025-07-17T07:39:37+00:00","og_image":[{"width":1195,"height":1195,"url":"https:\/\/www.chateausaintemarguerite.com\/wp-content\/uploads\/2021\/01\/al20_fayard_packshot_053_CARRE.jpg","type":"image\/jpeg"}],"twitter_card":"summary_large_image","twitter_misc":{"Est. reading time":"1 minute"},"schema":{"@context":"https:\/\/schema.org","@graph":[{"@type":"WebPage","@id":"https:\/\/www.chateausaintemarguerite.com\/vins-de-provence\/cuvee-symphonie-2021-vin-blanc-provence\/","url":"https:\/\/www.chateausaintemarguerite.com\/vins-de-provence\/cuvee-symphonie-2021-vin-blanc-provence\/","name":"Symphonie Blanc 2021 Ch\u00e2teau Sainte Marguerite, cru class\u00e9 Provence","isPartOf":{"@id":"https:\/\/www.chateausaintemarguerite.com\/#website"},"primaryImageOfPage":{"@id":"https:\/\/www.chateausaintemarguerite.com\/vins-de-provence\/cuvee-symphonie-2021-vin-blanc-provence\/#primaryimage"},"image":{"@id":"https:\/\/www.chateausaintemarguerite.com\/vins-de-provence\/cuvee-symphonie-2021-vin-blanc-provence\/#primaryimage"},"thumbnailUrl":"https:\/\/www.chateausaintemarguerite.com\/wp-content\/uploads\/2021\/01\/al20_fayard_packshot_053_CARRE.jpg","datePublished":"2021-01-27T09:05:34+00:00","dateModified":"2025-07-17T07:39:37+00:00","description":"Le vin blanc bio\/vegan cuv\u00e9e Symphonie 2021, des larmes d'or pur aux fragrances enchant\u00e9es. Un plaisir unique en Provence ! Disponible \u00e0 partir de d\u00e9but mars. Pr\u00e9commande possible. \u00c0 partir de 22,00\u20ac.","breadcrumb":{"@id":"https:\/\/www.chateausaintemarguerite.com\/vins-de-provence\/cuvee-symphonie-2021-vin-blanc-provence\/#breadcrumb"},"inLanguage":"en-US","potentialAction":[{"@type":"ReadAction","target":["https:\/\/www.chateausaintemarguerite.com\/vins-de-provence\/cuvee-symphonie-2021-vin-blanc-provence\/"]}]},{"@type":"ImageObject","inLanguage":"en-US","@id":"https:\/\/www.chateausaintemarguerite.com\/vins-de-provence\/cuvee-symphonie-2021-vin-blanc-provence\/#primaryimage","url":"https:\/\/www.chateausaintemarguerite.com\/wp-content\/uploads\/2021\/01\/al20_fayard_packshot_053_CARRE.jpg","contentUrl":"https:\/\/www.chateausaintemarguerite.com\/wp-content\/uploads\/2021\/01\/al20_fayard_packshot_053_CARRE.jpg","width":1195,"height":1195,"caption":"al20 fayard packshot 053 CARRE"},{"@type":"BreadcrumbList","@id":"https:\/\/www.chateausaintemarguerite.com\/vins-de-provence\/cuvee-symphonie-2021-vin-blanc-provence\/#breadcrumb","itemListElement":[{"@type":"ListItem","position":1,"name":"Accueil","item":"https:\/\/www.chateausaintemarguerite.com\/"},{"@type":"ListItem","position":2,"name":"Boutique","item":"https:\/\/www.chateausaintemarguerite.com\/vins-de-provence\/"},{"@type":"ListItem","position":3,"name":"Symphonie","item":"https:\/\/www.chateausaintemarguerite.com\/cru-classe-provence\/vins-cuvee-symphonie\/"},{"@type":"ListItem","position":4,"name":"Symphonie Blanc 2021"}]},{"@type":"WebSite","@id":"https:\/\/www.chateausaintemarguerite.com\/#website","url":"https:\/\/www.chateausaintemarguerite.com\/","name":"Ch\u00e2teau Sainte Marguerite","description":"Provence wines","publisher":{"@id":"https:\/\/www.chateausaintemarguerite.com\/#organization"},"potentialAction":[{"@type":"SearchAction","target":{"@type":"EntryPoint","urlTemplate":"https:\/\/www.chateausaintemarguerite.com\/?s={search_term_string}"},"query-input":{"@type":"PropertyValueSpecification","valueRequired":true,"valueName":"search_term_string"}}],"inLanguage":"en-US"},{"@type":"Organization","@id":"https:\/\/www.chateausaintemarguerite.com\/#organization","name":"Ch\u00e2teau Sainte Marguerite","url":"https:\/\/www.chateausaintemarguerite.com\/","logo":{"@type":"ImageObject","inLanguage":"en-US","@id":"https:\/\/www.chateausaintemarguerite.com\/#\/schema\/logo\/image\/","url":"https:\/\/www.chateausaintemarguerite.com\/wp-content\/uploads\/2021\/01\/LogoCSM_1600.png","contentUrl":"https:\/\/www.chateausaintemarguerite.com\/wp-content\/uploads\/2021\/01\/LogoCSM_1600.png","width":2560,"height":1257,"caption":"Ch\u00e2teau Sainte Marguerite"},"image":{"@id":"https:\/\/www.chateausaintemarguerite.com\/#\/schema\/logo\/image\/"},"sameAs":["https:\/\/fr-fr.facebook.com\/Chateausaintemarguerite\/","https:\/\/www.instagram.com\/chateausaintemarguerite\/?hl=fr","https:\/\/www.youtube.com\/channel\/UC0WoRvE6wQi_9J8WZg27vwA"]}]}},"_links":{"self":[{"href":"https:\/\/www.chateausaintemarguerite.com\/en\/wp-json\/wp\/v2\/product\/897","targetHints":{"allow":["GET"]}}],"collection":[{"href":"https:\/\/www.chateausaintemarguerite.com\/en\/wp-json\/wp\/v2\/product"}],"about":[{"href":"https:\/\/www.chateausaintemarguerite.com\/en\/wp-json\/wp\/v2\/types\/product"}],"wp:featuredmedia":[{"embeddable":true,"href":"https:\/\/www.chateausaintemarguerite.com\/en\/wp-json\/wp\/v2\/media\/634"}],"wp:attachment":[{"href":"https:\/\/www.chateausaintemarguerite.com\/en\/wp-json\/wp\/v2\/media?parent=897"}],"wp:term":[{"taxonomy":"product_brand","embeddable":true,"href":"https:\/\/www.chateausaintemarguerite.com\/en\/wp-json\/wp\/v2\/product_brand?post=897"},{"taxonomy":"product_cat","embeddable":true,"href":"https:\/\/www.chateausaintemarguerite.com\/en\/wp-json\/wp\/v2\/product_cat?post=897"},{"taxonomy":"product_tag","embeddable":true,"href":"https:\/\/www.chateausaintemarguerite.com\/en\/wp-json\/wp\/v2\/product_tag?post=897"}],"curies":[{"name":"wp","href":"https:\/\/api.w.org\/{rel}","templated":true}]}}