{"id":889,"date":"2021-01-27T09:59:04","date_gmt":"2021-01-27T08:59:04","guid":{"rendered":"https:\/\/chateausaintemargueritenew.fr\/?post_type=product&#038;p=889"},"modified":"2026-01-07T09:51:01","modified_gmt":"2026-01-07T08:51:01","slug":"symphonie-rose","status":"publish","type":"product","link":"https:\/\/www.chateausaintemarguerite.com\/en\/vins-de-provence\/symphonie-rose\/","title":{"rendered":"Ros\u00e9 Symphony 2025"},"content":{"rendered":"<p>Created in 1999, the <a href=\"https:\/\/www.chateausaintemarguerite.com\/en\/cru-classe-provence\/vins-cuvee-symphonie\/\">Symphonie <\/a>ros\u00e9 is the fruit of mastered know-how.<\/p>\n<p>The diversity and richness of C\u00f4tes-de-Provence, with a beautiful composition of aromas, perfect for discovering the <a href=\"https:\/\/www.chateausaintemarguerite.com\/en\/decouvrez-notre-histoire\/\">style of ch\u00e2teau wines.<\/a><br \/>\nBeyond its finesse and freshness, it stands out for its harmony.<\/p>\n<p>This ros\u00e9 wine<a href=\"https:\/\/www.chateausaintemarguerite.com\/en\/quest-ce-quun-cru-classe-de-provence\/\"> Cru Class\u00e9 C\u00f4tes-de- Provence<\/a> - qualified <a href=\"https:\/\/www.chateausaintemarguerite.com\/en\/les-certifications-dans-le-monde-du-vin-bio-vegan-ecocert\/\">organic and vegan<\/a> - expresses the diversity and richness of the AOC C\u00f4tes-de-Provence terroirs<\/p>\n<p>APPELLATION - C\u00d4TES-DE-PROVENCE CRU CLASS\u00c9<br \/>\nHarvest - 2025<br \/>\nDegree - 13% vol<br \/>\nCertification - Organic (Ecocert) and vegan (Vegan Society)<br \/>\nTERROIR<br \/>\nCuers and Pierrefeu<br \/>\nSOL<br \/>\nSchist and clay with flint chips, clay and limestone in<br \/>\nsome plots.<\/p>\n<p>VINIFICATION<\/p>\n<p>SPECIFICATIONS<br \/>\n47% Grenache - 47% Cinsault - 6% Rolle.<br \/>\nMETHOD<br \/>\nCold skin maceration before pressing. Vinification<br \/>\ntemperature-controlled. Selection of the best vats. Maturation in vats<br \/>\non fine lees. Fining and filtration before bottling.<\/p>\n<p>&nbsp;<\/p>","protected":false},"excerpt":{"rendered":"<p>Created in 1999, the <a href=\"https:\/\/www.chateausaintemarguerite.com\/en\/cru-classe-provence\/vins-cuvee-symphonie\/\">Symphonie<\/a> is the fruit of mastered know-how. A beautiful composition of aromas, perfect for discovering the <a href=\"https:\/\/www.chateausaintemarguerite.com\/en\/decouvrez-notre-histoire\/\">style of ch\u00e2teau wines<\/a>. Beyond its finesse and freshness, it stands out for its harmony. This ros\u00e9 wine<a href=\"https:\/\/www.chateausaintemarguerite.com\/en\/quest-ce-quun-cru-classe-de-provence\/\"> Cru Class\u00e9 des C\u00f4tes-de-Provence<\/a><br \/>\n- qualified<a href=\"https:\/\/www.chateausaintemarguerite.com\/en\/les-certifications-dans-le-monde-du-vin-bio-vegan-ecocert\/\"> organic and vegan<\/a> in France - expresses the diversity and richness of the terroirs of the C\u00f4tes-de-Provence AOC.<\/p>\n<p><i><span style=\"font-weight: 400;\">*C\u00f4tes-de-Provence controlled appellation<\/span><\/i><\/p>","protected":false},"featured_media":226971,"template":"","meta":{"inline_featured_image":false},"product_brand":[],"product_cat":[32,28,31],"product_tag":[89,88],"class_list":{"0":"post-889","1":"product","2":"type-product","3":"status-publish","4":"has-post-thumbnail","6":"product_cat-vins-cuvee-symphonie","7":"product_cat-vins-ste-marguerite","8":"product_cat-vins-roses-ste-marguerite","9":"product_tag-bio","10":"product_tag-cru-classe-cotes-de-provence","11":"member-discount","12":"discount-restricted","14":"first","15":"instock","16":"taxable","17":"shipping-taxable","18":"purchasable","19":"product-type-variable","20":"has-default-attributes"},"booking_location":null,"booking_location_type":null,"booking_duration":null,"booking_duration_unit":null,"booking_buffer":null,"booking_cost":null,"booking_resources":null,"acf":[],"yoast_head":"<!-- This site is optimized with the Yoast SEO plugin v27.1.1 - https:\/\/yoast.com\/product\/yoast-seo-wordpress\/ -->\n<title>Cuv\u00e9e Symphonie Ros\u00e9 Ch\u00e2teau Sainte Marguerite Symphonie Ros\u00e9 2025 -<\/title>\n<meta name=\"description\" content=\"Le vin ros\u00e9 bio et vegan cuv\u00e9e Symphonie 2025, l&#039;alliance parfait entre finesse, \u00e9l\u00e9gance, et plaisir aromatique. Peut-\u00eatre le meilleur ros\u00e9 du monde !\" \/>\n<meta name=\"robots\" content=\"index, follow, max-snippet:-1, max-image-preview:large, max-video-preview:-1\" \/>\n<link rel=\"canonical\" href=\"https:\/\/www.chateausaintemarguerite.com\/en\/vins-de-provence\/symphonie-rose\/\" \/>\n<meta property=\"og:locale\" content=\"en_US\" \/>\n<meta property=\"og:type\" content=\"article\" \/>\n<meta property=\"og:title\" content=\"Cuv\u00e9e Symphonie Ros\u00e9 Ch\u00e2teau Sainte Marguerite Symphonie Ros\u00e9 2025 -\" \/>\n<meta property=\"og:description\" content=\"Le vin ros\u00e9 bio et vegan cuv\u00e9e Symphonie 2025, l&#039;alliance parfait entre finesse, \u00e9l\u00e9gance, et plaisir aromatique. Peut-\u00eatre le meilleur ros\u00e9 du monde !\" \/>\n<meta property=\"og:url\" content=\"https:\/\/www.chateausaintemarguerite.com\/en\/vins-de-provence\/symphonie-rose\/\" \/>\n<meta property=\"og:site_name\" content=\"Ch\u00e2teau Sainte Marguerite\" \/>\n<meta property=\"article:publisher\" content=\"https:\/\/fr-fr.facebook.com\/Chateausaintemarguerite\/\" \/>\n<meta property=\"article:modified_time\" content=\"2026-01-07T08:51:01+00:00\" \/>\n<meta property=\"og:image\" content=\"https:\/\/www.chateausaintemarguerite.com\/wp-content\/uploads\/2025\/07\/symphonie-rose.png\" \/>\n\t<meta property=\"og:image:width\" content=\"1200\" \/>\n\t<meta property=\"og:image:height\" content=\"1200\" \/>\n\t<meta property=\"og:image:type\" content=\"image\/png\" \/>\n<meta name=\"twitter:card\" content=\"summary_large_image\" \/>\n<meta name=\"twitter:label1\" content=\"Est. reading time\" \/>\n\t<meta name=\"twitter:data1\" content=\"1 minute\" \/>\n<script type=\"application\/ld+json\" class=\"yoast-schema-graph\">{\"@context\":\"https:\/\/schema.org\",\"@graph\":[{\"@type\":\"WebPage\",\"@id\":\"https:\/\/www.chateausaintemarguerite.com\/vins-de-provence\/symphonie-rose\/\",\"url\":\"https:\/\/www.chateausaintemarguerite.com\/vins-de-provence\/symphonie-rose\/\",\"name\":\"Cuv\u00e9e Symphonie Ros\u00e9 Ch\u00e2teau Sainte Marguerite Symphonie Ros\u00e9 2025 -\",\"isPartOf\":{\"@id\":\"https:\/\/www.chateausaintemarguerite.com\/#website\"},\"primaryImageOfPage\":{\"@id\":\"https:\/\/www.chateausaintemarguerite.com\/vins-de-provence\/symphonie-rose\/#primaryimage\"},\"image\":{\"@id\":\"https:\/\/www.chateausaintemarguerite.com\/vins-de-provence\/symphonie-rose\/#primaryimage\"},\"thumbnailUrl\":\"https:\/\/www.chateausaintemarguerite.com\/wp-content\/uploads\/2025\/07\/symphonie-rose.png\",\"datePublished\":\"2021-01-27T08:59:04+00:00\",\"dateModified\":\"2026-01-07T08:51:01+00:00\",\"description\":\"Le vin ros\u00e9 bio et vegan cuv\u00e9e Symphonie 2025, l'alliance parfait entre finesse, \u00e9l\u00e9gance, et plaisir aromatique. Peut-\u00eatre le meilleur ros\u00e9 du monde !\",\"breadcrumb\":{\"@id\":\"https:\/\/www.chateausaintemarguerite.com\/vins-de-provence\/symphonie-rose\/#breadcrumb\"},\"inLanguage\":\"en-US\",\"potentialAction\":[{\"@type\":\"ReadAction\",\"target\":[\"https:\/\/www.chateausaintemarguerite.com\/vins-de-provence\/symphonie-rose\/\"]}]},{\"@type\":\"ImageObject\",\"inLanguage\":\"en-US\",\"@id\":\"https:\/\/www.chateausaintemarguerite.com\/vins-de-provence\/symphonie-rose\/#primaryimage\",\"url\":\"https:\/\/www.chateausaintemarguerite.com\/wp-content\/uploads\/2025\/07\/symphonie-rose.png\",\"contentUrl\":\"https:\/\/www.chateausaintemarguerite.com\/wp-content\/uploads\/2025\/07\/symphonie-rose.png\",\"width\":1200,\"height\":1200,\"caption\":\"Symphonie Ros\u00e9\"},{\"@type\":\"BreadcrumbList\",\"@id\":\"https:\/\/www.chateausaintemarguerite.com\/vins-de-provence\/symphonie-rose\/#breadcrumb\",\"itemListElement\":[{\"@type\":\"ListItem\",\"position\":1,\"name\":\"Accueil\",\"item\":\"https:\/\/www.chateausaintemarguerite.com\/\"},{\"@type\":\"ListItem\",\"position\":2,\"name\":\"Boutique\",\"item\":\"https:\/\/www.chateausaintemarguerite.com\/vins-de-provence\/\"},{\"@type\":\"ListItem\",\"position\":3,\"name\":\"Symphonie\",\"item\":\"https:\/\/www.chateausaintemarguerite.com\/cru-classe-provence\/vins-cuvee-symphonie\/\"},{\"@type\":\"ListItem\",\"position\":4,\"name\":\"Symphonie Ros\u00e9 2025\"}]},{\"@type\":\"WebSite\",\"@id\":\"https:\/\/www.chateausaintemarguerite.com\/#website\",\"url\":\"https:\/\/www.chateausaintemarguerite.com\/\",\"name\":\"Ch\u00e2teau Sainte Marguerite\",\"description\":\"Vins de Provence\",\"publisher\":{\"@id\":\"https:\/\/www.chateausaintemarguerite.com\/#organization\"},\"potentialAction\":[{\"@type\":\"SearchAction\",\"target\":{\"@type\":\"EntryPoint\",\"urlTemplate\":\"https:\/\/www.chateausaintemarguerite.com\/?s={search_term_string}\"},\"query-input\":{\"@type\":\"PropertyValueSpecification\",\"valueRequired\":true,\"valueName\":\"search_term_string\"}}],\"inLanguage\":\"en-US\"},{\"@type\":\"Organization\",\"@id\":\"https:\/\/www.chateausaintemarguerite.com\/#organization\",\"name\":\"Ch\u00e2teau Sainte Marguerite\",\"url\":\"https:\/\/www.chateausaintemarguerite.com\/\",\"logo\":{\"@type\":\"ImageObject\",\"inLanguage\":\"en-US\",\"@id\":\"https:\/\/www.chateausaintemarguerite.com\/#\/schema\/logo\/image\/\",\"url\":\"https:\/\/www.chateausaintemarguerite.com\/wp-content\/uploads\/2021\/01\/LogoCSM_1600.png\",\"contentUrl\":\"https:\/\/www.chateausaintemarguerite.com\/wp-content\/uploads\/2021\/01\/LogoCSM_1600.png\",\"width\":2560,\"height\":1257,\"caption\":\"Ch\u00e2teau Sainte Marguerite\"},\"image\":{\"@id\":\"https:\/\/www.chateausaintemarguerite.com\/#\/schema\/logo\/image\/\"},\"sameAs\":[\"https:\/\/fr-fr.facebook.com\/Chateausaintemarguerite\/\",\"https:\/\/www.instagram.com\/chateausaintemarguerite\/?hl=fr\",\"https:\/\/www.youtube.com\/channel\/UC0WoRvE6wQi_9J8WZg27vwA\"]}]}<\/script>\n<!-- \/ Yoast SEO plugin. -->","yoast_head_json":{"title":"Cuv\u00e9e Symphonie Ros\u00e9 Ch\u00e2teau Sainte Marguerite Symphonie Ros\u00e9 2025 -","description":"Cuv\u00e9e Symphonie 2025 organic and vegan ros\u00e9 wine, the perfect blend of finesse, elegance and aromatic pleasure. Perhaps the best ros\u00e9 in the world!","robots":{"index":"index","follow":"follow","max-snippet":"max-snippet:-1","max-image-preview":"max-image-preview:large","max-video-preview":"max-video-preview:-1"},"canonical":"https:\/\/www.chateausaintemarguerite.com\/en\/vins-de-provence\/symphonie-rose\/","og_locale":"en_US","og_type":"article","og_title":"Cuv\u00e9e Symphonie Ros\u00e9 Ch\u00e2teau Sainte Marguerite Symphonie Ros\u00e9 2025 -","og_description":"Le vin ros\u00e9 bio et vegan cuv\u00e9e Symphonie 2025, l'alliance parfait entre finesse, \u00e9l\u00e9gance, et plaisir aromatique. Peut-\u00eatre le meilleur ros\u00e9 du monde !","og_url":"https:\/\/www.chateausaintemarguerite.com\/en\/vins-de-provence\/symphonie-rose\/","og_site_name":"Ch\u00e2teau Sainte Marguerite","article_publisher":"https:\/\/fr-fr.facebook.com\/Chateausaintemarguerite\/","article_modified_time":"2026-01-07T08:51:01+00:00","og_image":[{"width":1200,"height":1200,"url":"https:\/\/www.chateausaintemarguerite.com\/wp-content\/uploads\/2025\/07\/symphonie-rose.png","type":"image\/png"}],"twitter_card":"summary_large_image","twitter_misc":{"Est. reading time":"1 minute"},"schema":{"@context":"https:\/\/schema.org","@graph":[{"@type":"WebPage","@id":"https:\/\/www.chateausaintemarguerite.com\/vins-de-provence\/symphonie-rose\/","url":"https:\/\/www.chateausaintemarguerite.com\/vins-de-provence\/symphonie-rose\/","name":"Cuv\u00e9e Symphonie Ros\u00e9 Ch\u00e2teau Sainte Marguerite Symphonie Ros\u00e9 2025 -","isPartOf":{"@id":"https:\/\/www.chateausaintemarguerite.com\/#website"},"primaryImageOfPage":{"@id":"https:\/\/www.chateausaintemarguerite.com\/vins-de-provence\/symphonie-rose\/#primaryimage"},"image":{"@id":"https:\/\/www.chateausaintemarguerite.com\/vins-de-provence\/symphonie-rose\/#primaryimage"},"thumbnailUrl":"https:\/\/www.chateausaintemarguerite.com\/wp-content\/uploads\/2025\/07\/symphonie-rose.png","datePublished":"2021-01-27T08:59:04+00:00","dateModified":"2026-01-07T08:51:01+00:00","description":"Cuv\u00e9e Symphonie 2025 organic and vegan ros\u00e9 wine, the perfect blend of finesse, elegance and aromatic pleasure. Perhaps the best ros\u00e9 in the world!","breadcrumb":{"@id":"https:\/\/www.chateausaintemarguerite.com\/vins-de-provence\/symphonie-rose\/#breadcrumb"},"inLanguage":"en-US","potentialAction":[{"@type":"ReadAction","target":["https:\/\/www.chateausaintemarguerite.com\/vins-de-provence\/symphonie-rose\/"]}]},{"@type":"ImageObject","inLanguage":"en-US","@id":"https:\/\/www.chateausaintemarguerite.com\/vins-de-provence\/symphonie-rose\/#primaryimage","url":"https:\/\/www.chateausaintemarguerite.com\/wp-content\/uploads\/2025\/07\/symphonie-rose.png","contentUrl":"https:\/\/www.chateausaintemarguerite.com\/wp-content\/uploads\/2025\/07\/symphonie-rose.png","width":1200,"height":1200,"caption":"Symphonie Ros\u00e9"},{"@type":"BreadcrumbList","@id":"https:\/\/www.chateausaintemarguerite.com\/vins-de-provence\/symphonie-rose\/#breadcrumb","itemListElement":[{"@type":"ListItem","position":1,"name":"Accueil","item":"https:\/\/www.chateausaintemarguerite.com\/"},{"@type":"ListItem","position":2,"name":"Boutique","item":"https:\/\/www.chateausaintemarguerite.com\/vins-de-provence\/"},{"@type":"ListItem","position":3,"name":"Symphonie","item":"https:\/\/www.chateausaintemarguerite.com\/cru-classe-provence\/vins-cuvee-symphonie\/"},{"@type":"ListItem","position":4,"name":"Symphonie Ros\u00e9 2025"}]},{"@type":"WebSite","@id":"https:\/\/www.chateausaintemarguerite.com\/#website","url":"https:\/\/www.chateausaintemarguerite.com\/","name":"Ch\u00e2teau Sainte Marguerite","description":"Provence wines","publisher":{"@id":"https:\/\/www.chateausaintemarguerite.com\/#organization"},"potentialAction":[{"@type":"SearchAction","target":{"@type":"EntryPoint","urlTemplate":"https:\/\/www.chateausaintemarguerite.com\/?s={search_term_string}"},"query-input":{"@type":"PropertyValueSpecification","valueRequired":true,"valueName":"search_term_string"}}],"inLanguage":"en-US"},{"@type":"Organization","@id":"https:\/\/www.chateausaintemarguerite.com\/#organization","name":"Ch\u00e2teau Sainte Marguerite","url":"https:\/\/www.chateausaintemarguerite.com\/","logo":{"@type":"ImageObject","inLanguage":"en-US","@id":"https:\/\/www.chateausaintemarguerite.com\/#\/schema\/logo\/image\/","url":"https:\/\/www.chateausaintemarguerite.com\/wp-content\/uploads\/2021\/01\/LogoCSM_1600.png","contentUrl":"https:\/\/www.chateausaintemarguerite.com\/wp-content\/uploads\/2021\/01\/LogoCSM_1600.png","width":2560,"height":1257,"caption":"Ch\u00e2teau Sainte Marguerite"},"image":{"@id":"https:\/\/www.chateausaintemarguerite.com\/#\/schema\/logo\/image\/"},"sameAs":["https:\/\/fr-fr.facebook.com\/Chateausaintemarguerite\/","https:\/\/www.instagram.com\/chateausaintemarguerite\/?hl=fr","https:\/\/www.youtube.com\/channel\/UC0WoRvE6wQi_9J8WZg27vwA"]}]}},"_links":{"self":[{"href":"https:\/\/www.chateausaintemarguerite.com\/en\/wp-json\/wp\/v2\/product\/889","targetHints":{"allow":["GET"]}}],"collection":[{"href":"https:\/\/www.chateausaintemarguerite.com\/en\/wp-json\/wp\/v2\/product"}],"about":[{"href":"https:\/\/www.chateausaintemarguerite.com\/en\/wp-json\/wp\/v2\/types\/product"}],"wp:featuredmedia":[{"embeddable":true,"href":"https:\/\/www.chateausaintemarguerite.com\/en\/wp-json\/wp\/v2\/media\/226971"}],"wp:attachment":[{"href":"https:\/\/www.chateausaintemarguerite.com\/en\/wp-json\/wp\/v2\/media?parent=889"}],"wp:term":[{"taxonomy":"product_brand","embeddable":true,"href":"https:\/\/www.chateausaintemarguerite.com\/en\/wp-json\/wp\/v2\/product_brand?post=889"},{"taxonomy":"product_cat","embeddable":true,"href":"https:\/\/www.chateausaintemarguerite.com\/en\/wp-json\/wp\/v2\/product_cat?post=889"},{"taxonomy":"product_tag","embeddable":true,"href":"https:\/\/www.chateausaintemarguerite.com\/en\/wp-json\/wp\/v2\/product_tag?post=889"}],"curies":[{"name":"wp","href":"https:\/\/api.w.org\/{rel}","templated":true}]}}