{"id":83500,"date":"2024-07-12T11:26:39","date_gmt":"2024-07-12T09:26:39","guid":{"rendered":"https:\/\/www.chateausaintemarguerite.com\/?post_type=product&#038;p=83500"},"modified":"2026-04-10T09:47:00","modified_gmt":"2026-04-10T07:47:00","slug":"coffret-3-cuvees-roses","status":"publish","type":"product","link":"https:\/\/www.chateausaintemarguerite.com\/en\/vins-de-provence\/coffret-3-cuvees-roses\/","title":{"rendered":"Gift set 3 Cuv\u00e9es Ros\u00e9"},"content":{"rendered":"<p>Ce coffret d\u00e9couverte 3 cuv\u00e9es ros\u00e9s s\u00e9lection comprend :<br \/>\n- 1 bottle of <a href=\"https:\/\/www.chateausaintemarguerite.com\/en\/vins-de-provence\/marguerites-rose\/\">Marguerites Ros\u00e9 2025 Collection<\/a> 75 cl<br \/>\n- 1 bottle of <a href=\"https:\/\/www.chateausaintemarguerite.com\/en\/vins-de-provence\/cuvee-fantastique-2024-vin-rose-provence\/\">Les Fantastiques Ros\u00e9 2025<\/a> 75 cl<br \/>\n- 1 bottle of <a href=\"https:\/\/www.chateausaintemarguerite.com\/en\/vins-de-provence\/cuvee-symphonie-chateau-sainte-marguerite-vin-rose-provence\/\">Ros\u00e9 Symphony 2025<\/a>\u00a075 cl<\/p>\n<p>Cet \u00e9t\u00e9, d\u00e9couvrez en \u00e9dition limit\u00e9e l&rsquo;excellence de Ch\u00e2teau Sainte Marguerite avec ce coffret s\u00e9lection de 3 bouteilles, soigneusement \u00e9labor\u00e9 pour les amateurs de ros\u00e9. Chacune de nos cuv\u00e9es est le fruit et le reflet de notre savoir-faire et notre passion.<\/p>\n<p>*C\u00f4tes-de-Provence controlled appellation<\/p>","protected":false},"excerpt":{"rendered":"<p>Ce coffret d\u00e9couverte 3 cuv\u00e9es ros\u00e9s s\u00e9lection comprend :<br \/>\n- 1 bottle of <a href=\"https:\/\/www.chateausaintemarguerite.com\/en\/vins-de-provence\/marguerites-rose\/\">Marguerites Ros\u00e9 2025 Collection<\/a> 75 cl<br \/>\n- 1 bottle of <a href=\"https:\/\/www.chateausaintemarguerite.com\/en\/vins-de-provence\/cuvee-fantastique-2024-vin-rose-provence\/\">Les Fantastiques Ros\u00e9 2025<\/a> 75 cl<br \/>\n- 1 bottle of <a href=\"https:\/\/www.chateausaintemarguerite.com\/en\/vins-de-provence\/cuvee-symphonie-chateau-sainte-marguerite-vin-rose-provence\/\">Ros\u00e9 Symphony 2025<\/a>\u00a075 cl<\/p>\n<p>Cet \u00e9t\u00e9, d\u00e9couvrez en \u00e9dition limit\u00e9e l&rsquo;excellence de Ch\u00e2teau Sainte Marguerite avec ce coffret s\u00e9lection de 3 bouteilles, soigneusement \u00e9labor\u00e9 pour les amateurs de ros\u00e9. Chacune de nos cuv\u00e9es est le fruit et le reflet de notre savoir-faire et notre passion.<\/p>\n<p>*C\u00f4tes-de-Provence controlled appellation<\/p>","protected":false},"featured_media":311144,"template":"","meta":{"inline_featured_image":false},"product_brand":[],"product_cat":[37,28,31],"product_tag":[],"class_list":{"0":"post-83500","1":"product","2":"type-product","3":"status-publish","4":"has-post-thumbnail","6":"product_cat-vins-coffret-decouverte","7":"product_cat-vins-ste-marguerite","8":"product_cat-vins-roses-ste-marguerite","9":"member-discount","10":"discount-restricted","12":"first","13":"instock","14":"taxable","15":"shipping-taxable","16":"purchasable","17":"product-type-simple"},"booking_location":null,"booking_location_type":null,"booking_duration":null,"booking_duration_unit":null,"booking_buffer":null,"booking_cost":null,"booking_resources":null,"acf":[],"yoast_head":"<!-- This site is optimized with the Yoast SEO plugin v27.1.1 - https:\/\/yoast.com\/product\/yoast-seo-wordpress\/ -->\n<title>Coffret 3 cuv\u00e9es ros\u00e9s<\/title>\n<meta name=\"description\" content=\"D\u00e9couvrez en \u00e9dition limit\u00e9e l&#039;excellence de Ch\u00e2teau Sainte Marguerite avec notre coffret 3 cuv\u00e9es ros\u00e9s, soigneusement \u00e9labor\u00e9 pour les amateurs de ros\u00e9.\" \/>\n<meta name=\"robots\" content=\"index, follow, max-snippet:-1, max-image-preview:large, max-video-preview:-1\" \/>\n<link rel=\"canonical\" href=\"https:\/\/www.chateausaintemarguerite.com\/en\/vins-de-provence\/coffret-3-cuvees-roses\/\" \/>\n<meta property=\"og:locale\" content=\"en_US\" \/>\n<meta property=\"og:type\" content=\"article\" \/>\n<meta property=\"og:title\" content=\"Coffret 3 cuv\u00e9es ros\u00e9s\" \/>\n<meta property=\"og:description\" content=\"D\u00e9couvrez en \u00e9dition limit\u00e9e l&#039;excellence de Ch\u00e2teau Sainte Marguerite avec notre coffret 3 cuv\u00e9es ros\u00e9s, soigneusement \u00e9labor\u00e9 pour les amateurs de ros\u00e9.\" \/>\n<meta property=\"og:url\" content=\"https:\/\/www.chateausaintemarguerite.com\/en\/vins-de-provence\/coffret-3-cuvees-roses\/\" \/>\n<meta property=\"og:site_name\" content=\"Ch\u00e2teau Sainte Marguerite\" \/>\n<meta property=\"article:publisher\" content=\"https:\/\/fr-fr.facebook.com\/Chateausaintemarguerite\/\" \/>\n<meta property=\"article:modified_time\" content=\"2026-04-10T07:47:00+00:00\" \/>\n<meta property=\"og:image\" content=\"https:\/\/www.chateausaintemarguerite.com\/wp-content\/uploads\/2025\/12\/fantastique-rose-packshotcoffrets-5-e1769697855948.png\" \/>\n\t<meta property=\"og:image:width\" content=\"1048\" \/>\n\t<meta property=\"og:image:height\" content=\"1048\" \/>\n\t<meta property=\"og:image:type\" content=\"image\/png\" \/>\n<meta name=\"twitter:card\" content=\"summary_large_image\" \/>\n<meta name=\"twitter:label1\" content=\"Est. reading time\" \/>\n\t<meta name=\"twitter:data1\" content=\"1 minute\" \/>\n<script type=\"application\/ld+json\" class=\"yoast-schema-graph\">{\"@context\":\"https:\/\/schema.org\",\"@graph\":[{\"@type\":\"WebPage\",\"@id\":\"https:\/\/www.chateausaintemarguerite.com\/vins-de-provence\/coffret-3-cuvees-roses\/\",\"url\":\"https:\/\/www.chateausaintemarguerite.com\/vins-de-provence\/coffret-3-cuvees-roses\/\",\"name\":\"Coffret 3 cuv\u00e9es ros\u00e9s\",\"isPartOf\":{\"@id\":\"https:\/\/www.chateausaintemarguerite.com\/#website\"},\"primaryImageOfPage\":{\"@id\":\"https:\/\/www.chateausaintemarguerite.com\/vins-de-provence\/coffret-3-cuvees-roses\/#primaryimage\"},\"image\":{\"@id\":\"https:\/\/www.chateausaintemarguerite.com\/vins-de-provence\/coffret-3-cuvees-roses\/#primaryimage\"},\"thumbnailUrl\":\"https:\/\/www.chateausaintemarguerite.com\/wp-content\/uploads\/2025\/12\/fantastique-rose-packshotcoffrets-5-e1769697855948.png\",\"datePublished\":\"2024-07-12T09:26:39+00:00\",\"dateModified\":\"2026-04-10T07:47:00+00:00\",\"description\":\"D\u00e9couvrez en \u00e9dition limit\u00e9e l'excellence de Ch\u00e2teau Sainte Marguerite avec notre coffret 3 cuv\u00e9es ros\u00e9s, soigneusement \u00e9labor\u00e9 pour les amateurs de ros\u00e9.\",\"breadcrumb\":{\"@id\":\"https:\/\/www.chateausaintemarguerite.com\/vins-de-provence\/coffret-3-cuvees-roses\/#breadcrumb\"},\"inLanguage\":\"en-US\",\"potentialAction\":[{\"@type\":\"ReadAction\",\"target\":[\"https:\/\/www.chateausaintemarguerite.com\/vins-de-provence\/coffret-3-cuvees-roses\/\"]}]},{\"@type\":\"ImageObject\",\"inLanguage\":\"en-US\",\"@id\":\"https:\/\/www.chateausaintemarguerite.com\/vins-de-provence\/coffret-3-cuvees-roses\/#primaryimage\",\"url\":\"https:\/\/www.chateausaintemarguerite.com\/wp-content\/uploads\/2025\/12\/fantastique-rose-packshotcoffrets-5-e1769697855948.png\",\"contentUrl\":\"https:\/\/www.chateausaintemarguerite.com\/wp-content\/uploads\/2025\/12\/fantastique-rose-packshotcoffrets-5-e1769697855948.png\",\"width\":1048,\"height\":1048,\"caption\":\"Coffret 3 cuv\u00e9es ros\u00e9s\"},{\"@type\":\"BreadcrumbList\",\"@id\":\"https:\/\/www.chateausaintemarguerite.com\/vins-de-provence\/coffret-3-cuvees-roses\/#breadcrumb\",\"itemListElement\":[{\"@type\":\"ListItem\",\"position\":1,\"name\":\"Accueil\",\"item\":\"https:\/\/www.chateausaintemarguerite.com\/\"},{\"@type\":\"ListItem\",\"position\":2,\"name\":\"Boutique\",\"item\":\"https:\/\/www.chateausaintemarguerite.com\/vins-de-provence\/\"},{\"@type\":\"ListItem\",\"position\":3,\"name\":\"Coffrets D\u00e9couverte\",\"item\":\"https:\/\/www.chateausaintemarguerite.com\/cru-classe-provence\/vins-coffret-decouverte\/\"},{\"@type\":\"ListItem\",\"position\":4,\"name\":\"Coffret D\u00e9couverte 3 Cuv\u00e9es Ros\u00e9\"}]},{\"@type\":\"WebSite\",\"@id\":\"https:\/\/www.chateausaintemarguerite.com\/#website\",\"url\":\"https:\/\/www.chateausaintemarguerite.com\/\",\"name\":\"Ch\u00e2teau Sainte Marguerite\",\"description\":\"Vins de Provence\",\"publisher\":{\"@id\":\"https:\/\/www.chateausaintemarguerite.com\/#organization\"},\"potentialAction\":[{\"@type\":\"SearchAction\",\"target\":{\"@type\":\"EntryPoint\",\"urlTemplate\":\"https:\/\/www.chateausaintemarguerite.com\/?s={search_term_string}\"},\"query-input\":{\"@type\":\"PropertyValueSpecification\",\"valueRequired\":true,\"valueName\":\"search_term_string\"}}],\"inLanguage\":\"en-US\"},{\"@type\":\"Organization\",\"@id\":\"https:\/\/www.chateausaintemarguerite.com\/#organization\",\"name\":\"Ch\u00e2teau Sainte Marguerite\",\"url\":\"https:\/\/www.chateausaintemarguerite.com\/\",\"logo\":{\"@type\":\"ImageObject\",\"inLanguage\":\"en-US\",\"@id\":\"https:\/\/www.chateausaintemarguerite.com\/#\/schema\/logo\/image\/\",\"url\":\"https:\/\/www.chateausaintemarguerite.com\/wp-content\/uploads\/2021\/01\/LogoCSM_1600.png\",\"contentUrl\":\"https:\/\/www.chateausaintemarguerite.com\/wp-content\/uploads\/2021\/01\/LogoCSM_1600.png\",\"width\":2560,\"height\":1257,\"caption\":\"Ch\u00e2teau Sainte Marguerite\"},\"image\":{\"@id\":\"https:\/\/www.chateausaintemarguerite.com\/#\/schema\/logo\/image\/\"},\"sameAs\":[\"https:\/\/fr-fr.facebook.com\/Chateausaintemarguerite\/\",\"https:\/\/www.instagram.com\/chateausaintemarguerite\/?hl=fr\",\"https:\/\/www.youtube.com\/channel\/UC0WoRvE6wQi_9J8WZg27vwA\"]}]}<\/script>\n<!-- \/ Yoast SEO plugin. -->","yoast_head_json":{"title":"Coffret 3 cuv\u00e9es ros\u00e9s","description":"D\u00e9couvrez en \u00e9dition limit\u00e9e l'excellence de Ch\u00e2teau Sainte Marguerite avec notre coffret 3 cuv\u00e9es ros\u00e9s, soigneusement \u00e9labor\u00e9 pour les amateurs de ros\u00e9.","robots":{"index":"index","follow":"follow","max-snippet":"max-snippet:-1","max-image-preview":"max-image-preview:large","max-video-preview":"max-video-preview:-1"},"canonical":"https:\/\/www.chateausaintemarguerite.com\/en\/vins-de-provence\/coffret-3-cuvees-roses\/","og_locale":"en_US","og_type":"article","og_title":"Coffret 3 cuv\u00e9es ros\u00e9s","og_description":"D\u00e9couvrez en \u00e9dition limit\u00e9e l'excellence de Ch\u00e2teau Sainte Marguerite avec notre coffret 3 cuv\u00e9es ros\u00e9s, soigneusement \u00e9labor\u00e9 pour les amateurs de ros\u00e9.","og_url":"https:\/\/www.chateausaintemarguerite.com\/en\/vins-de-provence\/coffret-3-cuvees-roses\/","og_site_name":"Ch\u00e2teau Sainte Marguerite","article_publisher":"https:\/\/fr-fr.facebook.com\/Chateausaintemarguerite\/","article_modified_time":"2026-04-10T07:47:00+00:00","og_image":[{"width":1048,"height":1048,"url":"https:\/\/www.chateausaintemarguerite.com\/wp-content\/uploads\/2025\/12\/fantastique-rose-packshotcoffrets-5-e1769697855948.png","type":"image\/png"}],"twitter_card":"summary_large_image","twitter_misc":{"Est. reading time":"1 minute"},"schema":{"@context":"https:\/\/schema.org","@graph":[{"@type":"WebPage","@id":"https:\/\/www.chateausaintemarguerite.com\/vins-de-provence\/coffret-3-cuvees-roses\/","url":"https:\/\/www.chateausaintemarguerite.com\/vins-de-provence\/coffret-3-cuvees-roses\/","name":"Coffret 3 cuv\u00e9es ros\u00e9s","isPartOf":{"@id":"https:\/\/www.chateausaintemarguerite.com\/#website"},"primaryImageOfPage":{"@id":"https:\/\/www.chateausaintemarguerite.com\/vins-de-provence\/coffret-3-cuvees-roses\/#primaryimage"},"image":{"@id":"https:\/\/www.chateausaintemarguerite.com\/vins-de-provence\/coffret-3-cuvees-roses\/#primaryimage"},"thumbnailUrl":"https:\/\/www.chateausaintemarguerite.com\/wp-content\/uploads\/2025\/12\/fantastique-rose-packshotcoffrets-5-e1769697855948.png","datePublished":"2024-07-12T09:26:39+00:00","dateModified":"2026-04-10T07:47:00+00:00","description":"D\u00e9couvrez en \u00e9dition limit\u00e9e l'excellence de Ch\u00e2teau Sainte Marguerite avec notre coffret 3 cuv\u00e9es ros\u00e9s, soigneusement \u00e9labor\u00e9 pour les amateurs de ros\u00e9.","breadcrumb":{"@id":"https:\/\/www.chateausaintemarguerite.com\/vins-de-provence\/coffret-3-cuvees-roses\/#breadcrumb"},"inLanguage":"en-US","potentialAction":[{"@type":"ReadAction","target":["https:\/\/www.chateausaintemarguerite.com\/vins-de-provence\/coffret-3-cuvees-roses\/"]}]},{"@type":"ImageObject","inLanguage":"en-US","@id":"https:\/\/www.chateausaintemarguerite.com\/vins-de-provence\/coffret-3-cuvees-roses\/#primaryimage","url":"https:\/\/www.chateausaintemarguerite.com\/wp-content\/uploads\/2025\/12\/fantastique-rose-packshotcoffrets-5-e1769697855948.png","contentUrl":"https:\/\/www.chateausaintemarguerite.com\/wp-content\/uploads\/2025\/12\/fantastique-rose-packshotcoffrets-5-e1769697855948.png","width":1048,"height":1048,"caption":"Coffret 3 cuv\u00e9es ros\u00e9s"},{"@type":"BreadcrumbList","@id":"https:\/\/www.chateausaintemarguerite.com\/vins-de-provence\/coffret-3-cuvees-roses\/#breadcrumb","itemListElement":[{"@type":"ListItem","position":1,"name":"Accueil","item":"https:\/\/www.chateausaintemarguerite.com\/"},{"@type":"ListItem","position":2,"name":"Boutique","item":"https:\/\/www.chateausaintemarguerite.com\/vins-de-provence\/"},{"@type":"ListItem","position":3,"name":"Coffrets D\u00e9couverte","item":"https:\/\/www.chateausaintemarguerite.com\/cru-classe-provence\/vins-coffret-decouverte\/"},{"@type":"ListItem","position":4,"name":"Coffret D\u00e9couverte 3 Cuv\u00e9es Ros\u00e9"}]},{"@type":"WebSite","@id":"https:\/\/www.chateausaintemarguerite.com\/#website","url":"https:\/\/www.chateausaintemarguerite.com\/","name":"Ch\u00e2teau Sainte Marguerite","description":"Provence wines","publisher":{"@id":"https:\/\/www.chateausaintemarguerite.com\/#organization"},"potentialAction":[{"@type":"SearchAction","target":{"@type":"EntryPoint","urlTemplate":"https:\/\/www.chateausaintemarguerite.com\/?s={search_term_string}"},"query-input":{"@type":"PropertyValueSpecification","valueRequired":true,"valueName":"search_term_string"}}],"inLanguage":"en-US"},{"@type":"Organization","@id":"https:\/\/www.chateausaintemarguerite.com\/#organization","name":"Ch\u00e2teau Sainte Marguerite","url":"https:\/\/www.chateausaintemarguerite.com\/","logo":{"@type":"ImageObject","inLanguage":"en-US","@id":"https:\/\/www.chateausaintemarguerite.com\/#\/schema\/logo\/image\/","url":"https:\/\/www.chateausaintemarguerite.com\/wp-content\/uploads\/2021\/01\/LogoCSM_1600.png","contentUrl":"https:\/\/www.chateausaintemarguerite.com\/wp-content\/uploads\/2021\/01\/LogoCSM_1600.png","width":2560,"height":1257,"caption":"Ch\u00e2teau Sainte Marguerite"},"image":{"@id":"https:\/\/www.chateausaintemarguerite.com\/#\/schema\/logo\/image\/"},"sameAs":["https:\/\/fr-fr.facebook.com\/Chateausaintemarguerite\/","https:\/\/www.instagram.com\/chateausaintemarguerite\/?hl=fr","https:\/\/www.youtube.com\/channel\/UC0WoRvE6wQi_9J8WZg27vwA"]}]}},"_links":{"self":[{"href":"https:\/\/www.chateausaintemarguerite.com\/en\/wp-json\/wp\/v2\/product\/83500","targetHints":{"allow":["GET"]}}],"collection":[{"href":"https:\/\/www.chateausaintemarguerite.com\/en\/wp-json\/wp\/v2\/product"}],"about":[{"href":"https:\/\/www.chateausaintemarguerite.com\/en\/wp-json\/wp\/v2\/types\/product"}],"wp:featuredmedia":[{"embeddable":true,"href":"https:\/\/www.chateausaintemarguerite.com\/en\/wp-json\/wp\/v2\/media\/311144"}],"wp:attachment":[{"href":"https:\/\/www.chateausaintemarguerite.com\/en\/wp-json\/wp\/v2\/media?parent=83500"}],"wp:term":[{"taxonomy":"product_brand","embeddable":true,"href":"https:\/\/www.chateausaintemarguerite.com\/en\/wp-json\/wp\/v2\/product_brand?post=83500"},{"taxonomy":"product_cat","embeddable":true,"href":"https:\/\/www.chateausaintemarguerite.com\/en\/wp-json\/wp\/v2\/product_cat?post=83500"},{"taxonomy":"product_tag","embeddable":true,"href":"https:\/\/www.chateausaintemarguerite.com\/en\/wp-json\/wp\/v2\/product_tag?post=83500"}],"curies":[{"name":"wp","href":"https:\/\/api.w.org\/{rel}","templated":true}]}}