{"id":72621,"date":"2024-06-05T16:21:39","date_gmt":"2024-06-05T14:21:39","guid":{"rendered":"https:\/\/www.chateausaintemarguerite.com\/?post_type=product&#038;p=72621"},"modified":"2026-04-23T10:21:05","modified_gmt":"2026-04-23T08:21:05","slug":"coffret-symphonie-sainte-marguerite-rose","status":"publish","type":"product","link":"https:\/\/www.chateausaintemarguerite.com\/en\/vins-de-provence\/coffret-symphonie-sainte-marguerite-rose\/","title":{"rendered":"Symphonie Ros\u00e9 Gift Set + Glasses"},"content":{"rendered":"<p><span style=\"font-weight: 400;\">Our Symphonie Ros\u00e9 + glasses set includes :<\/span><\/p>\n<p><span style=\"font-weight: 400;\">- A case of 6 bottles of <a href=\"https:\/\/www.chateausaintemarguerite.com\/en\/vins-de-provence\/cuvee-symphonie-chateau-sainte-marguerite-vin-rose-provence\/\">Symphonie Sainte Marguerite Ros\u00e9 2025<\/a> 75 cl<\/span><\/p>\n<p><span style=\"font-weight: 400;\">\u2013 6 <a href=\"https:\/\/www.chateausaintemarguerite.com\/en\/vins-de-provence\/verres-absolus\/\">Marguerite Lehmann screen-printed glasses in glass<\/a> 46 cl.<\/span><\/p>\n<p><span style=\"font-weight: 400;\">The fruit of mastered know-how, this ros\u00e9 wine from AOP C\u00f4tes-de-Provence* is made from grapes grown in the Ch\u00e2teau Sainte Marguerite vineyards. With its finesse and freshness, it's the perfect way to discover the style of Ch\u00e2teau Sainte Marguerite wines.<\/span><\/p>\n<p><i><span style=\"font-weight: 400;\">*C\u00f4tes-de-Provence controlled appellation<\/span><\/i><\/p>","protected":false},"excerpt":{"rendered":"<p><span style=\"font-weight: 400;\">Our Symphonie Ros\u00e9 + glasses set includes :<\/span><\/p>\n<p><span style=\"font-weight: 400;\">- A case of 6 bottles of <a href=\"https:\/\/www.chateausaintemarguerite.com\/en\/vins-de-provence\/cuvee-symphonie-chateau-sainte-marguerite-vin-rose-provence\/\">Symphonie Sainte Marguerite Ros\u00e9 2025<\/a> 75 cl<\/span><\/p>\n<p><span style=\"font-weight: 400;\">\u2013 6 <a href=\"https:\/\/www.chateausaintemarguerite.com\/en\/vins-de-provence\/verres-absolus\/\">Marguerite Lehmann screen-printed glasses in glass<\/a> 46 cl.<\/span><\/p>\n<p><span style=\"font-weight: 400;\">The fruit of mastered know-how, this ros\u00e9 wine from AOP C\u00f4tes-de-Provence* is made from grapes grown in the Ch\u00e2teau Sainte Marguerite vineyards. With its finesse and freshness, it's the perfect way to discover the style of Ch\u00e2teau Sainte Marguerite wines.<\/span><\/p>\n<p><i><span style=\"font-weight: 400;\">*C\u00f4tes-de-Provence controlled appellation<\/span><\/i><\/p>","protected":false},"featured_media":226943,"template":"","meta":{"inline_featured_image":false},"product_brand":[],"product_cat":[37,32,28,31],"product_tag":[49],"class_list":{"0":"post-72621","1":"product","2":"type-product","3":"status-publish","4":"has-post-thumbnail","6":"product_cat-vins-coffret-decouverte","7":"product_cat-vins-cuvee-symphonie","8":"product_cat-vins-ste-marguerite","9":"product_cat-vins-roses-ste-marguerite","10":"product_tag-pas-de-terroir","11":"member-discount","12":"discount-restricted","14":"first","15":"instock","16":"sale","17":"taxable","18":"shipping-taxable","19":"purchasable","20":"product-type-simple"},"booking_location":null,"booking_location_type":null,"booking_duration":null,"booking_duration_unit":null,"booking_buffer":null,"booking_cost":null,"booking_resources":null,"acf":[],"yoast_head":"<!-- This site is optimized with the Yoast SEO plugin v27.1.1 - https:\/\/yoast.com\/product\/yoast-seo-wordpress\/ -->\n<title>Coffret Symphonie Ros\u00e9 + Verres en verre<\/title>\n<meta name=\"description\" content=\"Notre coffret Symphonie Ros\u00e9+ verres inclus 6 bouteilles de Symphonie Ros\u00e9 2025 75 cl- 6 verres s\u00e9rigraphi\u00e9s Marguerite Lehmann en verre de 46 cl\" \/>\n<meta name=\"robots\" content=\"index, follow, max-snippet:-1, max-image-preview:large, max-video-preview:-1\" \/>\n<link rel=\"canonical\" href=\"https:\/\/www.chateausaintemarguerite.com\/en\/vins-de-provence\/coffret-symphonie-sainte-marguerite-rose\/\" \/>\n<meta property=\"og:locale\" content=\"en_US\" \/>\n<meta property=\"og:type\" content=\"article\" \/>\n<meta property=\"og:title\" content=\"Coffret Symphonie Ros\u00e9 + Verres en verre\" \/>\n<meta property=\"og:description\" content=\"Notre coffret Symphonie Ros\u00e9+ verres inclus 6 bouteilles de Symphonie Ros\u00e9 2025 75 cl- 6 verres s\u00e9rigraphi\u00e9s Marguerite Lehmann en verre de 46 cl\" \/>\n<meta property=\"og:url\" content=\"https:\/\/www.chateausaintemarguerite.com\/en\/vins-de-provence\/coffret-symphonie-sainte-marguerite-rose\/\" \/>\n<meta property=\"og:site_name\" content=\"Ch\u00e2teau Sainte Marguerite\" \/>\n<meta property=\"article:publisher\" content=\"https:\/\/fr-fr.facebook.com\/Chateausaintemarguerite\/\" \/>\n<meta property=\"article:modified_time\" content=\"2026-04-23T08:21:05+00:00\" \/>\n<meta property=\"og:image\" content=\"https:\/\/www.chateausaintemarguerite.com\/wp-content\/uploads\/2025\/07\/coffret-6-symphonie-6-verres-cru-classe-cotes-de-provence-e1744971038275-1024x932-1.png\" \/>\n\t<meta property=\"og:image:width\" content=\"1024\" \/>\n\t<meta property=\"og:image:height\" content=\"1024\" \/>\n\t<meta property=\"og:image:type\" content=\"image\/png\" \/>\n<meta name=\"twitter:card\" content=\"summary_large_image\" \/>\n<meta name=\"twitter:label1\" content=\"Est. reading time\" \/>\n\t<meta name=\"twitter:data1\" content=\"1 minute\" \/>\n<script type=\"application\/ld+json\" class=\"yoast-schema-graph\">{\"@context\":\"https:\/\/schema.org\",\"@graph\":[{\"@type\":\"WebPage\",\"@id\":\"https:\/\/www.chateausaintemarguerite.com\/vins-de-provence\/coffret-symphonie-sainte-marguerite-rose\/\",\"url\":\"https:\/\/www.chateausaintemarguerite.com\/vins-de-provence\/coffret-symphonie-sainte-marguerite-rose\/\",\"name\":\"Coffret Symphonie Ros\u00e9 + Verres en verre\",\"isPartOf\":{\"@id\":\"https:\/\/www.chateausaintemarguerite.com\/#website\"},\"primaryImageOfPage\":{\"@id\":\"https:\/\/www.chateausaintemarguerite.com\/vins-de-provence\/coffret-symphonie-sainte-marguerite-rose\/#primaryimage\"},\"image\":{\"@id\":\"https:\/\/www.chateausaintemarguerite.com\/vins-de-provence\/coffret-symphonie-sainte-marguerite-rose\/#primaryimage\"},\"thumbnailUrl\":\"https:\/\/www.chateausaintemarguerite.com\/wp-content\/uploads\/2025\/07\/coffret-6-symphonie-6-verres-cru-classe-cotes-de-provence-e1744971038275-1024x932-1.png\",\"datePublished\":\"2024-06-05T14:21:39+00:00\",\"dateModified\":\"2026-04-23T08:21:05+00:00\",\"description\":\"Notre coffret Symphonie Ros\u00e9+ verres inclus 6 bouteilles de Symphonie Ros\u00e9 2025 75 cl- 6 verres s\u00e9rigraphi\u00e9s Marguerite Lehmann en verre de 46 cl\",\"breadcrumb\":{\"@id\":\"https:\/\/www.chateausaintemarguerite.com\/vins-de-provence\/coffret-symphonie-sainte-marguerite-rose\/#breadcrumb\"},\"inLanguage\":\"en-US\",\"potentialAction\":[{\"@type\":\"ReadAction\",\"target\":[\"https:\/\/www.chateausaintemarguerite.com\/vins-de-provence\/coffret-symphonie-sainte-marguerite-rose\/\"]}]},{\"@type\":\"ImageObject\",\"inLanguage\":\"en-US\",\"@id\":\"https:\/\/www.chateausaintemarguerite.com\/vins-de-provence\/coffret-symphonie-sainte-marguerite-rose\/#primaryimage\",\"url\":\"https:\/\/www.chateausaintemarguerite.com\/wp-content\/uploads\/2025\/07\/coffret-6-symphonie-6-verres-cru-classe-cotes-de-provence-e1744971038275-1024x932-1.png\",\"contentUrl\":\"https:\/\/www.chateausaintemarguerite.com\/wp-content\/uploads\/2025\/07\/coffret-6-symphonie-6-verres-cru-classe-cotes-de-provence-e1744971038275-1024x932-1.png\",\"width\":1024,\"height\":1024,\"caption\":\"Coffret-6-Symphonie-6-verres-Cru-Classe-Cotes-de-Provence-e1744971038275-1024x932\"},{\"@type\":\"BreadcrumbList\",\"@id\":\"https:\/\/www.chateausaintemarguerite.com\/vins-de-provence\/coffret-symphonie-sainte-marguerite-rose\/#breadcrumb\",\"itemListElement\":[{\"@type\":\"ListItem\",\"position\":1,\"name\":\"Accueil\",\"item\":\"https:\/\/www.chateausaintemarguerite.com\/\"},{\"@type\":\"ListItem\",\"position\":2,\"name\":\"Boutique\",\"item\":\"https:\/\/www.chateausaintemarguerite.com\/vins-de-provence\/\"},{\"@type\":\"ListItem\",\"position\":3,\"name\":\"Coffrets D\u00e9couverte\",\"item\":\"https:\/\/www.chateausaintemarguerite.com\/cru-classe-provence\/vins-coffret-decouverte\/\"},{\"@type\":\"ListItem\",\"position\":4,\"name\":\"Coffret Symphonie Ros\u00e9 + Verres en verre\"}]},{\"@type\":\"WebSite\",\"@id\":\"https:\/\/www.chateausaintemarguerite.com\/#website\",\"url\":\"https:\/\/www.chateausaintemarguerite.com\/\",\"name\":\"Ch\u00e2teau Sainte Marguerite\",\"description\":\"Vins de Provence\",\"publisher\":{\"@id\":\"https:\/\/www.chateausaintemarguerite.com\/#organization\"},\"potentialAction\":[{\"@type\":\"SearchAction\",\"target\":{\"@type\":\"EntryPoint\",\"urlTemplate\":\"https:\/\/www.chateausaintemarguerite.com\/?s={search_term_string}\"},\"query-input\":{\"@type\":\"PropertyValueSpecification\",\"valueRequired\":true,\"valueName\":\"search_term_string\"}}],\"inLanguage\":\"en-US\"},{\"@type\":\"Organization\",\"@id\":\"https:\/\/www.chateausaintemarguerite.com\/#organization\",\"name\":\"Ch\u00e2teau Sainte Marguerite\",\"url\":\"https:\/\/www.chateausaintemarguerite.com\/\",\"logo\":{\"@type\":\"ImageObject\",\"inLanguage\":\"en-US\",\"@id\":\"https:\/\/www.chateausaintemarguerite.com\/#\/schema\/logo\/image\/\",\"url\":\"https:\/\/www.chateausaintemarguerite.com\/wp-content\/uploads\/2021\/01\/LogoCSM_1600.png\",\"contentUrl\":\"https:\/\/www.chateausaintemarguerite.com\/wp-content\/uploads\/2021\/01\/LogoCSM_1600.png\",\"width\":2560,\"height\":1257,\"caption\":\"Ch\u00e2teau Sainte Marguerite\"},\"image\":{\"@id\":\"https:\/\/www.chateausaintemarguerite.com\/#\/schema\/logo\/image\/\"},\"sameAs\":[\"https:\/\/fr-fr.facebook.com\/Chateausaintemarguerite\/\",\"https:\/\/www.instagram.com\/chateausaintemarguerite\/?hl=fr\",\"https:\/\/www.youtube.com\/channel\/UC0WoRvE6wQi_9J8WZg27vwA\"]}]}<\/script>\n<!-- \/ Yoast SEO plugin. -->","yoast_head_json":{"title":"Symphonie Ros\u00e9 Gift Set + Glasses","description":"Notre coffret Symphonie Ros\u00e9+ verres inclus 6 bouteilles de Symphonie Ros\u00e9 2025 75 cl- 6 verres s\u00e9rigraphi\u00e9s Marguerite Lehmann en verre de 46 cl","robots":{"index":"index","follow":"follow","max-snippet":"max-snippet:-1","max-image-preview":"max-image-preview:large","max-video-preview":"max-video-preview:-1"},"canonical":"https:\/\/www.chateausaintemarguerite.com\/en\/vins-de-provence\/coffret-symphonie-sainte-marguerite-rose\/","og_locale":"en_US","og_type":"article","og_title":"Coffret Symphonie Ros\u00e9 + Verres en verre","og_description":"Notre coffret Symphonie Ros\u00e9+ verres inclus 6 bouteilles de Symphonie Ros\u00e9 2025 75 cl- 6 verres s\u00e9rigraphi\u00e9s Marguerite Lehmann en verre de 46 cl","og_url":"https:\/\/www.chateausaintemarguerite.com\/en\/vins-de-provence\/coffret-symphonie-sainte-marguerite-rose\/","og_site_name":"Ch\u00e2teau Sainte Marguerite","article_publisher":"https:\/\/fr-fr.facebook.com\/Chateausaintemarguerite\/","article_modified_time":"2026-04-23T08:21:05+00:00","og_image":[{"width":1024,"height":1024,"url":"https:\/\/www.chateausaintemarguerite.com\/wp-content\/uploads\/2025\/07\/coffret-6-symphonie-6-verres-cru-classe-cotes-de-provence-e1744971038275-1024x932-1.png","type":"image\/png"}],"twitter_card":"summary_large_image","twitter_misc":{"Est. reading time":"1 minute"},"schema":{"@context":"https:\/\/schema.org","@graph":[{"@type":"WebPage","@id":"https:\/\/www.chateausaintemarguerite.com\/vins-de-provence\/coffret-symphonie-sainte-marguerite-rose\/","url":"https:\/\/www.chateausaintemarguerite.com\/vins-de-provence\/coffret-symphonie-sainte-marguerite-rose\/","name":"Symphonie Ros\u00e9 Gift Set + Glasses","isPartOf":{"@id":"https:\/\/www.chateausaintemarguerite.com\/#website"},"primaryImageOfPage":{"@id":"https:\/\/www.chateausaintemarguerite.com\/vins-de-provence\/coffret-symphonie-sainte-marguerite-rose\/#primaryimage"},"image":{"@id":"https:\/\/www.chateausaintemarguerite.com\/vins-de-provence\/coffret-symphonie-sainte-marguerite-rose\/#primaryimage"},"thumbnailUrl":"https:\/\/www.chateausaintemarguerite.com\/wp-content\/uploads\/2025\/07\/coffret-6-symphonie-6-verres-cru-classe-cotes-de-provence-e1744971038275-1024x932-1.png","datePublished":"2024-06-05T14:21:39+00:00","dateModified":"2026-04-23T08:21:05+00:00","description":"Notre coffret Symphonie Ros\u00e9+ verres inclus 6 bouteilles de Symphonie Ros\u00e9 2025 75 cl- 6 verres s\u00e9rigraphi\u00e9s Marguerite Lehmann en verre de 46 cl","breadcrumb":{"@id":"https:\/\/www.chateausaintemarguerite.com\/vins-de-provence\/coffret-symphonie-sainte-marguerite-rose\/#breadcrumb"},"inLanguage":"en-US","potentialAction":[{"@type":"ReadAction","target":["https:\/\/www.chateausaintemarguerite.com\/vins-de-provence\/coffret-symphonie-sainte-marguerite-rose\/"]}]},{"@type":"ImageObject","inLanguage":"en-US","@id":"https:\/\/www.chateausaintemarguerite.com\/vins-de-provence\/coffret-symphonie-sainte-marguerite-rose\/#primaryimage","url":"https:\/\/www.chateausaintemarguerite.com\/wp-content\/uploads\/2025\/07\/coffret-6-symphonie-6-verres-cru-classe-cotes-de-provence-e1744971038275-1024x932-1.png","contentUrl":"https:\/\/www.chateausaintemarguerite.com\/wp-content\/uploads\/2025\/07\/coffret-6-symphonie-6-verres-cru-classe-cotes-de-provence-e1744971038275-1024x932-1.png","width":1024,"height":1024,"caption":"Coffret-6-Symphonie-6-verres-Cru-Classe-Cotes-de-Provence-e1744971038275-1024x932"},{"@type":"BreadcrumbList","@id":"https:\/\/www.chateausaintemarguerite.com\/vins-de-provence\/coffret-symphonie-sainte-marguerite-rose\/#breadcrumb","itemListElement":[{"@type":"ListItem","position":1,"name":"Accueil","item":"https:\/\/www.chateausaintemarguerite.com\/"},{"@type":"ListItem","position":2,"name":"Boutique","item":"https:\/\/www.chateausaintemarguerite.com\/vins-de-provence\/"},{"@type":"ListItem","position":3,"name":"Coffrets D\u00e9couverte","item":"https:\/\/www.chateausaintemarguerite.com\/cru-classe-provence\/vins-coffret-decouverte\/"},{"@type":"ListItem","position":4,"name":"Coffret Symphonie Ros\u00e9 + Verres en verre"}]},{"@type":"WebSite","@id":"https:\/\/www.chateausaintemarguerite.com\/#website","url":"https:\/\/www.chateausaintemarguerite.com\/","name":"Ch\u00e2teau Sainte Marguerite","description":"Provence wines","publisher":{"@id":"https:\/\/www.chateausaintemarguerite.com\/#organization"},"potentialAction":[{"@type":"SearchAction","target":{"@type":"EntryPoint","urlTemplate":"https:\/\/www.chateausaintemarguerite.com\/?s={search_term_string}"},"query-input":{"@type":"PropertyValueSpecification","valueRequired":true,"valueName":"search_term_string"}}],"inLanguage":"en-US"},{"@type":"Organization","@id":"https:\/\/www.chateausaintemarguerite.com\/#organization","name":"Ch\u00e2teau Sainte Marguerite","url":"https:\/\/www.chateausaintemarguerite.com\/","logo":{"@type":"ImageObject","inLanguage":"en-US","@id":"https:\/\/www.chateausaintemarguerite.com\/#\/schema\/logo\/image\/","url":"https:\/\/www.chateausaintemarguerite.com\/wp-content\/uploads\/2021\/01\/LogoCSM_1600.png","contentUrl":"https:\/\/www.chateausaintemarguerite.com\/wp-content\/uploads\/2021\/01\/LogoCSM_1600.png","width":2560,"height":1257,"caption":"Ch\u00e2teau Sainte Marguerite"},"image":{"@id":"https:\/\/www.chateausaintemarguerite.com\/#\/schema\/logo\/image\/"},"sameAs":["https:\/\/fr-fr.facebook.com\/Chateausaintemarguerite\/","https:\/\/www.instagram.com\/chateausaintemarguerite\/?hl=fr","https:\/\/www.youtube.com\/channel\/UC0WoRvE6wQi_9J8WZg27vwA"]}]}},"_links":{"self":[{"href":"https:\/\/www.chateausaintemarguerite.com\/en\/wp-json\/wp\/v2\/product\/72621","targetHints":{"allow":["GET"]}}],"collection":[{"href":"https:\/\/www.chateausaintemarguerite.com\/en\/wp-json\/wp\/v2\/product"}],"about":[{"href":"https:\/\/www.chateausaintemarguerite.com\/en\/wp-json\/wp\/v2\/types\/product"}],"wp:featuredmedia":[{"embeddable":true,"href":"https:\/\/www.chateausaintemarguerite.com\/en\/wp-json\/wp\/v2\/media\/226943"}],"wp:attachment":[{"href":"https:\/\/www.chateausaintemarguerite.com\/en\/wp-json\/wp\/v2\/media?parent=72621"}],"wp:term":[{"taxonomy":"product_brand","embeddable":true,"href":"https:\/\/www.chateausaintemarguerite.com\/en\/wp-json\/wp\/v2\/product_brand?post=72621"},{"taxonomy":"product_cat","embeddable":true,"href":"https:\/\/www.chateausaintemarguerite.com\/en\/wp-json\/wp\/v2\/product_cat?post=72621"},{"taxonomy":"product_tag","embeddable":true,"href":"https:\/\/www.chateausaintemarguerite.com\/en\/wp-json\/wp\/v2\/product_tag?post=72621"}],"curies":[{"name":"wp","href":"https:\/\/api.w.org\/{rel}","templated":true}]}}