{"id":52194,"date":"2024-02-22T16:08:14","date_gmt":"2024-02-22T15:08:14","guid":{"rendered":"https:\/\/www.chateausaintemarguerite.com\/?post_type=product&#038;p=52194"},"modified":"2026-04-07T15:33:27","modified_gmt":"2026-04-07T13:33:27","slug":"marguerites-rouge","status":"publish","type":"product","link":"https:\/\/www.chateausaintemarguerite.com\/en\/vins-de-provence\/marguerites-rouge\/","title":{"rendered":"Collection Marguerites Rouge 2021"},"content":{"rendered":"<p data-path-to-node=\"0\"><b data-path-to-node=\"0\" data-index-in-node=\"0\">Our Red Daisies Collection 2021<\/b> is an exceptional signature of Ch\u00e2teau Sainte Marguerite, <a href=\"https:\/\/www.chateausaintemarguerite.com\/en\/les-certifications-dans-le-monde-du-vin-bio-vegan-ecocert\/\"><b data-path-to-node=\"0\" data-index-in-node=\"83\">certified organic and vegan<\/b><\/a>. This blend of Syrah and Grenache, from the prestigious La Londe terroir, illustrates the Fayard family's bold vision through a confidential production of less than 15,000 bottles.<\/p>\n<p data-path-to-node=\"1\">Aged for 24 months in new French oak barrels, this<a href=\"https:\/\/www.chateausaintemarguerite.com\/en\/quest-ce-quun-cru-classe-de-provence\/\"> Cru Class\u00e9<\/a> offers a power and length on the palate unprecedented for the House. Deep and luminous, it reveals rich aromas of red and black fruits, precisely combining aromatic complexity and structural finesse.<\/p>","protected":false},"excerpt":{"rendered":"<p data-path-to-node=\"0\"><b data-path-to-node=\"0\" data-index-in-node=\"0\">Our Red Daisies Collection 2021<\/b> is an exceptional signature of Ch\u00e2teau Sainte Marguerite, <a href=\"https:\/\/www.chateausaintemarguerite.com\/en\/les-certifications-dans-le-monde-du-vin-bio-vegan-ecocert\/\"><b data-path-to-node=\"0\" data-index-in-node=\"83\">certified organic and vegan<\/b><\/a>. This blend of Syrah and Grenache, from the prestigious La Londe terroir, illustrates the Fayard family's bold vision through a confidential production of less than 15,000 bottles.<\/p>\n<p data-path-to-node=\"1\">Aged for 24 months in new French oak barrels, this<a href=\"https:\/\/www.chateausaintemarguerite.com\/en\/quest-ce-quun-cru-classe-de-provence\/\"> Cru Class\u00e9<\/a> offers a power and length on the palate unprecedented for the House. Deep and luminous, it reveals rich aromas of red and black fruits, precisely combining aromatic complexity and structural finesse.<\/p>","protected":false},"featured_media":52192,"template":"","meta":{"inline_featured_image":false},"product_brand":[],"product_cat":[60,28,33],"product_tag":[89,88],"class_list":{"0":"post-52194","1":"product","2":"type-product","3":"status-publish","4":"has-post-thumbnail","6":"product_cat-vins-cuvee-marguerites","7":"product_cat-vins-ste-marguerite","8":"product_cat-vins-rouges-ste-marguerite","9":"product_tag-bio","10":"product_tag-cru-classe-cotes-de-provence","11":"member-discount","12":"discount-restricted","14":"first","15":"instock","16":"taxable","17":"shipping-taxable","18":"purchasable","19":"product-type-variable","20":"has-default-attributes"},"booking_location":null,"booking_location_type":null,"booking_duration":null,"booking_duration_unit":null,"booking_buffer":null,"booking_cost":null,"booking_resources":null,"acf":[],"yoast_head":"<!-- This site is optimized with the Yoast SEO plugin v27.1.1 - https:\/\/yoast.com\/product\/yoast-seo-wordpress\/ -->\n<title>Collection Marguerites Rouge - Ch\u00e2teau Sainte-Marguerite<\/title>\n<meta name=\"description\" content=\"D\u00e9couvrez le Collection Marguerites Rouge 2021. Cru Class\u00e9 de Provence d&#039;exception. Un vin Bio et Vegan alliant puissance et finesse.\" \/>\n<meta name=\"robots\" content=\"index, follow, max-snippet:-1, max-image-preview:large, max-video-preview:-1\" \/>\n<link rel=\"canonical\" href=\"https:\/\/www.chateausaintemarguerite.com\/en\/vins-de-provence\/marguerites-rouge\/\" \/>\n<meta property=\"og:locale\" content=\"en_US\" \/>\n<meta property=\"og:type\" content=\"article\" \/>\n<meta property=\"og:title\" content=\"Collection Marguerites Rouge - Ch\u00e2teau Sainte-Marguerite\" \/>\n<meta property=\"og:description\" content=\"D\u00e9couvrez le Collection Marguerites Rouge 2021. Cru Class\u00e9 de Provence d&#039;exception. Un vin Bio et Vegan alliant puissance et finesse.\" \/>\n<meta property=\"og:url\" content=\"https:\/\/www.chateausaintemarguerite.com\/en\/vins-de-provence\/marguerites-rouge\/\" \/>\n<meta property=\"og:site_name\" content=\"Ch\u00e2teau Sainte Marguerite\" \/>\n<meta property=\"article:publisher\" content=\"https:\/\/fr-fr.facebook.com\/Chateausaintemarguerite\/\" \/>\n<meta property=\"article:modified_time\" content=\"2026-04-07T13:33:27+00:00\" \/>\n<meta property=\"og:image\" content=\"https:\/\/www.chateausaintemarguerite.com\/wp-content\/uploads\/2024\/02\/Marguerites-Rouge.png\" \/>\n\t<meta property=\"og:image:width\" content=\"1200\" \/>\n\t<meta property=\"og:image:height\" content=\"1200\" \/>\n\t<meta property=\"og:image:type\" content=\"image\/png\" \/>\n<meta name=\"twitter:card\" content=\"summary_large_image\" \/>\n<meta name=\"twitter:label1\" content=\"Est. reading time\" \/>\n\t<meta name=\"twitter:data1\" content=\"1 minute\" \/>\n<script type=\"application\/ld+json\" class=\"yoast-schema-graph\">{\"@context\":\"https:\/\/schema.org\",\"@graph\":[{\"@type\":\"WebPage\",\"@id\":\"https:\/\/www.chateausaintemarguerite.com\/vins-de-provence\/marguerites-rouge\/\",\"url\":\"https:\/\/www.chateausaintemarguerite.com\/vins-de-provence\/marguerites-rouge\/\",\"name\":\"Collection Marguerites Rouge - Ch\u00e2teau Sainte-Marguerite\",\"isPartOf\":{\"@id\":\"https:\/\/www.chateausaintemarguerite.com\/#website\"},\"primaryImageOfPage\":{\"@id\":\"https:\/\/www.chateausaintemarguerite.com\/vins-de-provence\/marguerites-rouge\/#primaryimage\"},\"image\":{\"@id\":\"https:\/\/www.chateausaintemarguerite.com\/vins-de-provence\/marguerites-rouge\/#primaryimage\"},\"thumbnailUrl\":\"https:\/\/www.chateausaintemarguerite.com\/wp-content\/uploads\/2024\/02\/Marguerites-Rouge.png\",\"datePublished\":\"2024-02-22T15:08:14+00:00\",\"dateModified\":\"2026-04-07T13:33:27+00:00\",\"description\":\"D\u00e9couvrez le Collection Marguerites Rouge 2021. Cru Class\u00e9 de Provence d'exception. Un vin Bio et Vegan alliant puissance et finesse.\",\"breadcrumb\":{\"@id\":\"https:\/\/www.chateausaintemarguerite.com\/vins-de-provence\/marguerites-rouge\/#breadcrumb\"},\"inLanguage\":\"en-US\",\"potentialAction\":[{\"@type\":\"ReadAction\",\"target\":[\"https:\/\/www.chateausaintemarguerite.com\/vins-de-provence\/marguerites-rouge\/\"]}]},{\"@type\":\"ImageObject\",\"inLanguage\":\"en-US\",\"@id\":\"https:\/\/www.chateausaintemarguerite.com\/vins-de-provence\/marguerites-rouge\/#primaryimage\",\"url\":\"https:\/\/www.chateausaintemarguerite.com\/wp-content\/uploads\/2024\/02\/Marguerites-Rouge.png\",\"contentUrl\":\"https:\/\/www.chateausaintemarguerite.com\/wp-content\/uploads\/2024\/02\/Marguerites-Rouge.png\",\"width\":1200,\"height\":1200,\"caption\":\"Collection Marguerites Rouge\"},{\"@type\":\"BreadcrumbList\",\"@id\":\"https:\/\/www.chateausaintemarguerite.com\/vins-de-provence\/marguerites-rouge\/#breadcrumb\",\"itemListElement\":[{\"@type\":\"ListItem\",\"position\":1,\"name\":\"Accueil\",\"item\":\"https:\/\/www.chateausaintemarguerite.com\/\"},{\"@type\":\"ListItem\",\"position\":2,\"name\":\"Boutique\",\"item\":\"https:\/\/www.chateausaintemarguerite.com\/vins-de-provence\/\"},{\"@type\":\"ListItem\",\"position\":3,\"name\":\"Marguerites en Provence\",\"item\":\"https:\/\/www.chateausaintemarguerite.com\/cru-classe-provence\/vins-cuvee-marguerites\/\"},{\"@type\":\"ListItem\",\"position\":4,\"name\":\"Collection Marguerites Rouge 2021\"}]},{\"@type\":\"WebSite\",\"@id\":\"https:\/\/www.chateausaintemarguerite.com\/#website\",\"url\":\"https:\/\/www.chateausaintemarguerite.com\/\",\"name\":\"Ch\u00e2teau Sainte Marguerite\",\"description\":\"Vins de Provence\",\"publisher\":{\"@id\":\"https:\/\/www.chateausaintemarguerite.com\/#organization\"},\"potentialAction\":[{\"@type\":\"SearchAction\",\"target\":{\"@type\":\"EntryPoint\",\"urlTemplate\":\"https:\/\/www.chateausaintemarguerite.com\/?s={search_term_string}\"},\"query-input\":{\"@type\":\"PropertyValueSpecification\",\"valueRequired\":true,\"valueName\":\"search_term_string\"}}],\"inLanguage\":\"en-US\"},{\"@type\":\"Organization\",\"@id\":\"https:\/\/www.chateausaintemarguerite.com\/#organization\",\"name\":\"Ch\u00e2teau Sainte Marguerite\",\"url\":\"https:\/\/www.chateausaintemarguerite.com\/\",\"logo\":{\"@type\":\"ImageObject\",\"inLanguage\":\"en-US\",\"@id\":\"https:\/\/www.chateausaintemarguerite.com\/#\/schema\/logo\/image\/\",\"url\":\"https:\/\/www.chateausaintemarguerite.com\/wp-content\/uploads\/2021\/01\/LogoCSM_1600.png\",\"contentUrl\":\"https:\/\/www.chateausaintemarguerite.com\/wp-content\/uploads\/2021\/01\/LogoCSM_1600.png\",\"width\":2560,\"height\":1257,\"caption\":\"Ch\u00e2teau Sainte Marguerite\"},\"image\":{\"@id\":\"https:\/\/www.chateausaintemarguerite.com\/#\/schema\/logo\/image\/\"},\"sameAs\":[\"https:\/\/fr-fr.facebook.com\/Chateausaintemarguerite\/\",\"https:\/\/www.instagram.com\/chateausaintemarguerite\/?hl=fr\",\"https:\/\/www.youtube.com\/channel\/UC0WoRvE6wQi_9J8WZg27vwA\"]}]}<\/script>\n<!-- \/ Yoast SEO plugin. -->","yoast_head_json":{"title":"Collection Marguerites Rouge - Ch\u00e2teau Sainte-Marguerite","description":"D\u00e9couvrez le Collection Marguerites Rouge 2021. Cru Class\u00e9 de Provence d'exception. Un vin Bio et Vegan alliant puissance et finesse.","robots":{"index":"index","follow":"follow","max-snippet":"max-snippet:-1","max-image-preview":"max-image-preview:large","max-video-preview":"max-video-preview:-1"},"canonical":"https:\/\/www.chateausaintemarguerite.com\/en\/vins-de-provence\/marguerites-rouge\/","og_locale":"en_US","og_type":"article","og_title":"Collection Marguerites Rouge - Ch\u00e2teau Sainte-Marguerite","og_description":"D\u00e9couvrez le Collection Marguerites Rouge 2021. Cru Class\u00e9 de Provence d'exception. Un vin Bio et Vegan alliant puissance et finesse.","og_url":"https:\/\/www.chateausaintemarguerite.com\/en\/vins-de-provence\/marguerites-rouge\/","og_site_name":"Ch\u00e2teau Sainte Marguerite","article_publisher":"https:\/\/fr-fr.facebook.com\/Chateausaintemarguerite\/","article_modified_time":"2026-04-07T13:33:27+00:00","og_image":[{"width":1200,"height":1200,"url":"https:\/\/www.chateausaintemarguerite.com\/wp-content\/uploads\/2024\/02\/Marguerites-Rouge.png","type":"image\/png"}],"twitter_card":"summary_large_image","twitter_misc":{"Est. reading time":"1 minute"},"schema":{"@context":"https:\/\/schema.org","@graph":[{"@type":"WebPage","@id":"https:\/\/www.chateausaintemarguerite.com\/vins-de-provence\/marguerites-rouge\/","url":"https:\/\/www.chateausaintemarguerite.com\/vins-de-provence\/marguerites-rouge\/","name":"Collection Marguerites Rouge - Ch\u00e2teau Sainte-Marguerite","isPartOf":{"@id":"https:\/\/www.chateausaintemarguerite.com\/#website"},"primaryImageOfPage":{"@id":"https:\/\/www.chateausaintemarguerite.com\/vins-de-provence\/marguerites-rouge\/#primaryimage"},"image":{"@id":"https:\/\/www.chateausaintemarguerite.com\/vins-de-provence\/marguerites-rouge\/#primaryimage"},"thumbnailUrl":"https:\/\/www.chateausaintemarguerite.com\/wp-content\/uploads\/2024\/02\/Marguerites-Rouge.png","datePublished":"2024-02-22T15:08:14+00:00","dateModified":"2026-04-07T13:33:27+00:00","description":"D\u00e9couvrez le Collection Marguerites Rouge 2021. Cru Class\u00e9 de Provence d'exception. Un vin Bio et Vegan alliant puissance et finesse.","breadcrumb":{"@id":"https:\/\/www.chateausaintemarguerite.com\/vins-de-provence\/marguerites-rouge\/#breadcrumb"},"inLanguage":"en-US","potentialAction":[{"@type":"ReadAction","target":["https:\/\/www.chateausaintemarguerite.com\/vins-de-provence\/marguerites-rouge\/"]}]},{"@type":"ImageObject","inLanguage":"en-US","@id":"https:\/\/www.chateausaintemarguerite.com\/vins-de-provence\/marguerites-rouge\/#primaryimage","url":"https:\/\/www.chateausaintemarguerite.com\/wp-content\/uploads\/2024\/02\/Marguerites-Rouge.png","contentUrl":"https:\/\/www.chateausaintemarguerite.com\/wp-content\/uploads\/2024\/02\/Marguerites-Rouge.png","width":1200,"height":1200,"caption":"Collection Marguerites Rouge"},{"@type":"BreadcrumbList","@id":"https:\/\/www.chateausaintemarguerite.com\/vins-de-provence\/marguerites-rouge\/#breadcrumb","itemListElement":[{"@type":"ListItem","position":1,"name":"Accueil","item":"https:\/\/www.chateausaintemarguerite.com\/"},{"@type":"ListItem","position":2,"name":"Boutique","item":"https:\/\/www.chateausaintemarguerite.com\/vins-de-provence\/"},{"@type":"ListItem","position":3,"name":"Marguerites en Provence","item":"https:\/\/www.chateausaintemarguerite.com\/cru-classe-provence\/vins-cuvee-marguerites\/"},{"@type":"ListItem","position":4,"name":"Collection Marguerites Rouge 2021"}]},{"@type":"WebSite","@id":"https:\/\/www.chateausaintemarguerite.com\/#website","url":"https:\/\/www.chateausaintemarguerite.com\/","name":"Ch\u00e2teau Sainte Marguerite","description":"Provence wines","publisher":{"@id":"https:\/\/www.chateausaintemarguerite.com\/#organization"},"potentialAction":[{"@type":"SearchAction","target":{"@type":"EntryPoint","urlTemplate":"https:\/\/www.chateausaintemarguerite.com\/?s={search_term_string}"},"query-input":{"@type":"PropertyValueSpecification","valueRequired":true,"valueName":"search_term_string"}}],"inLanguage":"en-US"},{"@type":"Organization","@id":"https:\/\/www.chateausaintemarguerite.com\/#organization","name":"Ch\u00e2teau Sainte Marguerite","url":"https:\/\/www.chateausaintemarguerite.com\/","logo":{"@type":"ImageObject","inLanguage":"en-US","@id":"https:\/\/www.chateausaintemarguerite.com\/#\/schema\/logo\/image\/","url":"https:\/\/www.chateausaintemarguerite.com\/wp-content\/uploads\/2021\/01\/LogoCSM_1600.png","contentUrl":"https:\/\/www.chateausaintemarguerite.com\/wp-content\/uploads\/2021\/01\/LogoCSM_1600.png","width":2560,"height":1257,"caption":"Ch\u00e2teau Sainte Marguerite"},"image":{"@id":"https:\/\/www.chateausaintemarguerite.com\/#\/schema\/logo\/image\/"},"sameAs":["https:\/\/fr-fr.facebook.com\/Chateausaintemarguerite\/","https:\/\/www.instagram.com\/chateausaintemarguerite\/?hl=fr","https:\/\/www.youtube.com\/channel\/UC0WoRvE6wQi_9J8WZg27vwA"]}]}},"_links":{"self":[{"href":"https:\/\/www.chateausaintemarguerite.com\/en\/wp-json\/wp\/v2\/product\/52194","targetHints":{"allow":["GET"]}}],"collection":[{"href":"https:\/\/www.chateausaintemarguerite.com\/en\/wp-json\/wp\/v2\/product"}],"about":[{"href":"https:\/\/www.chateausaintemarguerite.com\/en\/wp-json\/wp\/v2\/types\/product"}],"wp:featuredmedia":[{"embeddable":true,"href":"https:\/\/www.chateausaintemarguerite.com\/en\/wp-json\/wp\/v2\/media\/52192"}],"wp:attachment":[{"href":"https:\/\/www.chateausaintemarguerite.com\/en\/wp-json\/wp\/v2\/media?parent=52194"}],"wp:term":[{"taxonomy":"product_brand","embeddable":true,"href":"https:\/\/www.chateausaintemarguerite.com\/en\/wp-json\/wp\/v2\/product_brand?post=52194"},{"taxonomy":"product_cat","embeddable":true,"href":"https:\/\/www.chateausaintemarguerite.com\/en\/wp-json\/wp\/v2\/product_cat?post=52194"},{"taxonomy":"product_tag","embeddable":true,"href":"https:\/\/www.chateausaintemarguerite.com\/en\/wp-json\/wp\/v2\/product_tag?post=52194"}],"curies":[{"name":"wp","href":"https:\/\/api.w.org\/{rel}","templated":true}]}}