{"id":47616,"date":"2023-11-23T13:37:06","date_gmt":"2023-11-23T12:37:06","guid":{"rendered":"https:\/\/www.chateausaintemarguerite.com\/?post_type=product&#038;p=47616"},"modified":"2026-04-23T11:18:18","modified_gmt":"2026-04-23T09:18:18","slug":"taste-of-provence","status":"publish","type":"product","link":"https:\/\/www.chateausaintemarguerite.com\/en\/vins-de-provence\/taste-of-provence\/","title":{"rendered":"Taste of Provence"},"content":{"rendered":"<div class=\"page\" title=\"Page 2\">\n<div class=\"section\">\n<div class=\"layoutArea\">\n<div class=\"column\">\n<div class=\"page\" title=\"Page 1\">\n<div class=\"section\">\n<div class=\"layoutArea\">\n<div class=\"column\">\n<h3 data-section-id=\"1r997sd\" data-start=\"62\" data-end=\"82\">Taste of Provence<\/h3>\n<p data-start=\"84\" data-end=\"403\"><strong data-start=\"84\" data-end=\"105\">Taste of Provence<\/strong> is a multi-sensory tasting experience at the heart of the Domaine, designed to explore the aromas and world of <strong data-start=\"225\" data-end=\"254\">Ch\u00e2teau Sainte Marguerite<\/strong>.<\/p>\n<p data-start=\"84\" data-end=\"403\">Cette exp\u00e9rience immersive met en lumi\u00e8re l\u2019\u00e9quilibre entre tradition proven\u00e7ale et vision contemporaine qui caract\u00e9rise la Maison depuis 1977.<\/p>\n<h4 data-section-id=\"rxiejy\" data-start=\"405\" data-end=\"438\">\u00a0- Prelude<\/h4>\n<p data-start=\"439\" data-end=\"617\">Discover the world of ros\u00e9 through <a href=\"https:\/\/www.chateausaintemarguerite.com\/en\/vins-de-provence\/symphonie-rose\/\"><strong data-start=\"485\" data-end=\"503\">Symphonie Ros\u00e9<\/strong> <\/a>and <strong data-start=\"507\" data-end=\"561\"><a href=\"https:\/\/www.chateausaintemarguerite.com\/en\/vins-de-provence\/fantastique-rose\/\">Fantastic Ros\u00e9<\/a>and <a href=\"https:\/\/www.chateausaintemarguerite.com\/en\/vins-de-provence\/marguerites-rose\/\">Marguerites Ros\u00e9 Collection<\/a> <a href=\"https:\/\/www.chateausaintemarguerite.com\/en\/quest-ce-quun-cru-classe-de-provence\/\">Cru Class\u00e9 des C\u00f4tes-de-Provence<\/a><\/strong>, revealing their elegant fruit and citrus notes.<\/p>\n<h4 data-section-id=\"k4m9tl\" data-start=\"619\" data-end=\"654\">- Crescendo<\/h4>\n<p data-start=\"655\" data-end=\"850\">An exploration of our vintage <strong data-start=\"688\" data-end=\"703\">Fantastic<\/strong> with <strong data-start=\"709\" data-end=\"769\"><a href=\"https:\/\/www.chateausaintemarguerite.com\/en\/vins-de-provence\/fantastique-rose\/\">Fantastic Ros\u00e9<\/a>, <a href=\"https:\/\/www.chateausaintemarguerite.com\/en\/vins-de-provence\/fantastique-blanc\/\">Fantastic White<\/a> and <a href=\"https:\/\/www.chateausaintemarguerite.com\/en\/vins-de-provence\/fantastique-rouge\/\">Fantastic Red<\/a><\/strong>, to discover the full aromatic richness of these cuv\u00e9es. <strong><a href=\"https:\/\/www.chateausaintemarguerite.com\/en\/les-certifications-dans-le-monde-du-vin-bio-vegan-ecocert\/\">organic and vegan<\/a>.<\/strong><\/p>\n<p data-start=\"852\" data-end=\"874\"><strong data-start=\"852\" data-end=\"874\">Duration: 90 minutes<\/strong><\/p>\n<p data-start=\"876\" data-end=\"1068\"><em>Ch\u00e2teau Sainte Marguerite reserves the right to cancel a session and reimburse the reservation if the necessary conditions are not met.<\/em><\/p>\n<\/div>\n<\/div>\n<\/div>\n<\/div>\n<\/div>\n<\/div>\n<\/div>\n<\/div>","protected":false},"excerpt":{"rendered":"<div class=\"page\" title=\"Page 2\">\n<div class=\"section\">\n<div class=\"layoutArea\">\n<div class=\"column\">\n<div class=\"page\" title=\"Page 1\">\n<div class=\"section\">\n<div class=\"layoutArea\">\n<div class=\"column\">\n<h3 data-section-id=\"1r997sd\" data-start=\"62\" data-end=\"82\">Taste of Provence<\/h3>\n<p data-start=\"84\" data-end=\"403\"><strong data-start=\"84\" data-end=\"105\">Taste of Provence<\/strong> is a multi-sensory tasting experience at the heart of the Domaine, designed to explore the aromas and world of <strong data-start=\"225\" data-end=\"254\">Ch\u00e2teau Sainte Marguerite<\/strong>.<\/p>\n<p data-start=\"84\" data-end=\"403\">The experiment begins with a<a href=\"https:\/\/www.chateausaintemarguerite.com\/en\/vins-de-provence\/visite-du-domaine\/\"><strong data-start=\"291\" data-end=\"316\"> Visit the estate<\/strong><\/a>, This is followed by an immersive tasting that highlights the balance between Proven\u00e7al tradition and contemporary vision that has characterized the House since 1977.<\/p>\n<h4 data-section-id=\"rxiejy\" data-start=\"405\" data-end=\"438\">\u00a0- Prelude<\/h4>\n<p data-start=\"439\" data-end=\"617\">Discover the world of ros\u00e9 through <a href=\"https:\/\/www.chateausaintemarguerite.com\/en\/vins-de-provence\/symphonie-rose\/\"><strong data-start=\"485\" data-end=\"503\">Symphonie Ros\u00e9<\/strong><\/a>, <strong data-start=\"507\" data-end=\"561\"><a href=\"https:\/\/www.chateausaintemarguerite.com\/en\/vins-de-provence\/fantastique-rose\/\">Fantastic Ros\u00e9<\/a> <\/strong>and <strong data-start=\"507\" data-end=\"561\"><a href=\"https:\/\/www.chateausaintemarguerite.com\/en\/vins-de-provence\/marguerites-rose\/\">Marguerites Ros\u00e9 Collection<\/a><\/strong>, A C\u00f4tes-de-Provence Cru Class\u00e9, revealing elegant notes of fruit and citrus.<\/p>\n<h4 data-section-id=\"k4m9tl\" data-start=\"619\" data-end=\"654\">- Crescendo<\/h4>\n<p data-start=\"655\" data-end=\"850\">An exploration of our vintage <strong data-start=\"688\" data-end=\"703\">Fantastic<\/strong> with <strong data-start=\"709\" data-end=\"769\"><a href=\"https:\/\/www.chateausaintemarguerite.com\/en\/vins-de-provence\/fantastique-rose\/\">Fantastic Ros\u00e9<\/a>, <a href=\"https:\/\/www.chateausaintemarguerite.com\/en\/vins-de-provence\/fantastique-blanc\/\">Fantastic White <\/a><\/strong>and <strong data-start=\"709\" data-end=\"769\"><a href=\"https:\/\/www.chateausaintemarguerite.com\/en\/vins-de-provence\/fantastique-rouge\/\">Fantastic Red<\/a><\/strong>, to discover the full aromatic richness of these cuv\u00e9es. <strong>organic and vegan.<\/strong><\/p>\n<p data-start=\"852\" data-end=\"874\"><strong data-start=\"852\" data-end=\"874\">Duration: 90 minutes<\/strong><\/p>\n<p data-start=\"876\" data-end=\"1068\"><em>Ch\u00e2teau Sainte Marguerite reserves the right to cancel a session and reimburse the reservation if the necessary conditions are not met.<\/em><\/p>\n<\/div>\n<\/div>\n<\/div>\n<\/div>\n<\/div>\n<\/div>\n<\/div>\n<\/div>","protected":false},"featured_media":342519,"template":"","meta":{"inline_featured_image":false},"product_brand":[],"product_cat":[107,54],"product_tag":[],"class_list":{"0":"post-47616","1":"product","2":"type-product","3":"status-publish","4":"has-post-thumbnail","6":"product_cat-degustations","7":"product_cat-experiences","8":"product_shipping_class-experiences-no-shipping","10":"first","11":"instock","12":"virtual","13":"sold-individually","14":"taxable","15":"purchasable","16":"product-type-booking"},"booking_location":"","booking_location_type":"","booking_duration":1,"booking_duration_unit":"hour","booking_buffer":12,"booking_cost":0,"booking_resources":[],"acf":[],"yoast_head":"<!-- This site is optimized with the Yoast SEO plugin v27.1.1 - https:\/\/yoast.com\/product\/yoast-seo-wordpress\/ -->\n<title>Taste of Provence - Ch\u00e2teau Sainte Marguerite<\/title>\n<meta name=\"description\" content=\"D\u00e9couvrez Taste of Provence, une d\u00e9gustation multi-sensorielle au Ch\u00e2teau Sainte Marguerite : explorez nos cuv\u00e9es lors d\u2019une exp\u00e9rience immersive.\" \/>\n<meta name=\"robots\" content=\"index, follow, max-snippet:-1, max-image-preview:large, max-video-preview:-1\" \/>\n<link rel=\"canonical\" href=\"https:\/\/www.chateausaintemarguerite.com\/en\/vins-de-provence\/taste-of-provence\/\" \/>\n<meta property=\"og:locale\" content=\"en_US\" \/>\n<meta property=\"og:type\" content=\"article\" \/>\n<meta property=\"og:title\" content=\"Taste of Provence - Ch\u00e2teau Sainte Marguerite\" \/>\n<meta property=\"og:description\" content=\"D\u00e9couvrez Taste of Provence, une d\u00e9gustation multi-sensorielle au Ch\u00e2teau Sainte Marguerite : explorez nos cuv\u00e9es lors d\u2019une exp\u00e9rience immersive.\" \/>\n<meta property=\"og:url\" content=\"https:\/\/www.chateausaintemarguerite.com\/en\/vins-de-provence\/taste-of-provence\/\" \/>\n<meta property=\"og:site_name\" content=\"Ch\u00e2teau Sainte Marguerite\" \/>\n<meta property=\"article:publisher\" content=\"https:\/\/fr-fr.facebook.com\/Chateausaintemarguerite\/\" \/>\n<meta property=\"article:modified_time\" content=\"2026-04-23T09:18:18+00:00\" \/>\n<meta property=\"og:image\" content=\"http:\/\/www.chateausaintemarguerite.com\/wp-content\/uploads\/2023\/11\/design-sans-titre-13.png\" \/>\n\t<meta property=\"og:image:width\" content=\"1200\" \/>\n\t<meta property=\"og:image:height\" content=\"1200\" \/>\n\t<meta property=\"og:image:type\" content=\"image\/png\" \/>\n<meta name=\"twitter:card\" content=\"summary_large_image\" \/>\n<meta name=\"twitter:label1\" content=\"Est. reading time\" \/>\n\t<meta name=\"twitter:data1\" content=\"1 minute\" \/>\n<script type=\"application\/ld+json\" class=\"yoast-schema-graph\">{\"@context\":\"https:\/\/schema.org\",\"@graph\":[{\"@type\":\"WebPage\",\"@id\":\"https:\/\/www.chateausaintemarguerite.com\/vins-de-provence\/taste-of-provence\/\",\"url\":\"https:\/\/www.chateausaintemarguerite.com\/vins-de-provence\/taste-of-provence\/\",\"name\":\"Taste of Provence - Ch\u00e2teau Sainte Marguerite\",\"isPartOf\":{\"@id\":\"https:\/\/www.chateausaintemarguerite.com\/#website\"},\"primaryImageOfPage\":{\"@id\":\"https:\/\/www.chateausaintemarguerite.com\/vins-de-provence\/taste-of-provence\/#primaryimage\"},\"image\":{\"@id\":\"https:\/\/www.chateausaintemarguerite.com\/vins-de-provence\/taste-of-provence\/#primaryimage\"},\"thumbnailUrl\":\"https:\/\/www.chateausaintemarguerite.com\/wp-content\/uploads\/2023\/11\/design-sans-titre-13.png\",\"datePublished\":\"2023-11-23T12:37:06+00:00\",\"dateModified\":\"2026-04-23T09:18:18+00:00\",\"description\":\"D\u00e9couvrez Taste of Provence, une d\u00e9gustation multi-sensorielle au Ch\u00e2teau Sainte Marguerite : explorez nos cuv\u00e9es lors d\u2019une exp\u00e9rience immersive.\",\"breadcrumb\":{\"@id\":\"https:\/\/www.chateausaintemarguerite.com\/vins-de-provence\/taste-of-provence\/#breadcrumb\"},\"inLanguage\":\"en-US\",\"potentialAction\":[{\"@type\":\"ReadAction\",\"target\":[\"https:\/\/www.chateausaintemarguerite.com\/vins-de-provence\/taste-of-provence\/\"]}]},{\"@type\":\"ImageObject\",\"inLanguage\":\"en-US\",\"@id\":\"https:\/\/www.chateausaintemarguerite.com\/vins-de-provence\/taste-of-provence\/#primaryimage\",\"url\":\"https:\/\/www.chateausaintemarguerite.com\/wp-content\/uploads\/2023\/11\/design-sans-titre-13.png\",\"contentUrl\":\"https:\/\/www.chateausaintemarguerite.com\/wp-content\/uploads\/2023\/11\/design-sans-titre-13.png\",\"width\":1200,\"height\":1200,\"caption\":\"design-sans-titre-13\"},{\"@type\":\"BreadcrumbList\",\"@id\":\"https:\/\/www.chateausaintemarguerite.com\/vins-de-provence\/taste-of-provence\/#breadcrumb\",\"itemListElement\":[{\"@type\":\"ListItem\",\"position\":1,\"name\":\"Accueil\",\"item\":\"https:\/\/www.chateausaintemarguerite.com\/\"},{\"@type\":\"ListItem\",\"position\":2,\"name\":\"Boutique\",\"item\":\"https:\/\/www.chateausaintemarguerite.com\/vins-de-provence\/\"},{\"@type\":\"ListItem\",\"position\":3,\"name\":\"Exp\u00e9riences\",\"item\":\"https:\/\/www.chateausaintemarguerite.com\/cru-classe-provence\/experiences\/\"},{\"@type\":\"ListItem\",\"position\":4,\"name\":\"D\u00e9gustations\",\"item\":\"https:\/\/www.chateausaintemarguerite.com\/cru-classe-provence\/experiences\/degustations\/\"},{\"@type\":\"ListItem\",\"position\":5,\"name\":\"Taste of Provence\"}]},{\"@type\":\"WebSite\",\"@id\":\"https:\/\/www.chateausaintemarguerite.com\/#website\",\"url\":\"https:\/\/www.chateausaintemarguerite.com\/\",\"name\":\"Ch\u00e2teau Sainte Marguerite\",\"description\":\"Vins de Provence\",\"publisher\":{\"@id\":\"https:\/\/www.chateausaintemarguerite.com\/#organization\"},\"potentialAction\":[{\"@type\":\"SearchAction\",\"target\":{\"@type\":\"EntryPoint\",\"urlTemplate\":\"https:\/\/www.chateausaintemarguerite.com\/?s={search_term_string}\"},\"query-input\":{\"@type\":\"PropertyValueSpecification\",\"valueRequired\":true,\"valueName\":\"search_term_string\"}}],\"inLanguage\":\"en-US\"},{\"@type\":\"Organization\",\"@id\":\"https:\/\/www.chateausaintemarguerite.com\/#organization\",\"name\":\"Ch\u00e2teau Sainte Marguerite\",\"url\":\"https:\/\/www.chateausaintemarguerite.com\/\",\"logo\":{\"@type\":\"ImageObject\",\"inLanguage\":\"en-US\",\"@id\":\"https:\/\/www.chateausaintemarguerite.com\/#\/schema\/logo\/image\/\",\"url\":\"https:\/\/www.chateausaintemarguerite.com\/wp-content\/uploads\/2021\/01\/LogoCSM_1600.png\",\"contentUrl\":\"https:\/\/www.chateausaintemarguerite.com\/wp-content\/uploads\/2021\/01\/LogoCSM_1600.png\",\"width\":2560,\"height\":1257,\"caption\":\"Ch\u00e2teau Sainte Marguerite\"},\"image\":{\"@id\":\"https:\/\/www.chateausaintemarguerite.com\/#\/schema\/logo\/image\/\"},\"sameAs\":[\"https:\/\/fr-fr.facebook.com\/Chateausaintemarguerite\/\",\"https:\/\/www.instagram.com\/chateausaintemarguerite\/?hl=fr\",\"https:\/\/www.youtube.com\/channel\/UC0WoRvE6wQi_9J8WZg27vwA\"]}]}<\/script>\n<!-- \/ Yoast SEO plugin. -->","yoast_head_json":{"title":"Taste of Provence - Ch\u00e2teau Sainte Marguerite","description":"D\u00e9couvrez Taste of Provence, une d\u00e9gustation multi-sensorielle au Ch\u00e2teau Sainte Marguerite : explorez nos cuv\u00e9es lors d\u2019une exp\u00e9rience immersive.","robots":{"index":"index","follow":"follow","max-snippet":"max-snippet:-1","max-image-preview":"max-image-preview:large","max-video-preview":"max-video-preview:-1"},"canonical":"https:\/\/www.chateausaintemarguerite.com\/en\/vins-de-provence\/taste-of-provence\/","og_locale":"en_US","og_type":"article","og_title":"Taste of Provence - Ch\u00e2teau Sainte Marguerite","og_description":"D\u00e9couvrez Taste of Provence, une d\u00e9gustation multi-sensorielle au Ch\u00e2teau Sainte Marguerite : explorez nos cuv\u00e9es lors d\u2019une exp\u00e9rience immersive.","og_url":"https:\/\/www.chateausaintemarguerite.com\/en\/vins-de-provence\/taste-of-provence\/","og_site_name":"Ch\u00e2teau Sainte Marguerite","article_publisher":"https:\/\/fr-fr.facebook.com\/Chateausaintemarguerite\/","article_modified_time":"2026-04-23T09:18:18+00:00","og_image":[{"width":1200,"height":1200,"url":"http:\/\/www.chateausaintemarguerite.com\/wp-content\/uploads\/2023\/11\/design-sans-titre-13.png","type":"image\/png"}],"twitter_card":"summary_large_image","twitter_misc":{"Est. reading time":"1 minute"},"schema":{"@context":"https:\/\/schema.org","@graph":[{"@type":"WebPage","@id":"https:\/\/www.chateausaintemarguerite.com\/vins-de-provence\/taste-of-provence\/","url":"https:\/\/www.chateausaintemarguerite.com\/vins-de-provence\/taste-of-provence\/","name":"Taste of Provence - Ch\u00e2teau Sainte Marguerite","isPartOf":{"@id":"https:\/\/www.chateausaintemarguerite.com\/#website"},"primaryImageOfPage":{"@id":"https:\/\/www.chateausaintemarguerite.com\/vins-de-provence\/taste-of-provence\/#primaryimage"},"image":{"@id":"https:\/\/www.chateausaintemarguerite.com\/vins-de-provence\/taste-of-provence\/#primaryimage"},"thumbnailUrl":"https:\/\/www.chateausaintemarguerite.com\/wp-content\/uploads\/2023\/11\/design-sans-titre-13.png","datePublished":"2023-11-23T12:37:06+00:00","dateModified":"2026-04-23T09:18:18+00:00","description":"D\u00e9couvrez Taste of Provence, une d\u00e9gustation multi-sensorielle au Ch\u00e2teau Sainte Marguerite : explorez nos cuv\u00e9es lors d\u2019une exp\u00e9rience immersive.","breadcrumb":{"@id":"https:\/\/www.chateausaintemarguerite.com\/vins-de-provence\/taste-of-provence\/#breadcrumb"},"inLanguage":"en-US","potentialAction":[{"@type":"ReadAction","target":["https:\/\/www.chateausaintemarguerite.com\/vins-de-provence\/taste-of-provence\/"]}]},{"@type":"ImageObject","inLanguage":"en-US","@id":"https:\/\/www.chateausaintemarguerite.com\/vins-de-provence\/taste-of-provence\/#primaryimage","url":"https:\/\/www.chateausaintemarguerite.com\/wp-content\/uploads\/2023\/11\/design-sans-titre-13.png","contentUrl":"https:\/\/www.chateausaintemarguerite.com\/wp-content\/uploads\/2023\/11\/design-sans-titre-13.png","width":1200,"height":1200,"caption":"design-sans-titre-13"},{"@type":"BreadcrumbList","@id":"https:\/\/www.chateausaintemarguerite.com\/vins-de-provence\/taste-of-provence\/#breadcrumb","itemListElement":[{"@type":"ListItem","position":1,"name":"Accueil","item":"https:\/\/www.chateausaintemarguerite.com\/"},{"@type":"ListItem","position":2,"name":"Boutique","item":"https:\/\/www.chateausaintemarguerite.com\/vins-de-provence\/"},{"@type":"ListItem","position":3,"name":"Exp\u00e9riences","item":"https:\/\/www.chateausaintemarguerite.com\/cru-classe-provence\/experiences\/"},{"@type":"ListItem","position":4,"name":"D\u00e9gustations","item":"https:\/\/www.chateausaintemarguerite.com\/cru-classe-provence\/experiences\/degustations\/"},{"@type":"ListItem","position":5,"name":"Taste of Provence"}]},{"@type":"WebSite","@id":"https:\/\/www.chateausaintemarguerite.com\/#website","url":"https:\/\/www.chateausaintemarguerite.com\/","name":"Ch\u00e2teau Sainte Marguerite","description":"Provence wines","publisher":{"@id":"https:\/\/www.chateausaintemarguerite.com\/#organization"},"potentialAction":[{"@type":"SearchAction","target":{"@type":"EntryPoint","urlTemplate":"https:\/\/www.chateausaintemarguerite.com\/?s={search_term_string}"},"query-input":{"@type":"PropertyValueSpecification","valueRequired":true,"valueName":"search_term_string"}}],"inLanguage":"en-US"},{"@type":"Organization","@id":"https:\/\/www.chateausaintemarguerite.com\/#organization","name":"Ch\u00e2teau Sainte Marguerite","url":"https:\/\/www.chateausaintemarguerite.com\/","logo":{"@type":"ImageObject","inLanguage":"en-US","@id":"https:\/\/www.chateausaintemarguerite.com\/#\/schema\/logo\/image\/","url":"https:\/\/www.chateausaintemarguerite.com\/wp-content\/uploads\/2021\/01\/LogoCSM_1600.png","contentUrl":"https:\/\/www.chateausaintemarguerite.com\/wp-content\/uploads\/2021\/01\/LogoCSM_1600.png","width":2560,"height":1257,"caption":"Ch\u00e2teau Sainte Marguerite"},"image":{"@id":"https:\/\/www.chateausaintemarguerite.com\/#\/schema\/logo\/image\/"},"sameAs":["https:\/\/fr-fr.facebook.com\/Chateausaintemarguerite\/","https:\/\/www.instagram.com\/chateausaintemarguerite\/?hl=fr","https:\/\/www.youtube.com\/channel\/UC0WoRvE6wQi_9J8WZg27vwA"]}]}},"_links":{"self":[{"href":"https:\/\/www.chateausaintemarguerite.com\/en\/wp-json\/wp\/v2\/product\/47616","targetHints":{"allow":["GET"]}}],"collection":[{"href":"https:\/\/www.chateausaintemarguerite.com\/en\/wp-json\/wp\/v2\/product"}],"about":[{"href":"https:\/\/www.chateausaintemarguerite.com\/en\/wp-json\/wp\/v2\/types\/product"}],"wp:featuredmedia":[{"embeddable":true,"href":"https:\/\/www.chateausaintemarguerite.com\/en\/wp-json\/wp\/v2\/media\/342519"}],"wp:attachment":[{"href":"https:\/\/www.chateausaintemarguerite.com\/en\/wp-json\/wp\/v2\/media?parent=47616"}],"wp:term":[{"taxonomy":"product_brand","embeddable":true,"href":"https:\/\/www.chateausaintemarguerite.com\/en\/wp-json\/wp\/v2\/product_brand?post=47616"},{"taxonomy":"product_cat","embeddable":true,"href":"https:\/\/www.chateausaintemarguerite.com\/en\/wp-json\/wp\/v2\/product_cat?post=47616"},{"taxonomy":"product_tag","embeddable":true,"href":"https:\/\/www.chateausaintemarguerite.com\/en\/wp-json\/wp\/v2\/product_tag?post=47616"}],"curies":[{"name":"wp","href":"https:\/\/api.w.org\/{rel}","templated":true}]}}