{"id":40067,"date":"2023-09-07T10:56:01","date_gmt":"2023-09-07T08:56:01","guid":{"rendered":"https:\/\/www.chateausaintemarguerite.com\/?post_type=product&#038;p=40067"},"modified":"2026-03-10T16:12:29","modified_gmt":"2026-03-10T15:12:29","slug":"6-verres-absolus-serigraphies-46","status":"publish","type":"product","link":"https:\/\/www.chateausaintemarguerite.com\/en\/vins-de-provence\/6-verres-absolus-serigraphies-46\/","title":{"rendered":"6 Marguerite 46 cl screen-printed glass tumblers"},"content":{"rendered":"<p>Coffret de 6 Verres Absolus en verre s\u00e9rigraphi\u00e9s 46 cl Lehmann.<\/p>\n<div class=\"flex flex-grow flex-col max-w-full\">\n<div class=\"min-h-[20px] text-message flex w-full flex-col items-end gap-2 whitespace-pre-wrap break-words [.text-message+&amp;]:mt-5 overflow-x-auto\" dir=\"auto\" data-message-author-role=\"assistant\" data-message-id=\"a0fcc551-f03c-459f-b9de-f484769f7921\">\n<div class=\"flex w-full flex-col gap-1 empty:hidden first:pt-[3px]\">\n<div class=\"markdown prose w-full break-words dark:prose-invert dark\">\n<p>Universels, nos verres en verre se distinguent par leur \u00e9l\u00e9gance de par leurs courbes sophistiqu\u00e9es et raffin\u00e9es ainsi que par leur d\u00e9licate fleur s\u00e9rigraphi\u00e9e repr\u00e9sentant parfaitement le <a href=\"https:\/\/www.chateausaintemarguerite.com\/decouvrez-notre-histoire\/\">Ch\u00e2teau Sainte Marguerite<\/a>.<\/p>\n<\/div>\n<\/div>\n<\/div>\n<\/div>\n<p>La marque Lehman, reconnue pour le design et la qualit\u00e9 exceptionnels de ses verres, a cr\u00e9\u00e9 un produit qui non seulement sublime vos d\u00e9gustations mais \u00e9galement l&rsquo;esth\u00e9tique de votre table.<\/p>\n","protected":false},"excerpt":{"rendered":"<p>Coffret de 6 Verres Absolus s\u00e9rigraphi\u00e9s en verre 46 cl Lehmann.<\/p>\n<div class=\"flex flex-grow flex-col max-w-full\">\n<div class=\"min-h-[20px] text-message flex w-full flex-col items-end gap-2 whitespace-pre-wrap break-words [.text-message+&amp;]:mt-5 overflow-x-auto\" dir=\"auto\" data-message-author-role=\"assistant\" data-message-id=\"a0fcc551-f03c-459f-b9de-f484769f7921\">\n<div class=\"flex w-full flex-col gap-1 empty:hidden first:pt-[3px]\">\n<div class=\"markdown prose w-full break-words dark:prose-invert dark\">\n<p>Universels, les verres en verre se distinguent par leur \u00e9l\u00e9gance de par leurs courbes sophistiqu\u00e9es et raffin\u00e9es ainsi que par leur d\u00e9licate fleur s\u00e9rigraphi\u00e9e repr\u00e9sentant parfaitement le <a href=\"https:\/\/www.chateausaintemarguerite.com\/decouvrez-notre-histoire\/\">Ch\u00e2teau Sainte Marguerite<\/a>.<\/p>\n<\/div>\n<\/div>\n<\/div>\n<\/div>\n<p>La marque Lehman, reconnue pour le design et la qualit\u00e9 exceptionnels de ses verres, a cr\u00e9\u00e9 un produit qui non seulement sublime vos d\u00e9gustations mais \u00e9galement l&rsquo;esth\u00e9tique de votre table.<\/p>\n","protected":false},"featured_media":231892,"template":"","meta":{"inline_featured_image":false},"product_brand":[],"product_cat":[43],"product_tag":[],"class_list":{"0":"post-40067","1":"product","2":"type-product","3":"status-publish","4":"has-post-thumbnail","6":"product_cat-accessoires-degustation","7":"member-discount","8":"discount-restricted","10":"first","11":"instock","12":"taxable","13":"shipping-taxable","14":"purchasable","15":"product-type-simple"},"booking_location":null,"booking_location_type":null,"booking_duration":null,"booking_duration_unit":null,"booking_buffer":null,"booking_cost":null,"booking_resources":null,"acf":[],"yoast_head":"<!-- This site is optimized with the Yoast SEO plugin v27.1.1 - https:\/\/yoast.com\/product\/yoast-seo-wordpress\/ -->\n<title>6 Verres Absolus en verre s\u00e9rigraphi\u00e9s<\/title>\n<meta name=\"description\" content=\"D\u00e9couvrez les verres \u00e0 vin Lehmann du Ch\u00e2teau Sainte Marguerite : coffret de 6 Verres Absolus s\u00e9rigraphi\u00e9s en verre 46 cl pour une d\u00e9gustation optimale.\" \/>\n<meta name=\"robots\" content=\"index, follow, max-snippet:-1, max-image-preview:large, max-video-preview:-1\" \/>\n<link rel=\"canonical\" href=\"https:\/\/www.chateausaintemarguerite.com\/en\/vins-de-provence\/6-verres-absolus-serigraphies-46\/\" \/>\n<meta property=\"og:locale\" content=\"en_US\" \/>\n<meta property=\"og:type\" content=\"article\" \/>\n<meta property=\"og:title\" content=\"6 Verres Absolus en verre s\u00e9rigraphi\u00e9s\" \/>\n<meta property=\"og:description\" content=\"D\u00e9couvrez les verres \u00e0 vin Lehmann du Ch\u00e2teau Sainte Marguerite : coffret de 6 Verres Absolus s\u00e9rigraphi\u00e9s en verre 46 cl pour une d\u00e9gustation optimale.\" \/>\n<meta property=\"og:url\" content=\"https:\/\/www.chateausaintemarguerite.com\/en\/vins-de-provence\/6-verres-absolus-serigraphies-46\/\" \/>\n<meta property=\"og:site_name\" content=\"Ch\u00e2teau Sainte Marguerite\" \/>\n<meta property=\"article:publisher\" content=\"https:\/\/fr-fr.facebook.com\/Chateausaintemarguerite\/\" \/>\n<meta property=\"article:modified_time\" content=\"2026-03-10T15:12:29+00:00\" \/>\n<meta property=\"og:image\" content=\"http:\/\/www.chateausaintemarguerite.com\/wp-content\/uploads\/2023\/09\/packshot_absolus46_blanc-1000x1000-png-1.png\" \/>\n\t<meta property=\"og:image:width\" content=\"1000\" \/>\n\t<meta property=\"og:image:height\" content=\"1000\" \/>\n\t<meta property=\"og:image:type\" content=\"image\/png\" \/>\n<meta name=\"twitter:card\" content=\"summary_large_image\" \/>\n<meta name=\"twitter:label1\" content=\"Est. reading time\" \/>\n\t<meta name=\"twitter:data1\" content=\"1 minute\" \/>\n<script type=\"application\/ld+json\" class=\"yoast-schema-graph\">{\"@context\":\"https:\/\/schema.org\",\"@graph\":[{\"@type\":\"WebPage\",\"@id\":\"https:\/\/www.chateausaintemarguerite.com\/vins-de-provence\/6-verres-absolus-serigraphies-46\/\",\"url\":\"https:\/\/www.chateausaintemarguerite.com\/vins-de-provence\/6-verres-absolus-serigraphies-46\/\",\"name\":\"6 Verres Absolus en verre s\u00e9rigraphi\u00e9s\",\"isPartOf\":{\"@id\":\"https:\/\/www.chateausaintemarguerite.com\/#website\"},\"primaryImageOfPage\":{\"@id\":\"https:\/\/www.chateausaintemarguerite.com\/vins-de-provence\/6-verres-absolus-serigraphies-46\/#primaryimage\"},\"image\":{\"@id\":\"https:\/\/www.chateausaintemarguerite.com\/vins-de-provence\/6-verres-absolus-serigraphies-46\/#primaryimage\"},\"thumbnailUrl\":\"https:\/\/www.chateausaintemarguerite.com\/wp-content\/uploads\/2023\/09\/packshot_absolus46_blanc-1000x1000-png-1.png\",\"datePublished\":\"2023-09-07T08:56:01+00:00\",\"dateModified\":\"2026-03-10T15:12:29+00:00\",\"description\":\"D\u00e9couvrez les verres \u00e0 vin Lehmann du Ch\u00e2teau Sainte Marguerite : coffret de 6 Verres Absolus s\u00e9rigraphi\u00e9s en verre 46 cl pour une d\u00e9gustation optimale.\",\"breadcrumb\":{\"@id\":\"https:\/\/www.chateausaintemarguerite.com\/vins-de-provence\/6-verres-absolus-serigraphies-46\/#breadcrumb\"},\"inLanguage\":\"en-US\",\"potentialAction\":[{\"@type\":\"ReadAction\",\"target\":[\"https:\/\/www.chateausaintemarguerite.com\/vins-de-provence\/6-verres-absolus-serigraphies-46\/\"]}]},{\"@type\":\"ImageObject\",\"inLanguage\":\"en-US\",\"@id\":\"https:\/\/www.chateausaintemarguerite.com\/vins-de-provence\/6-verres-absolus-serigraphies-46\/#primaryimage\",\"url\":\"https:\/\/www.chateausaintemarguerite.com\/wp-content\/uploads\/2023\/09\/packshot_absolus46_blanc-1000x1000-png-1.png\",\"contentUrl\":\"https:\/\/www.chateausaintemarguerite.com\/wp-content\/uploads\/2023\/09\/packshot_absolus46_blanc-1000x1000-png-1.png\",\"width\":1000,\"height\":1000,\"caption\":\"packshot 6 Verres Absolus en verre\"},{\"@type\":\"BreadcrumbList\",\"@id\":\"https:\/\/www.chateausaintemarguerite.com\/vins-de-provence\/6-verres-absolus-serigraphies-46\/#breadcrumb\",\"itemListElement\":[{\"@type\":\"ListItem\",\"position\":1,\"name\":\"Accueil\",\"item\":\"https:\/\/www.chateausaintemarguerite.com\/\"},{\"@type\":\"ListItem\",\"position\":2,\"name\":\"Boutique\",\"item\":\"https:\/\/www.chateausaintemarguerite.com\/vins-de-provence\/\"},{\"@type\":\"ListItem\",\"position\":3,\"name\":\"Accessoires\",\"item\":\"https:\/\/www.chateausaintemarguerite.com\/en\/cru-classe-provence\/accessoires-degustation\/\"},{\"@type\":\"ListItem\",\"position\":4,\"name\":\"6 Verres s\u00e9rigraphi\u00e9s Marguerite 46 cl en verre\"}]},{\"@type\":\"WebSite\",\"@id\":\"https:\/\/www.chateausaintemarguerite.com\/#website\",\"url\":\"https:\/\/www.chateausaintemarguerite.com\/\",\"name\":\"Ch\u00e2teau Sainte Marguerite\",\"description\":\"Vins de Provence\",\"publisher\":{\"@id\":\"https:\/\/www.chateausaintemarguerite.com\/#organization\"},\"potentialAction\":[{\"@type\":\"SearchAction\",\"target\":{\"@type\":\"EntryPoint\",\"urlTemplate\":\"https:\/\/www.chateausaintemarguerite.com\/?s={search_term_string}\"},\"query-input\":{\"@type\":\"PropertyValueSpecification\",\"valueRequired\":true,\"valueName\":\"search_term_string\"}}],\"inLanguage\":\"en-US\"},{\"@type\":\"Organization\",\"@id\":\"https:\/\/www.chateausaintemarguerite.com\/#organization\",\"name\":\"Ch\u00e2teau Sainte Marguerite\",\"url\":\"https:\/\/www.chateausaintemarguerite.com\/\",\"logo\":{\"@type\":\"ImageObject\",\"inLanguage\":\"en-US\",\"@id\":\"https:\/\/www.chateausaintemarguerite.com\/#\/schema\/logo\/image\/\",\"url\":\"https:\/\/www.chateausaintemarguerite.com\/wp-content\/uploads\/2021\/01\/LogoCSM_1600.png\",\"contentUrl\":\"https:\/\/www.chateausaintemarguerite.com\/wp-content\/uploads\/2021\/01\/LogoCSM_1600.png\",\"width\":2560,\"height\":1257,\"caption\":\"Ch\u00e2teau Sainte Marguerite\"},\"image\":{\"@id\":\"https:\/\/www.chateausaintemarguerite.com\/#\/schema\/logo\/image\/\"},\"sameAs\":[\"https:\/\/fr-fr.facebook.com\/Chateausaintemarguerite\/\",\"https:\/\/www.instagram.com\/chateausaintemarguerite\/?hl=fr\",\"https:\/\/www.youtube.com\/channel\/UC0WoRvE6wQi_9J8WZg27vwA\"]}]}<\/script>\n<!-- \/ Yoast SEO plugin. -->","yoast_head_json":{"title":"6 Verres Absolus en verre s\u00e9rigraphi\u00e9s","description":"D\u00e9couvrez les verres \u00e0 vin Lehmann du Ch\u00e2teau Sainte Marguerite : coffret de 6 Verres Absolus s\u00e9rigraphi\u00e9s en verre 46 cl pour une d\u00e9gustation optimale.","robots":{"index":"index","follow":"follow","max-snippet":"max-snippet:-1","max-image-preview":"max-image-preview:large","max-video-preview":"max-video-preview:-1"},"canonical":"https:\/\/www.chateausaintemarguerite.com\/en\/vins-de-provence\/6-verres-absolus-serigraphies-46\/","og_locale":"en_US","og_type":"article","og_title":"6 Verres Absolus en verre s\u00e9rigraphi\u00e9s","og_description":"D\u00e9couvrez les verres \u00e0 vin Lehmann du Ch\u00e2teau Sainte Marguerite : coffret de 6 Verres Absolus s\u00e9rigraphi\u00e9s en verre 46 cl pour une d\u00e9gustation optimale.","og_url":"https:\/\/www.chateausaintemarguerite.com\/en\/vins-de-provence\/6-verres-absolus-serigraphies-46\/","og_site_name":"Ch\u00e2teau Sainte Marguerite","article_publisher":"https:\/\/fr-fr.facebook.com\/Chateausaintemarguerite\/","article_modified_time":"2026-03-10T15:12:29+00:00","og_image":[{"width":1000,"height":1000,"url":"http:\/\/www.chateausaintemarguerite.com\/wp-content\/uploads\/2023\/09\/packshot_absolus46_blanc-1000x1000-png-1.png","type":"image\/png"}],"twitter_card":"summary_large_image","twitter_misc":{"Est. reading time":"1 minute"},"schema":{"@context":"https:\/\/schema.org","@graph":[{"@type":"WebPage","@id":"https:\/\/www.chateausaintemarguerite.com\/vins-de-provence\/6-verres-absolus-serigraphies-46\/","url":"https:\/\/www.chateausaintemarguerite.com\/vins-de-provence\/6-verres-absolus-serigraphies-46\/","name":"6 Verres Absolus en verre s\u00e9rigraphi\u00e9s","isPartOf":{"@id":"https:\/\/www.chateausaintemarguerite.com\/#website"},"primaryImageOfPage":{"@id":"https:\/\/www.chateausaintemarguerite.com\/vins-de-provence\/6-verres-absolus-serigraphies-46\/#primaryimage"},"image":{"@id":"https:\/\/www.chateausaintemarguerite.com\/vins-de-provence\/6-verres-absolus-serigraphies-46\/#primaryimage"},"thumbnailUrl":"https:\/\/www.chateausaintemarguerite.com\/wp-content\/uploads\/2023\/09\/packshot_absolus46_blanc-1000x1000-png-1.png","datePublished":"2023-09-07T08:56:01+00:00","dateModified":"2026-03-10T15:12:29+00:00","description":"D\u00e9couvrez les verres \u00e0 vin Lehmann du Ch\u00e2teau Sainte Marguerite : coffret de 6 Verres Absolus s\u00e9rigraphi\u00e9s en verre 46 cl pour une d\u00e9gustation optimale.","breadcrumb":{"@id":"https:\/\/www.chateausaintemarguerite.com\/vins-de-provence\/6-verres-absolus-serigraphies-46\/#breadcrumb"},"inLanguage":"en-US","potentialAction":[{"@type":"ReadAction","target":["https:\/\/www.chateausaintemarguerite.com\/vins-de-provence\/6-verres-absolus-serigraphies-46\/"]}]},{"@type":"ImageObject","inLanguage":"en-US","@id":"https:\/\/www.chateausaintemarguerite.com\/vins-de-provence\/6-verres-absolus-serigraphies-46\/#primaryimage","url":"https:\/\/www.chateausaintemarguerite.com\/wp-content\/uploads\/2023\/09\/packshot_absolus46_blanc-1000x1000-png-1.png","contentUrl":"https:\/\/www.chateausaintemarguerite.com\/wp-content\/uploads\/2023\/09\/packshot_absolus46_blanc-1000x1000-png-1.png","width":1000,"height":1000,"caption":"packshot 6 Verres Absolus en verre"},{"@type":"BreadcrumbList","@id":"https:\/\/www.chateausaintemarguerite.com\/vins-de-provence\/6-verres-absolus-serigraphies-46\/#breadcrumb","itemListElement":[{"@type":"ListItem","position":1,"name":"Accueil","item":"https:\/\/www.chateausaintemarguerite.com\/"},{"@type":"ListItem","position":2,"name":"Boutique","item":"https:\/\/www.chateausaintemarguerite.com\/vins-de-provence\/"},{"@type":"ListItem","position":3,"name":"Accessoires","item":"https:\/\/www.chateausaintemarguerite.com\/en\/cru-classe-provence\/accessoires-degustation\/"},{"@type":"ListItem","position":4,"name":"6 Verres s\u00e9rigraphi\u00e9s Marguerite 46 cl en verre"}]},{"@type":"WebSite","@id":"https:\/\/www.chateausaintemarguerite.com\/#website","url":"https:\/\/www.chateausaintemarguerite.com\/","name":"Ch\u00e2teau Sainte Marguerite","description":"Provence wines","publisher":{"@id":"https:\/\/www.chateausaintemarguerite.com\/#organization"},"potentialAction":[{"@type":"SearchAction","target":{"@type":"EntryPoint","urlTemplate":"https:\/\/www.chateausaintemarguerite.com\/?s={search_term_string}"},"query-input":{"@type":"PropertyValueSpecification","valueRequired":true,"valueName":"search_term_string"}}],"inLanguage":"en-US"},{"@type":"Organization","@id":"https:\/\/www.chateausaintemarguerite.com\/#organization","name":"Ch\u00e2teau Sainte Marguerite","url":"https:\/\/www.chateausaintemarguerite.com\/","logo":{"@type":"ImageObject","inLanguage":"en-US","@id":"https:\/\/www.chateausaintemarguerite.com\/#\/schema\/logo\/image\/","url":"https:\/\/www.chateausaintemarguerite.com\/wp-content\/uploads\/2021\/01\/LogoCSM_1600.png","contentUrl":"https:\/\/www.chateausaintemarguerite.com\/wp-content\/uploads\/2021\/01\/LogoCSM_1600.png","width":2560,"height":1257,"caption":"Ch\u00e2teau Sainte Marguerite"},"image":{"@id":"https:\/\/www.chateausaintemarguerite.com\/#\/schema\/logo\/image\/"},"sameAs":["https:\/\/fr-fr.facebook.com\/Chateausaintemarguerite\/","https:\/\/www.instagram.com\/chateausaintemarguerite\/?hl=fr","https:\/\/www.youtube.com\/channel\/UC0WoRvE6wQi_9J8WZg27vwA"]}]}},"_links":{"self":[{"href":"https:\/\/www.chateausaintemarguerite.com\/en\/wp-json\/wp\/v2\/product\/40067","targetHints":{"allow":["GET"]}}],"collection":[{"href":"https:\/\/www.chateausaintemarguerite.com\/en\/wp-json\/wp\/v2\/product"}],"about":[{"href":"https:\/\/www.chateausaintemarguerite.com\/en\/wp-json\/wp\/v2\/types\/product"}],"wp:featuredmedia":[{"embeddable":true,"href":"https:\/\/www.chateausaintemarguerite.com\/en\/wp-json\/wp\/v2\/media\/231892"}],"wp:attachment":[{"href":"https:\/\/www.chateausaintemarguerite.com\/en\/wp-json\/wp\/v2\/media?parent=40067"}],"wp:term":[{"taxonomy":"product_brand","embeddable":true,"href":"https:\/\/www.chateausaintemarguerite.com\/en\/wp-json\/wp\/v2\/product_brand?post=40067"},{"taxonomy":"product_cat","embeddable":true,"href":"https:\/\/www.chateausaintemarguerite.com\/en\/wp-json\/wp\/v2\/product_cat?post=40067"},{"taxonomy":"product_tag","embeddable":true,"href":"https:\/\/www.chateausaintemarguerite.com\/en\/wp-json\/wp\/v2\/product_tag?post=40067"}],"curies":[{"name":"wp","href":"https:\/\/api.w.org\/{rel}","templated":true}]}}