{"id":400187,"date":"2026-04-27T16:50:50","date_gmt":"2026-04-27T14:50:50","guid":{"rendered":"https:\/\/www.chateausaintemarguerite.com\/?post_type=product&#038;p=400187"},"modified":"2026-04-28T16:58:32","modified_gmt":"2026-04-28T14:58:32","slug":"marguerite-sunset-club","status":"publish","type":"product","link":"https:\/\/www.chateausaintemarguerite.com\/en\/vins-de-provence\/marguerite-sunset-club\/","title":{"rendered":"Marguerite sunset club"},"content":{"rendered":"<h4><strong>Marguerite sunset club<\/strong><\/h4>\n<p>Cet \u00e9t\u00e9 le Ch\u00e2teau Sainte marguerite vous convie \u00e0 nos Marguertite sunset club, des afterwork intimiste sur la terrasse face aux vignes, avec DJ lounge et tapas raffin\u00e9s \u2013 une autre vision des soir\u00e9es musicales au Ch\u00e2teau.<\/p>\n<p>From 7 p.m. to 10 p.m.<\/p>\n<h4><strong>Program:<\/strong><\/h4>\n<ul data-start=\"100\" data-end=\"314\">\n<li data-start=\"100\" data-end=\"152\">\n<p data-start=\"102\" data-end=\"152\"><strong>Dj Lounge<\/strong> facing the vineyards<\/p>\n<\/li>\n<li data-start=\"153\" data-end=\"225\">\n<p data-start=\"155\" data-end=\"225\"><strong data-start=\"155\" data-end=\"168\">Wine bar<\/strong> : d\u00e9gustation de<a href=\"https:\/\/www.chateausaintemarguerite.com\/en\/vins-de-provence\/\"> our vintages<\/a> au verre ou \u00e0 la bouteille<\/p>\n<\/li>\n<li data-start=\"226\" data-end=\"314\">\n<p data-start=\"228\" data-end=\"314\"><strong data-start=\"228\" data-end=\"254\">On-site catering<\/strong> : Refined tapas prepared for the occasion.<\/p>\n<\/li>\n<\/ul>\n<h6><strong>Entrance fee: \u20ac15 inc. <\/strong>(including a welcome drink<\/h6>\n<p>&nbsp;<\/p>","protected":false},"excerpt":{"rendered":"<h4><strong>Marguerite sunset club<\/strong><\/h4>\n<p>Cet \u00e9t\u00e9 le Ch\u00e2teau Sainte marguerite vous convie pour des afterwork intimiste sur la terrasse face aux vignes, avec DJ lounge et tapas raffin\u00e9s \u2013 une autre vision des soir\u00e9es musicales au Ch\u00e2teau.<\/p>\n<p>From 7 p.m. to 10 p.m.<\/p>\n<h4><strong>Program:<\/strong><\/h4>\n<ul data-start=\"100\" data-end=\"314\">\n<li data-start=\"100\" data-end=\"152\">\n<p data-start=\"102\" data-end=\"152\"><strong>Dj Lounge<\/strong> facing the vineyards<\/p>\n<\/li>\n<li data-start=\"153\" data-end=\"225\">\n<p data-start=\"155\" data-end=\"225\"><strong data-start=\"155\" data-end=\"168\">Wine bar<\/strong> tasting of our vintages by the glass or bottle<\/p>\n<\/li>\n<li data-start=\"226\" data-end=\"314\">\n<p data-start=\"228\" data-end=\"314\"><strong data-start=\"228\" data-end=\"254\">On-site catering<\/strong> : Refined tapas prepared for the occasion.<\/p>\n<\/li>\n<\/ul>\n<p>&nbsp;<\/p>","protected":false},"featured_media":238034,"template":"","meta":{"inline_featured_image":false},"product_brand":[],"product_cat":[54,62],"product_tag":[],"class_list":{"0":"post-400187","1":"product","2":"type-product","3":"status-publish","4":"has-post-thumbnail","6":"product_cat-experiences","7":"product_cat-soirees","8":"product_shipping_class-experiences-no-shipping","10":"first","11":"instock","12":"virtual","13":"sold-individually","14":"taxable","15":"purchasable","16":"product-type-booking"},"booking_location":"","booking_location_type":"","booking_duration":1,"booking_duration_unit":"day","booking_buffer":0,"booking_cost":0,"booking_resources":[],"acf":[],"yoast_head":"<!-- This site is optimized with the Yoast SEO plugin v27.1.1 - https:\/\/yoast.com\/product\/yoast-seo-wordpress\/ -->\n<title>Marguerite sunset club - Ch\u00e2teau Sainte Marguerite<\/title>\n<meta name=\"description\" content=\"Marguerite Sunset Club : un afterwork intimiste au Ch\u00e2teau Sainte Marguerite avec DJ lounge, tapas raffin\u00e9s et vue sur les vignes.\" \/>\n<meta name=\"robots\" content=\"index, follow, max-snippet:-1, max-image-preview:large, max-video-preview:-1\" \/>\n<link rel=\"canonical\" href=\"https:\/\/www.chateausaintemarguerite.com\/en\/vins-de-provence\/marguerite-sunset-club\/\" \/>\n<meta property=\"og:locale\" content=\"en_US\" \/>\n<meta property=\"og:type\" content=\"article\" \/>\n<meta property=\"og:title\" content=\"Marguerite sunset club - Ch\u00e2teau Sainte Marguerite\" \/>\n<meta property=\"og:description\" content=\"Marguerite Sunset Club : un afterwork intimiste au Ch\u00e2teau Sainte Marguerite avec DJ lounge, tapas raffin\u00e9s et vue sur les vignes.\" \/>\n<meta property=\"og:url\" content=\"https:\/\/www.chateausaintemarguerite.com\/en\/vins-de-provence\/marguerite-sunset-club\/\" \/>\n<meta property=\"og:site_name\" content=\"Ch\u00e2teau Sainte Marguerite\" \/>\n<meta property=\"article:publisher\" content=\"https:\/\/fr-fr.facebook.com\/Chateausaintemarguerite\/\" \/>\n<meta property=\"article:modified_time\" content=\"2026-04-28T14:58:32+00:00\" \/>\n<meta property=\"og:image\" content=\"http:\/\/www.chateausaintemarguerite.com\/wp-content\/uploads\/2025\/08\/053-monte-carlo-bay-scaled.jpg\" \/>\n\t<meta property=\"og:image:width\" content=\"2048\" \/>\n\t<meta property=\"og:image:height\" content=\"2560\" \/>\n\t<meta property=\"og:image:type\" content=\"image\/jpeg\" \/>\n<meta name=\"twitter:card\" content=\"summary_large_image\" \/>\n<meta name=\"twitter:label1\" content=\"Est. reading time\" \/>\n\t<meta name=\"twitter:data1\" content=\"1 minute\" \/>\n<script type=\"application\/ld+json\" class=\"yoast-schema-graph\">{\"@context\":\"https:\/\/schema.org\",\"@graph\":[{\"@type\":\"WebPage\",\"@id\":\"https:\/\/www.chateausaintemarguerite.com\/vins-de-provence\/marguerite-sunset-club\/\",\"url\":\"https:\/\/www.chateausaintemarguerite.com\/vins-de-provence\/marguerite-sunset-club\/\",\"name\":\"Marguerite sunset club - Ch\u00e2teau Sainte Marguerite\",\"isPartOf\":{\"@id\":\"https:\/\/www.chateausaintemarguerite.com\/#website\"},\"primaryImageOfPage\":{\"@id\":\"https:\/\/www.chateausaintemarguerite.com\/vins-de-provence\/marguerite-sunset-club\/#primaryimage\"},\"image\":{\"@id\":\"https:\/\/www.chateausaintemarguerite.com\/vins-de-provence\/marguerite-sunset-club\/#primaryimage\"},\"thumbnailUrl\":\"https:\/\/www.chateausaintemarguerite.com\/wp-content\/uploads\/2025\/08\/053-monte-carlo-bay-scaled.jpg\",\"datePublished\":\"2026-04-27T14:50:50+00:00\",\"dateModified\":\"2026-04-28T14:58:32+00:00\",\"description\":\"Marguerite Sunset Club : un afterwork intimiste au Ch\u00e2teau Sainte Marguerite avec DJ lounge, tapas raffin\u00e9s et vue sur les vignes.\",\"breadcrumb\":{\"@id\":\"https:\/\/www.chateausaintemarguerite.com\/vins-de-provence\/marguerite-sunset-club\/#breadcrumb\"},\"inLanguage\":\"en-US\",\"potentialAction\":[{\"@type\":\"ReadAction\",\"target\":[\"https:\/\/www.chateausaintemarguerite.com\/vins-de-provence\/marguerite-sunset-club\/\"]}]},{\"@type\":\"ImageObject\",\"inLanguage\":\"en-US\",\"@id\":\"https:\/\/www.chateausaintemarguerite.com\/vins-de-provence\/marguerite-sunset-club\/#primaryimage\",\"url\":\"https:\/\/www.chateausaintemarguerite.com\/wp-content\/uploads\/2025\/08\/053-monte-carlo-bay-scaled.jpg\",\"contentUrl\":\"https:\/\/www.chateausaintemarguerite.com\/wp-content\/uploads\/2025\/08\/053-monte-carlo-bay-scaled.jpg\",\"width\":2048,\"height\":2560,\"caption\":\"Marguerite sunset club\"},{\"@type\":\"BreadcrumbList\",\"@id\":\"https:\/\/www.chateausaintemarguerite.com\/vins-de-provence\/marguerite-sunset-club\/#breadcrumb\",\"itemListElement\":[{\"@type\":\"ListItem\",\"position\":1,\"name\":\"Accueil\",\"item\":\"https:\/\/www.chateausaintemarguerite.com\/\"},{\"@type\":\"ListItem\",\"position\":2,\"name\":\"Boutique\",\"item\":\"https:\/\/www.chateausaintemarguerite.com\/vins-de-provence\/\"},{\"@type\":\"ListItem\",\"position\":3,\"name\":\"Exp\u00e9riences\",\"item\":\"https:\/\/www.chateausaintemarguerite.com\/cru-classe-provence\/experiences\/\"},{\"@type\":\"ListItem\",\"position\":4,\"name\":\"Soir\u00e9es &amp; Diners\",\"item\":\"https:\/\/www.chateausaintemarguerite.com\/cru-classe-provence\/experiences\/soirees\/\"},{\"@type\":\"ListItem\",\"position\":5,\"name\":\"Marguerite sunset club\"}]},{\"@type\":\"WebSite\",\"@id\":\"https:\/\/www.chateausaintemarguerite.com\/#website\",\"url\":\"https:\/\/www.chateausaintemarguerite.com\/\",\"name\":\"Ch\u00e2teau Sainte Marguerite\",\"description\":\"Vins de Provence\",\"publisher\":{\"@id\":\"https:\/\/www.chateausaintemarguerite.com\/#organization\"},\"potentialAction\":[{\"@type\":\"SearchAction\",\"target\":{\"@type\":\"EntryPoint\",\"urlTemplate\":\"https:\/\/www.chateausaintemarguerite.com\/?s={search_term_string}\"},\"query-input\":{\"@type\":\"PropertyValueSpecification\",\"valueRequired\":true,\"valueName\":\"search_term_string\"}}],\"inLanguage\":\"en-US\"},{\"@type\":\"Organization\",\"@id\":\"https:\/\/www.chateausaintemarguerite.com\/#organization\",\"name\":\"Ch\u00e2teau Sainte Marguerite\",\"url\":\"https:\/\/www.chateausaintemarguerite.com\/\",\"logo\":{\"@type\":\"ImageObject\",\"inLanguage\":\"en-US\",\"@id\":\"https:\/\/www.chateausaintemarguerite.com\/#\/schema\/logo\/image\/\",\"url\":\"https:\/\/www.chateausaintemarguerite.com\/wp-content\/uploads\/2021\/01\/LogoCSM_1600.png\",\"contentUrl\":\"https:\/\/www.chateausaintemarguerite.com\/wp-content\/uploads\/2021\/01\/LogoCSM_1600.png\",\"width\":2560,\"height\":1257,\"caption\":\"Ch\u00e2teau Sainte Marguerite\"},\"image\":{\"@id\":\"https:\/\/www.chateausaintemarguerite.com\/#\/schema\/logo\/image\/\"},\"sameAs\":[\"https:\/\/fr-fr.facebook.com\/Chateausaintemarguerite\/\",\"https:\/\/www.instagram.com\/chateausaintemarguerite\/?hl=fr\",\"https:\/\/www.youtube.com\/channel\/UC0WoRvE6wQi_9J8WZg27vwA\"]}]}<\/script>\n<!-- \/ Yoast SEO plugin. -->","yoast_head_json":{"title":"Marguerite sunset club - Ch\u00e2teau Sainte Marguerite","description":"Marguerite Sunset Club : un afterwork intimiste au Ch\u00e2teau Sainte Marguerite avec DJ lounge, tapas raffin\u00e9s et vue sur les vignes.","robots":{"index":"index","follow":"follow","max-snippet":"max-snippet:-1","max-image-preview":"max-image-preview:large","max-video-preview":"max-video-preview:-1"},"canonical":"https:\/\/www.chateausaintemarguerite.com\/en\/vins-de-provence\/marguerite-sunset-club\/","og_locale":"en_US","og_type":"article","og_title":"Marguerite sunset club - Ch\u00e2teau Sainte Marguerite","og_description":"Marguerite Sunset Club : un afterwork intimiste au Ch\u00e2teau Sainte Marguerite avec DJ lounge, tapas raffin\u00e9s et vue sur les vignes.","og_url":"https:\/\/www.chateausaintemarguerite.com\/en\/vins-de-provence\/marguerite-sunset-club\/","og_site_name":"Ch\u00e2teau Sainte Marguerite","article_publisher":"https:\/\/fr-fr.facebook.com\/Chateausaintemarguerite\/","article_modified_time":"2026-04-28T14:58:32+00:00","og_image":[{"width":2048,"height":2560,"url":"http:\/\/www.chateausaintemarguerite.com\/wp-content\/uploads\/2025\/08\/053-monte-carlo-bay-scaled.jpg","type":"image\/jpeg"}],"twitter_card":"summary_large_image","twitter_misc":{"Est. reading time":"1 minute"},"schema":{"@context":"https:\/\/schema.org","@graph":[{"@type":"WebPage","@id":"https:\/\/www.chateausaintemarguerite.com\/vins-de-provence\/marguerite-sunset-club\/","url":"https:\/\/www.chateausaintemarguerite.com\/vins-de-provence\/marguerite-sunset-club\/","name":"Marguerite sunset club - Ch\u00e2teau Sainte Marguerite","isPartOf":{"@id":"https:\/\/www.chateausaintemarguerite.com\/#website"},"primaryImageOfPage":{"@id":"https:\/\/www.chateausaintemarguerite.com\/vins-de-provence\/marguerite-sunset-club\/#primaryimage"},"image":{"@id":"https:\/\/www.chateausaintemarguerite.com\/vins-de-provence\/marguerite-sunset-club\/#primaryimage"},"thumbnailUrl":"https:\/\/www.chateausaintemarguerite.com\/wp-content\/uploads\/2025\/08\/053-monte-carlo-bay-scaled.jpg","datePublished":"2026-04-27T14:50:50+00:00","dateModified":"2026-04-28T14:58:32+00:00","description":"Marguerite Sunset Club : un afterwork intimiste au Ch\u00e2teau Sainte Marguerite avec DJ lounge, tapas raffin\u00e9s et vue sur les vignes.","breadcrumb":{"@id":"https:\/\/www.chateausaintemarguerite.com\/vins-de-provence\/marguerite-sunset-club\/#breadcrumb"},"inLanguage":"en-US","potentialAction":[{"@type":"ReadAction","target":["https:\/\/www.chateausaintemarguerite.com\/vins-de-provence\/marguerite-sunset-club\/"]}]},{"@type":"ImageObject","inLanguage":"en-US","@id":"https:\/\/www.chateausaintemarguerite.com\/vins-de-provence\/marguerite-sunset-club\/#primaryimage","url":"https:\/\/www.chateausaintemarguerite.com\/wp-content\/uploads\/2025\/08\/053-monte-carlo-bay-scaled.jpg","contentUrl":"https:\/\/www.chateausaintemarguerite.com\/wp-content\/uploads\/2025\/08\/053-monte-carlo-bay-scaled.jpg","width":2048,"height":2560,"caption":"Marguerite sunset club"},{"@type":"BreadcrumbList","@id":"https:\/\/www.chateausaintemarguerite.com\/vins-de-provence\/marguerite-sunset-club\/#breadcrumb","itemListElement":[{"@type":"ListItem","position":1,"name":"Accueil","item":"https:\/\/www.chateausaintemarguerite.com\/"},{"@type":"ListItem","position":2,"name":"Boutique","item":"https:\/\/www.chateausaintemarguerite.com\/vins-de-provence\/"},{"@type":"ListItem","position":3,"name":"Exp\u00e9riences","item":"https:\/\/www.chateausaintemarguerite.com\/cru-classe-provence\/experiences\/"},{"@type":"ListItem","position":4,"name":"Soir\u00e9es &amp; Diners","item":"https:\/\/www.chateausaintemarguerite.com\/cru-classe-provence\/experiences\/soirees\/"},{"@type":"ListItem","position":5,"name":"Marguerite sunset club"}]},{"@type":"WebSite","@id":"https:\/\/www.chateausaintemarguerite.com\/#website","url":"https:\/\/www.chateausaintemarguerite.com\/","name":"Ch\u00e2teau Sainte Marguerite","description":"Provence wines","publisher":{"@id":"https:\/\/www.chateausaintemarguerite.com\/#organization"},"potentialAction":[{"@type":"SearchAction","target":{"@type":"EntryPoint","urlTemplate":"https:\/\/www.chateausaintemarguerite.com\/?s={search_term_string}"},"query-input":{"@type":"PropertyValueSpecification","valueRequired":true,"valueName":"search_term_string"}}],"inLanguage":"en-US"},{"@type":"Organization","@id":"https:\/\/www.chateausaintemarguerite.com\/#organization","name":"Ch\u00e2teau Sainte Marguerite","url":"https:\/\/www.chateausaintemarguerite.com\/","logo":{"@type":"ImageObject","inLanguage":"en-US","@id":"https:\/\/www.chateausaintemarguerite.com\/#\/schema\/logo\/image\/","url":"https:\/\/www.chateausaintemarguerite.com\/wp-content\/uploads\/2021\/01\/LogoCSM_1600.png","contentUrl":"https:\/\/www.chateausaintemarguerite.com\/wp-content\/uploads\/2021\/01\/LogoCSM_1600.png","width":2560,"height":1257,"caption":"Ch\u00e2teau Sainte Marguerite"},"image":{"@id":"https:\/\/www.chateausaintemarguerite.com\/#\/schema\/logo\/image\/"},"sameAs":["https:\/\/fr-fr.facebook.com\/Chateausaintemarguerite\/","https:\/\/www.instagram.com\/chateausaintemarguerite\/?hl=fr","https:\/\/www.youtube.com\/channel\/UC0WoRvE6wQi_9J8WZg27vwA"]}]}},"_links":{"self":[{"href":"https:\/\/www.chateausaintemarguerite.com\/en\/wp-json\/wp\/v2\/product\/400187","targetHints":{"allow":["GET"]}}],"collection":[{"href":"https:\/\/www.chateausaintemarguerite.com\/en\/wp-json\/wp\/v2\/product"}],"about":[{"href":"https:\/\/www.chateausaintemarguerite.com\/en\/wp-json\/wp\/v2\/types\/product"}],"wp:featuredmedia":[{"embeddable":true,"href":"https:\/\/www.chateausaintemarguerite.com\/en\/wp-json\/wp\/v2\/media\/238034"}],"wp:attachment":[{"href":"https:\/\/www.chateausaintemarguerite.com\/en\/wp-json\/wp\/v2\/media?parent=400187"}],"wp:term":[{"taxonomy":"product_brand","embeddable":true,"href":"https:\/\/www.chateausaintemarguerite.com\/en\/wp-json\/wp\/v2\/product_brand?post=400187"},{"taxonomy":"product_cat","embeddable":true,"href":"https:\/\/www.chateausaintemarguerite.com\/en\/wp-json\/wp\/v2\/product_cat?post=400187"},{"taxonomy":"product_tag","embeddable":true,"href":"https:\/\/www.chateausaintemarguerite.com\/en\/wp-json\/wp\/v2\/product_tag?post=400187"}],"curies":[{"name":"wp","href":"https:\/\/api.w.org\/{rel}","templated":true}]}}