{"id":400143,"date":"2026-04-27T16:35:14","date_gmt":"2026-04-27T14:35:14","guid":{"rendered":"https:\/\/www.chateausaintemarguerite.com\/?post_type=product&#038;p=400143"},"modified":"2026-04-29T16:55:55","modified_gmt":"2026-04-29T14:55:55","slug":"terroir-dexception-autour-des-produits-de-la-mer","status":"publish","type":"product","link":"https:\/\/www.chateausaintemarguerite.com\/en\/vins-de-provence\/terroir-dexception-autour-des-produits-de-la-mer\/","title":{"rendered":"Exceptional terroir around seafood products"},"content":{"rendered":"<p>&nbsp;<\/p>\n<p><img fetchpriority=\"high\" decoding=\"async\" class=\"wp-image-47916 size-medium\" title=\"webimage-6a2ff745-2d77-4c61-9e43ff631374de21\" src=\"https:\/\/www.chateausaintemarguerite.com\/wp-content\/uploads\/2023\/12\/experiences-galerie-3-300x200.jpg\" alt=\"experiences galerie 3\" width=\"300\" height=\"200\" srcset=\"https:\/\/www.chateausaintemarguerite.com\/wp-content\/uploads\/2023\/12\/experiences-galerie-3-300x200.jpg 300w, https:\/\/www.chateausaintemarguerite.com\/wp-content\/uploads\/2023\/12\/experiences-galerie-3-1024x683.jpg 1024w, https:\/\/www.chateausaintemarguerite.com\/wp-content\/uploads\/2023\/12\/experiences-galerie-3-768x513.jpg 768w, https:\/\/www.chateausaintemarguerite.com\/wp-content\/uploads\/2023\/12\/experiences-galerie-3-1000x667.jpg 1000w, https:\/\/www.chateausaintemarguerite.com\/wp-content\/uploads\/2023\/12\/experiences-galerie-3.jpg 1500w\" sizes=\"(max-width: 300px) 100vw, 300px\" \/><\/p>\n<p data-start=\"75\" data-end=\"144\">Terroir d&rsquo;exception<\/p>\n<p data-start=\"75\" data-end=\"144\"><strong data-start=\"83\" data-end=\"152\">D\u00e9couvrez notre nouvelle exp\u00e9rience : Terroir d&rsquo;exception<\/strong><\/p>\n<p>Le domaine est heureux de vous proposer <strong data-start=\"311\" data-end=\"334\">Terroir d\u2019exception.<\/strong> Une nouvelle exp\u00e9rience gastronomique pens\u00e9e comme un hommage \u00e0 la richesse de notre patrimoine et \u00e0 l\u2019authenticit\u00e9 de notre terroir. Nous invitons les \u00e9picuriens \u00e0 vivre des moments rares, o\u00f9 produits d\u2019exception, savoir-faire et convivialit\u00e9 se rencontrent.<\/p>\n<p data-start=\"200\" data-end=\"516\">\u00c0 travers <em data-start=\"210\" data-end=\"231\">Terroir d\u2019exception<\/em>, nous inaugurons une s\u00e9rie de d\u00eeners exclusifs c\u00e9l\u00e9brant la richesse et l\u2019authenticit\u00e9 de notre patrimoine.<br data-start=\"345\" data-end=\"348\" \/>Pendant trois mois, un rendez-vous mensuel mettra \u00e0 l\u2019honneur un produit embl\u00e9matique de notre terroir.<\/p>\n<p data-start=\"200\" data-end=\"516\">Cette exp\u00e9rience est l&rsquo;occasion de rencontrer le producteur.<\/p>\n<p data-start=\"589\" data-end=\"609\"><strong data-start=\"589\" data-end=\"607\">Au programme :<\/strong><\/p>\n<ul>\n<li>19h30 :\u00a0<strong>accueil<\/strong>\u00a0au domaine<\/li>\n<li>20h00 : d\u00e9but du\u00a0<strong>d\u00eener<\/strong>\u00a0\u00e0 table<\/li>\n<li>22h00 : cl\u00f4ture de l&rsquo;\u00e9v\u00e8nement<\/li>\n<\/ul>\n<div class=\"flex flex-col text-sm\">\n<section class=\"text-token-text-primary w-full focus:outline-none [--shadow-height:45px] has-data-writing-block:pointer-events-none has-data-writing-block:-mt-(--shadow-height) has-data-writing-block:pt-(--shadow-height) [&amp;:has([data-writing-block])&gt;*]:pointer-events-auto scroll-mt-[calc(var(--header-height)+min(200px,max(70px,20svh)))]\" dir=\"auto\" data-turn-id=\"request-WEB:ae0158ff-7371-49a5-98e7-f78cf431e9ed-2\" data-testid=\"conversation-turn-6\" data-scroll-anchor=\"true\" data-turn=\"assistant\">\n<div class=\"text-base my-auto mx-auto pb-10 [--thread-content-margin:var(--thread-content-margin-xs,calc(var(--spacing)*4))] @w-sm\/main:[--thread-content-margin:var(--thread-content-margin-sm,calc(var(--spacing)*6))] @w-lg\/main:[--thread-content-margin:var(--thread-content-margin-lg,calc(var(--spacing)*16))] px-(--thread-content-margin)\">\n<div class=\"[--thread-content-max-width:40rem] @w-lg\/main:[--thread-content-max-width:48rem] mx-auto max-w-(--thread-content-max-width) flex-1 group\/turn-messages focus-visible:outline-hidden relative flex w-full min-w-0 flex-col agent-turn\">\n<div class=\"flex max-w-full flex-col gap-4 grow\">\n<div class=\"min-h-8 text-message relative flex w-full flex-col items-end gap-2 text-start break-words whitespace-normal outline-none keyboard-focused:focus-ring [.text-message+&amp;]:mt-1\" dir=\"auto\" tabindex=\"0\" data-message-author-role=\"assistant\" data-message-id=\"453fba02-a383-4a3a-9f09-433d67979734\" data-message-model-slug=\"gpt-5-3\" data-turn-start-message=\"true\">\n<div class=\"flex w-full flex-col gap-1 empty:hidden\">\n<div class=\"markdown prose dark:prose-invert w-full wrap-break-word light markdown-new-styling\">\n<p data-start=\"0\" data-end=\"326\" data-is-last-node=\"\" data-is-only-node=\"\">Pour cette \u00e9dition, le produit c\u00e9l\u00e9br\u00e9 est un joyau de la gastronomie fran\u00e7aise : les produits de la mer de la famille Giol Tamaris et p\u00eacheur local<\/p>\n<p data-start=\"0\" data-end=\"326\" data-is-last-node=\"\" data-is-only-node=\"\">Il sera sublim\u00e9 \u00e0 travers un menu imagin\u00e9 et r\u00e9alis\u00e9\u00a0 mettant en valeur toute la richesse, la finesse et le caract\u00e8re unique de ces produits d&rsquo;exception.<\/p>\n<\/div>\n<\/div>\n<\/div>\n<\/div>\n<div class=\"z-0 flex min-h-[46px] justify-start\"><\/div>\n<\/div>\n<\/div>\n<\/section>\n<\/div>\n<p data-start=\"714\" data-end=\"1055\">Nous proposons une s\u00e9lection de cuv\u00e9es issues de la gamme <a href=\"https:\/\/www.chateausaintemarguerite.com\/cru-classe-provence\/vins-cuvee-fantastique\/\" target=\"_blank\" rel=\"noopener\"><strong data-start=\"969\" data-end=\"989\">Les Fantastiques <\/strong><\/a>\u00a0choisies avec soin afin de cr\u00e9er des accords mets et vins harmonieux, r\u00e9v\u00e9lant toute la richesse des saveurs.<\/p>\n<p data-start=\"714\" data-end=\"1055\">Cette <a href=\"https:\/\/www.chateausaintemarguerite.com\/cru-classe-provence\/experiences\/\" target=\"_blank\" rel=\"noopener\">exp\u00e9rience<\/a> est une parenth\u00e8se gourmande et authentique pour red\u00e9couvrir les talents et les produits de notre terroir.<\/p>\n<p>&nbsp;<\/p>\n","protected":false},"excerpt":{"rendered":"<div class=\"flex flex-col text-sm pb-25\">\n<article class=\"text-token-text-primary w-full focus:outline-none [--shadow-height:45px] has-data-writing-block:pointer-events-none has-data-writing-block:-mt-(--shadow-height) has-data-writing-block:pt-(--shadow-height) [&amp;:has([data-writing-block])&gt;*]:pointer-events-auto scroll-mt-[calc(var(--header-height)+min(200px,max(70px,20svh)))]\" dir=\"auto\" tabindex=\"-1\" data-turn-id=\"request-WEB:2538f62e-cd8f-41cc-81fd-8fc9776c3f61-2\" data-testid=\"conversation-turn-6\" data-scroll-anchor=\"true\" data-turn=\"assistant\">\n<div class=\"text-base my-auto mx-auto pb-10 [--thread-content-margin:--spacing(4)] @w-sm\/main:[--thread-content-margin:--spacing(6)] @w-lg\/main:[--thread-content-margin:--spacing(16)] px-(--thread-content-margin)\">\n<div class=\"[--thread-content-max-width:40rem] @w-lg\/main:[--thread-content-max-width:48rem] mx-auto max-w-(--thread-content-max-width) flex-1 group\/turn-messages focus-visible:outline-hidden relative flex w-full min-w-0 flex-col agent-turn\" tabindex=\"-1\">\n<div class=\"flex max-w-full flex-col grow\">\n<div class=\"min-h-8 text-message relative flex w-full flex-col items-end gap-2 text-start break-words whitespace-normal [.text-message+&amp;]:mt-1\" dir=\"auto\" data-message-author-role=\"assistant\" data-message-id=\"d40b0886-7a80-4fff-a08b-2a5288b511a1\" data-message-model-slug=\"gpt-5-2\">\n<div class=\"flex w-full flex-col gap-1 empty:hidden first:pt-[1px]\">\n<div class=\"markdown prose dark:prose-invert w-full wrap-break-word light markdown-new-styling\">\n<p data-start=\"75\" data-end=\"144\"><strong data-start=\"83\" data-end=\"152\">D\u00e9couvrez notre nouvelle exp\u00e9rience : Terroir d&rsquo;exception<\/strong><\/p>\n<p data-start=\"200\" data-end=\"516\">\u00c0 travers <em data-start=\"210\" data-end=\"231\">Terroir d\u2019exception<\/em>, nous inaugurons une s\u00e9rie de d\u00eeners exclusifs c\u00e9l\u00e9brant la richesse et l\u2019authenticit\u00e9 de notre patrimoine.<br data-start=\"345\" data-end=\"348\" \/>Pendant trois mois, un rendez-vous mensuel mettra \u00e0 l\u2019honneur un produit embl\u00e9matique de notre terroir.<\/p>\n<p data-start=\"200\" data-end=\"516\">Cette exp\u00e9rience est l&rsquo;occasion de rencontrer le producteur.<\/p>\n<p data-start=\"589\" data-end=\"609\"><strong data-start=\"589\" data-end=\"607\">Au programme :<\/strong><\/p>\n<ul>\n<li>19h30 :\u00a0<strong>accueil<\/strong>\u00a0au domaine<\/li>\n<li>20h00 : d\u00e9but du\u00a0<strong>d\u00eener<\/strong>\u00a0\u00e0 table<\/li>\n<li>22h00 : cl\u00f4ture de l&rsquo;\u00e9v\u00e8nement<\/li>\n<\/ul>\n<div class=\"flex flex-col text-sm\">\n<section class=\"text-token-text-primary w-full focus:outline-none [--shadow-height:45px] has-data-writing-block:pointer-events-none has-data-writing-block:-mt-(--shadow-height) has-data-writing-block:pt-(--shadow-height) [&amp;:has([data-writing-block])&gt;*]:pointer-events-auto scroll-mt-[calc(var(--header-height)+min(200px,max(70px,20svh)))]\" dir=\"auto\" data-turn-id=\"request-WEB:ae0158ff-7371-49a5-98e7-f78cf431e9ed-2\" data-testid=\"conversation-turn-6\" data-scroll-anchor=\"true\" data-turn=\"assistant\">\n<div class=\"text-base my-auto mx-auto pb-10 [--thread-content-margin:var(--thread-content-margin-xs,calc(var(--spacing)*4))] @w-sm\/main:[--thread-content-margin:var(--thread-content-margin-sm,calc(var(--spacing)*6))] @w-lg\/main:[--thread-content-margin:var(--thread-content-margin-lg,calc(var(--spacing)*16))] px-(--thread-content-margin)\">\n<div class=\"[--thread-content-max-width:40rem] @w-lg\/main:[--thread-content-max-width:48rem] mx-auto max-w-(--thread-content-max-width) flex-1 group\/turn-messages focus-visible:outline-hidden relative flex w-full min-w-0 flex-col agent-turn\">\n<div class=\"flex max-w-full flex-col gap-4 grow\">\n<div class=\"min-h-8 text-message relative flex w-full flex-col items-end gap-2 text-start break-words whitespace-normal outline-none keyboard-focused:focus-ring [.text-message+&amp;]:mt-1\" dir=\"auto\" tabindex=\"0\" data-message-author-role=\"assistant\" data-message-id=\"453fba02-a383-4a3a-9f09-433d67979734\" data-message-model-slug=\"gpt-5-3\" data-turn-start-message=\"true\">\n<div class=\"flex w-full flex-col gap-1 empty:hidden\"><\/div>\n<\/div>\n<\/div>\n<div class=\"z-0 flex min-h-[46px] justify-start\">\n<div class=\"flex max-w-full flex-col gap-4 grow\">\n<div class=\"min-h-8 text-message relative flex w-full flex-col items-end gap-2 text-start break-words whitespace-normal outline-none keyboard-focused:focus-ring [.text-message+&amp;]:mt-1\" dir=\"auto\" tabindex=\"0\" data-message-author-role=\"assistant\" data-message-id=\"453fba02-a383-4a3a-9f09-433d67979734\" data-message-model-slug=\"gpt-5-3\" data-turn-start-message=\"true\">\n<div class=\"flex w-full flex-col gap-1 empty:hidden\">\n<div class=\"markdown prose dark:prose-invert w-full wrap-break-word light markdown-new-styling\">\n<p data-start=\"0\" data-end=\"326\" data-is-last-node=\"\" data-is-only-node=\"\">Pour cette \u00e9dition, le produit c\u00e9l\u00e9br\u00e9 est un joyau de la gastronomie fran\u00e7aise : les produits de la mer de la famille Giol Tamaris et p\u00eacheur local<\/p>\n<p data-start=\"0\" data-end=\"326\" data-is-last-node=\"\" data-is-only-node=\"\">Il sera sublim\u00e9 \u00e0 travers un menu imagin\u00e9 et r\u00e9alis\u00e9\u00a0 mettant en valeur toute la richesse, la finesse et le caract\u00e8re unique de ces produits d&rsquo;exception.<\/p>\n<\/div>\n<\/div>\n<\/div>\n<\/div>\n<\/div>\n<\/div>\n<\/div>\n<\/section>\n<\/div>\n<p data-start=\"714\" data-end=\"1055\">Nous proposons une s\u00e9lection de cuv\u00e9es issues de la gamme <a href=\"https:\/\/www.chateausaintemarguerite.com\/cru-classe-provence\/vins-cuvee-fantastique\/\" target=\"_blank\" rel=\"noopener\"><strong data-start=\"969\" data-end=\"989\">Les Fantastiques <\/strong><\/a>\u00a0choisies avec soin afin de cr\u00e9er des accords mets et vins harmonieux, r\u00e9v\u00e9lant toute la richesse des saveurs.<\/p>\n<p data-start=\"714\" data-end=\"1055\">Cette <a href=\"https:\/\/www.chateausaintemarguerite.com\/cru-classe-provence\/experiences\/\" target=\"_blank\" rel=\"noopener\">exp\u00e9rience<\/a> est une parenth\u00e8se gourmande et authentique pour red\u00e9couvrir les talents et les produits de notre terroir.<\/p>\n<p>&nbsp;<\/p>\n<\/div>\n<\/div>\n<\/div>\n<\/div>\n<\/div>\n<\/div>\n<\/article>\n<\/div>\n","protected":false},"featured_media":401655,"template":"","meta":{"inline_featured_image":false},"product_brand":[],"product_cat":[96,54],"product_tag":[118,116],"class_list":{"0":"post-400143","1":"product","2":"type-product","3":"status-publish","4":"has-post-thumbnail","6":"product_cat-ateliers-culinaires","7":"product_cat-experiences","8":"product_tag-accord-mets-vins","9":"product_tag-chef-ribeyron","10":"product_shipping_class-experiences-no-shipping","12":"first","13":"instock","14":"virtual","15":"sold-individually","16":"taxable","17":"purchasable","18":"product-type-booking"},"booking_location":"","booking_location_type":"","booking_duration":1,"booking_duration_unit":"day","booking_buffer":0,"booking_cost":95,"booking_resources":[],"acf":[],"yoast_head":"<!-- This site is optimized with the Yoast SEO plugin v27.1.1 - https:\/\/yoast.com\/product\/yoast-seo-wordpress\/ -->\n<title>Terroir d&#039;exception autour des produits de la mer<\/title>\n<meta name=\"description\" content=\"Terroir d\u2019exception \u2013troisi\u00e8me \u00e9dition, une s\u00e9rie de d\u00eeners mensuels autour de produits s\u00e9lectionn\u00e9s \u00e0 savourer au Ch\u00e2teau Sainte Marguerite.\" \/>\n<meta name=\"robots\" content=\"index, follow, max-snippet:-1, max-image-preview:large, max-video-preview:-1\" \/>\n<link rel=\"canonical\" href=\"https:\/\/www.chateausaintemarguerite.com\/en\/vins-de-provence\/terroir-dexception-autour-des-produits-de-la-mer\/\" \/>\n<meta property=\"og:locale\" content=\"en_US\" \/>\n<meta property=\"og:type\" content=\"article\" \/>\n<meta property=\"og:title\" content=\"Terroir d&#039;exception autour des produits de la mer\" \/>\n<meta property=\"og:description\" content=\"Terroir d\u2019exception \u2013troisi\u00e8me \u00e9dition, une s\u00e9rie de d\u00eeners mensuels autour de produits s\u00e9lectionn\u00e9s \u00e0 savourer au Ch\u00e2teau Sainte Marguerite.\" \/>\n<meta property=\"og:url\" content=\"https:\/\/www.chateausaintemarguerite.com\/en\/vins-de-provence\/terroir-dexception-autour-des-produits-de-la-mer\/\" \/>\n<meta property=\"og:site_name\" content=\"Ch\u00e2teau Sainte Marguerite\" \/>\n<meta property=\"article:publisher\" content=\"https:\/\/fr-fr.facebook.com\/Chateausaintemarguerite\/\" \/>\n<meta property=\"article:modified_time\" content=\"2026-04-29T14:55:55+00:00\" \/>\n<meta property=\"og:image\" content=\"https:\/\/www.chateausaintemarguerite.com\/wp-content\/uploads\/2026\/04\/photo-2025-12-30-14-28-56.jpg\" \/>\n\t<meta property=\"og:image:width\" content=\"1600\" \/>\n\t<meta property=\"og:image:height\" content=\"1068\" \/>\n\t<meta property=\"og:image:type\" content=\"image\/jpeg\" \/>\n<meta name=\"twitter:card\" content=\"summary_large_image\" \/>\n<meta name=\"twitter:label1\" content=\"Est. reading time\" \/>\n\t<meta name=\"twitter:data1\" content=\"2 minutes\" \/>\n<script type=\"application\/ld+json\" class=\"yoast-schema-graph\">{\"@context\":\"https:\/\/schema.org\",\"@graph\":[{\"@type\":\"WebPage\",\"@id\":\"https:\/\/www.chateausaintemarguerite.com\/vins-de-provence\/terroir-dexception-autour-des-produits-de-la-mer\/\",\"url\":\"https:\/\/www.chateausaintemarguerite.com\/vins-de-provence\/terroir-dexception-autour-des-produits-de-la-mer\/\",\"name\":\"Terroir d'exception autour des produits de la mer\",\"isPartOf\":{\"@id\":\"https:\/\/www.chateausaintemarguerite.com\/#website\"},\"primaryImageOfPage\":{\"@id\":\"https:\/\/www.chateausaintemarguerite.com\/vins-de-provence\/terroir-dexception-autour-des-produits-de-la-mer\/#primaryimage\"},\"image\":{\"@id\":\"https:\/\/www.chateausaintemarguerite.com\/vins-de-provence\/terroir-dexception-autour-des-produits-de-la-mer\/#primaryimage\"},\"thumbnailUrl\":\"https:\/\/www.chateausaintemarguerite.com\/wp-content\/uploads\/2026\/04\/photo-2025-12-30-14-28-56.jpg\",\"datePublished\":\"2026-04-27T14:35:14+00:00\",\"dateModified\":\"2026-04-29T14:55:55+00:00\",\"description\":\"Terroir d\u2019exception \u2013troisi\u00e8me \u00e9dition, une s\u00e9rie de d\u00eeners mensuels autour de produits s\u00e9lectionn\u00e9s \u00e0 savourer au Ch\u00e2teau Sainte Marguerite.\",\"breadcrumb\":{\"@id\":\"https:\/\/www.chateausaintemarguerite.com\/vins-de-provence\/terroir-dexception-autour-des-produits-de-la-mer\/#breadcrumb\"},\"inLanguage\":\"en-US\",\"potentialAction\":[{\"@type\":\"ReadAction\",\"target\":[\"https:\/\/www.chateausaintemarguerite.com\/vins-de-provence\/terroir-dexception-autour-des-produits-de-la-mer\/\"]}]},{\"@type\":\"ImageObject\",\"inLanguage\":\"en-US\",\"@id\":\"https:\/\/www.chateausaintemarguerite.com\/vins-de-provence\/terroir-dexception-autour-des-produits-de-la-mer\/#primaryimage\",\"url\":\"https:\/\/www.chateausaintemarguerite.com\/wp-content\/uploads\/2026\/04\/photo-2025-12-30-14-28-56.jpg\",\"contentUrl\":\"https:\/\/www.chateausaintemarguerite.com\/wp-content\/uploads\/2026\/04\/photo-2025-12-30-14-28-56.jpg\",\"width\":1600,\"height\":1068,\"caption\":\"photo-2025-12-30-14-28-56\"},{\"@type\":\"BreadcrumbList\",\"@id\":\"https:\/\/www.chateausaintemarguerite.com\/vins-de-provence\/terroir-dexception-autour-des-produits-de-la-mer\/#breadcrumb\",\"itemListElement\":[{\"@type\":\"ListItem\",\"position\":1,\"name\":\"Accueil\",\"item\":\"https:\/\/www.chateausaintemarguerite.com\/\"},{\"@type\":\"ListItem\",\"position\":2,\"name\":\"Boutique\",\"item\":\"https:\/\/www.chateausaintemarguerite.com\/vins-de-provence\/\"},{\"@type\":\"ListItem\",\"position\":3,\"name\":\"Exp\u00e9riences\",\"item\":\"https:\/\/www.chateausaintemarguerite.com\/cru-classe-provence\/experiences\/\"},{\"@type\":\"ListItem\",\"position\":4,\"name\":\"Ateliers\",\"item\":\"https:\/\/www.chateausaintemarguerite.com\/cru-classe-provence\/experiences\/ateliers-culinaires\/\"},{\"@type\":\"ListItem\",\"position\":5,\"name\":\"Terroir d&rsquo;exception autour des produits de la mer\"}]},{\"@type\":\"WebSite\",\"@id\":\"https:\/\/www.chateausaintemarguerite.com\/#website\",\"url\":\"https:\/\/www.chateausaintemarguerite.com\/\",\"name\":\"Ch\u00e2teau Sainte Marguerite\",\"description\":\"Vins de Provence\",\"publisher\":{\"@id\":\"https:\/\/www.chateausaintemarguerite.com\/#organization\"},\"potentialAction\":[{\"@type\":\"SearchAction\",\"target\":{\"@type\":\"EntryPoint\",\"urlTemplate\":\"https:\/\/www.chateausaintemarguerite.com\/?s={search_term_string}\"},\"query-input\":{\"@type\":\"PropertyValueSpecification\",\"valueRequired\":true,\"valueName\":\"search_term_string\"}}],\"inLanguage\":\"en-US\"},{\"@type\":\"Organization\",\"@id\":\"https:\/\/www.chateausaintemarguerite.com\/#organization\",\"name\":\"Ch\u00e2teau Sainte Marguerite\",\"url\":\"https:\/\/www.chateausaintemarguerite.com\/\",\"logo\":{\"@type\":\"ImageObject\",\"inLanguage\":\"en-US\",\"@id\":\"https:\/\/www.chateausaintemarguerite.com\/#\/schema\/logo\/image\/\",\"url\":\"https:\/\/www.chateausaintemarguerite.com\/wp-content\/uploads\/2021\/01\/LogoCSM_1600.png\",\"contentUrl\":\"https:\/\/www.chateausaintemarguerite.com\/wp-content\/uploads\/2021\/01\/LogoCSM_1600.png\",\"width\":2560,\"height\":1257,\"caption\":\"Ch\u00e2teau Sainte Marguerite\"},\"image\":{\"@id\":\"https:\/\/www.chateausaintemarguerite.com\/#\/schema\/logo\/image\/\"},\"sameAs\":[\"https:\/\/fr-fr.facebook.com\/Chateausaintemarguerite\/\",\"https:\/\/www.instagram.com\/chateausaintemarguerite\/?hl=fr\",\"https:\/\/www.youtube.com\/channel\/UC0WoRvE6wQi_9J8WZg27vwA\"]}]}<\/script>\n<!-- \/ Yoast SEO plugin. -->","yoast_head_json":{"title":"Terroir d'exception autour des produits de la mer","description":"Terroir d\u2019exception \u2013troisi\u00e8me \u00e9dition, une s\u00e9rie de d\u00eeners mensuels autour de produits s\u00e9lectionn\u00e9s \u00e0 savourer au Ch\u00e2teau Sainte Marguerite.","robots":{"index":"index","follow":"follow","max-snippet":"max-snippet:-1","max-image-preview":"max-image-preview:large","max-video-preview":"max-video-preview:-1"},"canonical":"https:\/\/www.chateausaintemarguerite.com\/en\/vins-de-provence\/terroir-dexception-autour-des-produits-de-la-mer\/","og_locale":"en_US","og_type":"article","og_title":"Terroir d'exception autour des produits de la mer","og_description":"Terroir d\u2019exception \u2013troisi\u00e8me \u00e9dition, une s\u00e9rie de d\u00eeners mensuels autour de produits s\u00e9lectionn\u00e9s \u00e0 savourer au Ch\u00e2teau Sainte Marguerite.","og_url":"https:\/\/www.chateausaintemarguerite.com\/en\/vins-de-provence\/terroir-dexception-autour-des-produits-de-la-mer\/","og_site_name":"Ch\u00e2teau Sainte Marguerite","article_publisher":"https:\/\/fr-fr.facebook.com\/Chateausaintemarguerite\/","article_modified_time":"2026-04-29T14:55:55+00:00","og_image":[{"width":1600,"height":1068,"url":"https:\/\/www.chateausaintemarguerite.com\/wp-content\/uploads\/2026\/04\/photo-2025-12-30-14-28-56.jpg","type":"image\/jpeg"}],"twitter_card":"summary_large_image","twitter_misc":{"Est. reading time":"2 minutes"},"schema":{"@context":"https:\/\/schema.org","@graph":[{"@type":"WebPage","@id":"https:\/\/www.chateausaintemarguerite.com\/vins-de-provence\/terroir-dexception-autour-des-produits-de-la-mer\/","url":"https:\/\/www.chateausaintemarguerite.com\/vins-de-provence\/terroir-dexception-autour-des-produits-de-la-mer\/","name":"Terroir d'exception autour des produits de la mer","isPartOf":{"@id":"https:\/\/www.chateausaintemarguerite.com\/#website"},"primaryImageOfPage":{"@id":"https:\/\/www.chateausaintemarguerite.com\/vins-de-provence\/terroir-dexception-autour-des-produits-de-la-mer\/#primaryimage"},"image":{"@id":"https:\/\/www.chateausaintemarguerite.com\/vins-de-provence\/terroir-dexception-autour-des-produits-de-la-mer\/#primaryimage"},"thumbnailUrl":"https:\/\/www.chateausaintemarguerite.com\/wp-content\/uploads\/2026\/04\/photo-2025-12-30-14-28-56.jpg","datePublished":"2026-04-27T14:35:14+00:00","dateModified":"2026-04-29T14:55:55+00:00","description":"Terroir d\u2019exception \u2013troisi\u00e8me \u00e9dition, une s\u00e9rie de d\u00eeners mensuels autour de produits s\u00e9lectionn\u00e9s \u00e0 savourer au Ch\u00e2teau Sainte Marguerite.","breadcrumb":{"@id":"https:\/\/www.chateausaintemarguerite.com\/vins-de-provence\/terroir-dexception-autour-des-produits-de-la-mer\/#breadcrumb"},"inLanguage":"en-US","potentialAction":[{"@type":"ReadAction","target":["https:\/\/www.chateausaintemarguerite.com\/vins-de-provence\/terroir-dexception-autour-des-produits-de-la-mer\/"]}]},{"@type":"ImageObject","inLanguage":"en-US","@id":"https:\/\/www.chateausaintemarguerite.com\/vins-de-provence\/terroir-dexception-autour-des-produits-de-la-mer\/#primaryimage","url":"https:\/\/www.chateausaintemarguerite.com\/wp-content\/uploads\/2026\/04\/photo-2025-12-30-14-28-56.jpg","contentUrl":"https:\/\/www.chateausaintemarguerite.com\/wp-content\/uploads\/2026\/04\/photo-2025-12-30-14-28-56.jpg","width":1600,"height":1068,"caption":"photo-2025-12-30-14-28-56"},{"@type":"BreadcrumbList","@id":"https:\/\/www.chateausaintemarguerite.com\/vins-de-provence\/terroir-dexception-autour-des-produits-de-la-mer\/#breadcrumb","itemListElement":[{"@type":"ListItem","position":1,"name":"Accueil","item":"https:\/\/www.chateausaintemarguerite.com\/"},{"@type":"ListItem","position":2,"name":"Boutique","item":"https:\/\/www.chateausaintemarguerite.com\/vins-de-provence\/"},{"@type":"ListItem","position":3,"name":"Exp\u00e9riences","item":"https:\/\/www.chateausaintemarguerite.com\/cru-classe-provence\/experiences\/"},{"@type":"ListItem","position":4,"name":"Ateliers","item":"https:\/\/www.chateausaintemarguerite.com\/cru-classe-provence\/experiences\/ateliers-culinaires\/"},{"@type":"ListItem","position":5,"name":"Terroir d&rsquo;exception autour des produits de la mer"}]},{"@type":"WebSite","@id":"https:\/\/www.chateausaintemarguerite.com\/#website","url":"https:\/\/www.chateausaintemarguerite.com\/","name":"Ch\u00e2teau Sainte Marguerite","description":"Provence wines","publisher":{"@id":"https:\/\/www.chateausaintemarguerite.com\/#organization"},"potentialAction":[{"@type":"SearchAction","target":{"@type":"EntryPoint","urlTemplate":"https:\/\/www.chateausaintemarguerite.com\/?s={search_term_string}"},"query-input":{"@type":"PropertyValueSpecification","valueRequired":true,"valueName":"search_term_string"}}],"inLanguage":"en-US"},{"@type":"Organization","@id":"https:\/\/www.chateausaintemarguerite.com\/#organization","name":"Ch\u00e2teau Sainte Marguerite","url":"https:\/\/www.chateausaintemarguerite.com\/","logo":{"@type":"ImageObject","inLanguage":"en-US","@id":"https:\/\/www.chateausaintemarguerite.com\/#\/schema\/logo\/image\/","url":"https:\/\/www.chateausaintemarguerite.com\/wp-content\/uploads\/2021\/01\/LogoCSM_1600.png","contentUrl":"https:\/\/www.chateausaintemarguerite.com\/wp-content\/uploads\/2021\/01\/LogoCSM_1600.png","width":2560,"height":1257,"caption":"Ch\u00e2teau Sainte Marguerite"},"image":{"@id":"https:\/\/www.chateausaintemarguerite.com\/#\/schema\/logo\/image\/"},"sameAs":["https:\/\/fr-fr.facebook.com\/Chateausaintemarguerite\/","https:\/\/www.instagram.com\/chateausaintemarguerite\/?hl=fr","https:\/\/www.youtube.com\/channel\/UC0WoRvE6wQi_9J8WZg27vwA"]}]}},"_links":{"self":[{"href":"https:\/\/www.chateausaintemarguerite.com\/en\/wp-json\/wp\/v2\/product\/400143","targetHints":{"allow":["GET"]}}],"collection":[{"href":"https:\/\/www.chateausaintemarguerite.com\/en\/wp-json\/wp\/v2\/product"}],"about":[{"href":"https:\/\/www.chateausaintemarguerite.com\/en\/wp-json\/wp\/v2\/types\/product"}],"wp:featuredmedia":[{"embeddable":true,"href":"https:\/\/www.chateausaintemarguerite.com\/en\/wp-json\/wp\/v2\/media\/401655"}],"wp:attachment":[{"href":"https:\/\/www.chateausaintemarguerite.com\/en\/wp-json\/wp\/v2\/media?parent=400143"}],"wp:term":[{"taxonomy":"product_brand","embeddable":true,"href":"https:\/\/www.chateausaintemarguerite.com\/en\/wp-json\/wp\/v2\/product_brand?post=400143"},{"taxonomy":"product_cat","embeddable":true,"href":"https:\/\/www.chateausaintemarguerite.com\/en\/wp-json\/wp\/v2\/product_cat?post=400143"},{"taxonomy":"product_tag","embeddable":true,"href":"https:\/\/www.chateausaintemarguerite.com\/en\/wp-json\/wp\/v2\/product_tag?post=400143"}],"curies":[{"name":"wp","href":"https:\/\/api.w.org\/{rel}","templated":true}]}}