{"id":372206,"date":"2026-04-10T16:38:29","date_gmt":"2026-04-10T14:38:29","guid":{"rendered":"https:\/\/www.chateausaintemarguerite.com\/?post_type=product&#038;p=372206"},"modified":"2026-04-10T16:39:02","modified_gmt":"2026-04-10T14:39:02","slug":"marguerite-revisite-le-brunch","status":"publish","type":"product","link":"https:\/\/www.chateausaintemarguerite.com\/en\/vins-de-provence\/marguerite-revisite-le-brunch\/","title":{"rendered":"Marguerite revisits brunch"},"content":{"rendered":"<div class=\"flex max-w-full flex-col gap-4 grow\">\n<div class=\"min-h-8 text-message relative flex w-full flex-col items-end gap-2 text-start break-words whitespace-normal outline-none keyboard-focused:focus-ring [.text-message+&amp;]:mt-1\" dir=\"auto\" tabindex=\"0\" data-message-author-role=\"assistant\" data-message-id=\"cedd1a61-13b8-4b30-b1ae-fa5ef37864b6\" data-message-model-slug=\"gpt-5-3\" data-turn-start-message=\"true\">\n<div class=\"flex w-full flex-col gap-1 empty:hidden\">\n<div class=\"markdown prose dark:prose-invert w-full wrap-break-word light markdown-new-styling\">\n<p data-start=\"81\" data-end=\"188\">Au Ch\u00e2teau Sainte Marguerite, profitez d\u2019un<a href=\"https:\/\/www.chateausaintemarguerite.com\/le-brunch-du-chateau-sainte-marguerite\/\"> brunch d\u2019exception<\/a> m\u00ealant gastronomie et d\u00e9couverte du domaine.<\/p>\n<p data-start=\"190\" data-end=\"472\"><strong data-start=\"190\" data-end=\"208\">Au programme :<\/strong><br data-start=\"208\" data-end=\"211\" \/>Accueil au domaine \u00e0 10h00, suivi d\u2019une<a href=\"https:\/\/www.chateausaintemarguerite.com\/vins-de-provence\/visite-du-domaine\/\"> visite<\/a> guid\u00e9e du vignoble et des chais \u00e0 10h30.<br data-start=\"298\" data-end=\"301\" \/>Prolongez l\u2019exp\u00e9rience avec un brunch premium compos\u00e9 de 10 cr\u00e9ations sucr\u00e9es et sal\u00e9es, imagin\u00e9es par le chef Christophe Ribeyron, en accord avec notre cuv\u00e9e<strong><a href=\"https:\/\/www.chateausaintemarguerite.com\/cru-classe-provence\/vins-cuvee-fantastique\/\"> Fantastique<\/a>.<\/strong><\/p>\n<p data-start=\"474\" data-end=\"592\">Un moment privil\u00e9gi\u00e9 pour d\u00e9couvrir notre savoir-faire culinaire et viticole dans un cadre unique, au c\u0153ur des vignes.<\/p>\n<p data-start=\"594\" data-end=\"659\"><strong data-start=\"594\" data-end=\"606\">Tarifs :<\/strong><br data-start=\"606\" data-end=\"609\" \/>69 \u20ac TTC \/ adulte<br data-start=\"626\" data-end=\"629\" \/>35 \u20ac TTC \/ enfant (6 \u00e0 12 ans)<\/p>\n<p data-start=\"661\" data-end=\"707\" data-is-last-node=\"\" data-is-only-node=\"\"><strong data-start=\"661\" data-end=\"707\" data-is-last-node=\"\">Places limit\u00e9es \u2013 R\u00e9servation recommand\u00e9e.<\/strong><\/p>\n<\/div>\n<\/div>\n<\/div>\n<\/div>\n<div class=\"z-0 flex min-h-[46px] justify-start\"><\/div>\n<div class=\"mt-3 w-full empty:hidden\">\n<div class=\"text-center\">\n<div>\n<div class=\"inline-flex border border-gray-100 dark:border-gray-700 rounded-xl\">\n<div class=\"bg-token-main-surface-tertiary w-px flex-1 self-stretch\"><\/div>\n<\/div>\n<\/div>\n<\/div>\n<\/div>\n<p><em>Toute annulation ou modification concernant le nombre de personnes r\u00e9serv\u00e9es pour le brunch pourra \u00eatre effectu\u00e9e jusqu\u2019\u00e0 <strong>48 heures avant la date pr\u00e9vue<\/strong>. Pass\u00e9 ce d\u00e9lai, aucune modification ne pourra \u00eatre accept\u00e9e et la prestation restera <strong>due en totalit\u00e9<\/strong>, afin de garantir une organisation optimale pour notre chef<\/em><\/p>\n","protected":false},"excerpt":{"rendered":"<div class=\"flex max-w-full flex-col gap-4 grow\">\n<div class=\"min-h-8 text-message relative flex w-full flex-col items-end gap-2 text-start break-words whitespace-normal outline-none keyboard-focused:focus-ring [.text-message+&amp;]:mt-1\" dir=\"auto\" tabindex=\"0\" data-message-author-role=\"assistant\" data-message-id=\"cedd1a61-13b8-4b30-b1ae-fa5ef37864b6\" data-message-model-slug=\"gpt-5-3\" data-turn-start-message=\"true\">\n<div class=\"flex w-full flex-col gap-1 empty:hidden\">\n<div class=\"markdown prose dark:prose-invert w-full wrap-break-word light markdown-new-styling\">\n<div class=\"flex max-w-full flex-col gap-4 grow\">\n<div class=\"min-h-8 text-message relative flex w-full flex-col items-end gap-2 text-start break-words whitespace-normal outline-none keyboard-focused:focus-ring [.text-message+&amp;]:mt-1\" dir=\"auto\" tabindex=\"0\" data-message-author-role=\"assistant\" data-message-id=\"cedd1a61-13b8-4b30-b1ae-fa5ef37864b6\" data-message-model-slug=\"gpt-5-3\" data-turn-start-message=\"true\">\n<div class=\"flex w-full flex-col gap-1 empty:hidden\">\n<div class=\"markdown prose dark:prose-invert w-full wrap-break-word light markdown-new-styling\">\n<p data-start=\"81\" data-end=\"188\">Au Ch\u00e2teau Sainte Marguerite, profitez d\u2019un<a href=\"https:\/\/www.chateausaintemarguerite.com\/le-brunch-du-chateau-sainte-marguerite\/\"> brunch d\u2019exception<\/a> m\u00ealant gastronomie et d\u00e9couverte du domaine.<\/p>\n<p data-start=\"190\" data-end=\"472\"><strong data-start=\"190\" data-end=\"208\">Au programme :<\/strong><br data-start=\"208\" data-end=\"211\" \/>Accueil au domaine \u00e0 10h00, suivi d\u2019une<a href=\"https:\/\/www.chateausaintemarguerite.com\/vins-de-provence\/visite-du-domaine\/\"> visite<\/a> guid\u00e9e du vignoble et des chais \u00e0 10h30.<br data-start=\"298\" data-end=\"301\" \/>Prolongez l\u2019exp\u00e9rience avec un brunch premium compos\u00e9 de 10 cr\u00e9ations sucr\u00e9es et sal\u00e9es, imagin\u00e9es par le chef Christophe Ribeyron, en accord avec notre cuv\u00e9e<strong><a href=\"https:\/\/www.chateausaintemarguerite.com\/cru-classe-provence\/vins-cuvee-fantastique\/\"> Fantastique<\/a>.<\/strong><\/p>\n<p data-start=\"474\" data-end=\"592\">Un moment privil\u00e9gi\u00e9 pour d\u00e9couvrir notre savoir-faire culinaire et viticole dans un cadre unique, au c\u0153ur des vignes.<\/p>\n<p data-start=\"594\" data-end=\"659\"><strong data-start=\"594\" data-end=\"606\">Tarifs :<\/strong><br data-start=\"606\" data-end=\"609\" \/>69 \u20ac TTC \/ adulte<br data-start=\"626\" data-end=\"629\" \/>35 \u20ac TTC \/ enfant (6 \u00e0 12 ans)<\/p>\n<p data-start=\"661\" data-end=\"707\" data-is-last-node=\"\" data-is-only-node=\"\"><strong data-start=\"661\" data-end=\"707\" data-is-last-node=\"\">Places limit\u00e9es \u2013 R\u00e9servation recommand\u00e9e.<\/strong><\/p>\n<\/div>\n<\/div>\n<\/div>\n<\/div>\n<div class=\"z-0 flex min-h-[46px] justify-start\"><\/div>\n<div class=\"mt-3 w-full empty:hidden\">\n<div class=\"text-center\">\n<div>\n<div class=\"inline-flex border border-gray-100 dark:border-gray-700 rounded-xl\">\n<div class=\"bg-token-main-surface-tertiary w-px flex-1 self-stretch\"><\/div>\n<\/div>\n<\/div>\n<\/div>\n<\/div>\n<p><em>Toute annulation ou modification concernant le nombre de personnes r\u00e9serv\u00e9es pour le brunch pourra \u00eatre effectu\u00e9e jusqu\u2019\u00e0 <strong>48 heures avant la date pr\u00e9vue<\/strong>. Pass\u00e9 ce d\u00e9lai, aucune modification ne pourra \u00eatre accept\u00e9e et la prestation restera <strong>due en totalit\u00e9<\/strong>, afin de garantir une organisation optimale pour notre chef<\/em><\/p>\n<\/div>\n<\/div>\n<\/div>\n<\/div>\n","protected":false},"featured_media":342587,"template":"","meta":{"inline_featured_image":false},"product_brand":[],"product_cat":[54],"product_tag":[],"class_list":{"0":"post-372206","1":"product","2":"type-product","3":"status-publish","4":"has-post-thumbnail","6":"product_cat-experiences","7":"product_shipping_class-experiences-no-shipping","9":"first","10":"instock","11":"virtual","12":"sold-individually","13":"taxable","14":"purchasable","15":"product-type-booking"},"booking_location":"","booking_location_type":"","booking_duration":1,"booking_duration_unit":"day","booking_buffer":0,"booking_cost":0,"booking_resources":[],"acf":[],"yoast_head":"<!-- This site is optimized with the Yoast SEO plugin v27.1.1 - https:\/\/yoast.com\/product\/yoast-seo-wordpress\/ -->\n<title>Marguerite revisite le brunch - Ch\u00e2teau Sainte Marguerite<\/title>\n<meta name=\"description\" content=\"R\u00e9servez votre Brunch d&#039;exception au Ch\u00e2teau Sainte Marguerite. Visite des chais et Brunch Premium en accord avec notre cuv\u00e9e Fantastique\" \/>\n<meta name=\"robots\" content=\"index, follow, max-snippet:-1, max-image-preview:large, max-video-preview:-1\" \/>\n<link rel=\"canonical\" href=\"https:\/\/www.chateausaintemarguerite.com\/en\/vins-de-provence\/marguerite-revisite-le-brunch\/\" \/>\n<meta property=\"og:locale\" content=\"en_US\" \/>\n<meta property=\"og:type\" content=\"article\" \/>\n<meta property=\"og:title\" content=\"Marguerite revisite le brunch - Ch\u00e2teau Sainte Marguerite\" \/>\n<meta property=\"og:description\" content=\"R\u00e9servez votre Brunch d&#039;exception au Ch\u00e2teau Sainte Marguerite. Visite des chais et Brunch Premium en accord avec notre cuv\u00e9e Fantastique\" \/>\n<meta property=\"og:url\" content=\"https:\/\/www.chateausaintemarguerite.com\/en\/vins-de-provence\/marguerite-revisite-le-brunch\/\" \/>\n<meta property=\"og:site_name\" content=\"Ch\u00e2teau Sainte Marguerite\" \/>\n<meta property=\"article:publisher\" content=\"https:\/\/fr-fr.facebook.com\/Chateausaintemarguerite\/\" \/>\n<meta property=\"article:modified_time\" content=\"2026-04-10T14:39:02+00:00\" \/>\n<meta property=\"og:image\" content=\"http:\/\/www.chateausaintemarguerite.com\/wp-content\/uploads\/2024\/04\/chateau-sainte-marguerite-alexandre-vichot65-scaled.jpg\" \/>\n\t<meta property=\"og:image:width\" content=\"2560\" \/>\n\t<meta property=\"og:image:height\" content=\"1708\" \/>\n\t<meta property=\"og:image:type\" content=\"image\/jpeg\" \/>\n<meta name=\"twitter:card\" content=\"summary_large_image\" \/>\n<meta name=\"twitter:label1\" content=\"Est. reading time\" \/>\n\t<meta name=\"twitter:data1\" content=\"1 minute\" \/>\n<script type=\"application\/ld+json\" class=\"yoast-schema-graph\">{\"@context\":\"https:\/\/schema.org\",\"@graph\":[{\"@type\":\"WebPage\",\"@id\":\"https:\/\/www.chateausaintemarguerite.com\/vins-de-provence\/marguerite-revisite-le-brunch\/\",\"url\":\"https:\/\/www.chateausaintemarguerite.com\/vins-de-provence\/marguerite-revisite-le-brunch\/\",\"name\":\"Marguerite revisite le brunch - Ch\u00e2teau Sainte Marguerite\",\"isPartOf\":{\"@id\":\"https:\/\/www.chateausaintemarguerite.com\/#website\"},\"primaryImageOfPage\":{\"@id\":\"https:\/\/www.chateausaintemarguerite.com\/vins-de-provence\/marguerite-revisite-le-brunch\/#primaryimage\"},\"image\":{\"@id\":\"https:\/\/www.chateausaintemarguerite.com\/vins-de-provence\/marguerite-revisite-le-brunch\/#primaryimage\"},\"thumbnailUrl\":\"https:\/\/www.chateausaintemarguerite.com\/wp-content\/uploads\/2024\/04\/chateau-sainte-marguerite-alexandre-vichot65-scaled.jpg\",\"datePublished\":\"2026-04-10T14:38:29+00:00\",\"dateModified\":\"2026-04-10T14:39:02+00:00\",\"description\":\"R\u00e9servez votre Brunch d'exception au Ch\u00e2teau Sainte Marguerite. Visite des chais et Brunch Premium en accord avec notre cuv\u00e9e Fantastique\",\"breadcrumb\":{\"@id\":\"https:\/\/www.chateausaintemarguerite.com\/vins-de-provence\/marguerite-revisite-le-brunch\/#breadcrumb\"},\"inLanguage\":\"en-US\",\"potentialAction\":[{\"@type\":\"ReadAction\",\"target\":[\"https:\/\/www.chateausaintemarguerite.com\/vins-de-provence\/marguerite-revisite-le-brunch\/\"]}]},{\"@type\":\"ImageObject\",\"inLanguage\":\"en-US\",\"@id\":\"https:\/\/www.chateausaintemarguerite.com\/vins-de-provence\/marguerite-revisite-le-brunch\/#primaryimage\",\"url\":\"https:\/\/www.chateausaintemarguerite.com\/wp-content\/uploads\/2024\/04\/chateau-sainte-marguerite-alexandre-vichot65-scaled.jpg\",\"contentUrl\":\"https:\/\/www.chateausaintemarguerite.com\/wp-content\/uploads\/2024\/04\/chateau-sainte-marguerite-alexandre-vichot65-scaled.jpg\",\"width\":2560,\"height\":1708,\"caption\":\"chateau-sainte-marguerite-alexandre-vichot65\"},{\"@type\":\"BreadcrumbList\",\"@id\":\"https:\/\/www.chateausaintemarguerite.com\/vins-de-provence\/marguerite-revisite-le-brunch\/#breadcrumb\",\"itemListElement\":[{\"@type\":\"ListItem\",\"position\":1,\"name\":\"Accueil\",\"item\":\"https:\/\/www.chateausaintemarguerite.com\/\"},{\"@type\":\"ListItem\",\"position\":2,\"name\":\"Boutique\",\"item\":\"https:\/\/www.chateausaintemarguerite.com\/vins-de-provence\/\"},{\"@type\":\"ListItem\",\"position\":3,\"name\":\"Exp\u00e9riences\",\"item\":\"https:\/\/www.chateausaintemarguerite.com\/cru-classe-provence\/experiences\/\"},{\"@type\":\"ListItem\",\"position\":4,\"name\":\"Marguerite revisite le brunch\"}]},{\"@type\":\"WebSite\",\"@id\":\"https:\/\/www.chateausaintemarguerite.com\/#website\",\"url\":\"https:\/\/www.chateausaintemarguerite.com\/\",\"name\":\"Ch\u00e2teau Sainte Marguerite\",\"description\":\"Vins de Provence\",\"publisher\":{\"@id\":\"https:\/\/www.chateausaintemarguerite.com\/#organization\"},\"potentialAction\":[{\"@type\":\"SearchAction\",\"target\":{\"@type\":\"EntryPoint\",\"urlTemplate\":\"https:\/\/www.chateausaintemarguerite.com\/?s={search_term_string}\"},\"query-input\":{\"@type\":\"PropertyValueSpecification\",\"valueRequired\":true,\"valueName\":\"search_term_string\"}}],\"inLanguage\":\"en-US\"},{\"@type\":\"Organization\",\"@id\":\"https:\/\/www.chateausaintemarguerite.com\/#organization\",\"name\":\"Ch\u00e2teau Sainte Marguerite\",\"url\":\"https:\/\/www.chateausaintemarguerite.com\/\",\"logo\":{\"@type\":\"ImageObject\",\"inLanguage\":\"en-US\",\"@id\":\"https:\/\/www.chateausaintemarguerite.com\/#\/schema\/logo\/image\/\",\"url\":\"https:\/\/www.chateausaintemarguerite.com\/wp-content\/uploads\/2021\/01\/LogoCSM_1600.png\",\"contentUrl\":\"https:\/\/www.chateausaintemarguerite.com\/wp-content\/uploads\/2021\/01\/LogoCSM_1600.png\",\"width\":2560,\"height\":1257,\"caption\":\"Ch\u00e2teau Sainte Marguerite\"},\"image\":{\"@id\":\"https:\/\/www.chateausaintemarguerite.com\/#\/schema\/logo\/image\/\"},\"sameAs\":[\"https:\/\/fr-fr.facebook.com\/Chateausaintemarguerite\/\",\"https:\/\/www.instagram.com\/chateausaintemarguerite\/?hl=fr\",\"https:\/\/www.youtube.com\/channel\/UC0WoRvE6wQi_9J8WZg27vwA\"]}]}<\/script>\n<!-- \/ Yoast SEO plugin. -->","yoast_head_json":{"title":"Marguerite revisits brunch - Ch\u00e2teau Sainte Marguerite","description":"Book your exceptional Brunch at Ch\u00e2teau Sainte Marguerite. Visit the cellars and enjoy a Premium Brunch with our Cuv\u00e9e Fantastique.","robots":{"index":"index","follow":"follow","max-snippet":"max-snippet:-1","max-image-preview":"max-image-preview:large","max-video-preview":"max-video-preview:-1"},"canonical":"https:\/\/www.chateausaintemarguerite.com\/en\/vins-de-provence\/marguerite-revisite-le-brunch\/","og_locale":"en_US","og_type":"article","og_title":"Marguerite revisite le brunch - Ch\u00e2teau Sainte Marguerite","og_description":"R\u00e9servez votre Brunch d'exception au Ch\u00e2teau Sainte Marguerite. Visite des chais et Brunch Premium en accord avec notre cuv\u00e9e Fantastique","og_url":"https:\/\/www.chateausaintemarguerite.com\/en\/vins-de-provence\/marguerite-revisite-le-brunch\/","og_site_name":"Ch\u00e2teau Sainte Marguerite","article_publisher":"https:\/\/fr-fr.facebook.com\/Chateausaintemarguerite\/","article_modified_time":"2026-04-10T14:39:02+00:00","og_image":[{"width":2560,"height":1708,"url":"http:\/\/www.chateausaintemarguerite.com\/wp-content\/uploads\/2024\/04\/chateau-sainte-marguerite-alexandre-vichot65-scaled.jpg","type":"image\/jpeg"}],"twitter_card":"summary_large_image","twitter_misc":{"Est. reading time":"1 minute"},"schema":{"@context":"https:\/\/schema.org","@graph":[{"@type":"WebPage","@id":"https:\/\/www.chateausaintemarguerite.com\/vins-de-provence\/marguerite-revisite-le-brunch\/","url":"https:\/\/www.chateausaintemarguerite.com\/vins-de-provence\/marguerite-revisite-le-brunch\/","name":"Marguerite revisits brunch - Ch\u00e2teau Sainte Marguerite","isPartOf":{"@id":"https:\/\/www.chateausaintemarguerite.com\/#website"},"primaryImageOfPage":{"@id":"https:\/\/www.chateausaintemarguerite.com\/vins-de-provence\/marguerite-revisite-le-brunch\/#primaryimage"},"image":{"@id":"https:\/\/www.chateausaintemarguerite.com\/vins-de-provence\/marguerite-revisite-le-brunch\/#primaryimage"},"thumbnailUrl":"https:\/\/www.chateausaintemarguerite.com\/wp-content\/uploads\/2024\/04\/chateau-sainte-marguerite-alexandre-vichot65-scaled.jpg","datePublished":"2026-04-10T14:38:29+00:00","dateModified":"2026-04-10T14:39:02+00:00","description":"Book your exceptional Brunch at Ch\u00e2teau Sainte Marguerite. Visit the cellars and enjoy a Premium Brunch with our Cuv\u00e9e Fantastique.","breadcrumb":{"@id":"https:\/\/www.chateausaintemarguerite.com\/vins-de-provence\/marguerite-revisite-le-brunch\/#breadcrumb"},"inLanguage":"en-US","potentialAction":[{"@type":"ReadAction","target":["https:\/\/www.chateausaintemarguerite.com\/vins-de-provence\/marguerite-revisite-le-brunch\/"]}]},{"@type":"ImageObject","inLanguage":"en-US","@id":"https:\/\/www.chateausaintemarguerite.com\/vins-de-provence\/marguerite-revisite-le-brunch\/#primaryimage","url":"https:\/\/www.chateausaintemarguerite.com\/wp-content\/uploads\/2024\/04\/chateau-sainte-marguerite-alexandre-vichot65-scaled.jpg","contentUrl":"https:\/\/www.chateausaintemarguerite.com\/wp-content\/uploads\/2024\/04\/chateau-sainte-marguerite-alexandre-vichot65-scaled.jpg","width":2560,"height":1708,"caption":"chateau-sainte-marguerite-alexandre-vichot65"},{"@type":"BreadcrumbList","@id":"https:\/\/www.chateausaintemarguerite.com\/vins-de-provence\/marguerite-revisite-le-brunch\/#breadcrumb","itemListElement":[{"@type":"ListItem","position":1,"name":"Accueil","item":"https:\/\/www.chateausaintemarguerite.com\/"},{"@type":"ListItem","position":2,"name":"Boutique","item":"https:\/\/www.chateausaintemarguerite.com\/vins-de-provence\/"},{"@type":"ListItem","position":3,"name":"Exp\u00e9riences","item":"https:\/\/www.chateausaintemarguerite.com\/cru-classe-provence\/experiences\/"},{"@type":"ListItem","position":4,"name":"Marguerite revisite le brunch"}]},{"@type":"WebSite","@id":"https:\/\/www.chateausaintemarguerite.com\/#website","url":"https:\/\/www.chateausaintemarguerite.com\/","name":"Ch\u00e2teau Sainte Marguerite","description":"Provence wines","publisher":{"@id":"https:\/\/www.chateausaintemarguerite.com\/#organization"},"potentialAction":[{"@type":"SearchAction","target":{"@type":"EntryPoint","urlTemplate":"https:\/\/www.chateausaintemarguerite.com\/?s={search_term_string}"},"query-input":{"@type":"PropertyValueSpecification","valueRequired":true,"valueName":"search_term_string"}}],"inLanguage":"en-US"},{"@type":"Organization","@id":"https:\/\/www.chateausaintemarguerite.com\/#organization","name":"Ch\u00e2teau Sainte Marguerite","url":"https:\/\/www.chateausaintemarguerite.com\/","logo":{"@type":"ImageObject","inLanguage":"en-US","@id":"https:\/\/www.chateausaintemarguerite.com\/#\/schema\/logo\/image\/","url":"https:\/\/www.chateausaintemarguerite.com\/wp-content\/uploads\/2021\/01\/LogoCSM_1600.png","contentUrl":"https:\/\/www.chateausaintemarguerite.com\/wp-content\/uploads\/2021\/01\/LogoCSM_1600.png","width":2560,"height":1257,"caption":"Ch\u00e2teau Sainte Marguerite"},"image":{"@id":"https:\/\/www.chateausaintemarguerite.com\/#\/schema\/logo\/image\/"},"sameAs":["https:\/\/fr-fr.facebook.com\/Chateausaintemarguerite\/","https:\/\/www.instagram.com\/chateausaintemarguerite\/?hl=fr","https:\/\/www.youtube.com\/channel\/UC0WoRvE6wQi_9J8WZg27vwA"]}]}},"_links":{"self":[{"href":"https:\/\/www.chateausaintemarguerite.com\/en\/wp-json\/wp\/v2\/product\/372206","targetHints":{"allow":["GET"]}}],"collection":[{"href":"https:\/\/www.chateausaintemarguerite.com\/en\/wp-json\/wp\/v2\/product"}],"about":[{"href":"https:\/\/www.chateausaintemarguerite.com\/en\/wp-json\/wp\/v2\/types\/product"}],"wp:featuredmedia":[{"embeddable":true,"href":"https:\/\/www.chateausaintemarguerite.com\/en\/wp-json\/wp\/v2\/media\/342587"}],"wp:attachment":[{"href":"https:\/\/www.chateausaintemarguerite.com\/en\/wp-json\/wp\/v2\/media?parent=372206"}],"wp:term":[{"taxonomy":"product_brand","embeddable":true,"href":"https:\/\/www.chateausaintemarguerite.com\/en\/wp-json\/wp\/v2\/product_brand?post=372206"},{"taxonomy":"product_cat","embeddable":true,"href":"https:\/\/www.chateausaintemarguerite.com\/en\/wp-json\/wp\/v2\/product_cat?post=372206"},{"taxonomy":"product_tag","embeddable":true,"href":"https:\/\/www.chateausaintemarguerite.com\/en\/wp-json\/wp\/v2\/product_tag?post=372206"}],"curies":[{"name":"wp","href":"https:\/\/api.w.org\/{rel}","templated":true}]}}