{"id":3653,"date":"2022-01-03T11:36:36","date_gmt":"2022-01-03T10:36:36","guid":{"rendered":"https:\/\/www.chateausaintemarguerite.com\/?post_type=product&#038;p=3653"},"modified":"2024-08-28T08:28:12","modified_gmt":"2024-08-28T06:28:12","slug":"casquette-lxh-rose-2","status":"publish","type":"product","link":"https:\/\/www.chateausaintemarguerite.com\/en\/vins-de-provence\/casquette-lxh-rose-2\/","title":{"rendered":"CSM x LXH Cap Pink"},"content":{"rendered":"","protected":false},"excerpt":{"rendered":"<p class=\"csm_product-page_product-headline\">Pink LXH cap, limited edition<\/p>\n<p><strong>CURRENT OFFER :\u00a0<\/strong><strong>3 ROS\u00c9 2021 FANTASTIC CARTONS PURCHASED = 1 CSM x LXH CASQUETTE FREE WITH A VALUE OF \u20ac120! <a href=\"https:\/\/www.chateausaintemarguerite.com\/en\/vins-de-provence\/cuvee-fantastique-2021-vin-rose-provence\/\">Click here!<\/a><\/strong><\/p>","protected":false},"featured_media":3715,"template":"","meta":{"inline_featured_image":false},"product_brand":[],"product_cat":[43],"product_tag":[],"class_list":{"0":"post-3653","1":"product","2":"type-product","3":"status-publish","4":"has-post-thumbnail","6":"product_cat-accessoires-degustation","8":"first","9":"outofstock","10":"sold-individually","11":"taxable","12":"shipping-taxable","13":"purchasable","14":"product-type-simple"},"booking_location":null,"booking_location_type":null,"booking_duration":null,"booking_duration_unit":null,"booking_buffer":null,"booking_cost":null,"booking_resources":null,"acf":[],"yoast_head":"<!-- This site is optimized with the Yoast SEO plugin v27.1.1 - https:\/\/yoast.com\/product\/yoast-seo-wordpress\/ -->\n<title>Casquette CSM x LXH Rose - Ch\u00e2teau Sainte Marguerite<\/title>\n<meta name=\"robots\" content=\"noindex, nofollow\" \/>\n<meta property=\"og:locale\" content=\"en_US\" \/>\n<meta property=\"og:type\" content=\"article\" \/>\n<meta property=\"og:title\" content=\"Casquette CSM x LXH Rose - Ch\u00e2teau Sainte Marguerite\" \/>\n<meta property=\"og:description\" content=\"Casquette LXH Rose, \u00e9dition limit\u00e9e OFFRE DU MOMENT :\u00a03 CARTONS DE FANTASTIQUE ROS\u00c9 2021 ACHET\u00c9S = 1 CASQUETTE CSM x LXH OFFERTE D&#039;UNE VALEUR DE 120\u20ac ! Cliquez ici !\" \/>\n<meta property=\"og:url\" content=\"https:\/\/www.chateausaintemarguerite.com\/en\/vins-de-provence\/casquette-lxh-rose-2\/\" \/>\n<meta property=\"og:site_name\" content=\"Ch\u00e2teau Sainte Marguerite\" \/>\n<meta property=\"article:publisher\" content=\"https:\/\/fr-fr.facebook.com\/Chateausaintemarguerite\/\" \/>\n<meta property=\"article:modified_time\" content=\"2024-08-28T06:28:12+00:00\" \/>\n<meta property=\"og:image\" content=\"https:\/\/www.chateausaintemarguerite.com\/wp-content\/uploads\/2021\/05\/ROSE-FACE.jpg\" \/>\n\t<meta property=\"og:image:width\" content=\"500\" \/>\n\t<meta property=\"og:image:height\" content=\"500\" \/>\n\t<meta property=\"og:image:type\" content=\"image\/jpeg\" \/>\n<meta name=\"twitter:card\" content=\"summary_large_image\" \/>\n<meta name=\"twitter:label1\" content=\"Est. reading time\" \/>\n\t<meta name=\"twitter:data1\" content=\"1 minute\" \/>\n<script type=\"application\/ld+json\" class=\"yoast-schema-graph\">{\"@context\":\"https:\/\/schema.org\",\"@graph\":[{\"@type\":\"WebPage\",\"@id\":\"https:\/\/www.chateausaintemarguerite.com\/en\/vins-de-provence\/casquette-lxh-rose-2\/\",\"url\":\"https:\/\/www.chateausaintemarguerite.com\/en\/vins-de-provence\/casquette-lxh-rose-2\/\",\"name\":\"Casquette CSM x LXH Rose - Ch\u00e2teau Sainte Marguerite\",\"isPartOf\":{\"@id\":\"https:\/\/www.chateausaintemarguerite.com\/#website\"},\"primaryImageOfPage\":{\"@id\":\"https:\/\/www.chateausaintemarguerite.com\/en\/vins-de-provence\/casquette-lxh-rose-2\/#primaryimage\"},\"image\":{\"@id\":\"https:\/\/www.chateausaintemarguerite.com\/en\/vins-de-provence\/casquette-lxh-rose-2\/#primaryimage\"},\"thumbnailUrl\":\"https:\/\/www.chateausaintemarguerite.com\/wp-content\/uploads\/2021\/05\/ROSE-FACE.jpg\",\"datePublished\":\"2022-01-03T10:36:36+00:00\",\"dateModified\":\"2024-08-28T06:28:12+00:00\",\"breadcrumb\":{\"@id\":\"https:\/\/www.chateausaintemarguerite.com\/en\/vins-de-provence\/casquette-lxh-rose-2\/#breadcrumb\"},\"inLanguage\":\"en-US\",\"potentialAction\":[{\"@type\":\"ReadAction\",\"target\":[\"https:\/\/www.chateausaintemarguerite.com\/en\/vins-de-provence\/casquette-lxh-rose-2\/\"]}]},{\"@type\":\"ImageObject\",\"inLanguage\":\"en-US\",\"@id\":\"https:\/\/www.chateausaintemarguerite.com\/en\/vins-de-provence\/casquette-lxh-rose-2\/#primaryimage\",\"url\":\"https:\/\/www.chateausaintemarguerite.com\/wp-content\/uploads\/2021\/05\/ROSE-FACE.jpg\",\"contentUrl\":\"https:\/\/www.chateausaintemarguerite.com\/wp-content\/uploads\/2021\/05\/ROSE-FACE.jpg\",\"width\":500,\"height\":500,\"caption\":\"ROSE FACE\"},{\"@type\":\"BreadcrumbList\",\"@id\":\"https:\/\/www.chateausaintemarguerite.com\/en\/vins-de-provence\/casquette-lxh-rose-2\/#breadcrumb\",\"itemListElement\":[{\"@type\":\"ListItem\",\"position\":1,\"name\":\"Accueil\",\"item\":\"https:\/\/www.chateausaintemarguerite.com\/\"},{\"@type\":\"ListItem\",\"position\":2,\"name\":\"Boutique\",\"item\":\"https:\/\/www.chateausaintemarguerite.com\/vins-de-provence\/\"},{\"@type\":\"ListItem\",\"position\":3,\"name\":\"Accessoires\",\"item\":\"https:\/\/www.chateausaintemarguerite.com\/en\/cru-classe-provence\/accessoires-degustation\/\"},{\"@type\":\"ListItem\",\"position\":4,\"name\":\"Casquette CSM x LXH Rose\"}]},{\"@type\":\"WebSite\",\"@id\":\"https:\/\/www.chateausaintemarguerite.com\/#website\",\"url\":\"https:\/\/www.chateausaintemarguerite.com\/\",\"name\":\"Ch\u00e2teau Sainte Marguerite\",\"description\":\"Vins de Provence\",\"publisher\":{\"@id\":\"https:\/\/www.chateausaintemarguerite.com\/#organization\"},\"potentialAction\":[{\"@type\":\"SearchAction\",\"target\":{\"@type\":\"EntryPoint\",\"urlTemplate\":\"https:\/\/www.chateausaintemarguerite.com\/?s={search_term_string}\"},\"query-input\":{\"@type\":\"PropertyValueSpecification\",\"valueRequired\":true,\"valueName\":\"search_term_string\"}}],\"inLanguage\":\"en-US\"},{\"@type\":\"Organization\",\"@id\":\"https:\/\/www.chateausaintemarguerite.com\/#organization\",\"name\":\"Ch\u00e2teau Sainte Marguerite\",\"url\":\"https:\/\/www.chateausaintemarguerite.com\/\",\"logo\":{\"@type\":\"ImageObject\",\"inLanguage\":\"en-US\",\"@id\":\"https:\/\/www.chateausaintemarguerite.com\/#\/schema\/logo\/image\/\",\"url\":\"https:\/\/www.chateausaintemarguerite.com\/wp-content\/uploads\/2021\/01\/LogoCSM_1600.png\",\"contentUrl\":\"https:\/\/www.chateausaintemarguerite.com\/wp-content\/uploads\/2021\/01\/LogoCSM_1600.png\",\"width\":2560,\"height\":1257,\"caption\":\"Ch\u00e2teau Sainte Marguerite\"},\"image\":{\"@id\":\"https:\/\/www.chateausaintemarguerite.com\/#\/schema\/logo\/image\/\"},\"sameAs\":[\"https:\/\/fr-fr.facebook.com\/Chateausaintemarguerite\/\",\"https:\/\/www.instagram.com\/chateausaintemarguerite\/?hl=fr\",\"https:\/\/www.youtube.com\/channel\/UC0WoRvE6wQi_9J8WZg27vwA\"]}]}<\/script>\n<!-- \/ Yoast SEO plugin. -->","yoast_head_json":{"title":"Casquette CSM x LXH Rose - Ch\u00e2teau Sainte Marguerite","robots":{"index":"noindex","follow":"nofollow"},"og_locale":"en_US","og_type":"article","og_title":"Casquette CSM x LXH Rose - Ch\u00e2teau Sainte Marguerite","og_description":"Casquette LXH Rose, \u00e9dition limit\u00e9e OFFRE DU MOMENT :\u00a03 CARTONS DE FANTASTIQUE ROS\u00c9 2021 ACHET\u00c9S = 1 CASQUETTE CSM x LXH OFFERTE D'UNE VALEUR DE 120\u20ac ! Cliquez ici !","og_url":"https:\/\/www.chateausaintemarguerite.com\/en\/vins-de-provence\/casquette-lxh-rose-2\/","og_site_name":"Ch\u00e2teau Sainte Marguerite","article_publisher":"https:\/\/fr-fr.facebook.com\/Chateausaintemarguerite\/","article_modified_time":"2024-08-28T06:28:12+00:00","og_image":[{"width":500,"height":500,"url":"https:\/\/www.chateausaintemarguerite.com\/wp-content\/uploads\/2021\/05\/ROSE-FACE.jpg","type":"image\/jpeg"}],"twitter_card":"summary_large_image","twitter_misc":{"Est. reading time":"1 minute"},"schema":{"@context":"https:\/\/schema.org","@graph":[{"@type":"WebPage","@id":"https:\/\/www.chateausaintemarguerite.com\/en\/vins-de-provence\/casquette-lxh-rose-2\/","url":"https:\/\/www.chateausaintemarguerite.com\/en\/vins-de-provence\/casquette-lxh-rose-2\/","name":"Casquette CSM x LXH Rose - Ch\u00e2teau Sainte Marguerite","isPartOf":{"@id":"https:\/\/www.chateausaintemarguerite.com\/#website"},"primaryImageOfPage":{"@id":"https:\/\/www.chateausaintemarguerite.com\/en\/vins-de-provence\/casquette-lxh-rose-2\/#primaryimage"},"image":{"@id":"https:\/\/www.chateausaintemarguerite.com\/en\/vins-de-provence\/casquette-lxh-rose-2\/#primaryimage"},"thumbnailUrl":"https:\/\/www.chateausaintemarguerite.com\/wp-content\/uploads\/2021\/05\/ROSE-FACE.jpg","datePublished":"2022-01-03T10:36:36+00:00","dateModified":"2024-08-28T06:28:12+00:00","breadcrumb":{"@id":"https:\/\/www.chateausaintemarguerite.com\/en\/vins-de-provence\/casquette-lxh-rose-2\/#breadcrumb"},"inLanguage":"en-US","potentialAction":[{"@type":"ReadAction","target":["https:\/\/www.chateausaintemarguerite.com\/en\/vins-de-provence\/casquette-lxh-rose-2\/"]}]},{"@type":"ImageObject","inLanguage":"en-US","@id":"https:\/\/www.chateausaintemarguerite.com\/en\/vins-de-provence\/casquette-lxh-rose-2\/#primaryimage","url":"https:\/\/www.chateausaintemarguerite.com\/wp-content\/uploads\/2021\/05\/ROSE-FACE.jpg","contentUrl":"https:\/\/www.chateausaintemarguerite.com\/wp-content\/uploads\/2021\/05\/ROSE-FACE.jpg","width":500,"height":500,"caption":"ROSE FACE"},{"@type":"BreadcrumbList","@id":"https:\/\/www.chateausaintemarguerite.com\/en\/vins-de-provence\/casquette-lxh-rose-2\/#breadcrumb","itemListElement":[{"@type":"ListItem","position":1,"name":"Accueil","item":"https:\/\/www.chateausaintemarguerite.com\/"},{"@type":"ListItem","position":2,"name":"Boutique","item":"https:\/\/www.chateausaintemarguerite.com\/vins-de-provence\/"},{"@type":"ListItem","position":3,"name":"Accessoires","item":"https:\/\/www.chateausaintemarguerite.com\/en\/cru-classe-provence\/accessoires-degustation\/"},{"@type":"ListItem","position":4,"name":"Casquette CSM x LXH Rose"}]},{"@type":"WebSite","@id":"https:\/\/www.chateausaintemarguerite.com\/#website","url":"https:\/\/www.chateausaintemarguerite.com\/","name":"Ch\u00e2teau Sainte Marguerite","description":"Provence wines","publisher":{"@id":"https:\/\/www.chateausaintemarguerite.com\/#organization"},"potentialAction":[{"@type":"SearchAction","target":{"@type":"EntryPoint","urlTemplate":"https:\/\/www.chateausaintemarguerite.com\/?s={search_term_string}"},"query-input":{"@type":"PropertyValueSpecification","valueRequired":true,"valueName":"search_term_string"}}],"inLanguage":"en-US"},{"@type":"Organization","@id":"https:\/\/www.chateausaintemarguerite.com\/#organization","name":"Ch\u00e2teau Sainte Marguerite","url":"https:\/\/www.chateausaintemarguerite.com\/","logo":{"@type":"ImageObject","inLanguage":"en-US","@id":"https:\/\/www.chateausaintemarguerite.com\/#\/schema\/logo\/image\/","url":"https:\/\/www.chateausaintemarguerite.com\/wp-content\/uploads\/2021\/01\/LogoCSM_1600.png","contentUrl":"https:\/\/www.chateausaintemarguerite.com\/wp-content\/uploads\/2021\/01\/LogoCSM_1600.png","width":2560,"height":1257,"caption":"Ch\u00e2teau Sainte Marguerite"},"image":{"@id":"https:\/\/www.chateausaintemarguerite.com\/#\/schema\/logo\/image\/"},"sameAs":["https:\/\/fr-fr.facebook.com\/Chateausaintemarguerite\/","https:\/\/www.instagram.com\/chateausaintemarguerite\/?hl=fr","https:\/\/www.youtube.com\/channel\/UC0WoRvE6wQi_9J8WZg27vwA"]}]}},"_links":{"self":[{"href":"https:\/\/www.chateausaintemarguerite.com\/en\/wp-json\/wp\/v2\/product\/3653","targetHints":{"allow":["GET"]}}],"collection":[{"href":"https:\/\/www.chateausaintemarguerite.com\/en\/wp-json\/wp\/v2\/product"}],"about":[{"href":"https:\/\/www.chateausaintemarguerite.com\/en\/wp-json\/wp\/v2\/types\/product"}],"wp:featuredmedia":[{"embeddable":true,"href":"https:\/\/www.chateausaintemarguerite.com\/en\/wp-json\/wp\/v2\/media\/3715"}],"wp:attachment":[{"href":"https:\/\/www.chateausaintemarguerite.com\/en\/wp-json\/wp\/v2\/media?parent=3653"}],"wp:term":[{"taxonomy":"product_brand","embeddable":true,"href":"https:\/\/www.chateausaintemarguerite.com\/en\/wp-json\/wp\/v2\/product_brand?post=3653"},{"taxonomy":"product_cat","embeddable":true,"href":"https:\/\/www.chateausaintemarguerite.com\/en\/wp-json\/wp\/v2\/product_cat?post=3653"},{"taxonomy":"product_tag","embeddable":true,"href":"https:\/\/www.chateausaintemarguerite.com\/en\/wp-json\/wp\/v2\/product_tag?post=3653"}],"curies":[{"name":"wp","href":"https:\/\/api.w.org\/{rel}","templated":true}]}}