{"id":342545,"date":"2026-03-13T11:01:12","date_gmt":"2026-03-13T10:01:12","guid":{"rendered":"https:\/\/www.chateausaintemarguerite.com\/?post_type=product&#038;p=342545"},"modified":"2026-04-23T15:13:38","modified_gmt":"2026-04-23T13:13:38","slug":"degustation-integrale","status":"publish","type":"product","link":"https:\/\/www.chateausaintemarguerite.com\/en\/vins-de-provence\/degustation-integrale\/","title":{"rendered":"Complete Tasting"},"content":{"rendered":"<h3 data-section-id=\"1jbhing\" data-start=\"0\" data-end=\"28\">Complete Tasting<\/h3>\n<p data-start=\"30\" data-end=\"177\">Discover the world of <strong data-start=\"53\" data-end=\"82\">Ch\u00e2teau Sainte Marguerite<\/strong>, <a href=\"https:\/\/www.chateausaintemarguerite.com\/en\/quest-ce-quun-cru-classe-de-provence\/\"><strong>Cru Class\u00e9 des<\/strong> <strong data-start=\"99\" data-end=\"120\">C\u00f4tes-de-Provence<\/strong><\/a>, \u00e0 travers la D\u00e9gustation Int\u00e9grale de nos <strong data-start=\"151\" data-end=\"174\">8 cuv\u00e9es<\/strong>.<\/p>\n<p data-start=\"179\" data-end=\"359\">This tasting allows you to explore the diversity of our wines and better understand the style and identity of the Ch\u00e2teau, between freshness, elegance and the expression of our terroirs.<\/p>\n<p data-start=\"382\" data-end=\"426\"><strong data-start=\"382\" data-end=\"404\">Duration: 45 minutes<\/strong><br data-start=\"404\" data-end=\"407\" \/><strong data-start=\"407\" data-end=\"426\">Price: \u20ac15 incl. VAT<\/strong><\/p>\n<p data-start=\"428\" data-end=\"623\" data-is-last-node=\"\" data-is-only-node=\"\">Visit <strong data-start=\"431\" data-end=\"460\">Ch\u00e2teau Sainte Marguerite<\/strong> reserves the right to cancel a session and reimburse the reservation if the necessary conditions are not met.<\/p>","protected":false},"excerpt":{"rendered":"<h2 data-section-id=\"1jbhing\" data-start=\"0\" data-end=\"28\">Tasting our vintages<\/h2>\n<p data-start=\"30\" data-end=\"177\">Discover the world of <strong data-start=\"53\" data-end=\"82\">Ch\u00e2teau Sainte Marguerite<\/strong>, Cru Class\u00e9 des <strong data-start=\"99\" data-end=\"120\">C\u00f4tes-de-Provence<\/strong>, through a tasting of <strong data-start=\"151\" data-end=\"174\">8 estate wines<\/strong>.<\/p>\n<p data-start=\"179\" data-end=\"359\">This tasting allows you to explore the diversity of our wines and better understand the style and identity of the Ch\u00e2teau, between freshness, elegance and the expression of our terroirs.<\/p>\n<p data-start=\"361\" data-end=\"380\"><strong data-start=\"361\" data-end=\"380\">8 wines tasted<\/strong><\/p>\n<p data-start=\"382\" data-end=\"426\"><strong data-start=\"382\" data-end=\"404\">Duration: 45 minutes<\/strong><br data-start=\"404\" data-end=\"407\" \/><strong data-start=\"407\" data-end=\"426\">Price: \u20ac15 incl. VAT<\/strong><\/p>\n<p data-start=\"428\" data-end=\"623\" data-is-last-node=\"\" data-is-only-node=\"\">Visit <strong data-start=\"431\" data-end=\"460\">Ch\u00e2teau Sainte Marguerite<\/strong> reserves the right to cancel a session and reimburse the reservation if the necessary conditions are not met.<\/p>","protected":false},"featured_media":342576,"template":"","meta":{"inline_featured_image":false},"product_brand":[],"product_cat":[54,106],"product_tag":[],"class_list":{"0":"post-342545","1":"product","2":"type-product","3":"status-publish","4":"has-post-thumbnail","6":"product_cat-experiences","7":"product_cat-visites","8":"product_shipping_class-experiences-no-shipping","9":"member-discount","10":"discount-restricted","12":"first","13":"instock","14":"virtual","15":"sold-individually","16":"taxable","17":"purchasable","18":"product-type-booking"},"booking_location":"","booking_location_type":"","booking_duration":1,"booking_duration_unit":"hour","booking_buffer":0,"booking_cost":0,"booking_resources":[],"acf":[],"yoast_head":"<!-- This site is optimized with the Yoast SEO plugin v27.1.1 - https:\/\/yoast.com\/product\/yoast-seo-wordpress\/ -->\n<title>D\u00e9gustation Int\u00e9grale - Ch\u00e2teau Sainte Marguerite<\/title>\n<meta name=\"description\" content=\"D\u00e9couvrez la D\u00e9gustation Int\u00e9grale du Ch\u00e2teau Sainte Marguerite : d\u00e9gustation de 8 cuv\u00e9es pour explorer toute la richesse des vins du domaine\" \/>\n<meta name=\"robots\" content=\"index, follow, max-snippet:-1, max-image-preview:large, max-video-preview:-1\" \/>\n<link rel=\"canonical\" href=\"https:\/\/www.chateausaintemarguerite.com\/en\/vins-de-provence\/degustation-integrale\/\" \/>\n<meta property=\"og:locale\" content=\"en_US\" \/>\n<meta property=\"og:type\" content=\"article\" \/>\n<meta property=\"og:title\" content=\"D\u00e9gustation Int\u00e9grale - Ch\u00e2teau Sainte Marguerite\" \/>\n<meta property=\"og:description\" content=\"D\u00e9couvrez la D\u00e9gustation Int\u00e9grale du Ch\u00e2teau Sainte Marguerite : d\u00e9gustation de 8 cuv\u00e9es pour explorer toute la richesse des vins du domaine\" \/>\n<meta property=\"og:url\" content=\"https:\/\/www.chateausaintemarguerite.com\/en\/vins-de-provence\/degustation-integrale\/\" \/>\n<meta property=\"og:site_name\" content=\"Ch\u00e2teau Sainte Marguerite\" \/>\n<meta property=\"article:publisher\" content=\"https:\/\/fr-fr.facebook.com\/Chateausaintemarguerite\/\" \/>\n<meta property=\"article:modified_time\" content=\"2026-04-23T13:13:38+00:00\" \/>\n<meta property=\"og:image\" content=\"http:\/\/www.chateausaintemarguerite.com\/wp-content\/uploads\/2026\/03\/chateau-sainte-marguerite-alexandre-vichot6-scaled.jpg\" \/>\n\t<meta property=\"og:image:width\" content=\"2560\" \/>\n\t<meta property=\"og:image:height\" content=\"1707\" \/>\n\t<meta property=\"og:image:type\" content=\"image\/jpeg\" \/>\n<meta name=\"twitter:card\" content=\"summary_large_image\" \/>\n<meta name=\"twitter:label1\" content=\"Est. reading time\" \/>\n\t<meta name=\"twitter:data1\" content=\"1 minute\" \/>\n<script type=\"application\/ld+json\" class=\"yoast-schema-graph\">{\"@context\":\"https:\/\/schema.org\",\"@graph\":[{\"@type\":\"WebPage\",\"@id\":\"https:\/\/www.chateausaintemarguerite.com\/vins-de-provence\/degustation-integrale\/\",\"url\":\"https:\/\/www.chateausaintemarguerite.com\/vins-de-provence\/degustation-integrale\/\",\"name\":\"D\u00e9gustation Int\u00e9grale - Ch\u00e2teau Sainte Marguerite\",\"isPartOf\":{\"@id\":\"https:\/\/www.chateausaintemarguerite.com\/#website\"},\"primaryImageOfPage\":{\"@id\":\"https:\/\/www.chateausaintemarguerite.com\/vins-de-provence\/degustation-integrale\/#primaryimage\"},\"image\":{\"@id\":\"https:\/\/www.chateausaintemarguerite.com\/vins-de-provence\/degustation-integrale\/#primaryimage\"},\"thumbnailUrl\":\"https:\/\/www.chateausaintemarguerite.com\/wp-content\/uploads\/2026\/03\/chateau-sainte-marguerite-alexandre-vichot6-scaled.jpg\",\"datePublished\":\"2026-03-13T10:01:12+00:00\",\"dateModified\":\"2026-04-23T13:13:38+00:00\",\"description\":\"D\u00e9couvrez la D\u00e9gustation Int\u00e9grale du Ch\u00e2teau Sainte Marguerite : d\u00e9gustation de 8 cuv\u00e9es pour explorer toute la richesse des vins du domaine\",\"breadcrumb\":{\"@id\":\"https:\/\/www.chateausaintemarguerite.com\/vins-de-provence\/degustation-integrale\/#breadcrumb\"},\"inLanguage\":\"en-US\",\"potentialAction\":[{\"@type\":\"ReadAction\",\"target\":[\"https:\/\/www.chateausaintemarguerite.com\/vins-de-provence\/degustation-integrale\/\"]}]},{\"@type\":\"ImageObject\",\"inLanguage\":\"en-US\",\"@id\":\"https:\/\/www.chateausaintemarguerite.com\/vins-de-provence\/degustation-integrale\/#primaryimage\",\"url\":\"https:\/\/www.chateausaintemarguerite.com\/wp-content\/uploads\/2026\/03\/chateau-sainte-marguerite-alexandre-vichot6-scaled.jpg\",\"contentUrl\":\"https:\/\/www.chateausaintemarguerite.com\/wp-content\/uploads\/2026\/03\/chateau-sainte-marguerite-alexandre-vichot6-scaled.jpg\",\"width\":2560,\"height\":1707,\"caption\":\"chateau-sainte-marguerite-alexandre-vichot6\"},{\"@type\":\"BreadcrumbList\",\"@id\":\"https:\/\/www.chateausaintemarguerite.com\/vins-de-provence\/degustation-integrale\/#breadcrumb\",\"itemListElement\":[{\"@type\":\"ListItem\",\"position\":1,\"name\":\"Accueil\",\"item\":\"https:\/\/www.chateausaintemarguerite.com\/\"},{\"@type\":\"ListItem\",\"position\":2,\"name\":\"Boutique\",\"item\":\"https:\/\/www.chateausaintemarguerite.com\/vins-de-provence\/\"},{\"@type\":\"ListItem\",\"position\":3,\"name\":\"Exp\u00e9riences\",\"item\":\"https:\/\/www.chateausaintemarguerite.com\/cru-classe-provence\/experiences\/\"},{\"@type\":\"ListItem\",\"position\":4,\"name\":\"Visites\",\"item\":\"https:\/\/www.chateausaintemarguerite.com\/cru-classe-provence\/experiences\/visites\/\"},{\"@type\":\"ListItem\",\"position\":5,\"name\":\"D\u00e9gustation Int\u00e9grale\"}]},{\"@type\":\"WebSite\",\"@id\":\"https:\/\/www.chateausaintemarguerite.com\/#website\",\"url\":\"https:\/\/www.chateausaintemarguerite.com\/\",\"name\":\"Ch\u00e2teau Sainte Marguerite\",\"description\":\"Vins de Provence\",\"publisher\":{\"@id\":\"https:\/\/www.chateausaintemarguerite.com\/#organization\"},\"potentialAction\":[{\"@type\":\"SearchAction\",\"target\":{\"@type\":\"EntryPoint\",\"urlTemplate\":\"https:\/\/www.chateausaintemarguerite.com\/?s={search_term_string}\"},\"query-input\":{\"@type\":\"PropertyValueSpecification\",\"valueRequired\":true,\"valueName\":\"search_term_string\"}}],\"inLanguage\":\"en-US\"},{\"@type\":\"Organization\",\"@id\":\"https:\/\/www.chateausaintemarguerite.com\/#organization\",\"name\":\"Ch\u00e2teau Sainte Marguerite\",\"url\":\"https:\/\/www.chateausaintemarguerite.com\/\",\"logo\":{\"@type\":\"ImageObject\",\"inLanguage\":\"en-US\",\"@id\":\"https:\/\/www.chateausaintemarguerite.com\/#\/schema\/logo\/image\/\",\"url\":\"https:\/\/www.chateausaintemarguerite.com\/wp-content\/uploads\/2021\/01\/LogoCSM_1600.png\",\"contentUrl\":\"https:\/\/www.chateausaintemarguerite.com\/wp-content\/uploads\/2021\/01\/LogoCSM_1600.png\",\"width\":2560,\"height\":1257,\"caption\":\"Ch\u00e2teau Sainte Marguerite\"},\"image\":{\"@id\":\"https:\/\/www.chateausaintemarguerite.com\/#\/schema\/logo\/image\/\"},\"sameAs\":[\"https:\/\/fr-fr.facebook.com\/Chateausaintemarguerite\/\",\"https:\/\/www.instagram.com\/chateausaintemarguerite\/?hl=fr\",\"https:\/\/www.youtube.com\/channel\/UC0WoRvE6wQi_9J8WZg27vwA\"]}]}<\/script>\n<!-- \/ Yoast SEO plugin. -->","yoast_head_json":{"title":"D\u00e9gustation Int\u00e9grale - Ch\u00e2teau Sainte Marguerite","description":"D\u00e9couvrez la D\u00e9gustation Int\u00e9grale du Ch\u00e2teau Sainte Marguerite : d\u00e9gustation de 8 cuv\u00e9es pour explorer toute la richesse des vins du domaine","robots":{"index":"index","follow":"follow","max-snippet":"max-snippet:-1","max-image-preview":"max-image-preview:large","max-video-preview":"max-video-preview:-1"},"canonical":"https:\/\/www.chateausaintemarguerite.com\/en\/vins-de-provence\/degustation-integrale\/","og_locale":"en_US","og_type":"article","og_title":"D\u00e9gustation Int\u00e9grale - Ch\u00e2teau Sainte Marguerite","og_description":"D\u00e9couvrez la D\u00e9gustation Int\u00e9grale du Ch\u00e2teau Sainte Marguerite : d\u00e9gustation de 8 cuv\u00e9es pour explorer toute la richesse des vins du domaine","og_url":"https:\/\/www.chateausaintemarguerite.com\/en\/vins-de-provence\/degustation-integrale\/","og_site_name":"Ch\u00e2teau Sainte Marguerite","article_publisher":"https:\/\/fr-fr.facebook.com\/Chateausaintemarguerite\/","article_modified_time":"2026-04-23T13:13:38+00:00","og_image":[{"width":2560,"height":1707,"url":"http:\/\/www.chateausaintemarguerite.com\/wp-content\/uploads\/2026\/03\/chateau-sainte-marguerite-alexandre-vichot6-scaled.jpg","type":"image\/jpeg"}],"twitter_card":"summary_large_image","twitter_misc":{"Est. reading time":"1 minute"},"schema":{"@context":"https:\/\/schema.org","@graph":[{"@type":"WebPage","@id":"https:\/\/www.chateausaintemarguerite.com\/vins-de-provence\/degustation-integrale\/","url":"https:\/\/www.chateausaintemarguerite.com\/vins-de-provence\/degustation-integrale\/","name":"D\u00e9gustation Int\u00e9grale - Ch\u00e2teau Sainte Marguerite","isPartOf":{"@id":"https:\/\/www.chateausaintemarguerite.com\/#website"},"primaryImageOfPage":{"@id":"https:\/\/www.chateausaintemarguerite.com\/vins-de-provence\/degustation-integrale\/#primaryimage"},"image":{"@id":"https:\/\/www.chateausaintemarguerite.com\/vins-de-provence\/degustation-integrale\/#primaryimage"},"thumbnailUrl":"https:\/\/www.chateausaintemarguerite.com\/wp-content\/uploads\/2026\/03\/chateau-sainte-marguerite-alexandre-vichot6-scaled.jpg","datePublished":"2026-03-13T10:01:12+00:00","dateModified":"2026-04-23T13:13:38+00:00","description":"D\u00e9couvrez la D\u00e9gustation Int\u00e9grale du Ch\u00e2teau Sainte Marguerite : d\u00e9gustation de 8 cuv\u00e9es pour explorer toute la richesse des vins du domaine","breadcrumb":{"@id":"https:\/\/www.chateausaintemarguerite.com\/vins-de-provence\/degustation-integrale\/#breadcrumb"},"inLanguage":"en-US","potentialAction":[{"@type":"ReadAction","target":["https:\/\/www.chateausaintemarguerite.com\/vins-de-provence\/degustation-integrale\/"]}]},{"@type":"ImageObject","inLanguage":"en-US","@id":"https:\/\/www.chateausaintemarguerite.com\/vins-de-provence\/degustation-integrale\/#primaryimage","url":"https:\/\/www.chateausaintemarguerite.com\/wp-content\/uploads\/2026\/03\/chateau-sainte-marguerite-alexandre-vichot6-scaled.jpg","contentUrl":"https:\/\/www.chateausaintemarguerite.com\/wp-content\/uploads\/2026\/03\/chateau-sainte-marguerite-alexandre-vichot6-scaled.jpg","width":2560,"height":1707,"caption":"chateau-sainte-marguerite-alexandre-vichot6"},{"@type":"BreadcrumbList","@id":"https:\/\/www.chateausaintemarguerite.com\/vins-de-provence\/degustation-integrale\/#breadcrumb","itemListElement":[{"@type":"ListItem","position":1,"name":"Accueil","item":"https:\/\/www.chateausaintemarguerite.com\/"},{"@type":"ListItem","position":2,"name":"Boutique","item":"https:\/\/www.chateausaintemarguerite.com\/vins-de-provence\/"},{"@type":"ListItem","position":3,"name":"Exp\u00e9riences","item":"https:\/\/www.chateausaintemarguerite.com\/cru-classe-provence\/experiences\/"},{"@type":"ListItem","position":4,"name":"Visites","item":"https:\/\/www.chateausaintemarguerite.com\/cru-classe-provence\/experiences\/visites\/"},{"@type":"ListItem","position":5,"name":"D\u00e9gustation Int\u00e9grale"}]},{"@type":"WebSite","@id":"https:\/\/www.chateausaintemarguerite.com\/#website","url":"https:\/\/www.chateausaintemarguerite.com\/","name":"Ch\u00e2teau Sainte Marguerite","description":"Provence wines","publisher":{"@id":"https:\/\/www.chateausaintemarguerite.com\/#organization"},"potentialAction":[{"@type":"SearchAction","target":{"@type":"EntryPoint","urlTemplate":"https:\/\/www.chateausaintemarguerite.com\/?s={search_term_string}"},"query-input":{"@type":"PropertyValueSpecification","valueRequired":true,"valueName":"search_term_string"}}],"inLanguage":"en-US"},{"@type":"Organization","@id":"https:\/\/www.chateausaintemarguerite.com\/#organization","name":"Ch\u00e2teau Sainte Marguerite","url":"https:\/\/www.chateausaintemarguerite.com\/","logo":{"@type":"ImageObject","inLanguage":"en-US","@id":"https:\/\/www.chateausaintemarguerite.com\/#\/schema\/logo\/image\/","url":"https:\/\/www.chateausaintemarguerite.com\/wp-content\/uploads\/2021\/01\/LogoCSM_1600.png","contentUrl":"https:\/\/www.chateausaintemarguerite.com\/wp-content\/uploads\/2021\/01\/LogoCSM_1600.png","width":2560,"height":1257,"caption":"Ch\u00e2teau Sainte Marguerite"},"image":{"@id":"https:\/\/www.chateausaintemarguerite.com\/#\/schema\/logo\/image\/"},"sameAs":["https:\/\/fr-fr.facebook.com\/Chateausaintemarguerite\/","https:\/\/www.instagram.com\/chateausaintemarguerite\/?hl=fr","https:\/\/www.youtube.com\/channel\/UC0WoRvE6wQi_9J8WZg27vwA"]}]}},"_links":{"self":[{"href":"https:\/\/www.chateausaintemarguerite.com\/en\/wp-json\/wp\/v2\/product\/342545","targetHints":{"allow":["GET"]}}],"collection":[{"href":"https:\/\/www.chateausaintemarguerite.com\/en\/wp-json\/wp\/v2\/product"}],"about":[{"href":"https:\/\/www.chateausaintemarguerite.com\/en\/wp-json\/wp\/v2\/types\/product"}],"wp:featuredmedia":[{"embeddable":true,"href":"https:\/\/www.chateausaintemarguerite.com\/en\/wp-json\/wp\/v2\/media\/342576"}],"wp:attachment":[{"href":"https:\/\/www.chateausaintemarguerite.com\/en\/wp-json\/wp\/v2\/media?parent=342545"}],"wp:term":[{"taxonomy":"product_brand","embeddable":true,"href":"https:\/\/www.chateausaintemarguerite.com\/en\/wp-json\/wp\/v2\/product_brand?post=342545"},{"taxonomy":"product_cat","embeddable":true,"href":"https:\/\/www.chateausaintemarguerite.com\/en\/wp-json\/wp\/v2\/product_cat?post=342545"},{"taxonomy":"product_tag","embeddable":true,"href":"https:\/\/www.chateausaintemarguerite.com\/en\/wp-json\/wp\/v2\/product_tag?post=342545"}],"curies":[{"name":"wp","href":"https:\/\/api.w.org\/{rel}","templated":true}]}}