{"id":329983,"date":"2026-03-05T17:09:24","date_gmt":"2026-03-05T16:09:24","guid":{"rendered":"https:\/\/www.chateausaintemarguerite.com\/?post_type=product&#038;p=329983"},"modified":"2026-04-01T09:08:37","modified_gmt":"2026-04-01T07:08:37","slug":"paques-en-provence","status":"publish","type":"product","link":"https:\/\/www.chateausaintemarguerite.com\/en\/vins-de-provence\/paques-en-provence\/","title":{"rendered":"Easter in Provence"},"content":{"rendered":"<div class=\"z-0 flex min-h-[46px] justify-start\">\n<h3 data-path-to-node=\"3\"><strong>P\u00e2ques En Provence\u00a0<\/strong><\/h3>\n<p data-path-to-node=\"3\">Le <b data-path-to-node=\"3\" data-index-in-node=\"3\">samedi 4 avril<\/b>, le Ch\u00e2teau Sainte Marguerite vous invite \u00e0 f\u00eater P\u00e2ques lors d&rsquo;une journ\u00e9e exclusive au c\u0153ur de notre domaine. Cette exp\u00e9rience en famille d\u00e9bute d\u00e9s<strong> 10h<\/strong> par une <b data-path-to-node=\"3\" data-index-in-node=\"181\">chasse aux \u0153ufs ludique<\/b> dans les vignes, pour d\u00e9couvrir la nature et le cycle de la vigne \u00e0 travers nos paysages proven\u00e7aux.<\/p>\n<p data-path-to-node=\"4\">La matin\u00e9e se prolonge d\u00e8s <strong>11h30<\/strong> par un double rendez-vous : pendant que les enfants <b data-path-to-node=\"4\" data-index-in-node=\"85\">participent \u00e0 la confection de sucettes en chocolat<\/b> avec le chef Christophe Ribeyron, les parents profitent d&rsquo;un <b data-path-to-node=\"4\" data-index-in-node=\"198\">atelier accords chocolat et vin<\/b> avec l&rsquo;artisan J\u00e9r\u00e9mie Rosso. Une parenth\u00e8se conviviale pour savourer l&rsquo;harmonie entre<a href=\"https:\/\/www.chateausaintemarguerite.com\/vins-de-provence\/\"> nos cuv\u00e9es<\/a> et des chocolats d&rsquo;exception.<\/p>\n<\/div>\n<p>&nbsp;<\/p>\n","protected":false},"excerpt":{"rendered":"<div class=\"z-0 flex min-h-[46px] justify-start\">\n<div class=\"z-0 flex min-h-[46px] justify-start\">\n<p data-path-to-node=\"3\">Le <b data-path-to-node=\"3\" data-index-in-node=\"3\">samedi 4 avril<\/b>, le Ch\u00e2teau Sainte Marguerite vous invite \u00e0 f\u00eater le printemps lors d&rsquo;une journ\u00e9e exclusive au c\u0153ur de notre domaine. Cette exp\u00e9rience en famille d\u00e9bute d\u00e9s <strong>10h<\/strong> par une <b data-path-to-node=\"3\" data-index-in-node=\"181\">chasse aux \u0153ufs ludique<\/b>\u00a0dans les vignes, pour d\u00e9couvrir la nature et le cycle de la vigne \u00e0 travers nos paysages proven\u00e7aux.<\/p>\n<p data-path-to-node=\"4\">La matin\u00e9e se prolonge d\u00e8s<strong> 11h30<\/strong> par un double rendez-vous : pendant que les enfants <b data-path-to-node=\"4\" data-index-in-node=\"85\">participent \u00e0 la confection de sucettes en chocolat<\/b> avec le chef Christophe Ribeyron, les parents profitent d&rsquo;un <b data-path-to-node=\"4\" data-index-in-node=\"198\">atelier accords chocolat et vin<\/b> avec l&rsquo;artisan J\u00e9r\u00e9mie Rosso. Une parenth\u00e8se conviviale pour savourer l&rsquo;harmonie entre nos cuv\u00e9es et des chocolats d&rsquo;exception.<\/p>\n<p><em>*Merci d&rsquo;indiquer l&rsquo;\u00e2ge de votre enfant dans \u00ab\u00a0Notes\u00a0\u00bb afin de proposer l&rsquo;activit\u00e9 adapt\u00e9e.<\/em><\/p>\n<\/div>\n<\/div>\n","protected":false},"featured_media":347032,"template":"","meta":{"inline_featured_image":false},"product_brand":[],"product_cat":[96,54],"product_tag":[],"class_list":{"0":"post-329983","1":"product","2":"type-product","3":"status-publish","4":"has-post-thumbnail","6":"product_cat-ateliers-culinaires","7":"product_cat-experiences","8":"product_shipping_class-experiences-no-shipping","10":"first","11":"instock","12":"virtual","13":"sold-individually","14":"taxable","15":"purchasable","16":"product-type-booking"},"booking_location":"","booking_location_type":"","booking_duration":1,"booking_duration_unit":"day","booking_buffer":0,"booking_cost":0,"booking_resources":[],"acf":[],"yoast_head":"<!-- This site is optimized with the Yoast SEO plugin v27.1.1 - https:\/\/yoast.com\/product\/yoast-seo-wordpress\/ -->\n<title>P\u00e2ques en Provence - Ch\u00e2teau Sainte Marguerite<\/title>\n<meta name=\"description\" content=\"P\u00e2ques en Provence \u2013 Chasse aux \u0153ufs et ateliers chocolat &amp; vin au domaine Une exp\u00e9rience conviviale qui r\u00e9unit enfants et parents\" \/>\n<meta name=\"robots\" content=\"index, follow, max-snippet:-1, max-image-preview:large, max-video-preview:-1\" \/>\n<link rel=\"canonical\" href=\"https:\/\/www.chateausaintemarguerite.com\/en\/vins-de-provence\/paques-en-provence\/\" \/>\n<meta property=\"og:locale\" content=\"en_US\" \/>\n<meta property=\"og:type\" content=\"article\" \/>\n<meta property=\"og:title\" content=\"P\u00e2ques en Provence - Ch\u00e2teau Sainte Marguerite\" \/>\n<meta property=\"og:description\" content=\"P\u00e2ques en Provence \u2013 Chasse aux \u0153ufs et ateliers chocolat &amp; vin au domaine Une exp\u00e9rience conviviale qui r\u00e9unit enfants et parents\" \/>\n<meta property=\"og:url\" content=\"https:\/\/www.chateausaintemarguerite.com\/en\/vins-de-provence\/paques-en-provence\/\" \/>\n<meta property=\"og:site_name\" content=\"Ch\u00e2teau Sainte Marguerite\" \/>\n<meta property=\"article:publisher\" content=\"https:\/\/fr-fr.facebook.com\/Chateausaintemarguerite\/\" \/>\n<meta property=\"article:modified_time\" content=\"2026-04-01T07:08:37+00:00\" \/>\n<meta property=\"og:image\" content=\"http:\/\/www.chateausaintemarguerite.com\/wp-content\/uploads\/2026\/03\/matthieuchatonnier-caveau-archi-hypnose-25-300x200-1.jpg\" \/>\n\t<meta property=\"og:image:width\" content=\"300\" \/>\n\t<meta property=\"og:image:height\" content=\"200\" \/>\n\t<meta property=\"og:image:type\" content=\"image\/jpeg\" \/>\n<meta name=\"twitter:card\" content=\"summary_large_image\" \/>\n<meta name=\"twitter:label1\" content=\"Est. reading time\" \/>\n\t<meta name=\"twitter:data1\" content=\"1 minute\" \/>\n<script type=\"application\/ld+json\" class=\"yoast-schema-graph\">{\"@context\":\"https:\/\/schema.org\",\"@graph\":[{\"@type\":\"WebPage\",\"@id\":\"https:\/\/www.chateausaintemarguerite.com\/vins-de-provence\/paques-en-provence\/\",\"url\":\"https:\/\/www.chateausaintemarguerite.com\/vins-de-provence\/paques-en-provence\/\",\"name\":\"P\u00e2ques en Provence - Ch\u00e2teau Sainte Marguerite\",\"isPartOf\":{\"@id\":\"https:\/\/www.chateausaintemarguerite.com\/#website\"},\"primaryImageOfPage\":{\"@id\":\"https:\/\/www.chateausaintemarguerite.com\/vins-de-provence\/paques-en-provence\/#primaryimage\"},\"image\":{\"@id\":\"https:\/\/www.chateausaintemarguerite.com\/vins-de-provence\/paques-en-provence\/#primaryimage\"},\"thumbnailUrl\":\"https:\/\/www.chateausaintemarguerite.com\/wp-content\/uploads\/2026\/03\/matthieuchatonnier-caveau-archi-hypnose-25-300x200-1.jpg\",\"datePublished\":\"2026-03-05T16:09:24+00:00\",\"dateModified\":\"2026-04-01T07:08:37+00:00\",\"description\":\"P\u00e2ques en Provence \u2013 Chasse aux \u0153ufs et ateliers chocolat & vin au domaine Une exp\u00e9rience conviviale qui r\u00e9unit enfants et parents\",\"breadcrumb\":{\"@id\":\"https:\/\/www.chateausaintemarguerite.com\/vins-de-provence\/paques-en-provence\/#breadcrumb\"},\"inLanguage\":\"en-US\",\"potentialAction\":[{\"@type\":\"ReadAction\",\"target\":[\"https:\/\/www.chateausaintemarguerite.com\/vins-de-provence\/paques-en-provence\/\"]}]},{\"@type\":\"ImageObject\",\"inLanguage\":\"en-US\",\"@id\":\"https:\/\/www.chateausaintemarguerite.com\/vins-de-provence\/paques-en-provence\/#primaryimage\",\"url\":\"https:\/\/www.chateausaintemarguerite.com\/wp-content\/uploads\/2026\/03\/matthieuchatonnier-caveau-archi-hypnose-25-300x200-1.jpg\",\"contentUrl\":\"https:\/\/www.chateausaintemarguerite.com\/wp-content\/uploads\/2026\/03\/matthieuchatonnier-caveau-archi-hypnose-25-300x200-1.jpg\",\"width\":300,\"height\":200,\"caption\":\"matthieuchatonnier-caveau-archi-hypnose-25-300x200\"},{\"@type\":\"BreadcrumbList\",\"@id\":\"https:\/\/www.chateausaintemarguerite.com\/vins-de-provence\/paques-en-provence\/#breadcrumb\",\"itemListElement\":[{\"@type\":\"ListItem\",\"position\":1,\"name\":\"Accueil\",\"item\":\"https:\/\/www.chateausaintemarguerite.com\/\"},{\"@type\":\"ListItem\",\"position\":2,\"name\":\"Boutique\",\"item\":\"https:\/\/www.chateausaintemarguerite.com\/vins-de-provence\/\"},{\"@type\":\"ListItem\",\"position\":3,\"name\":\"Exp\u00e9riences\",\"item\":\"https:\/\/www.chateausaintemarguerite.com\/cru-classe-provence\/experiences\/\"},{\"@type\":\"ListItem\",\"position\":4,\"name\":\"Ateliers\",\"item\":\"https:\/\/www.chateausaintemarguerite.com\/cru-classe-provence\/experiences\/ateliers-culinaires\/\"},{\"@type\":\"ListItem\",\"position\":5,\"name\":\"P\u00e2ques en Provence\"}]},{\"@type\":\"WebSite\",\"@id\":\"https:\/\/www.chateausaintemarguerite.com\/#website\",\"url\":\"https:\/\/www.chateausaintemarguerite.com\/\",\"name\":\"Ch\u00e2teau Sainte Marguerite\",\"description\":\"Vins de Provence\",\"publisher\":{\"@id\":\"https:\/\/www.chateausaintemarguerite.com\/#organization\"},\"potentialAction\":[{\"@type\":\"SearchAction\",\"target\":{\"@type\":\"EntryPoint\",\"urlTemplate\":\"https:\/\/www.chateausaintemarguerite.com\/?s={search_term_string}\"},\"query-input\":{\"@type\":\"PropertyValueSpecification\",\"valueRequired\":true,\"valueName\":\"search_term_string\"}}],\"inLanguage\":\"en-US\"},{\"@type\":\"Organization\",\"@id\":\"https:\/\/www.chateausaintemarguerite.com\/#organization\",\"name\":\"Ch\u00e2teau Sainte Marguerite\",\"url\":\"https:\/\/www.chateausaintemarguerite.com\/\",\"logo\":{\"@type\":\"ImageObject\",\"inLanguage\":\"en-US\",\"@id\":\"https:\/\/www.chateausaintemarguerite.com\/#\/schema\/logo\/image\/\",\"url\":\"https:\/\/www.chateausaintemarguerite.com\/wp-content\/uploads\/2021\/01\/LogoCSM_1600.png\",\"contentUrl\":\"https:\/\/www.chateausaintemarguerite.com\/wp-content\/uploads\/2021\/01\/LogoCSM_1600.png\",\"width\":2560,\"height\":1257,\"caption\":\"Ch\u00e2teau Sainte Marguerite\"},\"image\":{\"@id\":\"https:\/\/www.chateausaintemarguerite.com\/#\/schema\/logo\/image\/\"},\"sameAs\":[\"https:\/\/fr-fr.facebook.com\/Chateausaintemarguerite\/\",\"https:\/\/www.instagram.com\/chateausaintemarguerite\/?hl=fr\",\"https:\/\/www.youtube.com\/channel\/UC0WoRvE6wQi_9J8WZg27vwA\"]}]}<\/script>\n<!-- \/ Yoast SEO plugin. -->","yoast_head_json":{"title":"P\u00e2ques en Provence - Ch\u00e2teau Sainte Marguerite","description":"P\u00e2ques en Provence \u2013 Chasse aux \u0153ufs et ateliers chocolat & vin au domaine Une exp\u00e9rience conviviale qui r\u00e9unit enfants et parents","robots":{"index":"index","follow":"follow","max-snippet":"max-snippet:-1","max-image-preview":"max-image-preview:large","max-video-preview":"max-video-preview:-1"},"canonical":"https:\/\/www.chateausaintemarguerite.com\/en\/vins-de-provence\/paques-en-provence\/","og_locale":"en_US","og_type":"article","og_title":"P\u00e2ques en Provence - Ch\u00e2teau Sainte Marguerite","og_description":"P\u00e2ques en Provence \u2013 Chasse aux \u0153ufs et ateliers chocolat & vin au domaine Une exp\u00e9rience conviviale qui r\u00e9unit enfants et parents","og_url":"https:\/\/www.chateausaintemarguerite.com\/en\/vins-de-provence\/paques-en-provence\/","og_site_name":"Ch\u00e2teau Sainte Marguerite","article_publisher":"https:\/\/fr-fr.facebook.com\/Chateausaintemarguerite\/","article_modified_time":"2026-04-01T07:08:37+00:00","og_image":[{"width":300,"height":200,"url":"http:\/\/www.chateausaintemarguerite.com\/wp-content\/uploads\/2026\/03\/matthieuchatonnier-caveau-archi-hypnose-25-300x200-1.jpg","type":"image\/jpeg"}],"twitter_card":"summary_large_image","twitter_misc":{"Est. reading time":"1 minute"},"schema":{"@context":"https:\/\/schema.org","@graph":[{"@type":"WebPage","@id":"https:\/\/www.chateausaintemarguerite.com\/vins-de-provence\/paques-en-provence\/","url":"https:\/\/www.chateausaintemarguerite.com\/vins-de-provence\/paques-en-provence\/","name":"P\u00e2ques en Provence - Ch\u00e2teau Sainte Marguerite","isPartOf":{"@id":"https:\/\/www.chateausaintemarguerite.com\/#website"},"primaryImageOfPage":{"@id":"https:\/\/www.chateausaintemarguerite.com\/vins-de-provence\/paques-en-provence\/#primaryimage"},"image":{"@id":"https:\/\/www.chateausaintemarguerite.com\/vins-de-provence\/paques-en-provence\/#primaryimage"},"thumbnailUrl":"https:\/\/www.chateausaintemarguerite.com\/wp-content\/uploads\/2026\/03\/matthieuchatonnier-caveau-archi-hypnose-25-300x200-1.jpg","datePublished":"2026-03-05T16:09:24+00:00","dateModified":"2026-04-01T07:08:37+00:00","description":"P\u00e2ques en Provence \u2013 Chasse aux \u0153ufs et ateliers chocolat & vin au domaine Une exp\u00e9rience conviviale qui r\u00e9unit enfants et parents","breadcrumb":{"@id":"https:\/\/www.chateausaintemarguerite.com\/vins-de-provence\/paques-en-provence\/#breadcrumb"},"inLanguage":"en-US","potentialAction":[{"@type":"ReadAction","target":["https:\/\/www.chateausaintemarguerite.com\/vins-de-provence\/paques-en-provence\/"]}]},{"@type":"ImageObject","inLanguage":"en-US","@id":"https:\/\/www.chateausaintemarguerite.com\/vins-de-provence\/paques-en-provence\/#primaryimage","url":"https:\/\/www.chateausaintemarguerite.com\/wp-content\/uploads\/2026\/03\/matthieuchatonnier-caveau-archi-hypnose-25-300x200-1.jpg","contentUrl":"https:\/\/www.chateausaintemarguerite.com\/wp-content\/uploads\/2026\/03\/matthieuchatonnier-caveau-archi-hypnose-25-300x200-1.jpg","width":300,"height":200,"caption":"matthieuchatonnier-caveau-archi-hypnose-25-300x200"},{"@type":"BreadcrumbList","@id":"https:\/\/www.chateausaintemarguerite.com\/vins-de-provence\/paques-en-provence\/#breadcrumb","itemListElement":[{"@type":"ListItem","position":1,"name":"Accueil","item":"https:\/\/www.chateausaintemarguerite.com\/"},{"@type":"ListItem","position":2,"name":"Boutique","item":"https:\/\/www.chateausaintemarguerite.com\/vins-de-provence\/"},{"@type":"ListItem","position":3,"name":"Exp\u00e9riences","item":"https:\/\/www.chateausaintemarguerite.com\/cru-classe-provence\/experiences\/"},{"@type":"ListItem","position":4,"name":"Ateliers","item":"https:\/\/www.chateausaintemarguerite.com\/cru-classe-provence\/experiences\/ateliers-culinaires\/"},{"@type":"ListItem","position":5,"name":"P\u00e2ques en Provence"}]},{"@type":"WebSite","@id":"https:\/\/www.chateausaintemarguerite.com\/#website","url":"https:\/\/www.chateausaintemarguerite.com\/","name":"Ch\u00e2teau Sainte Marguerite","description":"Provence wines","publisher":{"@id":"https:\/\/www.chateausaintemarguerite.com\/#organization"},"potentialAction":[{"@type":"SearchAction","target":{"@type":"EntryPoint","urlTemplate":"https:\/\/www.chateausaintemarguerite.com\/?s={search_term_string}"},"query-input":{"@type":"PropertyValueSpecification","valueRequired":true,"valueName":"search_term_string"}}],"inLanguage":"en-US"},{"@type":"Organization","@id":"https:\/\/www.chateausaintemarguerite.com\/#organization","name":"Ch\u00e2teau Sainte Marguerite","url":"https:\/\/www.chateausaintemarguerite.com\/","logo":{"@type":"ImageObject","inLanguage":"en-US","@id":"https:\/\/www.chateausaintemarguerite.com\/#\/schema\/logo\/image\/","url":"https:\/\/www.chateausaintemarguerite.com\/wp-content\/uploads\/2021\/01\/LogoCSM_1600.png","contentUrl":"https:\/\/www.chateausaintemarguerite.com\/wp-content\/uploads\/2021\/01\/LogoCSM_1600.png","width":2560,"height":1257,"caption":"Ch\u00e2teau Sainte Marguerite"},"image":{"@id":"https:\/\/www.chateausaintemarguerite.com\/#\/schema\/logo\/image\/"},"sameAs":["https:\/\/fr-fr.facebook.com\/Chateausaintemarguerite\/","https:\/\/www.instagram.com\/chateausaintemarguerite\/?hl=fr","https:\/\/www.youtube.com\/channel\/UC0WoRvE6wQi_9J8WZg27vwA"]}]}},"_links":{"self":[{"href":"https:\/\/www.chateausaintemarguerite.com\/en\/wp-json\/wp\/v2\/product\/329983","targetHints":{"allow":["GET"]}}],"collection":[{"href":"https:\/\/www.chateausaintemarguerite.com\/en\/wp-json\/wp\/v2\/product"}],"about":[{"href":"https:\/\/www.chateausaintemarguerite.com\/en\/wp-json\/wp\/v2\/types\/product"}],"wp:featuredmedia":[{"embeddable":true,"href":"https:\/\/www.chateausaintemarguerite.com\/en\/wp-json\/wp\/v2\/media\/347032"}],"wp:attachment":[{"href":"https:\/\/www.chateausaintemarguerite.com\/en\/wp-json\/wp\/v2\/media?parent=329983"}],"wp:term":[{"taxonomy":"product_brand","embeddable":true,"href":"https:\/\/www.chateausaintemarguerite.com\/en\/wp-json\/wp\/v2\/product_brand?post=329983"},{"taxonomy":"product_cat","embeddable":true,"href":"https:\/\/www.chateausaintemarguerite.com\/en\/wp-json\/wp\/v2\/product_cat?post=329983"},{"taxonomy":"product_tag","embeddable":true,"href":"https:\/\/www.chateausaintemarguerite.com\/en\/wp-json\/wp\/v2\/product_tag?post=329983"}],"curies":[{"name":"wp","href":"https:\/\/api.w.org\/{rel}","templated":true}]}}