{"id":311380,"date":"2026-01-30T10:22:00","date_gmt":"2026-01-30T09:22:00","guid":{"rendered":"https:\/\/www.chateausaintemarguerite.com\/?post_type=product&#038;p=311380"},"modified":"2026-04-29T16:56:58","modified_gmt":"2026-04-29T14:56:58","slug":"coffret-fantastique-blanc-2-verres","status":"publish","type":"product","link":"https:\/\/www.chateausaintemarguerite.com\/en\/vins-de-provence\/coffret-fantastique-blanc-2-verres\/","title":{"rendered":"Fantastique White + 2 glasses"},"content":{"rendered":"<p>Fantastique blanc 2024 est certifi\u00e9 <a href=\"https:\/\/www.chateausaintemarguerite.com\/en\/les-certifications-dans-le-monde-du-vin-bio-vegan-ecocert\/\">organic and vegan<\/a>\u00a0et est \u00e9labor\u00e9 \u00e0 partir des meilleures parcelles du vignoble.<\/p>\n<p>Son unique c\u00e9page le Rolle d\u00e9livre l\u2019expression aromatique et authentique du terroir du Ch\u00e2teau Sainte Marguerite.<\/p>\n<p>Les cuv\u00e9es \u00ab\u00a0<a href=\"https:\/\/www.chateausaintemarguerite.com\/en\/cru-classe-provence\/vins-cuvee-fantastique\/\">Les Fantastiques<\/a>\u00a0\u00bbembody the quality of a terroir and the precise know-how of Ch\u00e2teau Sainte Marguerite.<a href=\"https:\/\/www.chateausaintemarguerite.com\/en\/quest-ce-quun-cru-classe-de-provence\/\">\u00a0Cru Class\u00e9 C\u00f4tes-de-Provence.<\/a>\u00a0Balanced and structured, the wines are characterized by their finesse, freshness and aromas.<\/p>\n<p>Les Fantastiques sont certifi\u00e9s biologiques et vegan et sont \u00e9labor\u00e9s \u00e0 partir des meilleures parcelles du vignoble. Les c\u00e9pages se compl\u00e8tent pour d\u00e9livrer l\u2019expression aromatique et authentique du terroir de Ch\u00e2teau Sainte Marguerite.<\/p>","protected":false},"excerpt":{"rendered":"<p>Ce coffret s\u00e9lection comprend :<\/p>\n<p>- 1 bottle of <a href=\"https:\/\/www.chateausaintemarguerite.com\/en\/vins-de-provence\/fantastique-blanc\/\">Fantastic white<\/a>\u00a075 cl<\/p>\n<p>&#8211; 2 <a href=\"https:\/\/www.chateausaintemarguerite.com\/en\/vins-de-provence\/verres-absolus\/\">Marguerite 46cl screen-printed glassware<\/a><\/p>\n<p>D\u00e9couvrez en \u00e9dition limit\u00e9e l&rsquo;excellence de Ch\u00e2teau Sainte Marguerite avec ce coffret s\u00e9lection de 1 bouteille de notre cuv\u00e9e Fantastique ros\u00e9 et ses 2 verres absolus.<\/p>\n<p>Chacun de nos vins est le fruit et le reflet de notre savoir-faire et notre passion.<\/p>\n<p>*C\u00f4tes-de-Provence controlled appellation<\/p>","protected":false},"featured_media":311397,"template":"","meta":{"inline_featured_image":false},"product_brand":[],"product_cat":[37,28],"product_tag":[89,88],"class_list":{"0":"post-311380","1":"product","2":"type-product","3":"status-publish","4":"has-post-thumbnail","6":"product_cat-vins-coffret-decouverte","7":"product_cat-vins-ste-marguerite","8":"product_tag-bio","9":"product_tag-cru-classe-cotes-de-provence","10":"member-discount","11":"discount-restricted","13":"first","14":"instock","15":"taxable","16":"shipping-taxable","17":"purchasable","18":"product-type-simple"},"booking_location":null,"booking_location_type":null,"booking_duration":null,"booking_duration_unit":null,"booking_buffer":null,"booking_cost":null,"booking_resources":null,"acf":[],"yoast_head":"<!-- This site is optimized with the Yoast SEO plugin v27.1.1 - https:\/\/yoast.com\/product\/yoast-seo-wordpress\/ -->\n<title>Coffret Fantastique blanc avec ses deux verres<\/title>\n<meta name=\"description\" content=\"Coffret Fantastique blanc avec ses deux verres s\u00e9rigraphi\u00e9s soigneusement \u00e9labor\u00e9 pour les passionn\u00e9s. En \u00e9dition limit\u00e9e.\" \/>\n<meta name=\"robots\" content=\"index, follow, max-snippet:-1, max-image-preview:large, max-video-preview:-1\" \/>\n<link rel=\"canonical\" href=\"https:\/\/www.chateausaintemarguerite.com\/en\/vins-de-provence\/coffret-fantastique-blanc-2-verres\/\" \/>\n<meta property=\"og:locale\" content=\"en_US\" \/>\n<meta property=\"og:type\" content=\"article\" \/>\n<meta property=\"og:title\" content=\"Coffret Fantastique blanc avec ses deux verres\" \/>\n<meta property=\"og:description\" content=\"Coffret Fantastique blanc avec ses deux verres s\u00e9rigraphi\u00e9s soigneusement \u00e9labor\u00e9 pour les passionn\u00e9s. En \u00e9dition limit\u00e9e.\" \/>\n<meta property=\"og:url\" content=\"https:\/\/www.chateausaintemarguerite.com\/en\/vins-de-provence\/coffret-fantastique-blanc-2-verres\/\" \/>\n<meta property=\"og:site_name\" content=\"Ch\u00e2teau Sainte Marguerite\" \/>\n<meta property=\"article:publisher\" content=\"https:\/\/fr-fr.facebook.com\/Chateausaintemarguerite\/\" \/>\n<meta property=\"article:modified_time\" content=\"2026-04-29T14:56:58+00:00\" \/>\n<meta property=\"og:image\" content=\"https:\/\/www.chateausaintemarguerite.com\/wp-content\/uploads\/2026\/01\/coffret-1-fantastique-blanc-2-verres-avec-ebox.png\" \/>\n\t<meta property=\"og:image:width\" content=\"1080\" \/>\n\t<meta property=\"og:image:height\" content=\"1080\" \/>\n\t<meta property=\"og:image:type\" content=\"image\/png\" \/>\n<meta name=\"twitter:card\" content=\"summary_large_image\" \/>\n<meta name=\"twitter:label1\" content=\"Est. reading time\" \/>\n\t<meta name=\"twitter:data1\" content=\"1 minute\" \/>\n<script type=\"application\/ld+json\" class=\"yoast-schema-graph\">{\"@context\":\"https:\/\/schema.org\",\"@graph\":[{\"@type\":\"WebPage\",\"@id\":\"https:\/\/www.chateausaintemarguerite.com\/vins-de-provence\/coffret-fantastique-blanc-2-verres\/\",\"url\":\"https:\/\/www.chateausaintemarguerite.com\/vins-de-provence\/coffret-fantastique-blanc-2-verres\/\",\"name\":\"Coffret Fantastique blanc avec ses deux verres\",\"isPartOf\":{\"@id\":\"https:\/\/www.chateausaintemarguerite.com\/#website\"},\"primaryImageOfPage\":{\"@id\":\"https:\/\/www.chateausaintemarguerite.com\/vins-de-provence\/coffret-fantastique-blanc-2-verres\/#primaryimage\"},\"image\":{\"@id\":\"https:\/\/www.chateausaintemarguerite.com\/vins-de-provence\/coffret-fantastique-blanc-2-verres\/#primaryimage\"},\"thumbnailUrl\":\"https:\/\/www.chateausaintemarguerite.com\/wp-content\/uploads\/2026\/01\/coffret-1-fantastique-blanc-2-verres-avec-ebox.png\",\"datePublished\":\"2026-01-30T09:22:00+00:00\",\"dateModified\":\"2026-04-29T14:56:58+00:00\",\"description\":\"Coffret Fantastique blanc avec ses deux verres s\u00e9rigraphi\u00e9s soigneusement \u00e9labor\u00e9 pour les passionn\u00e9s. En \u00e9dition limit\u00e9e.\",\"breadcrumb\":{\"@id\":\"https:\/\/www.chateausaintemarguerite.com\/vins-de-provence\/coffret-fantastique-blanc-2-verres\/#breadcrumb\"},\"inLanguage\":\"en-US\",\"potentialAction\":[{\"@type\":\"ReadAction\",\"target\":[\"https:\/\/www.chateausaintemarguerite.com\/vins-de-provence\/coffret-fantastique-blanc-2-verres\/\"]}]},{\"@type\":\"ImageObject\",\"inLanguage\":\"en-US\",\"@id\":\"https:\/\/www.chateausaintemarguerite.com\/vins-de-provence\/coffret-fantastique-blanc-2-verres\/#primaryimage\",\"url\":\"https:\/\/www.chateausaintemarguerite.com\/wp-content\/uploads\/2026\/01\/coffret-1-fantastique-blanc-2-verres-avec-ebox.png\",\"contentUrl\":\"https:\/\/www.chateausaintemarguerite.com\/wp-content\/uploads\/2026\/01\/coffret-1-fantastique-blanc-2-verres-avec-ebox.png\",\"width\":1080,\"height\":1080,\"caption\":\"coffret-1-fantastique-blanc-2-verres-avec-ebox\"},{\"@type\":\"BreadcrumbList\",\"@id\":\"https:\/\/www.chateausaintemarguerite.com\/vins-de-provence\/coffret-fantastique-blanc-2-verres\/#breadcrumb\",\"itemListElement\":[{\"@type\":\"ListItem\",\"position\":1,\"name\":\"Accueil\",\"item\":\"https:\/\/www.chateausaintemarguerite.com\/\"},{\"@type\":\"ListItem\",\"position\":2,\"name\":\"Boutique\",\"item\":\"https:\/\/www.chateausaintemarguerite.com\/vins-de-provence\/\"},{\"@type\":\"ListItem\",\"position\":3,\"name\":\"Coffrets D\u00e9couverte\",\"item\":\"https:\/\/www.chateausaintemarguerite.com\/cru-classe-provence\/vins-coffret-decouverte\/\"},{\"@type\":\"ListItem\",\"position\":4,\"name\":\"Coffret Fantastique Blanc + 2 verres\"}]},{\"@type\":\"WebSite\",\"@id\":\"https:\/\/www.chateausaintemarguerite.com\/#website\",\"url\":\"https:\/\/www.chateausaintemarguerite.com\/\",\"name\":\"Ch\u00e2teau Sainte Marguerite\",\"description\":\"Vins de Provence\",\"publisher\":{\"@id\":\"https:\/\/www.chateausaintemarguerite.com\/#organization\"},\"potentialAction\":[{\"@type\":\"SearchAction\",\"target\":{\"@type\":\"EntryPoint\",\"urlTemplate\":\"https:\/\/www.chateausaintemarguerite.com\/?s={search_term_string}\"},\"query-input\":{\"@type\":\"PropertyValueSpecification\",\"valueRequired\":true,\"valueName\":\"search_term_string\"}}],\"inLanguage\":\"en-US\"},{\"@type\":\"Organization\",\"@id\":\"https:\/\/www.chateausaintemarguerite.com\/#organization\",\"name\":\"Ch\u00e2teau Sainte Marguerite\",\"url\":\"https:\/\/www.chateausaintemarguerite.com\/\",\"logo\":{\"@type\":\"ImageObject\",\"inLanguage\":\"en-US\",\"@id\":\"https:\/\/www.chateausaintemarguerite.com\/#\/schema\/logo\/image\/\",\"url\":\"https:\/\/www.chateausaintemarguerite.com\/wp-content\/uploads\/2021\/01\/LogoCSM_1600.png\",\"contentUrl\":\"https:\/\/www.chateausaintemarguerite.com\/wp-content\/uploads\/2021\/01\/LogoCSM_1600.png\",\"width\":2560,\"height\":1257,\"caption\":\"Ch\u00e2teau Sainte Marguerite\"},\"image\":{\"@id\":\"https:\/\/www.chateausaintemarguerite.com\/#\/schema\/logo\/image\/\"},\"sameAs\":[\"https:\/\/fr-fr.facebook.com\/Chateausaintemarguerite\/\",\"https:\/\/www.instagram.com\/chateausaintemarguerite\/?hl=fr\",\"https:\/\/www.youtube.com\/channel\/UC0WoRvE6wQi_9J8WZg27vwA\"]}]}<\/script>\n<!-- \/ Yoast SEO plugin. -->","yoast_head_json":{"title":"Coffret Fantastique blanc avec ses deux verres","description":"Coffret Fantastique blanc avec ses deux verres s\u00e9rigraphi\u00e9s soigneusement \u00e9labor\u00e9 pour les passionn\u00e9s. En \u00e9dition limit\u00e9e.","robots":{"index":"index","follow":"follow","max-snippet":"max-snippet:-1","max-image-preview":"max-image-preview:large","max-video-preview":"max-video-preview:-1"},"canonical":"https:\/\/www.chateausaintemarguerite.com\/en\/vins-de-provence\/coffret-fantastique-blanc-2-verres\/","og_locale":"en_US","og_type":"article","og_title":"Coffret Fantastique blanc avec ses deux verres","og_description":"Coffret Fantastique blanc avec ses deux verres s\u00e9rigraphi\u00e9s soigneusement \u00e9labor\u00e9 pour les passionn\u00e9s. En \u00e9dition limit\u00e9e.","og_url":"https:\/\/www.chateausaintemarguerite.com\/en\/vins-de-provence\/coffret-fantastique-blanc-2-verres\/","og_site_name":"Ch\u00e2teau Sainte Marguerite","article_publisher":"https:\/\/fr-fr.facebook.com\/Chateausaintemarguerite\/","article_modified_time":"2026-04-29T14:56:58+00:00","og_image":[{"width":1080,"height":1080,"url":"https:\/\/www.chateausaintemarguerite.com\/wp-content\/uploads\/2026\/01\/coffret-1-fantastique-blanc-2-verres-avec-ebox.png","type":"image\/png"}],"twitter_card":"summary_large_image","twitter_misc":{"Est. reading time":"1 minute"},"schema":{"@context":"https:\/\/schema.org","@graph":[{"@type":"WebPage","@id":"https:\/\/www.chateausaintemarguerite.com\/vins-de-provence\/coffret-fantastique-blanc-2-verres\/","url":"https:\/\/www.chateausaintemarguerite.com\/vins-de-provence\/coffret-fantastique-blanc-2-verres\/","name":"Coffret Fantastique blanc avec ses deux verres","isPartOf":{"@id":"https:\/\/www.chateausaintemarguerite.com\/#website"},"primaryImageOfPage":{"@id":"https:\/\/www.chateausaintemarguerite.com\/vins-de-provence\/coffret-fantastique-blanc-2-verres\/#primaryimage"},"image":{"@id":"https:\/\/www.chateausaintemarguerite.com\/vins-de-provence\/coffret-fantastique-blanc-2-verres\/#primaryimage"},"thumbnailUrl":"https:\/\/www.chateausaintemarguerite.com\/wp-content\/uploads\/2026\/01\/coffret-1-fantastique-blanc-2-verres-avec-ebox.png","datePublished":"2026-01-30T09:22:00+00:00","dateModified":"2026-04-29T14:56:58+00:00","description":"Coffret Fantastique blanc avec ses deux verres s\u00e9rigraphi\u00e9s soigneusement \u00e9labor\u00e9 pour les passionn\u00e9s. En \u00e9dition limit\u00e9e.","breadcrumb":{"@id":"https:\/\/www.chateausaintemarguerite.com\/vins-de-provence\/coffret-fantastique-blanc-2-verres\/#breadcrumb"},"inLanguage":"en-US","potentialAction":[{"@type":"ReadAction","target":["https:\/\/www.chateausaintemarguerite.com\/vins-de-provence\/coffret-fantastique-blanc-2-verres\/"]}]},{"@type":"ImageObject","inLanguage":"en-US","@id":"https:\/\/www.chateausaintemarguerite.com\/vins-de-provence\/coffret-fantastique-blanc-2-verres\/#primaryimage","url":"https:\/\/www.chateausaintemarguerite.com\/wp-content\/uploads\/2026\/01\/coffret-1-fantastique-blanc-2-verres-avec-ebox.png","contentUrl":"https:\/\/www.chateausaintemarguerite.com\/wp-content\/uploads\/2026\/01\/coffret-1-fantastique-blanc-2-verres-avec-ebox.png","width":1080,"height":1080,"caption":"coffret-1-fantastique-blanc-2-verres-avec-ebox"},{"@type":"BreadcrumbList","@id":"https:\/\/www.chateausaintemarguerite.com\/vins-de-provence\/coffret-fantastique-blanc-2-verres\/#breadcrumb","itemListElement":[{"@type":"ListItem","position":1,"name":"Accueil","item":"https:\/\/www.chateausaintemarguerite.com\/"},{"@type":"ListItem","position":2,"name":"Boutique","item":"https:\/\/www.chateausaintemarguerite.com\/vins-de-provence\/"},{"@type":"ListItem","position":3,"name":"Coffrets D\u00e9couverte","item":"https:\/\/www.chateausaintemarguerite.com\/cru-classe-provence\/vins-coffret-decouverte\/"},{"@type":"ListItem","position":4,"name":"Coffret Fantastique Blanc + 2 verres"}]},{"@type":"WebSite","@id":"https:\/\/www.chateausaintemarguerite.com\/#website","url":"https:\/\/www.chateausaintemarguerite.com\/","name":"Ch\u00e2teau Sainte Marguerite","description":"Provence wines","publisher":{"@id":"https:\/\/www.chateausaintemarguerite.com\/#organization"},"potentialAction":[{"@type":"SearchAction","target":{"@type":"EntryPoint","urlTemplate":"https:\/\/www.chateausaintemarguerite.com\/?s={search_term_string}"},"query-input":{"@type":"PropertyValueSpecification","valueRequired":true,"valueName":"search_term_string"}}],"inLanguage":"en-US"},{"@type":"Organization","@id":"https:\/\/www.chateausaintemarguerite.com\/#organization","name":"Ch\u00e2teau Sainte Marguerite","url":"https:\/\/www.chateausaintemarguerite.com\/","logo":{"@type":"ImageObject","inLanguage":"en-US","@id":"https:\/\/www.chateausaintemarguerite.com\/#\/schema\/logo\/image\/","url":"https:\/\/www.chateausaintemarguerite.com\/wp-content\/uploads\/2021\/01\/LogoCSM_1600.png","contentUrl":"https:\/\/www.chateausaintemarguerite.com\/wp-content\/uploads\/2021\/01\/LogoCSM_1600.png","width":2560,"height":1257,"caption":"Ch\u00e2teau Sainte Marguerite"},"image":{"@id":"https:\/\/www.chateausaintemarguerite.com\/#\/schema\/logo\/image\/"},"sameAs":["https:\/\/fr-fr.facebook.com\/Chateausaintemarguerite\/","https:\/\/www.instagram.com\/chateausaintemarguerite\/?hl=fr","https:\/\/www.youtube.com\/channel\/UC0WoRvE6wQi_9J8WZg27vwA"]}]}},"_links":{"self":[{"href":"https:\/\/www.chateausaintemarguerite.com\/en\/wp-json\/wp\/v2\/product\/311380","targetHints":{"allow":["GET"]}}],"collection":[{"href":"https:\/\/www.chateausaintemarguerite.com\/en\/wp-json\/wp\/v2\/product"}],"about":[{"href":"https:\/\/www.chateausaintemarguerite.com\/en\/wp-json\/wp\/v2\/types\/product"}],"wp:featuredmedia":[{"embeddable":true,"href":"https:\/\/www.chateausaintemarguerite.com\/en\/wp-json\/wp\/v2\/media\/311397"}],"wp:attachment":[{"href":"https:\/\/www.chateausaintemarguerite.com\/en\/wp-json\/wp\/v2\/media?parent=311380"}],"wp:term":[{"taxonomy":"product_brand","embeddable":true,"href":"https:\/\/www.chateausaintemarguerite.com\/en\/wp-json\/wp\/v2\/product_brand?post=311380"},{"taxonomy":"product_cat","embeddable":true,"href":"https:\/\/www.chateausaintemarguerite.com\/en\/wp-json\/wp\/v2\/product_cat?post=311380"},{"taxonomy":"product_tag","embeddable":true,"href":"https:\/\/www.chateausaintemarguerite.com\/en\/wp-json\/wp\/v2\/product_tag?post=311380"}],"curies":[{"name":"wp","href":"https:\/\/api.w.org\/{rel}","templated":true}]}}