{"id":311350,"date":"2026-01-30T08:49:41","date_gmt":"2026-01-30T07:49:41","guid":{"rendered":"https:\/\/www.chateausaintemarguerite.com\/?post_type=product&#038;p=311350"},"modified":"2026-03-04T09:11:24","modified_gmt":"2026-03-04T08:11:24","slug":"coffret-decouverte-3-cuvees-blanc","status":"publish","type":"product","link":"https:\/\/www.chateausaintemarguerite.com\/en\/vins-de-provence\/coffret-decouverte-3-cuvees-blanc\/","title":{"rendered":"Gift set 3 Cuv\u00e9es White"},"content":{"rendered":"<p>Gift set 3 Cuv\u00e9es White<\/p>\n<p>Discover the vintages <strong>\"\u00a0<a href=\"https:\/\/www.chateausaintemarguerite.com\/en\/vins-de-provence\/coffret-fantastique-blanc-2-verres\/\" target=\"_blank\" rel=\"noopener\">Les Fantastiques<\/a> \u00bb <\/strong>qui\u00a0incarnent avec exigence et pr\u00e9cision l\u2019expression d\u2019un terroir d\u2019exception et d\u2019un savoir-faire rigoureux sign\u00e9 <strong data-start=\"144\" data-end=\"185\"><span class=\"hover:entity-accent entity-underline inline cursor-pointer align-baseline\"><span class=\"whitespace-normal\">Ch\u00e2teau Sainte Marguerite.<\/span><\/span><\/strong><\/p>\n<p>Created in 1999, the \u00a0<a href=\"https:\/\/www.chateausaintemarguerite.com\/en\/vins-de-provence\/symphonie-blanc\/\" target=\"_blank\" rel=\"noopener\"><strong>Symphonie<\/strong><\/a> \u00a0est le fruit d\u2019un savoir-faire ma\u00eetris\u00e9 et d\u2019une vision pr\u00e9cise du style du ch\u00e2teau.<\/p>\n<p>Elle offre une composition aromatique harmonieuse, pens\u00e9e comme une introduction fid\u00e8le \u00e0 l\u2019univers des vins du domaine. Par Sa finesse, sa fra\u00eecheur et sa coh\u00e9rence aromatique, ce ros\u00e9 Cru Class\u00e9 est repr\u00e9sentatif de la diversit\u00e9 des terroirs de l\u2019<strong data-start=\"1164\" data-end=\"1205\"><span class=\"hover:entity-accent entity-underline inline cursor-pointer align-baseline\"><span class=\"whitespace-normal\">AOC C\u00f4tes-de-Provence<\/span><\/span><\/strong>. La cuv\u00e9e Symphonie refl\u00e8te une approche qualitative constante, de la vigne \u00e0 l\u2019\u00e9laboration.<\/p>\n<p>La nouvelle collection \u00ab <strong><a href=\"https:\/\/www.chateausaintemarguerite.com\/en\/vins-de-provence\/marguerites-blanc\/\" target=\"_blank\" rel=\"noopener\">Marguerites<\/a><\/strong> \u00bb incarne l\u2019aboutissement du style, de l\u2019expertise et de la passion qui animent le Ch\u00e2teau Sainte Marguerite. Pens\u00e9e comme une interpr\u00e9tation contemporaine du terroir proven\u00e7al. Cette collection met en avant la pr\u00e9cision des assemblages et la puret\u00e9 des expressions aromatiques.<\/p>\n<p>Ces trois vins rares et \u00e9quilibr\u00e9s, propos\u00e9s en quantit\u00e9s limit\u00e9es, sont reconnus pour leur signature innovante et leur \u00e9l\u00e9gance moderne.<\/p>\n<p>Ils sont Class\u00e9s Cru Class\u00e9 en AOC C\u00f4tes-de-Provence et certifi\u00e9s biologiques et vegan. Ils illustrent l\u2019engagement du domaine pour une viticulture exigeante, durable et fid\u00e8le \u00e0 son identit\u00e9.<\/p>","protected":false},"excerpt":{"rendered":"<p>This selection of 3 bottles includes :<br \/>\n- 1 bottle of <a href=\"https:\/\/www.chateausaintemarguerite.com\/en\/vins-de-provence\/marguerites-blanc\/\">Marguerite blanc collection<\/a> 75 cl<br \/>\n- 1 bottle of <a href=\"https:\/\/www.chateausaintemarguerite.com\/en\/vins-de-provence\/fantastique-blanc\/\">Fantastic white<\/a> 75 cl<br \/>\n- 1 bottle of <a href=\"https:\/\/www.chateausaintemarguerite.com\/en\/vins-de-provence\/symphonie-blanc\/\">Symphony of white <\/a>75 cl<\/p>\n<p>D\u00e9couvrez en \u00e9dition limit\u00e9e l&rsquo;excellence de Ch\u00e2teau Sainte Marguerite avec ce coffret s\u00e9lection de 3 bouteilles, soigneusement \u00e9labor\u00e9 pour les amateurs de blanc. Chacune de nos cuv\u00e9es est le fruit et le reflet de notre savoir-faire et notre passion.<\/p>\n<p>*C\u00f4tes-de-Provence controlled appellation<\/p>\n<p>Les cuv\u00e9es <strong>\"\u00a0<a href=\"https:\/\/www.chateausaintemarguerite.com\/en\/vins-de-provence\/coffret-fantastique-blanc-2-verres\/\" target=\"_blank\" rel=\"noopener\">Les Fantastiques<\/a> \u00bb<\/strong>\u00a0embody, with exacting precision, the expression of an exceptional terroir and rigorous know-how. <strong data-start=\"144\" data-end=\"185\"><span class=\"hover:entity-accent entity-underline inline cursor-pointer align-baseline\"><span class=\"whitespace-normal\">Ch\u00e2teau Sainte Marguerite<\/span><\/span><\/strong>, domaine embl\u00e9matique reconnu pour son expertise en viticulture de qualit\u00e9. Issues d\u2019une s\u00e9lection minutieuse des meilleures parcelles du vignoble, ces cuv\u00e9es traduisent une recherche constante d\u2019\u00e9quilibre et de structure. Leur profil se distingue par une grande finesse, une fra\u00eecheur ma\u00eetris\u00e9e et une palette aromatique \u00e9l\u00e9gante, fid\u00e8le \u00e0 l\u2019identit\u00e9 du domaine. Certifi\u00e9s biologiques et vegan, les vins Les Fantastiques s\u2019inscrivent dans une d\u00e9marche respectueuse de l\u2019environnement, valorisant la richesse naturelle des sols et la compl\u00e9mentarit\u00e9 des c\u00e9pages pour une expression authentique du terroir.<\/p>\n<p>Created in 1999, the \u00a0<a href=\"https:\/\/www.chateausaintemarguerite.com\/en\/vins-de-provence\/symphonie-blanc\/\" target=\"_blank\" rel=\"noopener\"><strong>Symphonie<\/strong><\/a> \u00a0is the fruit of mastered know-how and a precise vision of the ch\u00e2teau's style. It offers a harmonious aromatic composition, conceived as a faithful introduction to the world of the estate's wines. Its finesse, freshness and aromatic coherence make it a Cru Class\u00e9 ros\u00e9 representative of the diversity of the terroirs of the Ch\u00e2teau.\u2019<strong data-start=\"1164\" data-end=\"1205\"><span class=\"hover:entity-accent entity-underline inline cursor-pointer align-baseline\"><span class=\"whitespace-normal\">AOC C\u00f4tes-de-Provence<\/span><\/span><\/strong>. Certifi\u00e9e biologique et vegan, la cuv\u00e9e Symphonie refl\u00e8te une approche qualitative constante, de la vigne \u00e0 l\u2019\u00e9laboration.<\/p>\n<p>La nouvelle collection \u00ab <strong><a href=\"https:\/\/www.chateausaintemarguerite.com\/en\/vins-de-provence\/marguerites-blanc\/\" target=\"_blank\" rel=\"noopener\">Marguerites<\/a><\/strong> \u00bb\u00a0incarne l\u2019aboutissement du style, de l\u2019expertise et de la passion qui animent le Ch\u00e2teau Sainte Marguerite. Pens\u00e9e comme une interpr\u00e9tation contemporaine du terroir proven\u00e7al, cette collection met en avant la pr\u00e9cision des assemblages et la puret\u00e9 des expressions aromatiques.<\/p>\n<p>Ces trois vins rares et \u00e9quilibr\u00e9s, propos\u00e9s en quantit\u00e9s limit\u00e9es, sont reconnus pour leur signature innovante et leur \u00e9l\u00e9gance moderne.<\/p>","protected":false},"featured_media":311361,"template":"","meta":{"inline_featured_image":false},"product_brand":[],"product_cat":[37,28,31],"product_tag":[89,88],"class_list":{"0":"post-311350","1":"product","2":"type-product","3":"status-publish","4":"has-post-thumbnail","6":"product_cat-vins-coffret-decouverte","7":"product_cat-vins-ste-marguerite","8":"product_cat-vins-roses-ste-marguerite","9":"product_tag-bio","10":"product_tag-cru-classe-cotes-de-provence","11":"member-discount","12":"discount-restricted","14":"first","15":"instock","16":"taxable","17":"shipping-taxable","18":"purchasable","19":"product-type-simple"},"booking_location":null,"booking_location_type":null,"booking_duration":null,"booking_duration_unit":null,"booking_buffer":null,"booking_cost":null,"booking_resources":null,"acf":[],"yoast_head":"<!-- This site is optimized with the Yoast SEO plugin v27.1.1 - https:\/\/yoast.com\/product\/yoast-seo-wordpress\/ -->\n<title>Coffret D\u00e9couverte 3 Cuv\u00e9es Blanc<\/title>\n<meta name=\"description\" content=\"Coffret D\u00e9couverte 3 cuv\u00e9es blanc se compose d&#039;une s\u00e9lection de 3 bouteilles, soigneusement \u00e9labor\u00e9 pour les amateurs de blanc. En \u00e9dition limit\u00e9e.\" \/>\n<meta name=\"robots\" content=\"index, follow, max-snippet:-1, max-image-preview:large, max-video-preview:-1\" \/>\n<link rel=\"canonical\" href=\"https:\/\/www.chateausaintemarguerite.com\/en\/vins-de-provence\/coffret-decouverte-3-cuvees-blanc\/\" \/>\n<meta property=\"og:locale\" content=\"en_US\" \/>\n<meta property=\"og:type\" content=\"article\" \/>\n<meta property=\"og:title\" content=\"Coffret D\u00e9couverte 3 Cuv\u00e9es Blanc\" \/>\n<meta property=\"og:description\" content=\"Coffret D\u00e9couverte 3 cuv\u00e9es blanc se compose d&#039;une s\u00e9lection de 3 bouteilles, soigneusement \u00e9labor\u00e9 pour les amateurs de blanc. En \u00e9dition limit\u00e9e.\" \/>\n<meta property=\"og:url\" content=\"https:\/\/www.chateausaintemarguerite.com\/en\/vins-de-provence\/coffret-decouverte-3-cuvees-blanc\/\" \/>\n<meta property=\"og:site_name\" content=\"Ch\u00e2teau Sainte Marguerite\" \/>\n<meta property=\"article:publisher\" content=\"https:\/\/fr-fr.facebook.com\/Chateausaintemarguerite\/\" \/>\n<meta property=\"article:modified_time\" content=\"2026-03-04T08:11:24+00:00\" \/>\n<meta property=\"og:image\" content=\"https:\/\/www.chateausaintemarguerite.com\/wp-content\/uploads\/2026\/01\/coffret-3-blancs-avec-ebox-publication-linkedin.png\" \/>\n\t<meta property=\"og:image:width\" content=\"1200\" \/>\n\t<meta property=\"og:image:height\" content=\"1200\" \/>\n\t<meta property=\"og:image:type\" content=\"image\/png\" \/>\n<meta name=\"twitter:card\" content=\"summary_large_image\" \/>\n<meta name=\"twitter:label1\" content=\"Est. reading time\" \/>\n\t<meta name=\"twitter:data1\" content=\"2 minutes\" \/>\n<script type=\"application\/ld+json\" class=\"yoast-schema-graph\">{\"@context\":\"https:\/\/schema.org\",\"@graph\":[{\"@type\":\"WebPage\",\"@id\":\"https:\/\/www.chateausaintemarguerite.com\/vins-de-provence\/coffret-decouverte-3-cuvees-blanc\/\",\"url\":\"https:\/\/www.chateausaintemarguerite.com\/vins-de-provence\/coffret-decouverte-3-cuvees-blanc\/\",\"name\":\"Coffret D\u00e9couverte 3 Cuv\u00e9es Blanc\",\"isPartOf\":{\"@id\":\"https:\/\/www.chateausaintemarguerite.com\/#website\"},\"primaryImageOfPage\":{\"@id\":\"https:\/\/www.chateausaintemarguerite.com\/vins-de-provence\/coffret-decouverte-3-cuvees-blanc\/#primaryimage\"},\"image\":{\"@id\":\"https:\/\/www.chateausaintemarguerite.com\/vins-de-provence\/coffret-decouverte-3-cuvees-blanc\/#primaryimage\"},\"thumbnailUrl\":\"https:\/\/www.chateausaintemarguerite.com\/wp-content\/uploads\/2026\/01\/coffret-3-blancs-avec-ebox-publication-linkedin.png\",\"datePublished\":\"2026-01-30T07:49:41+00:00\",\"dateModified\":\"2026-03-04T08:11:24+00:00\",\"description\":\"Coffret D\u00e9couverte 3 cuv\u00e9es blanc se compose d'une s\u00e9lection de 3 bouteilles, soigneusement \u00e9labor\u00e9 pour les amateurs de blanc. En \u00e9dition limit\u00e9e.\",\"breadcrumb\":{\"@id\":\"https:\/\/www.chateausaintemarguerite.com\/vins-de-provence\/coffret-decouverte-3-cuvees-blanc\/#breadcrumb\"},\"inLanguage\":\"en-US\",\"potentialAction\":[{\"@type\":\"ReadAction\",\"target\":[\"https:\/\/www.chateausaintemarguerite.com\/vins-de-provence\/coffret-decouverte-3-cuvees-blanc\/\"]}]},{\"@type\":\"ImageObject\",\"inLanguage\":\"en-US\",\"@id\":\"https:\/\/www.chateausaintemarguerite.com\/vins-de-provence\/coffret-decouverte-3-cuvees-blanc\/#primaryimage\",\"url\":\"https:\/\/www.chateausaintemarguerite.com\/wp-content\/uploads\/2026\/01\/coffret-3-blancs-avec-ebox-publication-linkedin.png\",\"contentUrl\":\"https:\/\/www.chateausaintemarguerite.com\/wp-content\/uploads\/2026\/01\/coffret-3-blancs-avec-ebox-publication-linkedin.png\",\"width\":1200,\"height\":1200,\"caption\":\"coffret-3-blancs-avec-ebox-publication-linkedin\"},{\"@type\":\"BreadcrumbList\",\"@id\":\"https:\/\/www.chateausaintemarguerite.com\/vins-de-provence\/coffret-decouverte-3-cuvees-blanc\/#breadcrumb\",\"itemListElement\":[{\"@type\":\"ListItem\",\"position\":1,\"name\":\"Accueil\",\"item\":\"https:\/\/www.chateausaintemarguerite.com\/\"},{\"@type\":\"ListItem\",\"position\":2,\"name\":\"Boutique\",\"item\":\"https:\/\/www.chateausaintemarguerite.com\/vins-de-provence\/\"},{\"@type\":\"ListItem\",\"position\":3,\"name\":\"Coffrets D\u00e9couverte\",\"item\":\"https:\/\/www.chateausaintemarguerite.com\/cru-classe-provence\/vins-coffret-decouverte\/\"},{\"@type\":\"ListItem\",\"position\":4,\"name\":\"Coffret D\u00e9couverte 3 Cuv\u00e9es Blanc\"}]},{\"@type\":\"WebSite\",\"@id\":\"https:\/\/www.chateausaintemarguerite.com\/#website\",\"url\":\"https:\/\/www.chateausaintemarguerite.com\/\",\"name\":\"Ch\u00e2teau Sainte Marguerite\",\"description\":\"Vins de Provence\",\"publisher\":{\"@id\":\"https:\/\/www.chateausaintemarguerite.com\/#organization\"},\"potentialAction\":[{\"@type\":\"SearchAction\",\"target\":{\"@type\":\"EntryPoint\",\"urlTemplate\":\"https:\/\/www.chateausaintemarguerite.com\/?s={search_term_string}\"},\"query-input\":{\"@type\":\"PropertyValueSpecification\",\"valueRequired\":true,\"valueName\":\"search_term_string\"}}],\"inLanguage\":\"en-US\"},{\"@type\":\"Organization\",\"@id\":\"https:\/\/www.chateausaintemarguerite.com\/#organization\",\"name\":\"Ch\u00e2teau Sainte Marguerite\",\"url\":\"https:\/\/www.chateausaintemarguerite.com\/\",\"logo\":{\"@type\":\"ImageObject\",\"inLanguage\":\"en-US\",\"@id\":\"https:\/\/www.chateausaintemarguerite.com\/#\/schema\/logo\/image\/\",\"url\":\"https:\/\/www.chateausaintemarguerite.com\/wp-content\/uploads\/2021\/01\/LogoCSM_1600.png\",\"contentUrl\":\"https:\/\/www.chateausaintemarguerite.com\/wp-content\/uploads\/2021\/01\/LogoCSM_1600.png\",\"width\":2560,\"height\":1257,\"caption\":\"Ch\u00e2teau Sainte Marguerite\"},\"image\":{\"@id\":\"https:\/\/www.chateausaintemarguerite.com\/#\/schema\/logo\/image\/\"},\"sameAs\":[\"https:\/\/fr-fr.facebook.com\/Chateausaintemarguerite\/\",\"https:\/\/www.instagram.com\/chateausaintemarguerite\/?hl=fr\",\"https:\/\/www.youtube.com\/channel\/UC0WoRvE6wQi_9J8WZg27vwA\"]}]}<\/script>\n<!-- \/ Yoast SEO plugin. -->","yoast_head_json":{"title":"Gift set 3 Cuv\u00e9es White","description":"Coffret D\u00e9couverte 3 cuv\u00e9es blanc se compose d'une s\u00e9lection de 3 bouteilles, soigneusement \u00e9labor\u00e9 pour les amateurs de blanc. En \u00e9dition limit\u00e9e.","robots":{"index":"index","follow":"follow","max-snippet":"max-snippet:-1","max-image-preview":"max-image-preview:large","max-video-preview":"max-video-preview:-1"},"canonical":"https:\/\/www.chateausaintemarguerite.com\/en\/vins-de-provence\/coffret-decouverte-3-cuvees-blanc\/","og_locale":"en_US","og_type":"article","og_title":"Coffret D\u00e9couverte 3 Cuv\u00e9es Blanc","og_description":"Coffret D\u00e9couverte 3 cuv\u00e9es blanc se compose d'une s\u00e9lection de 3 bouteilles, soigneusement \u00e9labor\u00e9 pour les amateurs de blanc. En \u00e9dition limit\u00e9e.","og_url":"https:\/\/www.chateausaintemarguerite.com\/en\/vins-de-provence\/coffret-decouverte-3-cuvees-blanc\/","og_site_name":"Ch\u00e2teau Sainte Marguerite","article_publisher":"https:\/\/fr-fr.facebook.com\/Chateausaintemarguerite\/","article_modified_time":"2026-03-04T08:11:24+00:00","og_image":[{"width":1200,"height":1200,"url":"https:\/\/www.chateausaintemarguerite.com\/wp-content\/uploads\/2026\/01\/coffret-3-blancs-avec-ebox-publication-linkedin.png","type":"image\/png"}],"twitter_card":"summary_large_image","twitter_misc":{"Est. reading time":"2 minutes"},"schema":{"@context":"https:\/\/schema.org","@graph":[{"@type":"WebPage","@id":"https:\/\/www.chateausaintemarguerite.com\/vins-de-provence\/coffret-decouverte-3-cuvees-blanc\/","url":"https:\/\/www.chateausaintemarguerite.com\/vins-de-provence\/coffret-decouverte-3-cuvees-blanc\/","name":"Gift set 3 Cuv\u00e9es White","isPartOf":{"@id":"https:\/\/www.chateausaintemarguerite.com\/#website"},"primaryImageOfPage":{"@id":"https:\/\/www.chateausaintemarguerite.com\/vins-de-provence\/coffret-decouverte-3-cuvees-blanc\/#primaryimage"},"image":{"@id":"https:\/\/www.chateausaintemarguerite.com\/vins-de-provence\/coffret-decouverte-3-cuvees-blanc\/#primaryimage"},"thumbnailUrl":"https:\/\/www.chateausaintemarguerite.com\/wp-content\/uploads\/2026\/01\/coffret-3-blancs-avec-ebox-publication-linkedin.png","datePublished":"2026-01-30T07:49:41+00:00","dateModified":"2026-03-04T08:11:24+00:00","description":"Coffret D\u00e9couverte 3 cuv\u00e9es blanc se compose d'une s\u00e9lection de 3 bouteilles, soigneusement \u00e9labor\u00e9 pour les amateurs de blanc. En \u00e9dition limit\u00e9e.","breadcrumb":{"@id":"https:\/\/www.chateausaintemarguerite.com\/vins-de-provence\/coffret-decouverte-3-cuvees-blanc\/#breadcrumb"},"inLanguage":"en-US","potentialAction":[{"@type":"ReadAction","target":["https:\/\/www.chateausaintemarguerite.com\/vins-de-provence\/coffret-decouverte-3-cuvees-blanc\/"]}]},{"@type":"ImageObject","inLanguage":"en-US","@id":"https:\/\/www.chateausaintemarguerite.com\/vins-de-provence\/coffret-decouverte-3-cuvees-blanc\/#primaryimage","url":"https:\/\/www.chateausaintemarguerite.com\/wp-content\/uploads\/2026\/01\/coffret-3-blancs-avec-ebox-publication-linkedin.png","contentUrl":"https:\/\/www.chateausaintemarguerite.com\/wp-content\/uploads\/2026\/01\/coffret-3-blancs-avec-ebox-publication-linkedin.png","width":1200,"height":1200,"caption":"coffret-3-blancs-avec-ebox-publication-linkedin"},{"@type":"BreadcrumbList","@id":"https:\/\/www.chateausaintemarguerite.com\/vins-de-provence\/coffret-decouverte-3-cuvees-blanc\/#breadcrumb","itemListElement":[{"@type":"ListItem","position":1,"name":"Accueil","item":"https:\/\/www.chateausaintemarguerite.com\/"},{"@type":"ListItem","position":2,"name":"Boutique","item":"https:\/\/www.chateausaintemarguerite.com\/vins-de-provence\/"},{"@type":"ListItem","position":3,"name":"Coffrets D\u00e9couverte","item":"https:\/\/www.chateausaintemarguerite.com\/cru-classe-provence\/vins-coffret-decouverte\/"},{"@type":"ListItem","position":4,"name":"Coffret D\u00e9couverte 3 Cuv\u00e9es Blanc"}]},{"@type":"WebSite","@id":"https:\/\/www.chateausaintemarguerite.com\/#website","url":"https:\/\/www.chateausaintemarguerite.com\/","name":"Ch\u00e2teau Sainte Marguerite","description":"Provence wines","publisher":{"@id":"https:\/\/www.chateausaintemarguerite.com\/#organization"},"potentialAction":[{"@type":"SearchAction","target":{"@type":"EntryPoint","urlTemplate":"https:\/\/www.chateausaintemarguerite.com\/?s={search_term_string}"},"query-input":{"@type":"PropertyValueSpecification","valueRequired":true,"valueName":"search_term_string"}}],"inLanguage":"en-US"},{"@type":"Organization","@id":"https:\/\/www.chateausaintemarguerite.com\/#organization","name":"Ch\u00e2teau Sainte Marguerite","url":"https:\/\/www.chateausaintemarguerite.com\/","logo":{"@type":"ImageObject","inLanguage":"en-US","@id":"https:\/\/www.chateausaintemarguerite.com\/#\/schema\/logo\/image\/","url":"https:\/\/www.chateausaintemarguerite.com\/wp-content\/uploads\/2021\/01\/LogoCSM_1600.png","contentUrl":"https:\/\/www.chateausaintemarguerite.com\/wp-content\/uploads\/2021\/01\/LogoCSM_1600.png","width":2560,"height":1257,"caption":"Ch\u00e2teau Sainte Marguerite"},"image":{"@id":"https:\/\/www.chateausaintemarguerite.com\/#\/schema\/logo\/image\/"},"sameAs":["https:\/\/fr-fr.facebook.com\/Chateausaintemarguerite\/","https:\/\/www.instagram.com\/chateausaintemarguerite\/?hl=fr","https:\/\/www.youtube.com\/channel\/UC0WoRvE6wQi_9J8WZg27vwA"]}]}},"_links":{"self":[{"href":"https:\/\/www.chateausaintemarguerite.com\/en\/wp-json\/wp\/v2\/product\/311350","targetHints":{"allow":["GET"]}}],"collection":[{"href":"https:\/\/www.chateausaintemarguerite.com\/en\/wp-json\/wp\/v2\/product"}],"about":[{"href":"https:\/\/www.chateausaintemarguerite.com\/en\/wp-json\/wp\/v2\/types\/product"}],"wp:featuredmedia":[{"embeddable":true,"href":"https:\/\/www.chateausaintemarguerite.com\/en\/wp-json\/wp\/v2\/media\/311361"}],"wp:attachment":[{"href":"https:\/\/www.chateausaintemarguerite.com\/en\/wp-json\/wp\/v2\/media?parent=311350"}],"wp:term":[{"taxonomy":"product_brand","embeddable":true,"href":"https:\/\/www.chateausaintemarguerite.com\/en\/wp-json\/wp\/v2\/product_brand?post=311350"},{"taxonomy":"product_cat","embeddable":true,"href":"https:\/\/www.chateausaintemarguerite.com\/en\/wp-json\/wp\/v2\/product_cat?post=311350"},{"taxonomy":"product_tag","embeddable":true,"href":"https:\/\/www.chateausaintemarguerite.com\/en\/wp-json\/wp\/v2\/product_tag?post=311350"}],"curies":[{"name":"wp","href":"https:\/\/api.w.org\/{rel}","templated":true}]}}