{"id":300779,"date":"2026-01-06T09:21:19","date_gmt":"2026-01-06T08:21:19","guid":{"rendered":"https:\/\/www.chateausaintemarguerite.com\/?post_type=product&#038;p=300779"},"modified":"2026-04-10T16:34:11","modified_gmt":"2026-04-10T14:34:11","slug":"accords-et-terroirs","status":"publish","type":"product","link":"https:\/\/www.chateausaintemarguerite.com\/en\/vins-de-provence\/accords-et-terroirs\/","title":{"rendered":"Accords and Terroirs"},"content":{"rendered":"<figure id=\"attachment_264444\" aria-describedby=\"caption-attachment-264444\" style=\"width: 300px\" class=\"wp-caption alignnone\"><img fetchpriority=\"high\" decoding=\"async\" class=\"size-medium wp-image-264444\" title=\"webimage-6a2ff745-2d77-4c61-9e43ff631374de21\" src=\"http:\/\/www.chateausaintemarguerite.com\/wp-content\/uploads\/2025\/10\/webimage-6a2ff745-2d77-4c61-9e43ff631374de21-e1760530926853-300x232.jpg\" alt=\"webimage-6a2ff745-2d77-4c61-9e43ff631374de21\" width=\"300\" height=\"232\" srcset=\"https:\/\/www.chateausaintemarguerite.com\/wp-content\/uploads\/2025\/10\/webimage-6a2ff745-2d77-4c61-9e43ff631374de21-e1760530926853-300x232.jpg 300w, https:\/\/www.chateausaintemarguerite.com\/wp-content\/uploads\/2025\/10\/webimage-6a2ff745-2d77-4c61-9e43ff631374de21-e1760530926853-15x12.jpg 15w, https:\/\/www.chateausaintemarguerite.com\/wp-content\/uploads\/2025\/10\/webimage-6a2ff745-2d77-4c61-9e43ff631374de21-e1760530926853.jpg 688w\" sizes=\"(max-width: 300px) 100vw, 300px\" \/><figcaption id=\"caption-attachment-264444\" class=\"wp-caption-text\">Vue du Chai<\/figcaption><\/figure>\n<p>Accords et Terroirs<\/p>\n<div class=\"flex max-w-full flex-col grow\">\n<div class=\"min-h-8 text-message relative flex w-full flex-col items-end gap-2 text-start break-words whitespace-normal [.text-message+&amp;]:mt-1\" dir=\"auto\" data-message-author-role=\"assistant\" data-message-id=\"d40b0886-7a80-4fff-a08b-2a5288b511a1\" data-message-model-slug=\"gpt-5-2\">\n<div class=\"flex w-full flex-col gap-1 empty:hidden first:pt-[1px]\">\n<div class=\"markdown prose dark:prose-invert w-full wrap-break-word light markdown-new-styling\">\n<p data-start=\"75\" data-end=\"144\"><strong data-start=\"83\" data-end=\"152\">D\u00e9couvrez notre nouvelle exp\u00e9rience : d\u00e9gustation vins &amp; fromages<\/strong><\/p>\n<\/div>\n<\/div>\n<\/div>\n<\/div>\n<div class=\"z-0 flex min-h-[46px] justify-start\">\n<p data-start=\"154\" data-end=\"329\">Le Ch\u00e2teau vous propose un moment gourmand autour de ses vins accompagn\u00e9s des produits de la <a href=\"https:\/\/www.fromagerieletale.fr\/\">fromagerie l&rsquo;Etale. <\/a><\/p>\n<p data-start=\"154\" data-end=\"329\">L&rsquo;atelier se d\u00e9roulera dans le chai \u00e0 barriques pour une ambiance chaleureuse et immersive.<\/p>\n<p data-start=\"331\" data-end=\"370\">L&rsquo;exp\u00e9rience se d\u00e9clinera en trois temps :<\/p>\n<ul data-start=\"371\" data-end=\"587\">\n<li data-start=\"371\" data-end=\"435\">\n<p data-start=\"373\" data-end=\"435\">Une premi\u00e8re \u00e9tape de cr\u00e9ation des accords vins et fromages.<\/p>\n<\/li>\n<li data-start=\"436\" data-end=\"531\">\n<p data-start=\"438\" data-end=\"531\">Une phase d&rsquo;initiation et de partage de cl\u00e9s simples pour mieux comprendre les principes des accords.<\/p>\n<\/li>\n<li data-start=\"532\" data-end=\"587\">\n<p data-start=\"534\" data-end=\"587\">Une mise en pratique lors d\u2019une d\u00e9gustation guid\u00e9e.<\/p>\n<\/li>\n<\/ul>\n<p data-start=\"589\" data-end=\"609\"><strong data-start=\"589\" data-end=\"607\">Au programme :<\/strong><\/p>\n<ul data-start=\"610\" data-end=\"739\">\n<li data-start=\"610\" data-end=\"654\">\n<p data-start=\"612\" data-end=\"654\"><strong data-start=\"612\" data-end=\"621\">10h00<\/strong> : Accueil et visite du domaine<\/p>\n<\/li>\n<li data-start=\"655\" data-end=\"706\">\n<p data-start=\"657\" data-end=\"706\"><strong data-start=\"657\" data-end=\"666\">11h00<\/strong> : Atelier d\u00e9gustation vins &amp; fromages<\/p>\n<\/li>\n<li data-start=\"707\" data-end=\"739\">\n<p data-start=\"709\" data-end=\"739\"><strong data-start=\"709\" data-end=\"718\">12h30<\/strong> : Fin de l\u2019atelier<\/p>\n<\/li>\n<\/ul>\n<\/div>\n<p>&nbsp;<\/p>\n<p>&nbsp;<\/p>\n<p>&nbsp;<\/p>\n","protected":false},"excerpt":{"rendered":"<div class=\"flex flex-col text-sm pb-25\">\n<article class=\"text-token-text-primary w-full focus:outline-none [--shadow-height:45px] has-data-writing-block:pointer-events-none has-data-writing-block:-mt-(--shadow-height) has-data-writing-block:pt-(--shadow-height) [&amp;:has([data-writing-block])&gt;*]:pointer-events-auto scroll-mt-[calc(var(--header-height)+min(200px,max(70px,20svh)))]\" dir=\"auto\" tabindex=\"-1\" data-turn-id=\"request-WEB:2538f62e-cd8f-41cc-81fd-8fc9776c3f61-2\" data-testid=\"conversation-turn-6\" data-scroll-anchor=\"true\" data-turn=\"assistant\">\n<div class=\"text-base my-auto mx-auto pb-10 [--thread-content-margin:--spacing(4)] @w-sm\/main:[--thread-content-margin:--spacing(6)] @w-lg\/main:[--thread-content-margin:--spacing(16)] px-(--thread-content-margin)\">\n<div class=\"[--thread-content-max-width:40rem] @w-lg\/main:[--thread-content-max-width:48rem] mx-auto max-w-(--thread-content-max-width) flex-1 group\/turn-messages focus-visible:outline-hidden relative flex w-full min-w-0 flex-col agent-turn\" tabindex=\"-1\">\n<div class=\"flex max-w-full flex-col grow\">\n<div class=\"min-h-8 text-message relative flex w-full flex-col items-end gap-2 text-start break-words whitespace-normal [.text-message+&amp;]:mt-1\" dir=\"auto\" data-message-author-role=\"assistant\" data-message-id=\"d40b0886-7a80-4fff-a08b-2a5288b511a1\" data-message-model-slug=\"gpt-5-2\">\n<div class=\"flex w-full flex-col gap-1 empty:hidden first:pt-[1px]\">\n<div class=\"markdown prose dark:prose-invert w-full wrap-break-word light markdown-new-styling\">\n<p data-start=\"75\" data-end=\"144\"><strong data-start=\"83\" data-end=\"152\">D\u00e9couvrez notre nouvelle exp\u00e9rience : d\u00e9gustation vins &amp; fromages<\/strong><\/p>\n<\/div>\n<\/div>\n<\/div>\n<\/div>\n<div class=\"z-0 flex min-h-[46px] justify-start\">\n<p data-start=\"154\" data-end=\"329\">Le Ch\u00e2teau vous propose un moment gourmand autour de ses vins accompagn\u00e9s des produits de la <a href=\"https:\/\/www.fromagerieletale.fr\/\">fromagerie l&rsquo;Etale. <\/a><\/p>\n<p data-start=\"154\" data-end=\"329\">L&rsquo;atelier se d\u00e9roulera dans le chai \u00e0 barriques pour une ambiance chaleureuse et immersive.<\/p>\n<p data-start=\"331\" data-end=\"370\">L&rsquo;exp\u00e9rience se d\u00e9clinera en trois temps :<\/p>\n<ul data-start=\"371\" data-end=\"587\">\n<li data-start=\"371\" data-end=\"435\">\n<p data-start=\"373\" data-end=\"435\">Une premi\u00e8re \u00e9tape de cr\u00e9ation des accords vins et fromages.<\/p>\n<\/li>\n<li data-start=\"436\" data-end=\"531\">\n<p data-start=\"438\" data-end=\"531\">Une phase d&rsquo;initiation et de partage de cl\u00e9s simples pour mieux comprendre les principes des accords.<\/p>\n<\/li>\n<li data-start=\"532\" data-end=\"587\">\n<p data-start=\"534\" data-end=\"587\">Une mise en pratique lors d\u2019une d\u00e9gustation guid\u00e9e.<\/p>\n<\/li>\n<\/ul>\n<p>&nbsp;<\/p>\n<p data-start=\"589\" data-end=\"609\"><strong data-start=\"589\" data-end=\"607\">Au programme :<\/strong><\/p>\n<ul data-start=\"610\" data-end=\"739\">\n<li data-start=\"610\" data-end=\"654\">\n<p data-start=\"612\" data-end=\"654\"><strong data-start=\"612\" data-end=\"621\">10h00<\/strong> : Accueil et visite du domaine<\/p>\n<\/li>\n<li data-start=\"655\" data-end=\"706\">\n<p data-start=\"657\" data-end=\"706\"><strong data-start=\"657\" data-end=\"666\">11h00<\/strong> : Atelier d\u00e9gustation vins &amp; fromages<\/p>\n<\/li>\n<li data-start=\"707\" data-end=\"739\">\n<p data-start=\"709\" data-end=\"739\"><strong data-start=\"709\" data-end=\"718\">12h30<\/strong> : Fin de l\u2019atelier<\/p>\n<\/li>\n<\/ul>\n<\/div>\n<div class=\"mt-3 w-full empty:hidden\">\n<div class=\"text-center\"><\/div>\n<\/div>\n<\/div>\n<\/div>\n<\/article>\n<\/div>\n<div class=\"pointer-events-none h-px w-px absolute bottom-0\" aria-hidden=\"true\" data-edge=\"true\"><\/div>\n","protected":false},"featured_media":316223,"template":"","meta":{"inline_featured_image":false},"product_brand":[],"product_cat":[96,54],"product_tag":[],"class_list":{"0":"post-300779","1":"product","2":"type-product","3":"status-publish","4":"has-post-thumbnail","6":"product_cat-ateliers-culinaires","7":"product_cat-experiences","8":"product_shipping_class-experiences-no-shipping","10":"first","11":"instock","12":"virtual","13":"sold-individually","14":"taxable","15":"purchasable","16":"product-type-booking"},"booking_location":"","booking_location_type":"","booking_duration":1,"booking_duration_unit":"day","booking_buffer":0,"booking_cost":0,"booking_resources":[],"acf":[],"yoast_head":"<!-- This site is optimized with the Yoast SEO plugin v27.1.1 - https:\/\/yoast.com\/product\/yoast-seo-wordpress\/ -->\n<title>Accords et Terroirs - Ch\u00e2teau Sainte Marguerite<\/title>\n<meta name=\"description\" content=\"Accords et Terroirs, Ch\u00e2teau Sainte Marguerite vous convie \u00e0 une matin\u00e9e exclusive pour un accord mets et fromage au c\u0153ur de notre chais \u00e0 barrique\" \/>\n<meta name=\"robots\" content=\"index, follow, max-snippet:-1, max-image-preview:large, max-video-preview:-1\" \/>\n<link rel=\"canonical\" href=\"https:\/\/www.chateausaintemarguerite.com\/en\/vins-de-provence\/accords-et-terroirs\/\" \/>\n<meta property=\"og:locale\" content=\"en_US\" \/>\n<meta property=\"og:type\" content=\"article\" \/>\n<meta property=\"og:title\" content=\"Accords et Terroirs - Ch\u00e2teau Sainte Marguerite\" \/>\n<meta property=\"og:description\" content=\"Accords et Terroirs, Ch\u00e2teau Sainte Marguerite vous convie \u00e0 une matin\u00e9e exclusive pour un accord mets et fromage au c\u0153ur de notre chais \u00e0 barrique\" \/>\n<meta property=\"og:url\" content=\"https:\/\/www.chateausaintemarguerite.com\/en\/vins-de-provence\/accords-et-terroirs\/\" \/>\n<meta property=\"og:site_name\" content=\"Ch\u00e2teau Sainte Marguerite\" \/>\n<meta property=\"article:publisher\" content=\"https:\/\/fr-fr.facebook.com\/Chateausaintemarguerite\/\" \/>\n<meta property=\"article:modified_time\" content=\"2026-04-10T14:34:11+00:00\" \/>\n<meta property=\"og:image\" content=\"http:\/\/www.chateausaintemarguerite.com\/wp-content\/uploads\/2026\/01\/img_6706.jpg\" \/>\n\t<meta property=\"og:image:width\" content=\"1200\" \/>\n\t<meta property=\"og:image:height\" content=\"1600\" \/>\n\t<meta property=\"og:image:type\" content=\"image\/jpeg\" \/>\n<meta name=\"twitter:card\" content=\"summary_large_image\" \/>\n<meta name=\"twitter:label1\" content=\"Est. reading time\" \/>\n\t<meta name=\"twitter:data1\" content=\"1 minute\" \/>\n<script type=\"application\/ld+json\" class=\"yoast-schema-graph\">{\"@context\":\"https:\/\/schema.org\",\"@graph\":[{\"@type\":\"WebPage\",\"@id\":\"https:\/\/www.chateausaintemarguerite.com\/vins-de-provence\/accords-et-terroirs\/\",\"url\":\"https:\/\/www.chateausaintemarguerite.com\/vins-de-provence\/accords-et-terroirs\/\",\"name\":\"Accords et Terroirs - Ch\u00e2teau Sainte Marguerite\",\"isPartOf\":{\"@id\":\"https:\/\/www.chateausaintemarguerite.com\/#website\"},\"primaryImageOfPage\":{\"@id\":\"https:\/\/www.chateausaintemarguerite.com\/vins-de-provence\/accords-et-terroirs\/#primaryimage\"},\"image\":{\"@id\":\"https:\/\/www.chateausaintemarguerite.com\/vins-de-provence\/accords-et-terroirs\/#primaryimage\"},\"thumbnailUrl\":\"https:\/\/www.chateausaintemarguerite.com\/wp-content\/uploads\/2026\/01\/img_6706.jpg\",\"datePublished\":\"2026-01-06T08:21:19+00:00\",\"dateModified\":\"2026-04-10T14:34:11+00:00\",\"description\":\"Accords et Terroirs, Ch\u00e2teau Sainte Marguerite vous convie \u00e0 une matin\u00e9e exclusive pour un accord mets et fromage au c\u0153ur de notre chais \u00e0 barrique\",\"breadcrumb\":{\"@id\":\"https:\/\/www.chateausaintemarguerite.com\/vins-de-provence\/accords-et-terroirs\/#breadcrumb\"},\"inLanguage\":\"en-US\",\"potentialAction\":[{\"@type\":\"ReadAction\",\"target\":[\"https:\/\/www.chateausaintemarguerite.com\/vins-de-provence\/accords-et-terroirs\/\"]}]},{\"@type\":\"ImageObject\",\"inLanguage\":\"en-US\",\"@id\":\"https:\/\/www.chateausaintemarguerite.com\/vins-de-provence\/accords-et-terroirs\/#primaryimage\",\"url\":\"https:\/\/www.chateausaintemarguerite.com\/wp-content\/uploads\/2026\/01\/img_6706.jpg\",\"contentUrl\":\"https:\/\/www.chateausaintemarguerite.com\/wp-content\/uploads\/2026\/01\/img_6706.jpg\",\"width\":1200,\"height\":1600,\"caption\":\"img_6706\"},{\"@type\":\"BreadcrumbList\",\"@id\":\"https:\/\/www.chateausaintemarguerite.com\/vins-de-provence\/accords-et-terroirs\/#breadcrumb\",\"itemListElement\":[{\"@type\":\"ListItem\",\"position\":1,\"name\":\"Accueil\",\"item\":\"https:\/\/www.chateausaintemarguerite.com\/\"},{\"@type\":\"ListItem\",\"position\":2,\"name\":\"Boutique\",\"item\":\"https:\/\/www.chateausaintemarguerite.com\/vins-de-provence\/\"},{\"@type\":\"ListItem\",\"position\":3,\"name\":\"Exp\u00e9riences\",\"item\":\"https:\/\/www.chateausaintemarguerite.com\/cru-classe-provence\/experiences\/\"},{\"@type\":\"ListItem\",\"position\":4,\"name\":\"Accords et Terroirs\"}]},{\"@type\":\"WebSite\",\"@id\":\"https:\/\/www.chateausaintemarguerite.com\/#website\",\"url\":\"https:\/\/www.chateausaintemarguerite.com\/\",\"name\":\"Ch\u00e2teau Sainte Marguerite\",\"description\":\"Vins de Provence\",\"publisher\":{\"@id\":\"https:\/\/www.chateausaintemarguerite.com\/#organization\"},\"potentialAction\":[{\"@type\":\"SearchAction\",\"target\":{\"@type\":\"EntryPoint\",\"urlTemplate\":\"https:\/\/www.chateausaintemarguerite.com\/?s={search_term_string}\"},\"query-input\":{\"@type\":\"PropertyValueSpecification\",\"valueRequired\":true,\"valueName\":\"search_term_string\"}}],\"inLanguage\":\"en-US\"},{\"@type\":\"Organization\",\"@id\":\"https:\/\/www.chateausaintemarguerite.com\/#organization\",\"name\":\"Ch\u00e2teau Sainte Marguerite\",\"url\":\"https:\/\/www.chateausaintemarguerite.com\/\",\"logo\":{\"@type\":\"ImageObject\",\"inLanguage\":\"en-US\",\"@id\":\"https:\/\/www.chateausaintemarguerite.com\/#\/schema\/logo\/image\/\",\"url\":\"https:\/\/www.chateausaintemarguerite.com\/wp-content\/uploads\/2021\/01\/LogoCSM_1600.png\",\"contentUrl\":\"https:\/\/www.chateausaintemarguerite.com\/wp-content\/uploads\/2021\/01\/LogoCSM_1600.png\",\"width\":2560,\"height\":1257,\"caption\":\"Ch\u00e2teau Sainte Marguerite\"},\"image\":{\"@id\":\"https:\/\/www.chateausaintemarguerite.com\/#\/schema\/logo\/image\/\"},\"sameAs\":[\"https:\/\/fr-fr.facebook.com\/Chateausaintemarguerite\/\",\"https:\/\/www.instagram.com\/chateausaintemarguerite\/?hl=fr\",\"https:\/\/www.youtube.com\/channel\/UC0WoRvE6wQi_9J8WZg27vwA\"]}]}<\/script>\n<!-- \/ Yoast SEO plugin. -->","yoast_head_json":{"title":"Accords et Terroirs - Ch\u00e2teau Sainte Marguerite","description":"Accords et Terroirs, Ch\u00e2teau Sainte Marguerite vous convie \u00e0 une matin\u00e9e exclusive pour un accord mets et fromage au c\u0153ur de notre chais \u00e0 barrique","robots":{"index":"index","follow":"follow","max-snippet":"max-snippet:-1","max-image-preview":"max-image-preview:large","max-video-preview":"max-video-preview:-1"},"canonical":"https:\/\/www.chateausaintemarguerite.com\/en\/vins-de-provence\/accords-et-terroirs\/","og_locale":"en_US","og_type":"article","og_title":"Accords et Terroirs - Ch\u00e2teau Sainte Marguerite","og_description":"Accords et Terroirs, Ch\u00e2teau Sainte Marguerite vous convie \u00e0 une matin\u00e9e exclusive pour un accord mets et fromage au c\u0153ur de notre chais \u00e0 barrique","og_url":"https:\/\/www.chateausaintemarguerite.com\/en\/vins-de-provence\/accords-et-terroirs\/","og_site_name":"Ch\u00e2teau Sainte Marguerite","article_publisher":"https:\/\/fr-fr.facebook.com\/Chateausaintemarguerite\/","article_modified_time":"2026-04-10T14:34:11+00:00","og_image":[{"width":1200,"height":1600,"url":"http:\/\/www.chateausaintemarguerite.com\/wp-content\/uploads\/2026\/01\/img_6706.jpg","type":"image\/jpeg"}],"twitter_card":"summary_large_image","twitter_misc":{"Est. reading time":"1 minute"},"schema":{"@context":"https:\/\/schema.org","@graph":[{"@type":"WebPage","@id":"https:\/\/www.chateausaintemarguerite.com\/vins-de-provence\/accords-et-terroirs\/","url":"https:\/\/www.chateausaintemarguerite.com\/vins-de-provence\/accords-et-terroirs\/","name":"Accords et Terroirs - Ch\u00e2teau Sainte Marguerite","isPartOf":{"@id":"https:\/\/www.chateausaintemarguerite.com\/#website"},"primaryImageOfPage":{"@id":"https:\/\/www.chateausaintemarguerite.com\/vins-de-provence\/accords-et-terroirs\/#primaryimage"},"image":{"@id":"https:\/\/www.chateausaintemarguerite.com\/vins-de-provence\/accords-et-terroirs\/#primaryimage"},"thumbnailUrl":"https:\/\/www.chateausaintemarguerite.com\/wp-content\/uploads\/2026\/01\/img_6706.jpg","datePublished":"2026-01-06T08:21:19+00:00","dateModified":"2026-04-10T14:34:11+00:00","description":"Accords et Terroirs, Ch\u00e2teau Sainte Marguerite vous convie \u00e0 une matin\u00e9e exclusive pour un accord mets et fromage au c\u0153ur de notre chais \u00e0 barrique","breadcrumb":{"@id":"https:\/\/www.chateausaintemarguerite.com\/vins-de-provence\/accords-et-terroirs\/#breadcrumb"},"inLanguage":"en-US","potentialAction":[{"@type":"ReadAction","target":["https:\/\/www.chateausaintemarguerite.com\/vins-de-provence\/accords-et-terroirs\/"]}]},{"@type":"ImageObject","inLanguage":"en-US","@id":"https:\/\/www.chateausaintemarguerite.com\/vins-de-provence\/accords-et-terroirs\/#primaryimage","url":"https:\/\/www.chateausaintemarguerite.com\/wp-content\/uploads\/2026\/01\/img_6706.jpg","contentUrl":"https:\/\/www.chateausaintemarguerite.com\/wp-content\/uploads\/2026\/01\/img_6706.jpg","width":1200,"height":1600,"caption":"img_6706"},{"@type":"BreadcrumbList","@id":"https:\/\/www.chateausaintemarguerite.com\/vins-de-provence\/accords-et-terroirs\/#breadcrumb","itemListElement":[{"@type":"ListItem","position":1,"name":"Accueil","item":"https:\/\/www.chateausaintemarguerite.com\/"},{"@type":"ListItem","position":2,"name":"Boutique","item":"https:\/\/www.chateausaintemarguerite.com\/vins-de-provence\/"},{"@type":"ListItem","position":3,"name":"Exp\u00e9riences","item":"https:\/\/www.chateausaintemarguerite.com\/cru-classe-provence\/experiences\/"},{"@type":"ListItem","position":4,"name":"Accords et Terroirs"}]},{"@type":"WebSite","@id":"https:\/\/www.chateausaintemarguerite.com\/#website","url":"https:\/\/www.chateausaintemarguerite.com\/","name":"Ch\u00e2teau Sainte Marguerite","description":"Provence wines","publisher":{"@id":"https:\/\/www.chateausaintemarguerite.com\/#organization"},"potentialAction":[{"@type":"SearchAction","target":{"@type":"EntryPoint","urlTemplate":"https:\/\/www.chateausaintemarguerite.com\/?s={search_term_string}"},"query-input":{"@type":"PropertyValueSpecification","valueRequired":true,"valueName":"search_term_string"}}],"inLanguage":"en-US"},{"@type":"Organization","@id":"https:\/\/www.chateausaintemarguerite.com\/#organization","name":"Ch\u00e2teau Sainte Marguerite","url":"https:\/\/www.chateausaintemarguerite.com\/","logo":{"@type":"ImageObject","inLanguage":"en-US","@id":"https:\/\/www.chateausaintemarguerite.com\/#\/schema\/logo\/image\/","url":"https:\/\/www.chateausaintemarguerite.com\/wp-content\/uploads\/2021\/01\/LogoCSM_1600.png","contentUrl":"https:\/\/www.chateausaintemarguerite.com\/wp-content\/uploads\/2021\/01\/LogoCSM_1600.png","width":2560,"height":1257,"caption":"Ch\u00e2teau Sainte Marguerite"},"image":{"@id":"https:\/\/www.chateausaintemarguerite.com\/#\/schema\/logo\/image\/"},"sameAs":["https:\/\/fr-fr.facebook.com\/Chateausaintemarguerite\/","https:\/\/www.instagram.com\/chateausaintemarguerite\/?hl=fr","https:\/\/www.youtube.com\/channel\/UC0WoRvE6wQi_9J8WZg27vwA"]}]}},"_links":{"self":[{"href":"https:\/\/www.chateausaintemarguerite.com\/en\/wp-json\/wp\/v2\/product\/300779","targetHints":{"allow":["GET"]}}],"collection":[{"href":"https:\/\/www.chateausaintemarguerite.com\/en\/wp-json\/wp\/v2\/product"}],"about":[{"href":"https:\/\/www.chateausaintemarguerite.com\/en\/wp-json\/wp\/v2\/types\/product"}],"wp:featuredmedia":[{"embeddable":true,"href":"https:\/\/www.chateausaintemarguerite.com\/en\/wp-json\/wp\/v2\/media\/316223"}],"wp:attachment":[{"href":"https:\/\/www.chateausaintemarguerite.com\/en\/wp-json\/wp\/v2\/media?parent=300779"}],"wp:term":[{"taxonomy":"product_brand","embeddable":true,"href":"https:\/\/www.chateausaintemarguerite.com\/en\/wp-json\/wp\/v2\/product_brand?post=300779"},{"taxonomy":"product_cat","embeddable":true,"href":"https:\/\/www.chateausaintemarguerite.com\/en\/wp-json\/wp\/v2\/product_cat?post=300779"},{"taxonomy":"product_tag","embeddable":true,"href":"https:\/\/www.chateausaintemarguerite.com\/en\/wp-json\/wp\/v2\/product_tag?post=300779"}],"curies":[{"name":"wp","href":"https:\/\/api.w.org\/{rel}","templated":true}]}}