{"id":286700,"date":"2025-12-02T10:47:09","date_gmt":"2025-12-02T09:47:09","guid":{"rendered":"https:\/\/www.chateausaintemarguerite.com\/?post_type=product&#038;p=286700"},"modified":"2026-04-23T10:20:42","modified_gmt":"2026-04-23T08:20:42","slug":"coffret-fantastique-3-couleurs-huile-dolive-du-domaine","status":"publish","type":"product","link":"https:\/\/www.chateausaintemarguerite.com\/en\/vins-de-provence\/coffret-fantastique-3-couleurs-huile-dolive-du-domaine\/","title":{"rendered":"Fantastic 3 Colors &amp; Olive Oil Gift Set from the Estate"},"content":{"rendered":"<p>Le coffret Fantastique 3 couleurs &amp; Huile d&rsquo;Olive du Domaine r\u00e9unit 3 bouteilles de Fantastique et 4 bouteilles d&rsquo;<a href=\"https:\/\/www.chateausaintemarguerite.com\/en\/vins-de-provence\/huile-dolive-bio-du-chateau-sainte-marguerite\/\" target=\"_blank\" rel=\"noopener\">olive oil<\/a> bio 37,5 cl<br \/>\n- 1 bottle of <a href=\"https:\/\/www.chateausaintemarguerite.com\/en\/vins-de-provence\/cuvee-fantastique-2024-vin-rose-provence\/\">Fantastic ros\u00e9 2025 <\/a>75 cl<br \/>\n- 1 bottle of <a href=\"https:\/\/www.chateausaintemarguerite.com\/en\/vins-de-provence\/cuvee-fantastique-2024-vin-blanc-provence\/\">Fantastic white 2024<\/a> 75 cl<br \/>\n- 1 bottle of <a href=\"https:\/\/www.chateausaintemarguerite.com\/en\/vins-de-provence\/cuvee-fantastique-2021-vin-rouge-provence\/\">Fantastic red 2022<\/a>\u00a075 cl<\/p>\n<p data-start=\"809\" data-end=\"1127\">Les cuv\u00e9es Fantastique refl\u00e8tent la qualit\u00e9 du terroir et le savoir-faire du <strong data-start=\"886\" data-end=\"927\"><span class=\"hover:entity-accent entity-underline inline cursor-pointer align-baseline\"><span class=\"whitespace-normal\">Ch\u00e2teau Sainte Marguerite<\/span><\/span><\/strong>. Elles proviennent des meilleures parcelles du vignoble et r\u00e9sultent d\u2019un assemblage pr\u00e9cis de c\u00e9pages compl\u00e9mentaires. Ainsi, chaque vin exprime une identit\u00e9 aromatique fid\u00e8le au terroir du domaine.<\/p>\n<p data-start=\"1129\" data-end=\"1429\">Created in 2017, the cuv\u00e9e <strong data-start=\"1153\" data-end=\"1208\">Fantastique Ros\u00e9 \u2013 Cru Class\u00e9 des C\u00f4tes-de-Provence<\/strong> est issue du vignoble historique du domaine, situ\u00e9 entre terre et mer. Elle illustre le style et l\u2019exigence du Ch\u00e2teau \u00e0 travers un vin certifi\u00e9 biologique et vegan, reconnu pour sa pr\u00e9cision, son \u00e9l\u00e9gance et sa finesse.<\/p>\n<p data-start=\"1431\" data-end=\"1711\">The vintage <strong data-start=\"1453\" data-end=\"1509\">Fantastique Rouge \u2013 Cru Class\u00e9 des C\u00f4tes-de-Provence<\/strong>, cr\u00e9\u00e9e en 2016, se distingue par une expression aromatique riche et structur\u00e9e. \u00c9labor\u00e9e \u00e0 partir de Syrah et de Grenache, elle provient d\u2019une s\u00e9lection rigoureuse des meilleures parcelles du vignoble.<\/p>","protected":false},"excerpt":{"rendered":"<p>Selection box of 3 bottles of Fantastique and 4 bottles of\u2019<a href=\"https:\/\/www.chateausaintemarguerite.com\/en\/vins-de-provence\/huile-dolive-bio-du-chateau-sainte-marguerite\/\" target=\"_blank\" rel=\"noopener\">olive oil<\/a> bio 37.5 cl du domaine<br \/>\n- 1 bottle of <a href=\"https:\/\/www.chateausaintemarguerite.com\/en\/vins-de-provence\/cuvee-fantastique-2024-vin-rose-provence\/\">Fantastic ros\u00e9 2025 <\/a>75 cl<br \/>\n- 1 bottle of <a href=\"https:\/\/www.chateausaintemarguerite.com\/en\/vins-de-provence\/cuvee-fantastique-2024-vin-blanc-provence\/\">Fantastic white 2024<\/a> 75 cl<br \/>\n- 1 bottle of <a href=\"https:\/\/www.chateausaintemarguerite.com\/en\/vins-de-provence\/cuvee-fantastique-2021-vin-rouge-provence\/\">Fantastic red 2022<\/a>\u00a075 cl<\/p>","protected":false},"featured_media":311163,"template":"","meta":{"inline_featured_image":false},"product_brand":[],"product_cat":[37,28],"product_tag":[89,88],"class_list":{"0":"post-286700","1":"product","2":"type-product","3":"status-publish","4":"has-post-thumbnail","6":"product_cat-vins-coffret-decouverte","7":"product_cat-vins-ste-marguerite","8":"product_tag-bio","9":"product_tag-cru-classe-cotes-de-provence","10":"member-discount","11":"discount-restricted","13":"first","14":"instock","15":"taxable","16":"shipping-taxable","17":"purchasable","18":"product-type-simple"},"booking_location":null,"booking_location_type":null,"booking_duration":null,"booking_duration_unit":null,"booking_buffer":null,"booking_cost":null,"booking_resources":null,"acf":[],"yoast_head":"<!-- This site is optimized with the Yoast SEO plugin v27.1.1 - https:\/\/yoast.com\/product\/yoast-seo-wordpress\/ -->\n<title>Coffret Fantastique 3 Couleurs &amp; Huile d&#039;Olive du Domaine<\/title>\n<meta name=\"description\" content=\"Coffret Fantastique 3 Couleurs &amp; Huile d\u2019Olive du domaine \u2013 3 bouteilles de Fantastique et 4 bouteilles d&#039;huile d\u2019olive bio. Edition limit\u00e9e.\" \/>\n<meta name=\"robots\" content=\"index, follow, max-snippet:-1, max-image-preview:large, max-video-preview:-1\" \/>\n<link rel=\"canonical\" href=\"https:\/\/www.chateausaintemarguerite.com\/en\/vins-de-provence\/coffret-fantastique-3-couleurs-huile-dolive-du-domaine\/\" \/>\n<meta property=\"og:locale\" content=\"en_US\" \/>\n<meta property=\"og:type\" content=\"article\" \/>\n<meta property=\"og:title\" content=\"Coffret Fantastique 3 Couleurs &amp; Huile d&#039;Olive du Domaine\" \/>\n<meta property=\"og:description\" content=\"Coffret Fantastique 3 Couleurs &amp; Huile d\u2019Olive du domaine \u2013 3 bouteilles de Fantastique et 4 bouteilles d&#039;huile d\u2019olive bio. Edition limit\u00e9e.\" \/>\n<meta property=\"og:url\" content=\"https:\/\/www.chateausaintemarguerite.com\/en\/vins-de-provence\/coffret-fantastique-3-couleurs-huile-dolive-du-domaine\/\" \/>\n<meta property=\"og:site_name\" content=\"Ch\u00e2teau Sainte Marguerite\" \/>\n<meta property=\"article:publisher\" content=\"https:\/\/fr-fr.facebook.com\/Chateausaintemarguerite\/\" \/>\n<meta property=\"article:modified_time\" content=\"2026-04-23T08:20:42+00:00\" \/>\n<meta property=\"og:image\" content=\"https:\/\/www.chateausaintemarguerite.com\/wp-content\/uploads\/2025\/12\/fantastique-rose-packshotcoffrets-10.png\" \/>\n\t<meta property=\"og:image:width\" content=\"1200\" \/>\n\t<meta property=\"og:image:height\" content=\"1200\" \/>\n\t<meta property=\"og:image:type\" content=\"image\/png\" \/>\n<meta name=\"twitter:card\" content=\"summary_large_image\" \/>\n<meta name=\"twitter:label1\" content=\"Est. reading time\" \/>\n\t<meta name=\"twitter:data1\" content=\"2 minutes\" \/>\n<script type=\"application\/ld+json\" class=\"yoast-schema-graph\">{\"@context\":\"https:\/\/schema.org\",\"@graph\":[{\"@type\":\"WebPage\",\"@id\":\"https:\/\/www.chateausaintemarguerite.com\/vins-de-provence\/coffret-fantastique-3-couleurs-huile-dolive-du-domaine\/\",\"url\":\"https:\/\/www.chateausaintemarguerite.com\/vins-de-provence\/coffret-fantastique-3-couleurs-huile-dolive-du-domaine\/\",\"name\":\"Coffret Fantastique 3 Couleurs & Huile d'Olive du Domaine\",\"isPartOf\":{\"@id\":\"https:\/\/www.chateausaintemarguerite.com\/#website\"},\"primaryImageOfPage\":{\"@id\":\"https:\/\/www.chateausaintemarguerite.com\/vins-de-provence\/coffret-fantastique-3-couleurs-huile-dolive-du-domaine\/#primaryimage\"},\"image\":{\"@id\":\"https:\/\/www.chateausaintemarguerite.com\/vins-de-provence\/coffret-fantastique-3-couleurs-huile-dolive-du-domaine\/#primaryimage\"},\"thumbnailUrl\":\"https:\/\/www.chateausaintemarguerite.com\/wp-content\/uploads\/2025\/12\/fantastique-rose-packshotcoffrets-10.png\",\"datePublished\":\"2025-12-02T09:47:09+00:00\",\"dateModified\":\"2026-04-23T08:20:42+00:00\",\"description\":\"Coffret Fantastique 3 Couleurs & Huile d\u2019Olive du domaine \u2013 3 bouteilles de Fantastique et 4 bouteilles d'huile d\u2019olive bio. Edition limit\u00e9e.\",\"breadcrumb\":{\"@id\":\"https:\/\/www.chateausaintemarguerite.com\/vins-de-provence\/coffret-fantastique-3-couleurs-huile-dolive-du-domaine\/#breadcrumb\"},\"inLanguage\":\"en-US\",\"potentialAction\":[{\"@type\":\"ReadAction\",\"target\":[\"https:\/\/www.chateausaintemarguerite.com\/vins-de-provence\/coffret-fantastique-3-couleurs-huile-dolive-du-domaine\/\"]}]},{\"@type\":\"ImageObject\",\"inLanguage\":\"en-US\",\"@id\":\"https:\/\/www.chateausaintemarguerite.com\/vins-de-provence\/coffret-fantastique-3-couleurs-huile-dolive-du-domaine\/#primaryimage\",\"url\":\"https:\/\/www.chateausaintemarguerite.com\/wp-content\/uploads\/2025\/12\/fantastique-rose-packshotcoffrets-10.png\",\"contentUrl\":\"https:\/\/www.chateausaintemarguerite.com\/wp-content\/uploads\/2025\/12\/fantastique-rose-packshotcoffrets-10.png\",\"width\":1200,\"height\":1200,\"caption\":\"fantastique-rose-packshotcoffrets-10\"},{\"@type\":\"BreadcrumbList\",\"@id\":\"https:\/\/www.chateausaintemarguerite.com\/vins-de-provence\/coffret-fantastique-3-couleurs-huile-dolive-du-domaine\/#breadcrumb\",\"itemListElement\":[{\"@type\":\"ListItem\",\"position\":1,\"name\":\"Accueil\",\"item\":\"https:\/\/www.chateausaintemarguerite.com\/\"},{\"@type\":\"ListItem\",\"position\":2,\"name\":\"Boutique\",\"item\":\"https:\/\/www.chateausaintemarguerite.com\/vins-de-provence\/\"},{\"@type\":\"ListItem\",\"position\":3,\"name\":\"Coffrets D\u00e9couverte\",\"item\":\"https:\/\/www.chateausaintemarguerite.com\/cru-classe-provence\/vins-coffret-decouverte\/\"},{\"@type\":\"ListItem\",\"position\":4,\"name\":\"Coffret Fantastique 3 Couleurs &#038; Huile d&rsquo;Olive du Domaine\"}]},{\"@type\":\"WebSite\",\"@id\":\"https:\/\/www.chateausaintemarguerite.com\/#website\",\"url\":\"https:\/\/www.chateausaintemarguerite.com\/\",\"name\":\"Ch\u00e2teau Sainte Marguerite\",\"description\":\"Vins de Provence\",\"publisher\":{\"@id\":\"https:\/\/www.chateausaintemarguerite.com\/#organization\"},\"potentialAction\":[{\"@type\":\"SearchAction\",\"target\":{\"@type\":\"EntryPoint\",\"urlTemplate\":\"https:\/\/www.chateausaintemarguerite.com\/?s={search_term_string}\"},\"query-input\":{\"@type\":\"PropertyValueSpecification\",\"valueRequired\":true,\"valueName\":\"search_term_string\"}}],\"inLanguage\":\"en-US\"},{\"@type\":\"Organization\",\"@id\":\"https:\/\/www.chateausaintemarguerite.com\/#organization\",\"name\":\"Ch\u00e2teau Sainte Marguerite\",\"url\":\"https:\/\/www.chateausaintemarguerite.com\/\",\"logo\":{\"@type\":\"ImageObject\",\"inLanguage\":\"en-US\",\"@id\":\"https:\/\/www.chateausaintemarguerite.com\/#\/schema\/logo\/image\/\",\"url\":\"https:\/\/www.chateausaintemarguerite.com\/wp-content\/uploads\/2021\/01\/LogoCSM_1600.png\",\"contentUrl\":\"https:\/\/www.chateausaintemarguerite.com\/wp-content\/uploads\/2021\/01\/LogoCSM_1600.png\",\"width\":2560,\"height\":1257,\"caption\":\"Ch\u00e2teau Sainte Marguerite\"},\"image\":{\"@id\":\"https:\/\/www.chateausaintemarguerite.com\/#\/schema\/logo\/image\/\"},\"sameAs\":[\"https:\/\/fr-fr.facebook.com\/Chateausaintemarguerite\/\",\"https:\/\/www.instagram.com\/chateausaintemarguerite\/?hl=fr\",\"https:\/\/www.youtube.com\/channel\/UC0WoRvE6wQi_9J8WZg27vwA\"]}]}<\/script>\n<!-- \/ Yoast SEO plugin. -->","yoast_head_json":{"title":"Coffret Fantastique 3 Couleurs & Huile d'Olive du Domaine","description":"Coffret Fantastique 3 Couleurs & Huile d\u2019Olive du domaine \u2013 3 bouteilles de Fantastique et 4 bouteilles d'huile d\u2019olive bio. Edition limit\u00e9e.","robots":{"index":"index","follow":"follow","max-snippet":"max-snippet:-1","max-image-preview":"max-image-preview:large","max-video-preview":"max-video-preview:-1"},"canonical":"https:\/\/www.chateausaintemarguerite.com\/en\/vins-de-provence\/coffret-fantastique-3-couleurs-huile-dolive-du-domaine\/","og_locale":"en_US","og_type":"article","og_title":"Coffret Fantastique 3 Couleurs & Huile d'Olive du Domaine","og_description":"Coffret Fantastique 3 Couleurs & Huile d\u2019Olive du domaine \u2013 3 bouteilles de Fantastique et 4 bouteilles d'huile d\u2019olive bio. Edition limit\u00e9e.","og_url":"https:\/\/www.chateausaintemarguerite.com\/en\/vins-de-provence\/coffret-fantastique-3-couleurs-huile-dolive-du-domaine\/","og_site_name":"Ch\u00e2teau Sainte Marguerite","article_publisher":"https:\/\/fr-fr.facebook.com\/Chateausaintemarguerite\/","article_modified_time":"2026-04-23T08:20:42+00:00","og_image":[{"width":1200,"height":1200,"url":"https:\/\/www.chateausaintemarguerite.com\/wp-content\/uploads\/2025\/12\/fantastique-rose-packshotcoffrets-10.png","type":"image\/png"}],"twitter_card":"summary_large_image","twitter_misc":{"Est. reading time":"2 minutes"},"schema":{"@context":"https:\/\/schema.org","@graph":[{"@type":"WebPage","@id":"https:\/\/www.chateausaintemarguerite.com\/vins-de-provence\/coffret-fantastique-3-couleurs-huile-dolive-du-domaine\/","url":"https:\/\/www.chateausaintemarguerite.com\/vins-de-provence\/coffret-fantastique-3-couleurs-huile-dolive-du-domaine\/","name":"Coffret Fantastique 3 Couleurs & Huile d'Olive du Domaine","isPartOf":{"@id":"https:\/\/www.chateausaintemarguerite.com\/#website"},"primaryImageOfPage":{"@id":"https:\/\/www.chateausaintemarguerite.com\/vins-de-provence\/coffret-fantastique-3-couleurs-huile-dolive-du-domaine\/#primaryimage"},"image":{"@id":"https:\/\/www.chateausaintemarguerite.com\/vins-de-provence\/coffret-fantastique-3-couleurs-huile-dolive-du-domaine\/#primaryimage"},"thumbnailUrl":"https:\/\/www.chateausaintemarguerite.com\/wp-content\/uploads\/2025\/12\/fantastique-rose-packshotcoffrets-10.png","datePublished":"2025-12-02T09:47:09+00:00","dateModified":"2026-04-23T08:20:42+00:00","description":"Coffret Fantastique 3 Couleurs & Huile d\u2019Olive du domaine \u2013 3 bouteilles de Fantastique et 4 bouteilles d'huile d\u2019olive bio. Edition limit\u00e9e.","breadcrumb":{"@id":"https:\/\/www.chateausaintemarguerite.com\/vins-de-provence\/coffret-fantastique-3-couleurs-huile-dolive-du-domaine\/#breadcrumb"},"inLanguage":"en-US","potentialAction":[{"@type":"ReadAction","target":["https:\/\/www.chateausaintemarguerite.com\/vins-de-provence\/coffret-fantastique-3-couleurs-huile-dolive-du-domaine\/"]}]},{"@type":"ImageObject","inLanguage":"en-US","@id":"https:\/\/www.chateausaintemarguerite.com\/vins-de-provence\/coffret-fantastique-3-couleurs-huile-dolive-du-domaine\/#primaryimage","url":"https:\/\/www.chateausaintemarguerite.com\/wp-content\/uploads\/2025\/12\/fantastique-rose-packshotcoffrets-10.png","contentUrl":"https:\/\/www.chateausaintemarguerite.com\/wp-content\/uploads\/2025\/12\/fantastique-rose-packshotcoffrets-10.png","width":1200,"height":1200,"caption":"fantastique-rose-packshotcoffrets-10"},{"@type":"BreadcrumbList","@id":"https:\/\/www.chateausaintemarguerite.com\/vins-de-provence\/coffret-fantastique-3-couleurs-huile-dolive-du-domaine\/#breadcrumb","itemListElement":[{"@type":"ListItem","position":1,"name":"Accueil","item":"https:\/\/www.chateausaintemarguerite.com\/"},{"@type":"ListItem","position":2,"name":"Boutique","item":"https:\/\/www.chateausaintemarguerite.com\/vins-de-provence\/"},{"@type":"ListItem","position":3,"name":"Coffrets D\u00e9couverte","item":"https:\/\/www.chateausaintemarguerite.com\/cru-classe-provence\/vins-coffret-decouverte\/"},{"@type":"ListItem","position":4,"name":"Coffret Fantastique 3 Couleurs &#038; Huile d&rsquo;Olive du Domaine"}]},{"@type":"WebSite","@id":"https:\/\/www.chateausaintemarguerite.com\/#website","url":"https:\/\/www.chateausaintemarguerite.com\/","name":"Ch\u00e2teau Sainte Marguerite","description":"Provence wines","publisher":{"@id":"https:\/\/www.chateausaintemarguerite.com\/#organization"},"potentialAction":[{"@type":"SearchAction","target":{"@type":"EntryPoint","urlTemplate":"https:\/\/www.chateausaintemarguerite.com\/?s={search_term_string}"},"query-input":{"@type":"PropertyValueSpecification","valueRequired":true,"valueName":"search_term_string"}}],"inLanguage":"en-US"},{"@type":"Organization","@id":"https:\/\/www.chateausaintemarguerite.com\/#organization","name":"Ch\u00e2teau Sainte Marguerite","url":"https:\/\/www.chateausaintemarguerite.com\/","logo":{"@type":"ImageObject","inLanguage":"en-US","@id":"https:\/\/www.chateausaintemarguerite.com\/#\/schema\/logo\/image\/","url":"https:\/\/www.chateausaintemarguerite.com\/wp-content\/uploads\/2021\/01\/LogoCSM_1600.png","contentUrl":"https:\/\/www.chateausaintemarguerite.com\/wp-content\/uploads\/2021\/01\/LogoCSM_1600.png","width":2560,"height":1257,"caption":"Ch\u00e2teau Sainte Marguerite"},"image":{"@id":"https:\/\/www.chateausaintemarguerite.com\/#\/schema\/logo\/image\/"},"sameAs":["https:\/\/fr-fr.facebook.com\/Chateausaintemarguerite\/","https:\/\/www.instagram.com\/chateausaintemarguerite\/?hl=fr","https:\/\/www.youtube.com\/channel\/UC0WoRvE6wQi_9J8WZg27vwA"]}]}},"_links":{"self":[{"href":"https:\/\/www.chateausaintemarguerite.com\/en\/wp-json\/wp\/v2\/product\/286700","targetHints":{"allow":["GET"]}}],"collection":[{"href":"https:\/\/www.chateausaintemarguerite.com\/en\/wp-json\/wp\/v2\/product"}],"about":[{"href":"https:\/\/www.chateausaintemarguerite.com\/en\/wp-json\/wp\/v2\/types\/product"}],"wp:featuredmedia":[{"embeddable":true,"href":"https:\/\/www.chateausaintemarguerite.com\/en\/wp-json\/wp\/v2\/media\/311163"}],"wp:attachment":[{"href":"https:\/\/www.chateausaintemarguerite.com\/en\/wp-json\/wp\/v2\/media?parent=286700"}],"wp:term":[{"taxonomy":"product_brand","embeddable":true,"href":"https:\/\/www.chateausaintemarguerite.com\/en\/wp-json\/wp\/v2\/product_brand?post=286700"},{"taxonomy":"product_cat","embeddable":true,"href":"https:\/\/www.chateausaintemarguerite.com\/en\/wp-json\/wp\/v2\/product_cat?post=286700"},{"taxonomy":"product_tag","embeddable":true,"href":"https:\/\/www.chateausaintemarguerite.com\/en\/wp-json\/wp\/v2\/product_tag?post=286700"}],"curies":[{"name":"wp","href":"https:\/\/api.w.org\/{rel}","templated":true}]}}