{"id":270210,"date":"2025-10-27T17:17:45","date_gmt":"2025-10-27T16:17:45","guid":{"rendered":"https:\/\/www.chateausaintemarguerite.com\/?post_type=product&#038;p=270210"},"modified":"2026-03-04T09:48:13","modified_gmt":"2026-03-04T08:48:13","slug":"diner-dautomne","status":"publish","type":"product","link":"https:\/\/www.chateausaintemarguerite.com\/en\/vins-de-provence\/diner-dautomne\/","title":{"rendered":"Autumn mushroom dinner"},"content":{"rendered":"<h3><strong>Thursday November 27 - Autumn mushroom dinner<\/strong><\/h3>\n<p data-start=\"2043\" data-end=\"2322\">An exceptional dinner celebrating a noble and emblematic product of the season:\u00a0<strong data-start=\"2122\" data-end=\"2139\">the mushroom<\/strong>.<br data-start=\"2140\" data-end=\"2143\" \/>The chef\u00a0<strong data-start=\"2151\" data-end=\"2165\">Christophe Ribeyron<\/strong>\u00a0offers you a\u00a0<strong data-start=\"2182\" data-end=\"2206\">four-step menu<\/strong>\u00a0sublimated by a selection of\u00a0<strong data-start=\"2237\" data-end=\"2276\">cuv\u00e9es du <a href=\"https:\/\/www.chateausaintemarguerite.com\/en\/\" target=\"_blank\" rel=\"noopener\">Ch\u00e2teau Sainte Marguerite<\/a><\/strong>, for a harmonious, inspired experience.<\/p>\n<p data-start=\"2324\" data-end=\"2356\"><strong data-start=\"2324\" data-end=\"2354\">Course of the evening :<\/strong><\/p>\n<ul data-start=\"2357\" data-end=\"2532\">\n<li data-start=\"2357\" data-end=\"2393\"><strong data-start=\"2359\" data-end=\"2368\">19h00<\/strong>\u00a0- Welcoming guests<\/li>\n<li data-start=\"2394\" data-end=\"2424\"><strong data-start=\"2396\" data-end=\"2405\">19h30<\/strong>\u00a0- Visit the winery<\/li>\n<li data-start=\"2425\" data-end=\"2495\"><strong data-start=\"2427\" data-end=\"2436\">20h00<\/strong>\u00a0- 4-course gastronomic dinner, with food and wine pairings<\/li>\n<li data-start=\"2496\" data-end=\"2532\"><strong data-start=\"2498\" data-end=\"2507\">22h00<\/strong>\u00a0- Closing the evening<\/li>\n<\/ul>\n<p>&nbsp;<\/p>\n<p data-start=\"2534\" data-end=\"2556\"><strong data-start=\"2537\" data-end=\"2556\">Limited seating<\/strong><\/p>\n<p data-start=\"2560\" data-end=\"2659\">A gourmet and elegant interlude in the heart of the estate to celebrate the flavors of autumn.<\/p>\n<p>&nbsp;<\/p>\n<h4 style=\"text-align: center;\"><span style=\"color: #993300;\">Four-step menu<\/span><\/h4>\n<p style=\"font-variant: normal; font-stretch: normal; font-size-adjust: none; font-kerning: auto; font-feature-settings: normal; font-optical-sizing: auto; font-variation-settings: normal; margin: 0cm 0cm 9pt; text-align: center;\" align=\"center\"><span style=\"font-family: 'Times',serif;\">Imagined and created by Chef Christophe Ribeyron, with food and wine pairings<\/span><\/p>\n<p align=\"center\"><strong>Mise en bouche<\/strong><\/p>\n<p style=\"text-align: center;\">Chanterelle cream soup, stracciatella, chestnut, smoked oil, toasted bread, baby greens<\/p>\n<p style=\"font-variant: normal; font-stretch: normal; font-size-adjust: none; font-kerning: auto; font-feature-settings: normal; font-optical-sizing: auto; font-variation-settings: normal; margin: 0cm 0cm 9pt; text-align: center;\" align=\"center\"><span style=\"font-family: 'Times',serif;\"><strong>Input<\/strong><br \/>\n<\/span><\/p>\n<p style=\"text-align: center;\">Organic egg, Jerusalem artichokes, porcini mushrooms, comt\u00e9 emulsion<\/p>\n<p style=\"font-variant: normal; font-stretch: normal; font-size-adjust: none; font-kerning: auto; font-feature-settings: normal; font-optical-sizing: auto; font-variation-settings: normal; margin: 0cm 0cm 9pt; text-align: center;\" align=\"center\"><span style=\"font-family: 'Times',serif;\"><strong>Dish<\/strong><br \/>\n<\/span><\/p>\n<p style=\"text-align: center;\">Scallops, cloves and coral cream sauce<\/p>\n<p style=\"text-align: center;\">or<\/p>\n<p style=\"text-align: center;\">Meat for those who don't want scallops ( low temperature chicken supreme, chanterelles, vin jaune, potimarron )<\/p>\n<p style=\"font-variant: normal; font-stretch: normal; font-size-adjust: none; font-kerning: auto; font-feature-settings: normal; font-optical-sizing: auto; font-variation-settings: normal; margin: 0cm 0cm 9pt; text-align: center;\" align=\"center\"><span style=\"font-family: 'Times',serif;\"><strong>Dessert<\/strong><\/span><\/p>\n<p style=\"text-align: center;\">Rice pudding, light cream, salted butter caramel, popcorn<\/p>\n<p style=\"font-variant: normal; font-stretch: normal; font-size-adjust: none; font-kerning: auto; font-feature-settings: normal; font-optical-sizing: auto; font-variation-settings: normal; margin: 0cm 0cm 9pt; text-align: center;\" align=\"center\"><span style=\"font-family: Times, serif; color: #993300;\">\u00a0<\/span><span style=\"color: #993300;\"><strong><span style=\"font-family: 'Times',serif;\">Price: \u20ac85 incl. VAT<\/span><\/strong><\/span><span style=\"color: #993300;\"><strong><span style=\"font-family: Times, serif;\">\u00a0<\/span><\/strong><\/span><\/p>\n<h4><\/h4>\n<p>&nbsp;<\/p>\n<h4>Practical information<\/h4>\n<p style=\"font-variant: normal; font-stretch: normal; font-size-adjust: none; font-kerning: auto; font-feature-settings: normal; font-optical-sizing: auto; font-variation-settings: normal; margin: 0cm 0cm 9pt; text-align: left;\"><span style=\"font-family: 'Times',serif;\">Please indicate any additional information (intolerances, allergies, etc.) in the \"Notes\" section when booking online.<\/span><\/p>","protected":false},"excerpt":{"rendered":"<p>Discover a 4-course menu proposed by chef Christophe Ribeyron, enhanced by a selection of wines.\u00a0<strong data-start=\"2237\" data-end=\"2276\">Ch\u00e2teau Sainte Marguerite vintages<\/strong><\/p>","protected":false},"featured_media":280443,"template":"","meta":{"inline_featured_image":false},"product_brand":[],"product_cat":[54,62],"product_tag":[118,116,117],"class_list":{"0":"post-270210","1":"product","2":"type-product","3":"status-publish","4":"has-post-thumbnail","6":"product_cat-experiences","7":"product_cat-soirees","8":"product_tag-accord-mets-vins","9":"product_tag-chef-ribeyron","10":"product_tag-diner-en-4-temps","11":"product_shipping_class-experiences-no-shipping","13":"first","14":"instock","15":"virtual","16":"sold-individually","17":"taxable","18":"purchasable","19":"product-type-booking"},"booking_location":"","booking_location_type":"","booking_duration":1,"booking_duration_unit":"day","booking_buffer":0,"booking_cost":0,"booking_resources":[],"acf":[],"yoast_head":"<!-- This site is optimized with the Yoast SEO plugin v27.1.1 - https:\/\/yoast.com\/product\/yoast-seo-wordpress\/ -->\n<title>Diner d&#039;Automne autour des champignons - Ch\u00e2teau Sainte Marguerite<\/title>\n<meta name=\"description\" content=\"Dans un cadre \u00e9l\u00e9gant, profitez d\u2019une soir\u00e9e musicale avec le saxophoniste Eric Fillou autour de notre cuv\u00e9e Fantastique et de mets sign\u00e9s Yann Dethon.\" \/>\n<meta name=\"robots\" content=\"index, follow, max-snippet:-1, max-image-preview:large, max-video-preview:-1\" \/>\n<link rel=\"canonical\" href=\"https:\/\/www.chateausaintemarguerite.com\/en\/vins-de-provence\/diner-dautomne\/\" \/>\n<meta property=\"og:locale\" content=\"en_US\" \/>\n<meta property=\"og:type\" content=\"article\" \/>\n<meta property=\"og:title\" content=\"Diner d&#039;Automne autour des champignons - Ch\u00e2teau Sainte Marguerite\" \/>\n<meta property=\"og:description\" content=\"Dans un cadre \u00e9l\u00e9gant, profitez d\u2019une soir\u00e9e musicale avec le saxophoniste Eric Fillou autour de notre cuv\u00e9e Fantastique et de mets sign\u00e9s Yann Dethon.\" \/>\n<meta property=\"og:url\" content=\"https:\/\/www.chateausaintemarguerite.com\/en\/vins-de-provence\/diner-dautomne\/\" \/>\n<meta property=\"og:site_name\" content=\"Ch\u00e2teau Sainte Marguerite\" \/>\n<meta property=\"article:publisher\" content=\"https:\/\/fr-fr.facebook.com\/Chateausaintemarguerite\/\" \/>\n<meta property=\"article:modified_time\" content=\"2026-03-04T08:48:13+00:00\" \/>\n<meta property=\"og:image\" content=\"https:\/\/www.chateausaintemarguerite.com\/wp-content\/uploads\/2025\/11\/photo_vignes-1-1-1-e1760603992693-carre.jpg\" \/>\n\t<meta property=\"og:image:width\" content=\"1200\" \/>\n\t<meta property=\"og:image:height\" content=\"1200\" \/>\n\t<meta property=\"og:image:type\" content=\"image\/jpeg\" \/>\n<meta name=\"twitter:card\" content=\"summary_large_image\" \/>\n<meta name=\"twitter:label1\" content=\"Est. reading time\" \/>\n\t<meta name=\"twitter:data1\" content=\"2 minutes\" \/>\n<script type=\"application\/ld+json\" class=\"yoast-schema-graph\">{\"@context\":\"https:\/\/schema.org\",\"@graph\":[{\"@type\":\"WebPage\",\"@id\":\"https:\/\/www.chateausaintemarguerite.com\/vins-de-provence\/diner-dautomne\/\",\"url\":\"https:\/\/www.chateausaintemarguerite.com\/vins-de-provence\/diner-dautomne\/\",\"name\":\"Diner d'Automne autour des champignons - Ch\u00e2teau Sainte Marguerite\",\"isPartOf\":{\"@id\":\"https:\/\/www.chateausaintemarguerite.com\/#website\"},\"primaryImageOfPage\":{\"@id\":\"https:\/\/www.chateausaintemarguerite.com\/vins-de-provence\/diner-dautomne\/#primaryimage\"},\"image\":{\"@id\":\"https:\/\/www.chateausaintemarguerite.com\/vins-de-provence\/diner-dautomne\/#primaryimage\"},\"thumbnailUrl\":\"https:\/\/www.chateausaintemarguerite.com\/wp-content\/uploads\/2025\/11\/photo_vignes-1-1-1-e1760603992693-carre.jpg\",\"datePublished\":\"2025-10-27T16:17:45+00:00\",\"dateModified\":\"2026-03-04T08:48:13+00:00\",\"description\":\"Dans un cadre \u00e9l\u00e9gant, profitez d\u2019une soir\u00e9e musicale avec le saxophoniste Eric Fillou autour de notre cuv\u00e9e Fantastique et de mets sign\u00e9s Yann Dethon.\",\"breadcrumb\":{\"@id\":\"https:\/\/www.chateausaintemarguerite.com\/vins-de-provence\/diner-dautomne\/#breadcrumb\"},\"inLanguage\":\"en-US\",\"potentialAction\":[{\"@type\":\"ReadAction\",\"target\":[\"https:\/\/www.chateausaintemarguerite.com\/vins-de-provence\/diner-dautomne\/\"]}]},{\"@type\":\"ImageObject\",\"inLanguage\":\"en-US\",\"@id\":\"https:\/\/www.chateausaintemarguerite.com\/vins-de-provence\/diner-dautomne\/#primaryimage\",\"url\":\"https:\/\/www.chateausaintemarguerite.com\/wp-content\/uploads\/2025\/11\/photo_vignes-1-1-1-e1760603992693-carre.jpg\",\"contentUrl\":\"https:\/\/www.chateausaintemarguerite.com\/wp-content\/uploads\/2025\/11\/photo_vignes-1-1-1-e1760603992693-carre.jpg\",\"width\":1200,\"height\":1200,\"caption\":\"photo_vignes-1-1-1-e1760603992693-carre\"},{\"@type\":\"BreadcrumbList\",\"@id\":\"https:\/\/www.chateausaintemarguerite.com\/vins-de-provence\/diner-dautomne\/#breadcrumb\",\"itemListElement\":[{\"@type\":\"ListItem\",\"position\":1,\"name\":\"Accueil\",\"item\":\"https:\/\/www.chateausaintemarguerite.com\/\"},{\"@type\":\"ListItem\",\"position\":2,\"name\":\"Boutique\",\"item\":\"https:\/\/www.chateausaintemarguerite.com\/vins-de-provence\/\"},{\"@type\":\"ListItem\",\"position\":3,\"name\":\"Exp\u00e9riences\",\"item\":\"https:\/\/www.chateausaintemarguerite.com\/cru-classe-provence\/experiences\/\"},{\"@type\":\"ListItem\",\"position\":4,\"name\":\"Soir\u00e9es &amp; Diners\",\"item\":\"https:\/\/www.chateausaintemarguerite.com\/cru-classe-provence\/experiences\/soirees\/\"},{\"@type\":\"ListItem\",\"position\":5,\"name\":\"Diner d&rsquo;Automne autour des champignons\"}]},{\"@type\":\"WebSite\",\"@id\":\"https:\/\/www.chateausaintemarguerite.com\/#website\",\"url\":\"https:\/\/www.chateausaintemarguerite.com\/\",\"name\":\"Ch\u00e2teau Sainte Marguerite\",\"description\":\"Vins de Provence\",\"publisher\":{\"@id\":\"https:\/\/www.chateausaintemarguerite.com\/#organization\"},\"potentialAction\":[{\"@type\":\"SearchAction\",\"target\":{\"@type\":\"EntryPoint\",\"urlTemplate\":\"https:\/\/www.chateausaintemarguerite.com\/?s={search_term_string}\"},\"query-input\":{\"@type\":\"PropertyValueSpecification\",\"valueRequired\":true,\"valueName\":\"search_term_string\"}}],\"inLanguage\":\"en-US\"},{\"@type\":\"Organization\",\"@id\":\"https:\/\/www.chateausaintemarguerite.com\/#organization\",\"name\":\"Ch\u00e2teau Sainte Marguerite\",\"url\":\"https:\/\/www.chateausaintemarguerite.com\/\",\"logo\":{\"@type\":\"ImageObject\",\"inLanguage\":\"en-US\",\"@id\":\"https:\/\/www.chateausaintemarguerite.com\/#\/schema\/logo\/image\/\",\"url\":\"https:\/\/www.chateausaintemarguerite.com\/wp-content\/uploads\/2021\/01\/LogoCSM_1600.png\",\"contentUrl\":\"https:\/\/www.chateausaintemarguerite.com\/wp-content\/uploads\/2021\/01\/LogoCSM_1600.png\",\"width\":2560,\"height\":1257,\"caption\":\"Ch\u00e2teau Sainte Marguerite\"},\"image\":{\"@id\":\"https:\/\/www.chateausaintemarguerite.com\/#\/schema\/logo\/image\/\"},\"sameAs\":[\"https:\/\/fr-fr.facebook.com\/Chateausaintemarguerite\/\",\"https:\/\/www.instagram.com\/chateausaintemarguerite\/?hl=fr\",\"https:\/\/www.youtube.com\/channel\/UC0WoRvE6wQi_9J8WZg27vwA\"]}]}<\/script>\n<!-- \/ Yoast SEO plugin. -->","yoast_head_json":{"title":"Diner d'Automne autour des champignons - Ch\u00e2teau Sainte Marguerite","description":"In elegant surroundings, enjoy an evening of music with saxophonist Eric Fillou around our cuv\u00e9e Fantastique and dishes by Yann Dethon.","robots":{"index":"index","follow":"follow","max-snippet":"max-snippet:-1","max-image-preview":"max-image-preview:large","max-video-preview":"max-video-preview:-1"},"canonical":"https:\/\/www.chateausaintemarguerite.com\/en\/vins-de-provence\/diner-dautomne\/","og_locale":"en_US","og_type":"article","og_title":"Diner d'Automne autour des champignons - Ch\u00e2teau Sainte Marguerite","og_description":"Dans un cadre \u00e9l\u00e9gant, profitez d\u2019une soir\u00e9e musicale avec le saxophoniste Eric Fillou autour de notre cuv\u00e9e Fantastique et de mets sign\u00e9s Yann Dethon.","og_url":"https:\/\/www.chateausaintemarguerite.com\/en\/vins-de-provence\/diner-dautomne\/","og_site_name":"Ch\u00e2teau Sainte Marguerite","article_publisher":"https:\/\/fr-fr.facebook.com\/Chateausaintemarguerite\/","article_modified_time":"2026-03-04T08:48:13+00:00","og_image":[{"width":1200,"height":1200,"url":"https:\/\/www.chateausaintemarguerite.com\/wp-content\/uploads\/2025\/11\/photo_vignes-1-1-1-e1760603992693-carre.jpg","type":"image\/jpeg"}],"twitter_card":"summary_large_image","twitter_misc":{"Est. reading time":"2 minutes"},"schema":{"@context":"https:\/\/schema.org","@graph":[{"@type":"WebPage","@id":"https:\/\/www.chateausaintemarguerite.com\/vins-de-provence\/diner-dautomne\/","url":"https:\/\/www.chateausaintemarguerite.com\/vins-de-provence\/diner-dautomne\/","name":"Diner d'Automne autour des champignons - Ch\u00e2teau Sainte Marguerite","isPartOf":{"@id":"https:\/\/www.chateausaintemarguerite.com\/#website"},"primaryImageOfPage":{"@id":"https:\/\/www.chateausaintemarguerite.com\/vins-de-provence\/diner-dautomne\/#primaryimage"},"image":{"@id":"https:\/\/www.chateausaintemarguerite.com\/vins-de-provence\/diner-dautomne\/#primaryimage"},"thumbnailUrl":"https:\/\/www.chateausaintemarguerite.com\/wp-content\/uploads\/2025\/11\/photo_vignes-1-1-1-e1760603992693-carre.jpg","datePublished":"2025-10-27T16:17:45+00:00","dateModified":"2026-03-04T08:48:13+00:00","description":"In elegant surroundings, enjoy an evening of music with saxophonist Eric Fillou around our cuv\u00e9e Fantastique and dishes by Yann Dethon.","breadcrumb":{"@id":"https:\/\/www.chateausaintemarguerite.com\/vins-de-provence\/diner-dautomne\/#breadcrumb"},"inLanguage":"en-US","potentialAction":[{"@type":"ReadAction","target":["https:\/\/www.chateausaintemarguerite.com\/vins-de-provence\/diner-dautomne\/"]}]},{"@type":"ImageObject","inLanguage":"en-US","@id":"https:\/\/www.chateausaintemarguerite.com\/vins-de-provence\/diner-dautomne\/#primaryimage","url":"https:\/\/www.chateausaintemarguerite.com\/wp-content\/uploads\/2025\/11\/photo_vignes-1-1-1-e1760603992693-carre.jpg","contentUrl":"https:\/\/www.chateausaintemarguerite.com\/wp-content\/uploads\/2025\/11\/photo_vignes-1-1-1-e1760603992693-carre.jpg","width":1200,"height":1200,"caption":"photo_vignes-1-1-1-e1760603992693-carre"},{"@type":"BreadcrumbList","@id":"https:\/\/www.chateausaintemarguerite.com\/vins-de-provence\/diner-dautomne\/#breadcrumb","itemListElement":[{"@type":"ListItem","position":1,"name":"Accueil","item":"https:\/\/www.chateausaintemarguerite.com\/"},{"@type":"ListItem","position":2,"name":"Boutique","item":"https:\/\/www.chateausaintemarguerite.com\/vins-de-provence\/"},{"@type":"ListItem","position":3,"name":"Exp\u00e9riences","item":"https:\/\/www.chateausaintemarguerite.com\/cru-classe-provence\/experiences\/"},{"@type":"ListItem","position":4,"name":"Soir\u00e9es &amp; Diners","item":"https:\/\/www.chateausaintemarguerite.com\/cru-classe-provence\/experiences\/soirees\/"},{"@type":"ListItem","position":5,"name":"Diner d&rsquo;Automne autour des champignons"}]},{"@type":"WebSite","@id":"https:\/\/www.chateausaintemarguerite.com\/#website","url":"https:\/\/www.chateausaintemarguerite.com\/","name":"Ch\u00e2teau Sainte Marguerite","description":"Provence wines","publisher":{"@id":"https:\/\/www.chateausaintemarguerite.com\/#organization"},"potentialAction":[{"@type":"SearchAction","target":{"@type":"EntryPoint","urlTemplate":"https:\/\/www.chateausaintemarguerite.com\/?s={search_term_string}"},"query-input":{"@type":"PropertyValueSpecification","valueRequired":true,"valueName":"search_term_string"}}],"inLanguage":"en-US"},{"@type":"Organization","@id":"https:\/\/www.chateausaintemarguerite.com\/#organization","name":"Ch\u00e2teau Sainte Marguerite","url":"https:\/\/www.chateausaintemarguerite.com\/","logo":{"@type":"ImageObject","inLanguage":"en-US","@id":"https:\/\/www.chateausaintemarguerite.com\/#\/schema\/logo\/image\/","url":"https:\/\/www.chateausaintemarguerite.com\/wp-content\/uploads\/2021\/01\/LogoCSM_1600.png","contentUrl":"https:\/\/www.chateausaintemarguerite.com\/wp-content\/uploads\/2021\/01\/LogoCSM_1600.png","width":2560,"height":1257,"caption":"Ch\u00e2teau Sainte Marguerite"},"image":{"@id":"https:\/\/www.chateausaintemarguerite.com\/#\/schema\/logo\/image\/"},"sameAs":["https:\/\/fr-fr.facebook.com\/Chateausaintemarguerite\/","https:\/\/www.instagram.com\/chateausaintemarguerite\/?hl=fr","https:\/\/www.youtube.com\/channel\/UC0WoRvE6wQi_9J8WZg27vwA"]}]}},"_links":{"self":[{"href":"https:\/\/www.chateausaintemarguerite.com\/en\/wp-json\/wp\/v2\/product\/270210","targetHints":{"allow":["GET"]}}],"collection":[{"href":"https:\/\/www.chateausaintemarguerite.com\/en\/wp-json\/wp\/v2\/product"}],"about":[{"href":"https:\/\/www.chateausaintemarguerite.com\/en\/wp-json\/wp\/v2\/types\/product"}],"wp:featuredmedia":[{"embeddable":true,"href":"https:\/\/www.chateausaintemarguerite.com\/en\/wp-json\/wp\/v2\/media\/280443"}],"wp:attachment":[{"href":"https:\/\/www.chateausaintemarguerite.com\/en\/wp-json\/wp\/v2\/media?parent=270210"}],"wp:term":[{"taxonomy":"product_brand","embeddable":true,"href":"https:\/\/www.chateausaintemarguerite.com\/en\/wp-json\/wp\/v2\/product_brand?post=270210"},{"taxonomy":"product_cat","embeddable":true,"href":"https:\/\/www.chateausaintemarguerite.com\/en\/wp-json\/wp\/v2\/product_cat?post=270210"},{"taxonomy":"product_tag","embeddable":true,"href":"https:\/\/www.chateausaintemarguerite.com\/en\/wp-json\/wp\/v2\/product_tag?post=270210"}],"curies":[{"name":"wp","href":"https:\/\/api.w.org\/{rel}","templated":true}]}}