{"id":245369,"date":"2025-08-21T16:16:51","date_gmt":"2025-08-21T14:16:51","guid":{"rendered":"https:\/\/www.chateausaintemarguerite.com\/?post_type=product&#038;p=245369"},"modified":"2026-04-10T16:33:57","modified_gmt":"2026-04-10T14:33:57","slug":"les-soirees-piano","status":"publish","type":"product","link":"https:\/\/www.chateausaintemarguerite.com\/en\/vins-de-provence\/les-soirees-piano\/","title":{"rendered":"Piano evenings"},"content":{"rendered":"<p><strong>Piano evenings<\/strong><\/p>\n<p>Following the success of our first edition, we are delighted to open our doors to you. <a href=\"https:\/\/www.chateausaintemarguerite.com\/en\/decouvrez-notre-histoire\/\" target=\"_blank\" rel=\"noopener\">domain<\/a> for a new date.<\/p>\n<p>From 7.00 p.m. to 10.00 p.m.<\/p>\n<p><strong>Program:<\/strong><\/p>\n<ul data-start=\"100\" data-end=\"314\">\n<li data-start=\"100\" data-end=\"152\">\n<p data-start=\"102\" data-end=\"152\">Live performance by pianist Alexandre Eghikian<\/p>\n<\/li>\n<li data-start=\"153\" data-end=\"225\">\n<p data-start=\"155\" data-end=\"225\"><strong data-start=\"155\" data-end=\"168\">Wine bar<\/strong> tasting of our vintages by the glass or bottle<\/p>\n<\/li>\n<li data-start=\"226\" data-end=\"314\">\n<p data-start=\"228\" data-end=\"314\"><strong data-start=\"228\" data-end=\"254\">On-site catering<\/strong> : dishes prepared for the occasion by the chef\u00a0 <b>Christophe Ribeyron<\/b><\/p>\n<\/li>\n<\/ul>\n<p><strong>Entrance fee: \u20ac15 inc. <\/strong>(including a welcome drink)<\/p>\n<p>In a peaceful setting, enjoy an evening of music with pianist Alexandre Eghikian, featuring our cuv\u00e9e Fantastique and dishes by Christophe Ribeyron.<\/p>\n<p>&nbsp;<\/p>","protected":false},"excerpt":{"rendered":"<p>In a peaceful setting, enjoy an evening of music with pianist Alexandre Eghikian, featuring our cuv\u00e9e Fantastique and dishes by Christophe Ribeyron.<\/p>","protected":false},"featured_media":226991,"template":"","meta":{"inline_featured_image":false},"product_brand":[],"product_cat":[54,62],"product_tag":[],"class_list":{"0":"post-245369","1":"product","2":"type-product","3":"status-publish","4":"has-post-thumbnail","6":"product_cat-experiences","7":"product_cat-soirees","8":"product_shipping_class-experiences-no-shipping","10":"first","11":"instock","12":"virtual","13":"sold-individually","14":"taxable","15":"purchasable","16":"product-type-booking"},"booking_location":"","booking_location_type":"","booking_duration":1,"booking_duration_unit":"day","booking_buffer":0,"booking_cost":0,"booking_resources":[],"acf":[],"yoast_head":"<!-- This site is optimized with the Yoast SEO plugin v27.1.1 - https:\/\/yoast.com\/product\/yoast-seo-wordpress\/ -->\n<title>Les soir\u00e9es Piano - Ch\u00e2teau Sainte Marguerite<\/title>\n<meta name=\"description\" content=\"Les soir\u00e9es Piano avec le pianiste Alexandre Eghikian autour de notre cuv\u00e9e Fantastique et de mets sign\u00e9s Christophe Ribeyron.\" \/>\n<meta name=\"robots\" content=\"index, follow, max-snippet:-1, max-image-preview:large, max-video-preview:-1\" \/>\n<link rel=\"canonical\" href=\"https:\/\/www.chateausaintemarguerite.com\/en\/vins-de-provence\/les-soirees-piano\/\" \/>\n<meta property=\"og:locale\" content=\"en_US\" \/>\n<meta property=\"og:type\" content=\"article\" \/>\n<meta property=\"og:title\" content=\"Les soir\u00e9es Piano - Ch\u00e2teau Sainte Marguerite\" \/>\n<meta property=\"og:description\" content=\"Les soir\u00e9es Piano avec le pianiste Alexandre Eghikian autour de notre cuv\u00e9e Fantastique et de mets sign\u00e9s Christophe Ribeyron.\" \/>\n<meta property=\"og:url\" content=\"https:\/\/www.chateausaintemarguerite.com\/en\/vins-de-provence\/les-soirees-piano\/\" \/>\n<meta property=\"og:site_name\" content=\"Ch\u00e2teau Sainte Marguerite\" \/>\n<meta property=\"article:publisher\" content=\"https:\/\/fr-fr.facebook.com\/Chateausaintemarguerite\/\" \/>\n<meta property=\"article:modified_time\" content=\"2026-04-10T14:33:57+00:00\" \/>\n<meta property=\"og:image\" content=\"http:\/\/www.chateausaintemarguerite.com\/wp-content\/uploads\/2025\/07\/previewlarge-domaine-sainte-marguerite-laurentparienti-5-1024x683.jpg\" \/>\n\t<meta property=\"og:image:width\" content=\"1024\" \/>\n\t<meta property=\"og:image:height\" content=\"683\" \/>\n\t<meta property=\"og:image:type\" content=\"image\/jpeg\" \/>\n<meta name=\"twitter:card\" content=\"summary_large_image\" \/>\n<meta name=\"twitter:label1\" content=\"Est. reading time\" \/>\n\t<meta name=\"twitter:data1\" content=\"1 minute\" \/>\n<script type=\"application\/ld+json\" class=\"yoast-schema-graph\">{\"@context\":\"https:\/\/schema.org\",\"@graph\":[{\"@type\":\"WebPage\",\"@id\":\"https:\/\/www.chateausaintemarguerite.com\/vins-de-provence\/les-soirees-piano\/\",\"url\":\"https:\/\/www.chateausaintemarguerite.com\/vins-de-provence\/les-soirees-piano\/\",\"name\":\"Les soir\u00e9es Piano - Ch\u00e2teau Sainte Marguerite\",\"isPartOf\":{\"@id\":\"https:\/\/www.chateausaintemarguerite.com\/#website\"},\"primaryImageOfPage\":{\"@id\":\"https:\/\/www.chateausaintemarguerite.com\/vins-de-provence\/les-soirees-piano\/#primaryimage\"},\"image\":{\"@id\":\"https:\/\/www.chateausaintemarguerite.com\/vins-de-provence\/les-soirees-piano\/#primaryimage\"},\"thumbnailUrl\":\"https:\/\/www.chateausaintemarguerite.com\/wp-content\/uploads\/2025\/07\/previewlarge-domaine-sainte-marguerite-laurentparienti-5.jpg\",\"datePublished\":\"2025-08-21T14:16:51+00:00\",\"dateModified\":\"2026-04-10T14:33:57+00:00\",\"description\":\"Les soir\u00e9es Piano avec le pianiste Alexandre Eghikian autour de notre cuv\u00e9e Fantastique et de mets sign\u00e9s Christophe Ribeyron.\",\"breadcrumb\":{\"@id\":\"https:\/\/www.chateausaintemarguerite.com\/vins-de-provence\/les-soirees-piano\/#breadcrumb\"},\"inLanguage\":\"en-US\",\"potentialAction\":[{\"@type\":\"ReadAction\",\"target\":[\"https:\/\/www.chateausaintemarguerite.com\/vins-de-provence\/les-soirees-piano\/\"]}]},{\"@type\":\"ImageObject\",\"inLanguage\":\"en-US\",\"@id\":\"https:\/\/www.chateausaintemarguerite.com\/vins-de-provence\/les-soirees-piano\/#primaryimage\",\"url\":\"https:\/\/www.chateausaintemarguerite.com\/wp-content\/uploads\/2025\/07\/previewlarge-domaine-sainte-marguerite-laurentparienti-5.jpg\",\"contentUrl\":\"https:\/\/www.chateausaintemarguerite.com\/wp-content\/uploads\/2025\/07\/previewlarge-domaine-sainte-marguerite-laurentparienti-5.jpg\",\"width\":2048,\"height\":1365,\"caption\":\"PreviewLarge-Domaine Sainte Marguerite @laurentParienti-5\"},{\"@type\":\"BreadcrumbList\",\"@id\":\"https:\/\/www.chateausaintemarguerite.com\/vins-de-provence\/les-soirees-piano\/#breadcrumb\",\"itemListElement\":[{\"@type\":\"ListItem\",\"position\":1,\"name\":\"Accueil\",\"item\":\"https:\/\/www.chateausaintemarguerite.com\/\"},{\"@type\":\"ListItem\",\"position\":2,\"name\":\"Boutique\",\"item\":\"https:\/\/www.chateausaintemarguerite.com\/vins-de-provence\/\"},{\"@type\":\"ListItem\",\"position\":3,\"name\":\"Exp\u00e9riences\",\"item\":\"https:\/\/www.chateausaintemarguerite.com\/cru-classe-provence\/experiences\/\"},{\"@type\":\"ListItem\",\"position\":4,\"name\":\"Soir\u00e9es &amp; Diners\",\"item\":\"https:\/\/www.chateausaintemarguerite.com\/cru-classe-provence\/experiences\/soirees\/\"},{\"@type\":\"ListItem\",\"position\":5,\"name\":\"Les soir\u00e9es Piano\"}]},{\"@type\":\"WebSite\",\"@id\":\"https:\/\/www.chateausaintemarguerite.com\/#website\",\"url\":\"https:\/\/www.chateausaintemarguerite.com\/\",\"name\":\"Ch\u00e2teau Sainte Marguerite\",\"description\":\"Vins de Provence\",\"publisher\":{\"@id\":\"https:\/\/www.chateausaintemarguerite.com\/#organization\"},\"potentialAction\":[{\"@type\":\"SearchAction\",\"target\":{\"@type\":\"EntryPoint\",\"urlTemplate\":\"https:\/\/www.chateausaintemarguerite.com\/?s={search_term_string}\"},\"query-input\":{\"@type\":\"PropertyValueSpecification\",\"valueRequired\":true,\"valueName\":\"search_term_string\"}}],\"inLanguage\":\"en-US\"},{\"@type\":\"Organization\",\"@id\":\"https:\/\/www.chateausaintemarguerite.com\/#organization\",\"name\":\"Ch\u00e2teau Sainte Marguerite\",\"url\":\"https:\/\/www.chateausaintemarguerite.com\/\",\"logo\":{\"@type\":\"ImageObject\",\"inLanguage\":\"en-US\",\"@id\":\"https:\/\/www.chateausaintemarguerite.com\/#\/schema\/logo\/image\/\",\"url\":\"https:\/\/www.chateausaintemarguerite.com\/wp-content\/uploads\/2021\/01\/LogoCSM_1600.png\",\"contentUrl\":\"https:\/\/www.chateausaintemarguerite.com\/wp-content\/uploads\/2021\/01\/LogoCSM_1600.png\",\"width\":2560,\"height\":1257,\"caption\":\"Ch\u00e2teau Sainte Marguerite\"},\"image\":{\"@id\":\"https:\/\/www.chateausaintemarguerite.com\/#\/schema\/logo\/image\/\"},\"sameAs\":[\"https:\/\/fr-fr.facebook.com\/Chateausaintemarguerite\/\",\"https:\/\/www.instagram.com\/chateausaintemarguerite\/?hl=fr\",\"https:\/\/www.youtube.com\/channel\/UC0WoRvE6wQi_9J8WZg27vwA\"]}]}<\/script>\n<!-- \/ Yoast SEO plugin. -->","yoast_head_json":{"title":"Piano evenings - Ch\u00e2teau Sainte Marguerite","description":"Les soir\u00e9es Piano avec le pianiste Alexandre Eghikian autour de notre cuv\u00e9e Fantastique et de mets sign\u00e9s Christophe Ribeyron.","robots":{"index":"index","follow":"follow","max-snippet":"max-snippet:-1","max-image-preview":"max-image-preview:large","max-video-preview":"max-video-preview:-1"},"canonical":"https:\/\/www.chateausaintemarguerite.com\/en\/vins-de-provence\/les-soirees-piano\/","og_locale":"en_US","og_type":"article","og_title":"Les soir\u00e9es Piano - Ch\u00e2teau Sainte Marguerite","og_description":"Les soir\u00e9es Piano avec le pianiste Alexandre Eghikian autour de notre cuv\u00e9e Fantastique et de mets sign\u00e9s Christophe Ribeyron.","og_url":"https:\/\/www.chateausaintemarguerite.com\/en\/vins-de-provence\/les-soirees-piano\/","og_site_name":"Ch\u00e2teau Sainte Marguerite","article_publisher":"https:\/\/fr-fr.facebook.com\/Chateausaintemarguerite\/","article_modified_time":"2026-04-10T14:33:57+00:00","og_image":[{"width":1024,"height":683,"url":"http:\/\/www.chateausaintemarguerite.com\/wp-content\/uploads\/2025\/07\/previewlarge-domaine-sainte-marguerite-laurentparienti-5-1024x683.jpg","type":"image\/jpeg"}],"twitter_card":"summary_large_image","twitter_misc":{"Est. reading time":"1 minute"},"schema":{"@context":"https:\/\/schema.org","@graph":[{"@type":"WebPage","@id":"https:\/\/www.chateausaintemarguerite.com\/vins-de-provence\/les-soirees-piano\/","url":"https:\/\/www.chateausaintemarguerite.com\/vins-de-provence\/les-soirees-piano\/","name":"Piano evenings - Ch\u00e2teau Sainte Marguerite","isPartOf":{"@id":"https:\/\/www.chateausaintemarguerite.com\/#website"},"primaryImageOfPage":{"@id":"https:\/\/www.chateausaintemarguerite.com\/vins-de-provence\/les-soirees-piano\/#primaryimage"},"image":{"@id":"https:\/\/www.chateausaintemarguerite.com\/vins-de-provence\/les-soirees-piano\/#primaryimage"},"thumbnailUrl":"https:\/\/www.chateausaintemarguerite.com\/wp-content\/uploads\/2025\/07\/previewlarge-domaine-sainte-marguerite-laurentparienti-5.jpg","datePublished":"2025-08-21T14:16:51+00:00","dateModified":"2026-04-10T14:33:57+00:00","description":"Les soir\u00e9es Piano avec le pianiste Alexandre Eghikian autour de notre cuv\u00e9e Fantastique et de mets sign\u00e9s Christophe Ribeyron.","breadcrumb":{"@id":"https:\/\/www.chateausaintemarguerite.com\/vins-de-provence\/les-soirees-piano\/#breadcrumb"},"inLanguage":"en-US","potentialAction":[{"@type":"ReadAction","target":["https:\/\/www.chateausaintemarguerite.com\/vins-de-provence\/les-soirees-piano\/"]}]},{"@type":"ImageObject","inLanguage":"en-US","@id":"https:\/\/www.chateausaintemarguerite.com\/vins-de-provence\/les-soirees-piano\/#primaryimage","url":"https:\/\/www.chateausaintemarguerite.com\/wp-content\/uploads\/2025\/07\/previewlarge-domaine-sainte-marguerite-laurentparienti-5.jpg","contentUrl":"https:\/\/www.chateausaintemarguerite.com\/wp-content\/uploads\/2025\/07\/previewlarge-domaine-sainte-marguerite-laurentparienti-5.jpg","width":2048,"height":1365,"caption":"PreviewLarge-Domaine Sainte Marguerite @laurentParienti-5"},{"@type":"BreadcrumbList","@id":"https:\/\/www.chateausaintemarguerite.com\/vins-de-provence\/les-soirees-piano\/#breadcrumb","itemListElement":[{"@type":"ListItem","position":1,"name":"Accueil","item":"https:\/\/www.chateausaintemarguerite.com\/"},{"@type":"ListItem","position":2,"name":"Boutique","item":"https:\/\/www.chateausaintemarguerite.com\/vins-de-provence\/"},{"@type":"ListItem","position":3,"name":"Exp\u00e9riences","item":"https:\/\/www.chateausaintemarguerite.com\/cru-classe-provence\/experiences\/"},{"@type":"ListItem","position":4,"name":"Soir\u00e9es &amp; Diners","item":"https:\/\/www.chateausaintemarguerite.com\/cru-classe-provence\/experiences\/soirees\/"},{"@type":"ListItem","position":5,"name":"Les soir\u00e9es Piano"}]},{"@type":"WebSite","@id":"https:\/\/www.chateausaintemarguerite.com\/#website","url":"https:\/\/www.chateausaintemarguerite.com\/","name":"Ch\u00e2teau Sainte Marguerite","description":"Provence wines","publisher":{"@id":"https:\/\/www.chateausaintemarguerite.com\/#organization"},"potentialAction":[{"@type":"SearchAction","target":{"@type":"EntryPoint","urlTemplate":"https:\/\/www.chateausaintemarguerite.com\/?s={search_term_string}"},"query-input":{"@type":"PropertyValueSpecification","valueRequired":true,"valueName":"search_term_string"}}],"inLanguage":"en-US"},{"@type":"Organization","@id":"https:\/\/www.chateausaintemarguerite.com\/#organization","name":"Ch\u00e2teau Sainte Marguerite","url":"https:\/\/www.chateausaintemarguerite.com\/","logo":{"@type":"ImageObject","inLanguage":"en-US","@id":"https:\/\/www.chateausaintemarguerite.com\/#\/schema\/logo\/image\/","url":"https:\/\/www.chateausaintemarguerite.com\/wp-content\/uploads\/2021\/01\/LogoCSM_1600.png","contentUrl":"https:\/\/www.chateausaintemarguerite.com\/wp-content\/uploads\/2021\/01\/LogoCSM_1600.png","width":2560,"height":1257,"caption":"Ch\u00e2teau Sainte Marguerite"},"image":{"@id":"https:\/\/www.chateausaintemarguerite.com\/#\/schema\/logo\/image\/"},"sameAs":["https:\/\/fr-fr.facebook.com\/Chateausaintemarguerite\/","https:\/\/www.instagram.com\/chateausaintemarguerite\/?hl=fr","https:\/\/www.youtube.com\/channel\/UC0WoRvE6wQi_9J8WZg27vwA"]}]}},"_links":{"self":[{"href":"https:\/\/www.chateausaintemarguerite.com\/en\/wp-json\/wp\/v2\/product\/245369","targetHints":{"allow":["GET"]}}],"collection":[{"href":"https:\/\/www.chateausaintemarguerite.com\/en\/wp-json\/wp\/v2\/product"}],"about":[{"href":"https:\/\/www.chateausaintemarguerite.com\/en\/wp-json\/wp\/v2\/types\/product"}],"wp:featuredmedia":[{"embeddable":true,"href":"https:\/\/www.chateausaintemarguerite.com\/en\/wp-json\/wp\/v2\/media\/226991"}],"wp:attachment":[{"href":"https:\/\/www.chateausaintemarguerite.com\/en\/wp-json\/wp\/v2\/media?parent=245369"}],"wp:term":[{"taxonomy":"product_brand","embeddable":true,"href":"https:\/\/www.chateausaintemarguerite.com\/en\/wp-json\/wp\/v2\/product_brand?post=245369"},{"taxonomy":"product_cat","embeddable":true,"href":"https:\/\/www.chateausaintemarguerite.com\/en\/wp-json\/wp\/v2\/product_cat?post=245369"},{"taxonomy":"product_tag","embeddable":true,"href":"https:\/\/www.chateausaintemarguerite.com\/en\/wp-json\/wp\/v2\/product_tag?post=245369"}],"curies":[{"name":"wp","href":"https:\/\/api.w.org\/{rel}","templated":true}]}}