{"id":240493,"date":"2025-08-04T16:00:05","date_gmt":"2025-08-04T14:00:05","guid":{"rendered":"https:\/\/www.chateausaintemarguerite.com\/?post_type=product&#038;p=240493"},"modified":"2026-04-23T10:20:46","modified_gmt":"2026-04-23T08:20:46","slug":"coffret-decouverte-3-couleurs-fantastique","status":"publish","type":"product","link":"https:\/\/www.chateausaintemarguerite.com\/en\/vins-de-provence\/coffret-decouverte-3-couleurs-fantastique\/","title":{"rendered":"Fantastic 3-Color Discovery Set"},"content":{"rendered":"<p>Fantastic 3-Color Discovery Set<\/p>\n<p>This selection of 3 bottles includes :<br \/>\n- 1 bottle of <a href=\"https:\/\/www.chateausaintemarguerite.com\/en\/vins-de-provence\/cuvee-fantastique-2024-vin-rose-provence\/\">Fantastic ros\u00e9 2025 <\/a>75 cl<br \/>\n- 1 bottle of <a href=\"https:\/\/www.chateausaintemarguerite.com\/en\/vins-de-provence\/cuvee-fantastique-2024-vin-blanc-provence\/\">Fantastic white 2024<\/a> 75 cl<br \/>\n- 1 bottle of <a href=\"https:\/\/www.chateausaintemarguerite.com\/en\/vins-de-provence\/cuvee-fantastique-2021-vin-rouge-provence\/\">Fantastic red 2022<\/a>\u00a075 cl<\/p>\n<p>Pour cette saison, d\u00e9couvrez en \u00e9dition limit\u00e9e notre coffret s\u00e9lection de 3 bouteilles de notre cuv\u00e9e Fantastique. Chacun de nos vins est le fruit et le reflet de notre savoir-faire et notre passion.<\/p>\n<p>*C\u00f4tes-de-Provence controlled appellation<\/p>","protected":false},"excerpt":{"rendered":"<p>This selection of 3 bottles includes :<br \/>\n- 1 bottle of <a href=\"https:\/\/www.chateausaintemarguerite.com\/en\/vins-de-provence\/cuvee-fantastique-2024-vin-rose-provence\/\">Fantastic ros\u00e9 2025 <\/a>75 cl<br \/>\n- 1 bottle of <a href=\"https:\/\/www.chateausaintemarguerite.com\/en\/vins-de-provence\/cuvee-fantastique-2024-vin-blanc-provence\/\">Fantastic white 2024<\/a> 75 cl<br \/>\n- 1 bottle of <a href=\"https:\/\/www.chateausaintemarguerite.com\/en\/vins-de-provence\/cuvee-fantastique-2021-vin-rouge-provence\/\">Fantastic red 2022<\/a>\u00a075 cl<\/p>\n<p>Pour cette saison, d\u00e9couvrez en \u00e9dition limit\u00e9e notre coffret s\u00e9lection de 3 bouteilles de notre cuv\u00e9e Fantastique. Chacun de nos vins est le fruit et le reflet de notre savoir-faire et notre passion.<\/p>\n<p>*C\u00f4tes-de-Provence controlled appellation<\/p>","protected":false},"featured_media":311146,"template":"","meta":{"inline_featured_image":false},"product_brand":[],"product_cat":[37,28],"product_tag":[89,88],"class_list":{"0":"post-240493","1":"product","2":"type-product","3":"status-publish","4":"has-post-thumbnail","6":"product_cat-vins-coffret-decouverte","7":"product_cat-vins-ste-marguerite","8":"product_tag-bio","9":"product_tag-cru-classe-cotes-de-provence","10":"member-discount","11":"discount-restricted","13":"first","14":"instock","15":"taxable","16":"shipping-taxable","17":"purchasable","18":"product-type-simple"},"booking_location":null,"booking_location_type":null,"booking_duration":null,"booking_duration_unit":null,"booking_buffer":null,"booking_cost":null,"booking_resources":null,"acf":[],"yoast_head":"<!-- This site is optimized with the Yoast SEO plugin v27.1.1 - https:\/\/yoast.com\/product\/yoast-seo-wordpress\/ -->\n<title>Coffret D\u00e9couverte 3 Couleurs Fantastique<\/title>\n<meta name=\"description\" content=\"Coffret D\u00e9couverte 3 Couleurs Fantastique Retrouvez les 3 couleurs de notre cuv\u00e9e Fantastique avec ce coffret s\u00e9lection de 3 bouteilles\" \/>\n<meta name=\"robots\" content=\"index, follow, max-snippet:-1, max-image-preview:large, max-video-preview:-1\" \/>\n<link rel=\"canonical\" href=\"https:\/\/www.chateausaintemarguerite.com\/en\/vins-de-provence\/coffret-decouverte-3-couleurs-fantastique\/\" \/>\n<meta property=\"og:locale\" content=\"en_US\" \/>\n<meta property=\"og:type\" content=\"article\" \/>\n<meta property=\"og:title\" content=\"Coffret D\u00e9couverte 3 Couleurs Fantastique\" \/>\n<meta property=\"og:description\" content=\"Coffret D\u00e9couverte 3 Couleurs Fantastique Retrouvez les 3 couleurs de notre cuv\u00e9e Fantastique avec ce coffret s\u00e9lection de 3 bouteilles\" \/>\n<meta property=\"og:url\" content=\"https:\/\/www.chateausaintemarguerite.com\/en\/vins-de-provence\/coffret-decouverte-3-couleurs-fantastique\/\" \/>\n<meta property=\"og:site_name\" content=\"Ch\u00e2teau Sainte Marguerite\" \/>\n<meta property=\"article:publisher\" content=\"https:\/\/fr-fr.facebook.com\/Chateausaintemarguerite\/\" \/>\n<meta property=\"article:modified_time\" content=\"2026-04-23T08:20:46+00:00\" \/>\n<meta property=\"og:image\" content=\"https:\/\/www.chateausaintemarguerite.com\/wp-content\/uploads\/2025\/12\/fantastique-rose-packshotcoffrets-3-e1769697526131.png\" \/>\n\t<meta property=\"og:image:width\" content=\"1048\" \/>\n\t<meta property=\"og:image:height\" content=\"1048\" \/>\n\t<meta property=\"og:image:type\" content=\"image\/png\" \/>\n<meta name=\"twitter:card\" content=\"summary_large_image\" \/>\n<meta name=\"twitter:label1\" content=\"Est. reading time\" \/>\n\t<meta name=\"twitter:data1\" content=\"1 minute\" \/>\n<script type=\"application\/ld+json\" class=\"yoast-schema-graph\">{\"@context\":\"https:\/\/schema.org\",\"@graph\":[{\"@type\":\"WebPage\",\"@id\":\"https:\/\/www.chateausaintemarguerite.com\/vins-de-provence\/coffret-decouverte-3-couleurs-fantastique\/\",\"url\":\"https:\/\/www.chateausaintemarguerite.com\/vins-de-provence\/coffret-decouverte-3-couleurs-fantastique\/\",\"name\":\"Coffret D\u00e9couverte 3 Couleurs Fantastique\",\"isPartOf\":{\"@id\":\"https:\/\/www.chateausaintemarguerite.com\/#website\"},\"primaryImageOfPage\":{\"@id\":\"https:\/\/www.chateausaintemarguerite.com\/vins-de-provence\/coffret-decouverte-3-couleurs-fantastique\/#primaryimage\"},\"image\":{\"@id\":\"https:\/\/www.chateausaintemarguerite.com\/vins-de-provence\/coffret-decouverte-3-couleurs-fantastique\/#primaryimage\"},\"thumbnailUrl\":\"https:\/\/www.chateausaintemarguerite.com\/wp-content\/uploads\/2025\/12\/fantastique-rose-packshotcoffrets-3-e1769697526131.png\",\"datePublished\":\"2025-08-04T14:00:05+00:00\",\"dateModified\":\"2026-04-23T08:20:46+00:00\",\"description\":\"Coffret D\u00e9couverte 3 Couleurs Fantastique Retrouvez les 3 couleurs de notre cuv\u00e9e Fantastique avec ce coffret s\u00e9lection de 3 bouteilles\",\"breadcrumb\":{\"@id\":\"https:\/\/www.chateausaintemarguerite.com\/vins-de-provence\/coffret-decouverte-3-couleurs-fantastique\/#breadcrumb\"},\"inLanguage\":\"en-US\",\"potentialAction\":[{\"@type\":\"ReadAction\",\"target\":[\"https:\/\/www.chateausaintemarguerite.com\/vins-de-provence\/coffret-decouverte-3-couleurs-fantastique\/\"]}]},{\"@type\":\"ImageObject\",\"inLanguage\":\"en-US\",\"@id\":\"https:\/\/www.chateausaintemarguerite.com\/vins-de-provence\/coffret-decouverte-3-couleurs-fantastique\/#primaryimage\",\"url\":\"https:\/\/www.chateausaintemarguerite.com\/wp-content\/uploads\/2025\/12\/fantastique-rose-packshotcoffrets-3-e1769697526131.png\",\"contentUrl\":\"https:\/\/www.chateausaintemarguerite.com\/wp-content\/uploads\/2025\/12\/fantastique-rose-packshotcoffrets-3-e1769697526131.png\",\"width\":1048,\"height\":1048,\"caption\":\"Coffret D\u00e9couverte 3 Couleurs Fantastique\"},{\"@type\":\"BreadcrumbList\",\"@id\":\"https:\/\/www.chateausaintemarguerite.com\/vins-de-provence\/coffret-decouverte-3-couleurs-fantastique\/#breadcrumb\",\"itemListElement\":[{\"@type\":\"ListItem\",\"position\":1,\"name\":\"Accueil\",\"item\":\"https:\/\/www.chateausaintemarguerite.com\/\"},{\"@type\":\"ListItem\",\"position\":2,\"name\":\"Boutique\",\"item\":\"https:\/\/www.chateausaintemarguerite.com\/vins-de-provence\/\"},{\"@type\":\"ListItem\",\"position\":3,\"name\":\"Coffrets D\u00e9couverte\",\"item\":\"https:\/\/www.chateausaintemarguerite.com\/cru-classe-provence\/vins-coffret-decouverte\/\"},{\"@type\":\"ListItem\",\"position\":4,\"name\":\"Coffret D\u00e9couverte 3 Couleurs Fantastique\"}]},{\"@type\":\"WebSite\",\"@id\":\"https:\/\/www.chateausaintemarguerite.com\/#website\",\"url\":\"https:\/\/www.chateausaintemarguerite.com\/\",\"name\":\"Ch\u00e2teau Sainte Marguerite\",\"description\":\"Vins de Provence\",\"publisher\":{\"@id\":\"https:\/\/www.chateausaintemarguerite.com\/#organization\"},\"potentialAction\":[{\"@type\":\"SearchAction\",\"target\":{\"@type\":\"EntryPoint\",\"urlTemplate\":\"https:\/\/www.chateausaintemarguerite.com\/?s={search_term_string}\"},\"query-input\":{\"@type\":\"PropertyValueSpecification\",\"valueRequired\":true,\"valueName\":\"search_term_string\"}}],\"inLanguage\":\"en-US\"},{\"@type\":\"Organization\",\"@id\":\"https:\/\/www.chateausaintemarguerite.com\/#organization\",\"name\":\"Ch\u00e2teau Sainte Marguerite\",\"url\":\"https:\/\/www.chateausaintemarguerite.com\/\",\"logo\":{\"@type\":\"ImageObject\",\"inLanguage\":\"en-US\",\"@id\":\"https:\/\/www.chateausaintemarguerite.com\/#\/schema\/logo\/image\/\",\"url\":\"https:\/\/www.chateausaintemarguerite.com\/wp-content\/uploads\/2021\/01\/LogoCSM_1600.png\",\"contentUrl\":\"https:\/\/www.chateausaintemarguerite.com\/wp-content\/uploads\/2021\/01\/LogoCSM_1600.png\",\"width\":2560,\"height\":1257,\"caption\":\"Ch\u00e2teau Sainte Marguerite\"},\"image\":{\"@id\":\"https:\/\/www.chateausaintemarguerite.com\/#\/schema\/logo\/image\/\"},\"sameAs\":[\"https:\/\/fr-fr.facebook.com\/Chateausaintemarguerite\/\",\"https:\/\/www.instagram.com\/chateausaintemarguerite\/?hl=fr\",\"https:\/\/www.youtube.com\/channel\/UC0WoRvE6wQi_9J8WZg27vwA\"]}]}<\/script>\n<!-- \/ Yoast SEO plugin. -->","yoast_head_json":{"title":"Fantastic 3-Color Discovery Set","description":"Coffret D\u00e9couverte 3 Couleurs Fantastique Retrouvez les 3 couleurs de notre cuv\u00e9e Fantastique avec ce coffret s\u00e9lection de 3 bouteilles","robots":{"index":"index","follow":"follow","max-snippet":"max-snippet:-1","max-image-preview":"max-image-preview:large","max-video-preview":"max-video-preview:-1"},"canonical":"https:\/\/www.chateausaintemarguerite.com\/en\/vins-de-provence\/coffret-decouverte-3-couleurs-fantastique\/","og_locale":"en_US","og_type":"article","og_title":"Coffret D\u00e9couverte 3 Couleurs Fantastique","og_description":"Coffret D\u00e9couverte 3 Couleurs Fantastique Retrouvez les 3 couleurs de notre cuv\u00e9e Fantastique avec ce coffret s\u00e9lection de 3 bouteilles","og_url":"https:\/\/www.chateausaintemarguerite.com\/en\/vins-de-provence\/coffret-decouverte-3-couleurs-fantastique\/","og_site_name":"Ch\u00e2teau Sainte Marguerite","article_publisher":"https:\/\/fr-fr.facebook.com\/Chateausaintemarguerite\/","article_modified_time":"2026-04-23T08:20:46+00:00","og_image":[{"width":1048,"height":1048,"url":"https:\/\/www.chateausaintemarguerite.com\/wp-content\/uploads\/2025\/12\/fantastique-rose-packshotcoffrets-3-e1769697526131.png","type":"image\/png"}],"twitter_card":"summary_large_image","twitter_misc":{"Est. reading time":"1 minute"},"schema":{"@context":"https:\/\/schema.org","@graph":[{"@type":"WebPage","@id":"https:\/\/www.chateausaintemarguerite.com\/vins-de-provence\/coffret-decouverte-3-couleurs-fantastique\/","url":"https:\/\/www.chateausaintemarguerite.com\/vins-de-provence\/coffret-decouverte-3-couleurs-fantastique\/","name":"Fantastic 3-Color Discovery Set","isPartOf":{"@id":"https:\/\/www.chateausaintemarguerite.com\/#website"},"primaryImageOfPage":{"@id":"https:\/\/www.chateausaintemarguerite.com\/vins-de-provence\/coffret-decouverte-3-couleurs-fantastique\/#primaryimage"},"image":{"@id":"https:\/\/www.chateausaintemarguerite.com\/vins-de-provence\/coffret-decouverte-3-couleurs-fantastique\/#primaryimage"},"thumbnailUrl":"https:\/\/www.chateausaintemarguerite.com\/wp-content\/uploads\/2025\/12\/fantastique-rose-packshotcoffrets-3-e1769697526131.png","datePublished":"2025-08-04T14:00:05+00:00","dateModified":"2026-04-23T08:20:46+00:00","description":"Coffret D\u00e9couverte 3 Couleurs Fantastique Retrouvez les 3 couleurs de notre cuv\u00e9e Fantastique avec ce coffret s\u00e9lection de 3 bouteilles","breadcrumb":{"@id":"https:\/\/www.chateausaintemarguerite.com\/vins-de-provence\/coffret-decouverte-3-couleurs-fantastique\/#breadcrumb"},"inLanguage":"en-US","potentialAction":[{"@type":"ReadAction","target":["https:\/\/www.chateausaintemarguerite.com\/vins-de-provence\/coffret-decouverte-3-couleurs-fantastique\/"]}]},{"@type":"ImageObject","inLanguage":"en-US","@id":"https:\/\/www.chateausaintemarguerite.com\/vins-de-provence\/coffret-decouverte-3-couleurs-fantastique\/#primaryimage","url":"https:\/\/www.chateausaintemarguerite.com\/wp-content\/uploads\/2025\/12\/fantastique-rose-packshotcoffrets-3-e1769697526131.png","contentUrl":"https:\/\/www.chateausaintemarguerite.com\/wp-content\/uploads\/2025\/12\/fantastique-rose-packshotcoffrets-3-e1769697526131.png","width":1048,"height":1048,"caption":"Coffret D\u00e9couverte 3 Couleurs Fantastique"},{"@type":"BreadcrumbList","@id":"https:\/\/www.chateausaintemarguerite.com\/vins-de-provence\/coffret-decouverte-3-couleurs-fantastique\/#breadcrumb","itemListElement":[{"@type":"ListItem","position":1,"name":"Accueil","item":"https:\/\/www.chateausaintemarguerite.com\/"},{"@type":"ListItem","position":2,"name":"Boutique","item":"https:\/\/www.chateausaintemarguerite.com\/vins-de-provence\/"},{"@type":"ListItem","position":3,"name":"Coffrets D\u00e9couverte","item":"https:\/\/www.chateausaintemarguerite.com\/cru-classe-provence\/vins-coffret-decouverte\/"},{"@type":"ListItem","position":4,"name":"Coffret D\u00e9couverte 3 Couleurs Fantastique"}]},{"@type":"WebSite","@id":"https:\/\/www.chateausaintemarguerite.com\/#website","url":"https:\/\/www.chateausaintemarguerite.com\/","name":"Ch\u00e2teau Sainte Marguerite","description":"Provence wines","publisher":{"@id":"https:\/\/www.chateausaintemarguerite.com\/#organization"},"potentialAction":[{"@type":"SearchAction","target":{"@type":"EntryPoint","urlTemplate":"https:\/\/www.chateausaintemarguerite.com\/?s={search_term_string}"},"query-input":{"@type":"PropertyValueSpecification","valueRequired":true,"valueName":"search_term_string"}}],"inLanguage":"en-US"},{"@type":"Organization","@id":"https:\/\/www.chateausaintemarguerite.com\/#organization","name":"Ch\u00e2teau Sainte Marguerite","url":"https:\/\/www.chateausaintemarguerite.com\/","logo":{"@type":"ImageObject","inLanguage":"en-US","@id":"https:\/\/www.chateausaintemarguerite.com\/#\/schema\/logo\/image\/","url":"https:\/\/www.chateausaintemarguerite.com\/wp-content\/uploads\/2021\/01\/LogoCSM_1600.png","contentUrl":"https:\/\/www.chateausaintemarguerite.com\/wp-content\/uploads\/2021\/01\/LogoCSM_1600.png","width":2560,"height":1257,"caption":"Ch\u00e2teau Sainte Marguerite"},"image":{"@id":"https:\/\/www.chateausaintemarguerite.com\/#\/schema\/logo\/image\/"},"sameAs":["https:\/\/fr-fr.facebook.com\/Chateausaintemarguerite\/","https:\/\/www.instagram.com\/chateausaintemarguerite\/?hl=fr","https:\/\/www.youtube.com\/channel\/UC0WoRvE6wQi_9J8WZg27vwA"]}]}},"_links":{"self":[{"href":"https:\/\/www.chateausaintemarguerite.com\/en\/wp-json\/wp\/v2\/product\/240493","targetHints":{"allow":["GET"]}}],"collection":[{"href":"https:\/\/www.chateausaintemarguerite.com\/en\/wp-json\/wp\/v2\/product"}],"about":[{"href":"https:\/\/www.chateausaintemarguerite.com\/en\/wp-json\/wp\/v2\/types\/product"}],"wp:featuredmedia":[{"embeddable":true,"href":"https:\/\/www.chateausaintemarguerite.com\/en\/wp-json\/wp\/v2\/media\/311146"}],"wp:attachment":[{"href":"https:\/\/www.chateausaintemarguerite.com\/en\/wp-json\/wp\/v2\/media?parent=240493"}],"wp:term":[{"taxonomy":"product_brand","embeddable":true,"href":"https:\/\/www.chateausaintemarguerite.com\/en\/wp-json\/wp\/v2\/product_brand?post=240493"},{"taxonomy":"product_cat","embeddable":true,"href":"https:\/\/www.chateausaintemarguerite.com\/en\/wp-json\/wp\/v2\/product_cat?post=240493"},{"taxonomy":"product_tag","embeddable":true,"href":"https:\/\/www.chateausaintemarguerite.com\/en\/wp-json\/wp\/v2\/product_tag?post=240493"}],"curies":[{"name":"wp","href":"https:\/\/api.w.org\/{rel}","templated":true}]}}