{"id":207554,"date":"2025-05-22T15:41:34","date_gmt":"2025-05-22T13:41:34","guid":{"rendered":"https:\/\/www.chateausaintemarguerite.com\/?post_type=product&#038;p=207554"},"modified":"2026-04-14T14:05:31","modified_gmt":"2026-04-14T12:05:31","slug":"coffret-1-bouteille-collection-marguerites-rose-2-verres-en-verre","status":"publish","type":"product","link":"https:\/\/www.chateausaintemarguerite.com\/en\/vins-de-provence\/coffret-1-bouteille-collection-marguerites-rose-2-verres-en-verre\/","title":{"rendered":"Marguerites Collection set + 2 absolute glasses"},"content":{"rendered":"<p>Coffret Collection Marguerites ros\u00e9 et ses deux verres absolus<\/p>\n<p>Ce coffret s\u00e9lection comprend :<\/p>\n<p>- 1 bottle of <a href=\"https:\/\/www.chateausaintemarguerite.com\/en\/vins-de-provence\/marguerites-rose\/\">Marguerites Ros\u00e9 2025 Collection<\/a> 75 cl<\/p>\n<p>&#8211; 2 <a href=\"https:\/\/www.chateausaintemarguerite.com\/en\/vins-de-provence\/verres-absolus\/\">silk-screened glass daisy 46cl<\/a><\/p>\n<p>Pour cet \u00e9t\u00e9, d\u00e9couvrez en \u00e9dition limit\u00e9e l&rsquo;excellence de Ch\u00e2teau Sainte Marguerite avec ce coffret s\u00e9lection de 1 bouteille de notre collection Marguerites et ses 2 verres absolus.<\/p>\n<p>Chacun de nos vins est le fruit et le reflet de notre savoir-faire et notre passion.<\/p>\n<p>*C\u00f4tes-de-Provence controlled appellation<\/p>\n<p data-path-to-node=\"1\"><b data-path-to-node=\"1\" data-index-in-node=\"0\">Our Marguerites Ros\u00e9 Collection<\/b>\u00a0is the Ch\u00e2teau's avant-garde signature,\u00a0<b data-path-to-node=\"1\" data-index-in-node=\"85\">certified organic and vegan<\/b>.<\/p>\n<p data-path-to-node=\"1\">This\u00a0<a href=\"https:\/\/www.chateausaintemarguerite.com\/en\/quest-ce-quun-cru-classe-de-provence\/\">Cru Class\u00e9 AOC C\u00f4tes-de-Provence<\/a>\u00a0La Londe, produced in a very limited edition of 15,000 bottles, represents the finest expression of the Fayard family's expertise.<\/p>\n<p data-path-to-node=\"1\">Its precise blend, dominated by\u00a0<b data-path-to-node=\"2\" data-index-in-node=\"37\">Grenache,\u00a0<\/b>and completed by the\u00a0<b data-path-to-node=\"2\" data-index-in-node=\"71\">Cinsault<\/b>\u00a0and the\u00a0<b data-path-to-node=\"2\" data-index-in-node=\"92\"><a href=\"https:\/\/www.chateausaintemarguerite.com\/en\/les-cepages-des-cotes-de-provence-richesse-et-singularite\/\">Rolle<\/a>,<\/b>\u00a0shakes things up to offer a contemporary interpretation of terroir.<\/p>","protected":false},"excerpt":{"rendered":"<p>Coffret Collection Marguerites ros\u00e9 et ses deux verres<\/p>\n<p>Ce coffret s\u00e9lection comprend :<\/p>\n<p>- 1 bottle of <a href=\"https:\/\/www.chateausaintemarguerite.com\/en\/vins-de-provence\/marguerites-rose\/\">Marguerites Ros\u00e9 2025 Collection<\/a> 75 cl<\/p>\n<p>&#8211; 2 <a href=\"https:\/\/www.chateausaintemarguerite.com\/en\/vins-de-provence\/verres-absolus\/\">silk-screened glass daisy 46cl<\/a><\/p>\n<p>Pour cet \u00e9t\u00e9, d\u00e9couvrez en \u00e9dition limit\u00e9e l&rsquo;excellence de Ch\u00e2teau Sainte Marguerite avec ce coffret s\u00e9lection de 1 bouteille de notre collection Marguerites et ses 2 verres absolus.<\/p>\n<p>Chacun de nos vins est le fruit et le reflet de notre savoir-faire et notre passion.<\/p>\n<p>*C\u00f4tes-de-Provence controlled appellation<\/p>\n<p data-path-to-node=\"1\"><b data-path-to-node=\"1\" data-index-in-node=\"0\">Our Marguerites Ros\u00e9 Collection<\/b>\u00a0is the Ch\u00e2teau's avant-garde signature,\u00a0<b data-path-to-node=\"1\" data-index-in-node=\"85\">certified organic and vegan<\/b>.<\/p>\n<p data-path-to-node=\"1\">This\u00a0<a href=\"https:\/\/www.chateausaintemarguerite.com\/en\/quest-ce-quun-cru-classe-de-provence\/\">Cru Class\u00e9 AOC C\u00f4tes-de-Provence<\/a>\u00a0La Londe, produced in a very limited edition of 15,000 bottles, represents the finest expression of the Fayard family's expertise.<\/p>\n<p data-path-to-node=\"1\">Its precise blend, dominated by\u00a0<b data-path-to-node=\"2\" data-index-in-node=\"37\">Grenache,\u00a0<\/b>and completed by the\u00a0<b data-path-to-node=\"2\" data-index-in-node=\"71\">Cinsault<\/b>\u00a0and the\u00a0<b data-path-to-node=\"2\" data-index-in-node=\"92\"><a href=\"https:\/\/www.chateausaintemarguerite.com\/en\/les-cepages-des-cotes-de-provence-richesse-et-singularite\/\">Rolle<\/a>,<\/b>\u00a0shakes things up to offer a contemporary interpretation of terroir.<\/p>","protected":false},"featured_media":212283,"template":"","meta":{"inline_featured_image":false},"product_brand":[],"product_cat":[37,28],"product_tag":[89,88],"class_list":{"0":"post-207554","1":"product","2":"type-product","3":"status-publish","4":"has-post-thumbnail","6":"product_cat-vins-coffret-decouverte","7":"product_cat-vins-ste-marguerite","8":"product_tag-bio","9":"product_tag-cru-classe-cotes-de-provence","10":"member-discount","11":"discount-restricted","13":"first","14":"instock","15":"taxable","16":"shipping-taxable","17":"purchasable","18":"product-type-simple"},"booking_location":null,"booking_location_type":null,"booking_duration":null,"booking_duration_unit":null,"booking_buffer":null,"booking_cost":null,"booking_resources":null,"acf":[],"yoast_head":"<!-- This site is optimized with the Yoast SEO plugin v27.1.1 - https:\/\/yoast.com\/product\/yoast-seo-wordpress\/ -->\n<title>Coffret Collection Marguerites ros\u00e9 - Edition absolus<\/title>\n<meta name=\"description\" content=\"Coffret Collection Marguerites ros\u00e9 - Edition absolus, retrouvez notre cuv\u00e9e collection, soigneusement \u00e9labor\u00e9 pour les passionn\u00e9s. En \u00e9dition limit\u00e9e.\" \/>\n<meta name=\"robots\" content=\"index, follow, max-snippet:-1, max-image-preview:large, max-video-preview:-1\" \/>\n<link rel=\"canonical\" href=\"https:\/\/www.chateausaintemarguerite.com\/en\/vins-de-provence\/coffret-1-bouteille-collection-marguerites-rose-2-verres-en-verre\/\" \/>\n<meta property=\"og:locale\" content=\"en_US\" \/>\n<meta property=\"og:type\" content=\"article\" \/>\n<meta property=\"og:title\" content=\"Coffret Collection Marguerites ros\u00e9 - Edition absolus\" \/>\n<meta property=\"og:description\" content=\"Coffret Collection Marguerites ros\u00e9 - Edition absolus, retrouvez notre cuv\u00e9e collection, soigneusement \u00e9labor\u00e9 pour les passionn\u00e9s. En \u00e9dition limit\u00e9e.\" \/>\n<meta property=\"og:url\" content=\"https:\/\/www.chateausaintemarguerite.com\/en\/vins-de-provence\/coffret-1-bouteille-collection-marguerites-rose-2-verres-en-verre\/\" \/>\n<meta property=\"og:site_name\" content=\"Ch\u00e2teau Sainte Marguerite\" \/>\n<meta property=\"article:publisher\" content=\"https:\/\/fr-fr.facebook.com\/Chateausaintemarguerite\/\" \/>\n<meta property=\"article:modified_time\" content=\"2026-04-14T12:05:31+00:00\" \/>\n<meta property=\"og:image\" content=\"http:\/\/www.chateausaintemarguerite.com\/wp-content\/uploads\/2025\/05\/coffret-1-bt-2-verres-avec-ebox.png\" \/>\n\t<meta property=\"og:image:width\" content=\"1080\" \/>\n\t<meta property=\"og:image:height\" content=\"1080\" \/>\n\t<meta property=\"og:image:type\" content=\"image\/png\" \/>\n<meta name=\"twitter:card\" content=\"summary_large_image\" \/>\n<meta name=\"twitter:label1\" content=\"Est. reading time\" \/>\n\t<meta name=\"twitter:data1\" content=\"1 minute\" \/>\n<script type=\"application\/ld+json\" class=\"yoast-schema-graph\">{\"@context\":\"https:\/\/schema.org\",\"@graph\":[{\"@type\":\"WebPage\",\"@id\":\"https:\/\/www.chateausaintemarguerite.com\/vins-de-provence\/coffret-1-bouteille-collection-marguerites-rose-2-verres-en-verre\/\",\"url\":\"https:\/\/www.chateausaintemarguerite.com\/vins-de-provence\/coffret-1-bouteille-collection-marguerites-rose-2-verres-en-verre\/\",\"name\":\"Coffret Collection Marguerites ros\u00e9 - Edition absolus\",\"isPartOf\":{\"@id\":\"https:\/\/www.chateausaintemarguerite.com\/#website\"},\"primaryImageOfPage\":{\"@id\":\"https:\/\/www.chateausaintemarguerite.com\/vins-de-provence\/coffret-1-bouteille-collection-marguerites-rose-2-verres-en-verre\/#primaryimage\"},\"image\":{\"@id\":\"https:\/\/www.chateausaintemarguerite.com\/vins-de-provence\/coffret-1-bouteille-collection-marguerites-rose-2-verres-en-verre\/#primaryimage\"},\"thumbnailUrl\":\"https:\/\/www.chateausaintemarguerite.com\/wp-content\/uploads\/2025\/05\/coffret-1-bt-2-verres-avec-ebox.png\",\"datePublished\":\"2025-05-22T13:41:34+00:00\",\"dateModified\":\"2026-04-14T12:05:31+00:00\",\"description\":\"Coffret Collection Marguerites ros\u00e9 - Edition absolus, retrouvez notre cuv\u00e9e collection, soigneusement \u00e9labor\u00e9 pour les passionn\u00e9s. En \u00e9dition limit\u00e9e.\",\"breadcrumb\":{\"@id\":\"https:\/\/www.chateausaintemarguerite.com\/vins-de-provence\/coffret-1-bouteille-collection-marguerites-rose-2-verres-en-verre\/#breadcrumb\"},\"inLanguage\":\"en-US\",\"potentialAction\":[{\"@type\":\"ReadAction\",\"target\":[\"https:\/\/www.chateausaintemarguerite.com\/vins-de-provence\/coffret-1-bouteille-collection-marguerites-rose-2-verres-en-verre\/\"]}]},{\"@type\":\"ImageObject\",\"inLanguage\":\"en-US\",\"@id\":\"https:\/\/www.chateausaintemarguerite.com\/vins-de-provence\/coffret-1-bouteille-collection-marguerites-rose-2-verres-en-verre\/#primaryimage\",\"url\":\"https:\/\/www.chateausaintemarguerite.com\/wp-content\/uploads\/2025\/05\/coffret-1-bt-2-verres-avec-ebox.png\",\"contentUrl\":\"https:\/\/www.chateausaintemarguerite.com\/wp-content\/uploads\/2025\/05\/coffret-1-bt-2-verres-avec-ebox.png\",\"width\":1080,\"height\":1080,\"caption\":\"Coffret 1 bt 2 verres avec ebox\"},{\"@type\":\"BreadcrumbList\",\"@id\":\"https:\/\/www.chateausaintemarguerite.com\/vins-de-provence\/coffret-1-bouteille-collection-marguerites-rose-2-verres-en-verre\/#breadcrumb\",\"itemListElement\":[{\"@type\":\"ListItem\",\"position\":1,\"name\":\"Accueil\",\"item\":\"https:\/\/www.chateausaintemarguerite.com\/\"},{\"@type\":\"ListItem\",\"position\":2,\"name\":\"Boutique\",\"item\":\"https:\/\/www.chateausaintemarguerite.com\/vins-de-provence\/\"},{\"@type\":\"ListItem\",\"position\":3,\"name\":\"Coffrets D\u00e9couverte\",\"item\":\"https:\/\/www.chateausaintemarguerite.com\/cru-classe-provence\/vins-coffret-decouverte\/\"},{\"@type\":\"ListItem\",\"position\":4,\"name\":\"Coffret Collection Marguerites + 2 verres absolus\"}]},{\"@type\":\"WebSite\",\"@id\":\"https:\/\/www.chateausaintemarguerite.com\/#website\",\"url\":\"https:\/\/www.chateausaintemarguerite.com\/\",\"name\":\"Ch\u00e2teau Sainte Marguerite\",\"description\":\"Vins de Provence\",\"publisher\":{\"@id\":\"https:\/\/www.chateausaintemarguerite.com\/#organization\"},\"potentialAction\":[{\"@type\":\"SearchAction\",\"target\":{\"@type\":\"EntryPoint\",\"urlTemplate\":\"https:\/\/www.chateausaintemarguerite.com\/?s={search_term_string}\"},\"query-input\":{\"@type\":\"PropertyValueSpecification\",\"valueRequired\":true,\"valueName\":\"search_term_string\"}}],\"inLanguage\":\"en-US\"},{\"@type\":\"Organization\",\"@id\":\"https:\/\/www.chateausaintemarguerite.com\/#organization\",\"name\":\"Ch\u00e2teau Sainte Marguerite\",\"url\":\"https:\/\/www.chateausaintemarguerite.com\/\",\"logo\":{\"@type\":\"ImageObject\",\"inLanguage\":\"en-US\",\"@id\":\"https:\/\/www.chateausaintemarguerite.com\/#\/schema\/logo\/image\/\",\"url\":\"https:\/\/www.chateausaintemarguerite.com\/wp-content\/uploads\/2021\/01\/LogoCSM_1600.png\",\"contentUrl\":\"https:\/\/www.chateausaintemarguerite.com\/wp-content\/uploads\/2021\/01\/LogoCSM_1600.png\",\"width\":2560,\"height\":1257,\"caption\":\"Ch\u00e2teau Sainte Marguerite\"},\"image\":{\"@id\":\"https:\/\/www.chateausaintemarguerite.com\/#\/schema\/logo\/image\/\"},\"sameAs\":[\"https:\/\/fr-fr.facebook.com\/Chateausaintemarguerite\/\",\"https:\/\/www.instagram.com\/chateausaintemarguerite\/?hl=fr\",\"https:\/\/www.youtube.com\/channel\/UC0WoRvE6wQi_9J8WZg27vwA\"]}]}<\/script>\n<!-- \/ Yoast SEO plugin. -->","yoast_head_json":{"title":"Coffret Collection Marguerites ros\u00e9 - Edition absolus","description":"Coffret Collection Marguerites ros\u00e9 - Edition absolus, retrouvez notre cuv\u00e9e collection, soigneusement \u00e9labor\u00e9 pour les passionn\u00e9s. En \u00e9dition limit\u00e9e.","robots":{"index":"index","follow":"follow","max-snippet":"max-snippet:-1","max-image-preview":"max-image-preview:large","max-video-preview":"max-video-preview:-1"},"canonical":"https:\/\/www.chateausaintemarguerite.com\/en\/vins-de-provence\/coffret-1-bouteille-collection-marguerites-rose-2-verres-en-verre\/","og_locale":"en_US","og_type":"article","og_title":"Coffret Collection Marguerites ros\u00e9 - Edition absolus","og_description":"Coffret Collection Marguerites ros\u00e9 - Edition absolus, retrouvez notre cuv\u00e9e collection, soigneusement \u00e9labor\u00e9 pour les passionn\u00e9s. En \u00e9dition limit\u00e9e.","og_url":"https:\/\/www.chateausaintemarguerite.com\/en\/vins-de-provence\/coffret-1-bouteille-collection-marguerites-rose-2-verres-en-verre\/","og_site_name":"Ch\u00e2teau Sainte Marguerite","article_publisher":"https:\/\/fr-fr.facebook.com\/Chateausaintemarguerite\/","article_modified_time":"2026-04-14T12:05:31+00:00","og_image":[{"width":1080,"height":1080,"url":"http:\/\/www.chateausaintemarguerite.com\/wp-content\/uploads\/2025\/05\/coffret-1-bt-2-verres-avec-ebox.png","type":"image\/png"}],"twitter_card":"summary_large_image","twitter_misc":{"Est. reading time":"1 minute"},"schema":{"@context":"https:\/\/schema.org","@graph":[{"@type":"WebPage","@id":"https:\/\/www.chateausaintemarguerite.com\/vins-de-provence\/coffret-1-bouteille-collection-marguerites-rose-2-verres-en-verre\/","url":"https:\/\/www.chateausaintemarguerite.com\/vins-de-provence\/coffret-1-bouteille-collection-marguerites-rose-2-verres-en-verre\/","name":"Coffret Collection Marguerites ros\u00e9 - Edition absolus","isPartOf":{"@id":"https:\/\/www.chateausaintemarguerite.com\/#website"},"primaryImageOfPage":{"@id":"https:\/\/www.chateausaintemarguerite.com\/vins-de-provence\/coffret-1-bouteille-collection-marguerites-rose-2-verres-en-verre\/#primaryimage"},"image":{"@id":"https:\/\/www.chateausaintemarguerite.com\/vins-de-provence\/coffret-1-bouteille-collection-marguerites-rose-2-verres-en-verre\/#primaryimage"},"thumbnailUrl":"https:\/\/www.chateausaintemarguerite.com\/wp-content\/uploads\/2025\/05\/coffret-1-bt-2-verres-avec-ebox.png","datePublished":"2025-05-22T13:41:34+00:00","dateModified":"2026-04-14T12:05:31+00:00","description":"Coffret Collection Marguerites ros\u00e9 - Edition absolus, retrouvez notre cuv\u00e9e collection, soigneusement \u00e9labor\u00e9 pour les passionn\u00e9s. En \u00e9dition limit\u00e9e.","breadcrumb":{"@id":"https:\/\/www.chateausaintemarguerite.com\/vins-de-provence\/coffret-1-bouteille-collection-marguerites-rose-2-verres-en-verre\/#breadcrumb"},"inLanguage":"en-US","potentialAction":[{"@type":"ReadAction","target":["https:\/\/www.chateausaintemarguerite.com\/vins-de-provence\/coffret-1-bouteille-collection-marguerites-rose-2-verres-en-verre\/"]}]},{"@type":"ImageObject","inLanguage":"en-US","@id":"https:\/\/www.chateausaintemarguerite.com\/vins-de-provence\/coffret-1-bouteille-collection-marguerites-rose-2-verres-en-verre\/#primaryimage","url":"https:\/\/www.chateausaintemarguerite.com\/wp-content\/uploads\/2025\/05\/coffret-1-bt-2-verres-avec-ebox.png","contentUrl":"https:\/\/www.chateausaintemarguerite.com\/wp-content\/uploads\/2025\/05\/coffret-1-bt-2-verres-avec-ebox.png","width":1080,"height":1080,"caption":"Coffret 1 bt 2 verres avec ebox"},{"@type":"BreadcrumbList","@id":"https:\/\/www.chateausaintemarguerite.com\/vins-de-provence\/coffret-1-bouteille-collection-marguerites-rose-2-verres-en-verre\/#breadcrumb","itemListElement":[{"@type":"ListItem","position":1,"name":"Accueil","item":"https:\/\/www.chateausaintemarguerite.com\/"},{"@type":"ListItem","position":2,"name":"Boutique","item":"https:\/\/www.chateausaintemarguerite.com\/vins-de-provence\/"},{"@type":"ListItem","position":3,"name":"Coffrets D\u00e9couverte","item":"https:\/\/www.chateausaintemarguerite.com\/cru-classe-provence\/vins-coffret-decouverte\/"},{"@type":"ListItem","position":4,"name":"Coffret Collection Marguerites + 2 verres absolus"}]},{"@type":"WebSite","@id":"https:\/\/www.chateausaintemarguerite.com\/#website","url":"https:\/\/www.chateausaintemarguerite.com\/","name":"Ch\u00e2teau Sainte Marguerite","description":"Provence wines","publisher":{"@id":"https:\/\/www.chateausaintemarguerite.com\/#organization"},"potentialAction":[{"@type":"SearchAction","target":{"@type":"EntryPoint","urlTemplate":"https:\/\/www.chateausaintemarguerite.com\/?s={search_term_string}"},"query-input":{"@type":"PropertyValueSpecification","valueRequired":true,"valueName":"search_term_string"}}],"inLanguage":"en-US"},{"@type":"Organization","@id":"https:\/\/www.chateausaintemarguerite.com\/#organization","name":"Ch\u00e2teau Sainte Marguerite","url":"https:\/\/www.chateausaintemarguerite.com\/","logo":{"@type":"ImageObject","inLanguage":"en-US","@id":"https:\/\/www.chateausaintemarguerite.com\/#\/schema\/logo\/image\/","url":"https:\/\/www.chateausaintemarguerite.com\/wp-content\/uploads\/2021\/01\/LogoCSM_1600.png","contentUrl":"https:\/\/www.chateausaintemarguerite.com\/wp-content\/uploads\/2021\/01\/LogoCSM_1600.png","width":2560,"height":1257,"caption":"Ch\u00e2teau Sainte Marguerite"},"image":{"@id":"https:\/\/www.chateausaintemarguerite.com\/#\/schema\/logo\/image\/"},"sameAs":["https:\/\/fr-fr.facebook.com\/Chateausaintemarguerite\/","https:\/\/www.instagram.com\/chateausaintemarguerite\/?hl=fr","https:\/\/www.youtube.com\/channel\/UC0WoRvE6wQi_9J8WZg27vwA"]}]}},"_links":{"self":[{"href":"https:\/\/www.chateausaintemarguerite.com\/en\/wp-json\/wp\/v2\/product\/207554","targetHints":{"allow":["GET"]}}],"collection":[{"href":"https:\/\/www.chateausaintemarguerite.com\/en\/wp-json\/wp\/v2\/product"}],"about":[{"href":"https:\/\/www.chateausaintemarguerite.com\/en\/wp-json\/wp\/v2\/types\/product"}],"wp:featuredmedia":[{"embeddable":true,"href":"https:\/\/www.chateausaintemarguerite.com\/en\/wp-json\/wp\/v2\/media\/212283"}],"wp:attachment":[{"href":"https:\/\/www.chateausaintemarguerite.com\/en\/wp-json\/wp\/v2\/media?parent=207554"}],"wp:term":[{"taxonomy":"product_brand","embeddable":true,"href":"https:\/\/www.chateausaintemarguerite.com\/en\/wp-json\/wp\/v2\/product_brand?post=207554"},{"taxonomy":"product_cat","embeddable":true,"href":"https:\/\/www.chateausaintemarguerite.com\/en\/wp-json\/wp\/v2\/product_cat?post=207554"},{"taxonomy":"product_tag","embeddable":true,"href":"https:\/\/www.chateausaintemarguerite.com\/en\/wp-json\/wp\/v2\/product_tag?post=207554"}],"curies":[{"name":"wp","href":"https:\/\/api.w.org\/{rel}","templated":true}]}}