{"id":187036,"date":"2025-03-25T15:06:41","date_gmt":"2025-03-25T14:06:41","guid":{"rendered":"https:\/\/www.chateausaintemarguerite.com\/?post_type=product&#038;p=187036"},"modified":"2026-04-23T11:18:39","modified_gmt":"2026-04-23T09:18:39","slug":"huile-dolive-bio-du-chateau-sainte-marguerite","status":"publish","type":"product","link":"https:\/\/www.chateausaintemarguerite.com\/en\/vins-de-provence\/huile-dolive-bio-du-chateau-sainte-marguerite\/","title":{"rendered":"Ch\u00e2teau Sainte Marguerite organic olive oil"},"content":{"rendered":"<p class=\"\" data-start=\"163\" data-end=\"478\">A <strong data-start=\"278\" data-end=\"308\">Provence organic olive oil<\/strong> born in Provence, between sea and hills.<\/p>\n<p class=\"\" data-start=\"163\" data-end=\"478\"><a href=\"https:\/\/www.chateausaintemarguerite.com\/en\/\" target=\"_blank\" rel=\"noopener\">Ch\u00e2teau Sainte Marguerite<\/a><\/p>\n<p class=\"\" data-start=\"163\" data-end=\"478\">From the land of Provence, Ch\u00e2teau Sainte Marguerite olive oil is made from carefully selected olives harvested at optimum ripeness.<\/p>\n<p class=\"\" data-start=\"163\" data-end=\"478\">A blend of organically grown, cold-pressed olives from Provence, it preserves all the aromatic richness of the fruit and guarantees exceptional quality.<\/p>\n<p class=\"\" data-start=\"163\" data-end=\"478\">Unfiltered, it reveals a beautiful aromatic intensity with fruity aromas, a delicate touch of spice and a long finish.<\/p>\n<p class=\"\" data-start=\"163\" data-end=\"478\">Ideal for enhancing your dishes with natural elegance.<\/p>\n<p data-start=\"163\" data-end=\"478\">Produced in Provence, between sea and hills, this oil embodies the authenticity and know-how of Ch\u00e2teau Sainte Marguerite.<\/p>","protected":false},"excerpt":{"rendered":"<p class=\"\" data-start=\"163\" data-end=\"478\">A <strong data-start=\"278\" data-end=\"308\">Provence organic olive oil<\/strong> born in Provence, between sea and hills.<\/p>\n<p class=\"\" data-start=\"163\" data-end=\"478\"><a href=\"https:\/\/www.chateausaintemarguerite.com\/en\/\" target=\"_blank\" rel=\"noopener\">Ch\u00e2teau Sainte Marguerite<\/a><\/p>\n<p class=\"\" data-start=\"163\" data-end=\"478\">From the land of Provence, Ch\u00e2teau Sainte Marguerite olive oil is made from carefully selected olives harvested at optimum ripeness.<\/p>\n<p class=\"\" data-start=\"163\" data-end=\"478\">A blend of organically grown, cold-pressed olives from Provence, it preserves all the aromatic richness of the fruit and guarantees exceptional quality.<\/p>\n<p class=\"\" data-start=\"163\" data-end=\"478\">Unfiltered, it reveals a beautiful aromatic intensity with fruity aromas, a delicate touch of spice and a long finish.<\/p>\n<p class=\"\" data-start=\"163\" data-end=\"478\">Ideal for enhancing your dishes with natural elegance.<\/p>\n<p data-start=\"163\" data-end=\"478\">Produced in Provence, between sea and hills, this oil embodies the authenticity and know-how of Ch\u00e2teau Sainte Marguerite.<\/p>","protected":false},"featured_media":230464,"template":"","meta":{"inline_featured_image":false},"product_brand":[],"product_cat":[93],"product_tag":[89],"class_list":{"0":"post-187036","1":"product","2":"type-product","3":"status-publish","4":"has-post-thumbnail","6":"product_cat-huile-dolive","7":"product_tag-bio","8":"member-discount","9":"discount-restricted","11":"first","12":"instock","13":"taxable","14":"shipping-taxable","15":"purchasable","16":"product-type-variable","17":"has-default-attributes"},"booking_location":null,"booking_location_type":null,"booking_duration":null,"booking_duration_unit":null,"booking_buffer":null,"booking_cost":null,"booking_resources":null,"acf":[],"yoast_head":"<!-- This site is optimized with the Yoast SEO plugin v27.1.1 - https:\/\/yoast.com\/product\/yoast-seo-wordpress\/ -->\n<title>Huile d&#039;olive Bio Provence - Ch\u00e2teau Sainte-Marguerite<\/title>\n<meta name=\"description\" content=\"Huile d\u2019olive bio Provence press\u00e9e \u00e0 froid, aux ar\u00f4mes fruit\u00e9s et \u00e9pic\u00e9s. Une huile authentique du Ch\u00e2teau Sainte Marguerite.\" \/>\n<meta name=\"robots\" content=\"index, nofollow, max-snippet:-1, max-image-preview:large, max-video-preview:-1\" \/>\n<link rel=\"canonical\" href=\"https:\/\/www.chateausaintemarguerite.com\/en\/vins-de-provence\/huile-dolive-bio-du-chateau-sainte-marguerite\/\" \/>\n<meta property=\"og:locale\" content=\"en_US\" \/>\n<meta property=\"og:type\" content=\"article\" \/>\n<meta property=\"og:title\" content=\"Huile d&#039;olive Bio Provence - Ch\u00e2teau Sainte-Marguerite\" \/>\n<meta property=\"og:description\" content=\"Huile d\u2019olive bio Provence press\u00e9e \u00e0 froid, aux ar\u00f4mes fruit\u00e9s et \u00e9pic\u00e9s. Une huile authentique du Ch\u00e2teau Sainte Marguerite.\" \/>\n<meta property=\"og:url\" content=\"https:\/\/www.chateausaintemarguerite.com\/en\/vins-de-provence\/huile-dolive-bio-du-chateau-sainte-marguerite\/\" \/>\n<meta property=\"og:site_name\" content=\"Ch\u00e2teau Sainte Marguerite\" \/>\n<meta property=\"article:publisher\" content=\"https:\/\/fr-fr.facebook.com\/Chateausaintemarguerite\/\" \/>\n<meta property=\"article:modified_time\" content=\"2026-04-23T09:18:39+00:00\" \/>\n<meta property=\"og:image\" content=\"http:\/\/www.chateausaintemarguerite.com\/wp-content\/uploads\/2025\/03\/ft-huile-olive-bio-2020-1-pdf.png\" \/>\n\t<meta property=\"og:image:width\" content=\"1742\" \/>\n\t<meta property=\"og:image:height\" content=\"1742\" \/>\n\t<meta property=\"og:image:type\" content=\"image\/png\" \/>\n<meta name=\"twitter:card\" content=\"summary_large_image\" \/>\n<meta name=\"twitter:label1\" content=\"Est. reading time\" \/>\n\t<meta name=\"twitter:data1\" content=\"1 minute\" \/>\n<script type=\"application\/ld+json\" class=\"yoast-schema-graph\">{\"@context\":\"https:\/\/schema.org\",\"@graph\":[{\"@type\":\"WebPage\",\"@id\":\"https:\/\/www.chateausaintemarguerite.com\/vins-de-provence\/huile-dolive-bio-du-chateau-sainte-marguerite\/\",\"url\":\"https:\/\/www.chateausaintemarguerite.com\/vins-de-provence\/huile-dolive-bio-du-chateau-sainte-marguerite\/\",\"name\":\"Huile d'olive Bio Provence - Ch\u00e2teau Sainte-Marguerite\",\"isPartOf\":{\"@id\":\"https:\/\/www.chateausaintemarguerite.com\/#website\"},\"primaryImageOfPage\":{\"@id\":\"https:\/\/www.chateausaintemarguerite.com\/vins-de-provence\/huile-dolive-bio-du-chateau-sainte-marguerite\/#primaryimage\"},\"image\":{\"@id\":\"https:\/\/www.chateausaintemarguerite.com\/vins-de-provence\/huile-dolive-bio-du-chateau-sainte-marguerite\/#primaryimage\"},\"thumbnailUrl\":\"https:\/\/www.chateausaintemarguerite.com\/wp-content\/uploads\/2025\/03\/ft-huile-olive-bio-2020-1-pdf.png\",\"datePublished\":\"2025-03-25T14:06:41+00:00\",\"dateModified\":\"2026-04-23T09:18:39+00:00\",\"description\":\"Huile d\u2019olive bio Provence press\u00e9e \u00e0 froid, aux ar\u00f4mes fruit\u00e9s et \u00e9pic\u00e9s. Une huile authentique du Ch\u00e2teau Sainte Marguerite.\",\"breadcrumb\":{\"@id\":\"https:\/\/www.chateausaintemarguerite.com\/vins-de-provence\/huile-dolive-bio-du-chateau-sainte-marguerite\/#breadcrumb\"},\"inLanguage\":\"en-US\",\"potentialAction\":[{\"@type\":\"ReadAction\",\"target\":[\"https:\/\/www.chateausaintemarguerite.com\/vins-de-provence\/huile-dolive-bio-du-chateau-sainte-marguerite\/\"]}]},{\"@type\":\"ImageObject\",\"inLanguage\":\"en-US\",\"@id\":\"https:\/\/www.chateausaintemarguerite.com\/vins-de-provence\/huile-dolive-bio-du-chateau-sainte-marguerite\/#primaryimage\",\"url\":\"https:\/\/www.chateausaintemarguerite.com\/wp-content\/uploads\/2025\/03\/ft-huile-olive-bio-2020-1-pdf.png\",\"contentUrl\":\"https:\/\/www.chateausaintemarguerite.com\/wp-content\/uploads\/2025\/03\/ft-huile-olive-bio-2020-1-pdf.png\",\"width\":1742,\"height\":1742,\"caption\":\"FT-Huile-Olive-BIO-2020-1.pdf\"},{\"@type\":\"BreadcrumbList\",\"@id\":\"https:\/\/www.chateausaintemarguerite.com\/vins-de-provence\/huile-dolive-bio-du-chateau-sainte-marguerite\/#breadcrumb\",\"itemListElement\":[{\"@type\":\"ListItem\",\"position\":1,\"name\":\"Accueil\",\"item\":\"https:\/\/www.chateausaintemarguerite.com\/\"},{\"@type\":\"ListItem\",\"position\":2,\"name\":\"Boutique\",\"item\":\"https:\/\/www.chateausaintemarguerite.com\/vins-de-provence\/\"},{\"@type\":\"ListItem\",\"position\":3,\"name\":\"Huile d'Olive\",\"item\":\"https:\/\/www.chateausaintemarguerite.com\/cru-classe-provence\/huile-dolive\/\"},{\"@type\":\"ListItem\",\"position\":4,\"name\":\"Huile d&rsquo;olive BIO du Ch\u00e2teau Sainte Marguerite\"}]},{\"@type\":\"WebSite\",\"@id\":\"https:\/\/www.chateausaintemarguerite.com\/#website\",\"url\":\"https:\/\/www.chateausaintemarguerite.com\/\",\"name\":\"Ch\u00e2teau Sainte Marguerite\",\"description\":\"Vins de Provence\",\"publisher\":{\"@id\":\"https:\/\/www.chateausaintemarguerite.com\/#organization\"},\"potentialAction\":[{\"@type\":\"SearchAction\",\"target\":{\"@type\":\"EntryPoint\",\"urlTemplate\":\"https:\/\/www.chateausaintemarguerite.com\/?s={search_term_string}\"},\"query-input\":{\"@type\":\"PropertyValueSpecification\",\"valueRequired\":true,\"valueName\":\"search_term_string\"}}],\"inLanguage\":\"en-US\"},{\"@type\":\"Organization\",\"@id\":\"https:\/\/www.chateausaintemarguerite.com\/#organization\",\"name\":\"Ch\u00e2teau Sainte Marguerite\",\"url\":\"https:\/\/www.chateausaintemarguerite.com\/\",\"logo\":{\"@type\":\"ImageObject\",\"inLanguage\":\"en-US\",\"@id\":\"https:\/\/www.chateausaintemarguerite.com\/#\/schema\/logo\/image\/\",\"url\":\"https:\/\/www.chateausaintemarguerite.com\/wp-content\/uploads\/2021\/01\/LogoCSM_1600.png\",\"contentUrl\":\"https:\/\/www.chateausaintemarguerite.com\/wp-content\/uploads\/2021\/01\/LogoCSM_1600.png\",\"width\":2560,\"height\":1257,\"caption\":\"Ch\u00e2teau Sainte Marguerite\"},\"image\":{\"@id\":\"https:\/\/www.chateausaintemarguerite.com\/#\/schema\/logo\/image\/\"},\"sameAs\":[\"https:\/\/fr-fr.facebook.com\/Chateausaintemarguerite\/\",\"https:\/\/www.instagram.com\/chateausaintemarguerite\/?hl=fr\",\"https:\/\/www.youtube.com\/channel\/UC0WoRvE6wQi_9J8WZg27vwA\"]}]}<\/script>\n<!-- \/ Yoast SEO plugin. -->","yoast_head_json":{"title":"Huile d'olive Bio Provence - Ch\u00e2teau Sainte-Marguerite","description":"Huile d\u2019olive bio Provence press\u00e9e \u00e0 froid, aux ar\u00f4mes fruit\u00e9s et \u00e9pic\u00e9s. Une huile authentique du Ch\u00e2teau Sainte Marguerite.","robots":{"index":"index","follow":"nofollow","max-snippet":"max-snippet:-1","max-image-preview":"max-image-preview:large","max-video-preview":"max-video-preview:-1"},"canonical":"https:\/\/www.chateausaintemarguerite.com\/en\/vins-de-provence\/huile-dolive-bio-du-chateau-sainte-marguerite\/","og_locale":"en_US","og_type":"article","og_title":"Huile d'olive Bio Provence - Ch\u00e2teau Sainte-Marguerite","og_description":"Huile d\u2019olive bio Provence press\u00e9e \u00e0 froid, aux ar\u00f4mes fruit\u00e9s et \u00e9pic\u00e9s. Une huile authentique du Ch\u00e2teau Sainte Marguerite.","og_url":"https:\/\/www.chateausaintemarguerite.com\/en\/vins-de-provence\/huile-dolive-bio-du-chateau-sainte-marguerite\/","og_site_name":"Ch\u00e2teau Sainte Marguerite","article_publisher":"https:\/\/fr-fr.facebook.com\/Chateausaintemarguerite\/","article_modified_time":"2026-04-23T09:18:39+00:00","og_image":[{"width":1742,"height":1742,"url":"http:\/\/www.chateausaintemarguerite.com\/wp-content\/uploads\/2025\/03\/ft-huile-olive-bio-2020-1-pdf.png","type":"image\/png"}],"twitter_card":"summary_large_image","twitter_misc":{"Est. reading time":"1 minute"},"schema":{"@context":"https:\/\/schema.org","@graph":[{"@type":"WebPage","@id":"https:\/\/www.chateausaintemarguerite.com\/vins-de-provence\/huile-dolive-bio-du-chateau-sainte-marguerite\/","url":"https:\/\/www.chateausaintemarguerite.com\/vins-de-provence\/huile-dolive-bio-du-chateau-sainte-marguerite\/","name":"Huile d'olive Bio Provence - Ch\u00e2teau Sainte-Marguerite","isPartOf":{"@id":"https:\/\/www.chateausaintemarguerite.com\/#website"},"primaryImageOfPage":{"@id":"https:\/\/www.chateausaintemarguerite.com\/vins-de-provence\/huile-dolive-bio-du-chateau-sainte-marguerite\/#primaryimage"},"image":{"@id":"https:\/\/www.chateausaintemarguerite.com\/vins-de-provence\/huile-dolive-bio-du-chateau-sainte-marguerite\/#primaryimage"},"thumbnailUrl":"https:\/\/www.chateausaintemarguerite.com\/wp-content\/uploads\/2025\/03\/ft-huile-olive-bio-2020-1-pdf.png","datePublished":"2025-03-25T14:06:41+00:00","dateModified":"2026-04-23T09:18:39+00:00","description":"Huile d\u2019olive bio Provence press\u00e9e \u00e0 froid, aux ar\u00f4mes fruit\u00e9s et \u00e9pic\u00e9s. Une huile authentique du Ch\u00e2teau Sainte Marguerite.","breadcrumb":{"@id":"https:\/\/www.chateausaintemarguerite.com\/vins-de-provence\/huile-dolive-bio-du-chateau-sainte-marguerite\/#breadcrumb"},"inLanguage":"en-US","potentialAction":[{"@type":"ReadAction","target":["https:\/\/www.chateausaintemarguerite.com\/vins-de-provence\/huile-dolive-bio-du-chateau-sainte-marguerite\/"]}]},{"@type":"ImageObject","inLanguage":"en-US","@id":"https:\/\/www.chateausaintemarguerite.com\/vins-de-provence\/huile-dolive-bio-du-chateau-sainte-marguerite\/#primaryimage","url":"https:\/\/www.chateausaintemarguerite.com\/wp-content\/uploads\/2025\/03\/ft-huile-olive-bio-2020-1-pdf.png","contentUrl":"https:\/\/www.chateausaintemarguerite.com\/wp-content\/uploads\/2025\/03\/ft-huile-olive-bio-2020-1-pdf.png","width":1742,"height":1742,"caption":"FT-Huile-Olive-BIO-2020-1.pdf"},{"@type":"BreadcrumbList","@id":"https:\/\/www.chateausaintemarguerite.com\/vins-de-provence\/huile-dolive-bio-du-chateau-sainte-marguerite\/#breadcrumb","itemListElement":[{"@type":"ListItem","position":1,"name":"Accueil","item":"https:\/\/www.chateausaintemarguerite.com\/"},{"@type":"ListItem","position":2,"name":"Boutique","item":"https:\/\/www.chateausaintemarguerite.com\/vins-de-provence\/"},{"@type":"ListItem","position":3,"name":"Huile d'Olive","item":"https:\/\/www.chateausaintemarguerite.com\/cru-classe-provence\/huile-dolive\/"},{"@type":"ListItem","position":4,"name":"Huile d&rsquo;olive BIO du Ch\u00e2teau Sainte Marguerite"}]},{"@type":"WebSite","@id":"https:\/\/www.chateausaintemarguerite.com\/#website","url":"https:\/\/www.chateausaintemarguerite.com\/","name":"Ch\u00e2teau Sainte Marguerite","description":"Provence wines","publisher":{"@id":"https:\/\/www.chateausaintemarguerite.com\/#organization"},"potentialAction":[{"@type":"SearchAction","target":{"@type":"EntryPoint","urlTemplate":"https:\/\/www.chateausaintemarguerite.com\/?s={search_term_string}"},"query-input":{"@type":"PropertyValueSpecification","valueRequired":true,"valueName":"search_term_string"}}],"inLanguage":"en-US"},{"@type":"Organization","@id":"https:\/\/www.chateausaintemarguerite.com\/#organization","name":"Ch\u00e2teau Sainte Marguerite","url":"https:\/\/www.chateausaintemarguerite.com\/","logo":{"@type":"ImageObject","inLanguage":"en-US","@id":"https:\/\/www.chateausaintemarguerite.com\/#\/schema\/logo\/image\/","url":"https:\/\/www.chateausaintemarguerite.com\/wp-content\/uploads\/2021\/01\/LogoCSM_1600.png","contentUrl":"https:\/\/www.chateausaintemarguerite.com\/wp-content\/uploads\/2021\/01\/LogoCSM_1600.png","width":2560,"height":1257,"caption":"Ch\u00e2teau Sainte Marguerite"},"image":{"@id":"https:\/\/www.chateausaintemarguerite.com\/#\/schema\/logo\/image\/"},"sameAs":["https:\/\/fr-fr.facebook.com\/Chateausaintemarguerite\/","https:\/\/www.instagram.com\/chateausaintemarguerite\/?hl=fr","https:\/\/www.youtube.com\/channel\/UC0WoRvE6wQi_9J8WZg27vwA"]}]}},"_links":{"self":[{"href":"https:\/\/www.chateausaintemarguerite.com\/en\/wp-json\/wp\/v2\/product\/187036","targetHints":{"allow":["GET"]}}],"collection":[{"href":"https:\/\/www.chateausaintemarguerite.com\/en\/wp-json\/wp\/v2\/product"}],"about":[{"href":"https:\/\/www.chateausaintemarguerite.com\/en\/wp-json\/wp\/v2\/types\/product"}],"wp:featuredmedia":[{"embeddable":true,"href":"https:\/\/www.chateausaintemarguerite.com\/en\/wp-json\/wp\/v2\/media\/230464"}],"wp:attachment":[{"href":"https:\/\/www.chateausaintemarguerite.com\/en\/wp-json\/wp\/v2\/media?parent=187036"}],"wp:term":[{"taxonomy":"product_brand","embeddable":true,"href":"https:\/\/www.chateausaintemarguerite.com\/en\/wp-json\/wp\/v2\/product_brand?post=187036"},{"taxonomy":"product_cat","embeddable":true,"href":"https:\/\/www.chateausaintemarguerite.com\/en\/wp-json\/wp\/v2\/product_cat?post=187036"},{"taxonomy":"product_tag","embeddable":true,"href":"https:\/\/www.chateausaintemarguerite.com\/en\/wp-json\/wp\/v2\/product_tag?post=187036"}],"curies":[{"name":"wp","href":"https:\/\/api.w.org\/{rel}","templated":true}]}}