{"id":155369,"date":"2024-11-27T16:21:56","date_gmt":"2024-11-27T15:21:56","guid":{"rendered":"https:\/\/www.chateausaintemarguerite.com\/?post_type=product&#038;p=155369"},"modified":"2025-03-13T14:35:27","modified_gmt":"2025-03-13T13:35:27","slug":"rituel-de-degustation","status":"publish","type":"product","link":"https:\/\/www.chateausaintemarguerite.com\/en\/vins-de-provence\/rituel-de-degustation\/","title":{"rendered":"Tasting ritual"},"content":{"rendered":"<p data-pm-slice=\"1 1 []\">Discover the vintages <strong>Ch\u00e2teau Sainte Marguerite<\/strong> with our ceramic tasting ritual.<\/p>\n<p>This set<strong> artisanal<\/strong> includes a<strong> wine brick<\/strong> to keep the ros\u00e9 cool. <strong>petal-shaped ramekins<\/strong>and a<strong> tray <\/strong>to arrange the ramekins around the bottle, thus forming a <strong>marguerite<\/strong>symbol of our house.<\/p>\n<p><strong>Handcrafted in France by an artisan d'art<\/strong>This set combines Provencal elegance and functionality for unique tastings.<\/p>","protected":false},"excerpt":{"rendered":"<p data-pm-slice=\"1 1 []\">Discover the vintages <strong>Ch\u00e2teau Sainte Marguerite<\/strong>\u00a0with our ceramic tasting ritual.<\/p>\n<p>This set<strong> artisanal<\/strong> includes a<strong> wine brick<\/strong> to keep the ros\u00e9 cool. <strong>petal-shaped ramekins<\/strong>and a<strong> tray <\/strong>to arrange the ramekins around the bottle, thus forming a <strong>marguerite<\/strong>symbol of our house.<\/p>\n<p><strong>Handcrafted in France by an artisan d'art<\/strong>This set combines Provencal elegance and functionality for unique tastings.<\/p>","protected":false},"featured_media":155377,"template":"","meta":{"inline_featured_image":false},"product_brand":[],"product_cat":[43],"product_tag":[],"class_list":{"0":"post-155369","1":"product","2":"type-product","3":"status-publish","4":"has-post-thumbnail","6":"product_cat-accessoires-degustation","7":"member-discount","8":"discount-restricted","10":"first","11":"outofstock","12":"taxable","13":"shipping-taxable","14":"purchasable","15":"product-type-simple"},"booking_location":null,"booking_location_type":null,"booking_duration":null,"booking_duration_unit":null,"booking_buffer":null,"booking_cost":null,"booking_resources":null,"acf":[],"yoast_head":"<!-- This site is optimized with the Yoast SEO plugin v27.1.1 - https:\/\/yoast.com\/product\/yoast-seo-wordpress\/ -->\n<title>Rituel de D\u00e9gustation - Ch\u00e2teau Sainte Marguerite<\/title>\n<meta name=\"description\" content=\"D\u00e9couvrez\u00a0les cuv\u00e9es Ch\u00e2teau Sainte Marguerite autrement, avec notre rituel de d\u00e9gustation en c\u00e9ramique.\" \/>\n<meta name=\"robots\" content=\"index, follow, max-snippet:-1, max-image-preview:large, max-video-preview:-1\" \/>\n<link rel=\"canonical\" href=\"https:\/\/www.chateausaintemarguerite.com\/en\/vins-de-provence\/rituel-de-degustation\/\" \/>\n<meta property=\"og:locale\" content=\"en_US\" \/>\n<meta property=\"og:type\" content=\"article\" \/>\n<meta property=\"og:title\" content=\"Rituel de D\u00e9gustation - Ch\u00e2teau Sainte Marguerite\" \/>\n<meta property=\"og:description\" content=\"D\u00e9couvrez\u00a0les cuv\u00e9es Ch\u00e2teau Sainte Marguerite autrement, avec notre rituel de d\u00e9gustation en c\u00e9ramique.\" \/>\n<meta property=\"og:url\" content=\"https:\/\/www.chateausaintemarguerite.com\/en\/vins-de-provence\/rituel-de-degustation\/\" \/>\n<meta property=\"og:site_name\" content=\"Ch\u00e2teau Sainte Marguerite\" \/>\n<meta property=\"article:publisher\" content=\"https:\/\/fr-fr.facebook.com\/Chateausaintemarguerite\/\" \/>\n<meta property=\"article:modified_time\" content=\"2025-03-13T13:35:27+00:00\" \/>\n<meta property=\"og:image\" content=\"https:\/\/www.chateausaintemarguerite.com\/wp-content\/uploads\/2024\/11\/Design-sans-titre-1.png\" \/>\n\t<meta property=\"og:image:width\" content=\"1080\" \/>\n\t<meta property=\"og:image:height\" content=\"1080\" \/>\n\t<meta property=\"og:image:type\" content=\"image\/png\" \/>\n<meta name=\"twitter:card\" content=\"summary_large_image\" \/>\n<meta name=\"twitter:label1\" content=\"Est. reading time\" \/>\n\t<meta name=\"twitter:data1\" content=\"1 minute\" \/>\n<script type=\"application\/ld+json\" class=\"yoast-schema-graph\">{\"@context\":\"https:\/\/schema.org\",\"@graph\":[{\"@type\":\"WebPage\",\"@id\":\"https:\/\/www.chateausaintemarguerite.com\/vins-de-provence\/rituel-de-degustation\/\",\"url\":\"https:\/\/www.chateausaintemarguerite.com\/vins-de-provence\/rituel-de-degustation\/\",\"name\":\"Rituel de D\u00e9gustation - Ch\u00e2teau Sainte Marguerite\",\"isPartOf\":{\"@id\":\"https:\/\/www.chateausaintemarguerite.com\/#website\"},\"primaryImageOfPage\":{\"@id\":\"https:\/\/www.chateausaintemarguerite.com\/vins-de-provence\/rituel-de-degustation\/#primaryimage\"},\"image\":{\"@id\":\"https:\/\/www.chateausaintemarguerite.com\/vins-de-provence\/rituel-de-degustation\/#primaryimage\"},\"thumbnailUrl\":\"https:\/\/www.chateausaintemarguerite.com\/wp-content\/uploads\/2024\/11\/Design-sans-titre-1.png\",\"datePublished\":\"2024-11-27T15:21:56+00:00\",\"dateModified\":\"2025-03-13T13:35:27+00:00\",\"description\":\"D\u00e9couvrez\u00a0les cuv\u00e9es Ch\u00e2teau Sainte Marguerite autrement, avec notre rituel de d\u00e9gustation en c\u00e9ramique.\",\"breadcrumb\":{\"@id\":\"https:\/\/www.chateausaintemarguerite.com\/vins-de-provence\/rituel-de-degustation\/#breadcrumb\"},\"inLanguage\":\"en-US\",\"potentialAction\":[{\"@type\":\"ReadAction\",\"target\":[\"https:\/\/www.chateausaintemarguerite.com\/vins-de-provence\/rituel-de-degustation\/\"]}]},{\"@type\":\"ImageObject\",\"inLanguage\":\"en-US\",\"@id\":\"https:\/\/www.chateausaintemarguerite.com\/vins-de-provence\/rituel-de-degustation\/#primaryimage\",\"url\":\"https:\/\/www.chateausaintemarguerite.com\/wp-content\/uploads\/2024\/11\/Design-sans-titre-1.png\",\"contentUrl\":\"https:\/\/www.chateausaintemarguerite.com\/wp-content\/uploads\/2024\/11\/Design-sans-titre-1.png\",\"width\":1080,\"height\":1080,\"caption\":\"Design sans titre 1\"},{\"@type\":\"BreadcrumbList\",\"@id\":\"https:\/\/www.chateausaintemarguerite.com\/vins-de-provence\/rituel-de-degustation\/#breadcrumb\",\"itemListElement\":[{\"@type\":\"ListItem\",\"position\":1,\"name\":\"Accueil\",\"item\":\"https:\/\/www.chateausaintemarguerite.com\/\"},{\"@type\":\"ListItem\",\"position\":2,\"name\":\"Boutique\",\"item\":\"https:\/\/www.chateausaintemarguerite.com\/vins-de-provence\/\"},{\"@type\":\"ListItem\",\"position\":3,\"name\":\"Accessoires\",\"item\":\"https:\/\/www.chateausaintemarguerite.com\/en\/cru-classe-provence\/accessoires-degustation\/\"},{\"@type\":\"ListItem\",\"position\":4,\"name\":\"Rituel de D\u00e9gustation\"}]},{\"@type\":\"WebSite\",\"@id\":\"https:\/\/www.chateausaintemarguerite.com\/#website\",\"url\":\"https:\/\/www.chateausaintemarguerite.com\/\",\"name\":\"Ch\u00e2teau Sainte Marguerite\",\"description\":\"Vins de Provence\",\"publisher\":{\"@id\":\"https:\/\/www.chateausaintemarguerite.com\/#organization\"},\"potentialAction\":[{\"@type\":\"SearchAction\",\"target\":{\"@type\":\"EntryPoint\",\"urlTemplate\":\"https:\/\/www.chateausaintemarguerite.com\/?s={search_term_string}\"},\"query-input\":{\"@type\":\"PropertyValueSpecification\",\"valueRequired\":true,\"valueName\":\"search_term_string\"}}],\"inLanguage\":\"en-US\"},{\"@type\":\"Organization\",\"@id\":\"https:\/\/www.chateausaintemarguerite.com\/#organization\",\"name\":\"Ch\u00e2teau Sainte Marguerite\",\"url\":\"https:\/\/www.chateausaintemarguerite.com\/\",\"logo\":{\"@type\":\"ImageObject\",\"inLanguage\":\"en-US\",\"@id\":\"https:\/\/www.chateausaintemarguerite.com\/#\/schema\/logo\/image\/\",\"url\":\"https:\/\/www.chateausaintemarguerite.com\/wp-content\/uploads\/2021\/01\/LogoCSM_1600.png\",\"contentUrl\":\"https:\/\/www.chateausaintemarguerite.com\/wp-content\/uploads\/2021\/01\/LogoCSM_1600.png\",\"width\":2560,\"height\":1257,\"caption\":\"Ch\u00e2teau Sainte Marguerite\"},\"image\":{\"@id\":\"https:\/\/www.chateausaintemarguerite.com\/#\/schema\/logo\/image\/\"},\"sameAs\":[\"https:\/\/fr-fr.facebook.com\/Chateausaintemarguerite\/\",\"https:\/\/www.instagram.com\/chateausaintemarguerite\/?hl=fr\",\"https:\/\/www.youtube.com\/channel\/UC0WoRvE6wQi_9J8WZg27vwA\"]}]}<\/script>\n<!-- \/ Yoast SEO plugin. -->","yoast_head_json":{"title":"Tasting ritual - Ch\u00e2teau Sainte Marguerite","description":"Discover Ch\u00e2teau Sainte Marguerite cuv\u00e9es in a different way, with our ceramic tasting ritual.","robots":{"index":"index","follow":"follow","max-snippet":"max-snippet:-1","max-image-preview":"max-image-preview:large","max-video-preview":"max-video-preview:-1"},"canonical":"https:\/\/www.chateausaintemarguerite.com\/en\/vins-de-provence\/rituel-de-degustation\/","og_locale":"en_US","og_type":"article","og_title":"Rituel de D\u00e9gustation - Ch\u00e2teau Sainte Marguerite","og_description":"D\u00e9couvrez\u00a0les cuv\u00e9es Ch\u00e2teau Sainte Marguerite autrement, avec notre rituel de d\u00e9gustation en c\u00e9ramique.","og_url":"https:\/\/www.chateausaintemarguerite.com\/en\/vins-de-provence\/rituel-de-degustation\/","og_site_name":"Ch\u00e2teau Sainte Marguerite","article_publisher":"https:\/\/fr-fr.facebook.com\/Chateausaintemarguerite\/","article_modified_time":"2025-03-13T13:35:27+00:00","og_image":[{"width":1080,"height":1080,"url":"https:\/\/www.chateausaintemarguerite.com\/wp-content\/uploads\/2024\/11\/Design-sans-titre-1.png","type":"image\/png"}],"twitter_card":"summary_large_image","twitter_misc":{"Est. reading time":"1 minute"},"schema":{"@context":"https:\/\/schema.org","@graph":[{"@type":"WebPage","@id":"https:\/\/www.chateausaintemarguerite.com\/vins-de-provence\/rituel-de-degustation\/","url":"https:\/\/www.chateausaintemarguerite.com\/vins-de-provence\/rituel-de-degustation\/","name":"Tasting ritual - Ch\u00e2teau Sainte Marguerite","isPartOf":{"@id":"https:\/\/www.chateausaintemarguerite.com\/#website"},"primaryImageOfPage":{"@id":"https:\/\/www.chateausaintemarguerite.com\/vins-de-provence\/rituel-de-degustation\/#primaryimage"},"image":{"@id":"https:\/\/www.chateausaintemarguerite.com\/vins-de-provence\/rituel-de-degustation\/#primaryimage"},"thumbnailUrl":"https:\/\/www.chateausaintemarguerite.com\/wp-content\/uploads\/2024\/11\/Design-sans-titre-1.png","datePublished":"2024-11-27T15:21:56+00:00","dateModified":"2025-03-13T13:35:27+00:00","description":"Discover Ch\u00e2teau Sainte Marguerite cuv\u00e9es in a different way, with our ceramic tasting ritual.","breadcrumb":{"@id":"https:\/\/www.chateausaintemarguerite.com\/vins-de-provence\/rituel-de-degustation\/#breadcrumb"},"inLanguage":"en-US","potentialAction":[{"@type":"ReadAction","target":["https:\/\/www.chateausaintemarguerite.com\/vins-de-provence\/rituel-de-degustation\/"]}]},{"@type":"ImageObject","inLanguage":"en-US","@id":"https:\/\/www.chateausaintemarguerite.com\/vins-de-provence\/rituel-de-degustation\/#primaryimage","url":"https:\/\/www.chateausaintemarguerite.com\/wp-content\/uploads\/2024\/11\/Design-sans-titre-1.png","contentUrl":"https:\/\/www.chateausaintemarguerite.com\/wp-content\/uploads\/2024\/11\/Design-sans-titre-1.png","width":1080,"height":1080,"caption":"Design sans titre 1"},{"@type":"BreadcrumbList","@id":"https:\/\/www.chateausaintemarguerite.com\/vins-de-provence\/rituel-de-degustation\/#breadcrumb","itemListElement":[{"@type":"ListItem","position":1,"name":"Accueil","item":"https:\/\/www.chateausaintemarguerite.com\/"},{"@type":"ListItem","position":2,"name":"Boutique","item":"https:\/\/www.chateausaintemarguerite.com\/vins-de-provence\/"},{"@type":"ListItem","position":3,"name":"Accessoires","item":"https:\/\/www.chateausaintemarguerite.com\/en\/cru-classe-provence\/accessoires-degustation\/"},{"@type":"ListItem","position":4,"name":"Rituel de D\u00e9gustation"}]},{"@type":"WebSite","@id":"https:\/\/www.chateausaintemarguerite.com\/#website","url":"https:\/\/www.chateausaintemarguerite.com\/","name":"Ch\u00e2teau Sainte Marguerite","description":"Provence wines","publisher":{"@id":"https:\/\/www.chateausaintemarguerite.com\/#organization"},"potentialAction":[{"@type":"SearchAction","target":{"@type":"EntryPoint","urlTemplate":"https:\/\/www.chateausaintemarguerite.com\/?s={search_term_string}"},"query-input":{"@type":"PropertyValueSpecification","valueRequired":true,"valueName":"search_term_string"}}],"inLanguage":"en-US"},{"@type":"Organization","@id":"https:\/\/www.chateausaintemarguerite.com\/#organization","name":"Ch\u00e2teau Sainte Marguerite","url":"https:\/\/www.chateausaintemarguerite.com\/","logo":{"@type":"ImageObject","inLanguage":"en-US","@id":"https:\/\/www.chateausaintemarguerite.com\/#\/schema\/logo\/image\/","url":"https:\/\/www.chateausaintemarguerite.com\/wp-content\/uploads\/2021\/01\/LogoCSM_1600.png","contentUrl":"https:\/\/www.chateausaintemarguerite.com\/wp-content\/uploads\/2021\/01\/LogoCSM_1600.png","width":2560,"height":1257,"caption":"Ch\u00e2teau Sainte Marguerite"},"image":{"@id":"https:\/\/www.chateausaintemarguerite.com\/#\/schema\/logo\/image\/"},"sameAs":["https:\/\/fr-fr.facebook.com\/Chateausaintemarguerite\/","https:\/\/www.instagram.com\/chateausaintemarguerite\/?hl=fr","https:\/\/www.youtube.com\/channel\/UC0WoRvE6wQi_9J8WZg27vwA"]}]}},"_links":{"self":[{"href":"https:\/\/www.chateausaintemarguerite.com\/en\/wp-json\/wp\/v2\/product\/155369","targetHints":{"allow":["GET"]}}],"collection":[{"href":"https:\/\/www.chateausaintemarguerite.com\/en\/wp-json\/wp\/v2\/product"}],"about":[{"href":"https:\/\/www.chateausaintemarguerite.com\/en\/wp-json\/wp\/v2\/types\/product"}],"wp:featuredmedia":[{"embeddable":true,"href":"https:\/\/www.chateausaintemarguerite.com\/en\/wp-json\/wp\/v2\/media\/155377"}],"wp:attachment":[{"href":"https:\/\/www.chateausaintemarguerite.com\/en\/wp-json\/wp\/v2\/media?parent=155369"}],"wp:term":[{"taxonomy":"product_brand","embeddable":true,"href":"https:\/\/www.chateausaintemarguerite.com\/en\/wp-json\/wp\/v2\/product_brand?post=155369"},{"taxonomy":"product_cat","embeddable":true,"href":"https:\/\/www.chateausaintemarguerite.com\/en\/wp-json\/wp\/v2\/product_cat?post=155369"},{"taxonomy":"product_tag","embeddable":true,"href":"https:\/\/www.chateausaintemarguerite.com\/en\/wp-json\/wp\/v2\/product_tag?post=155369"}],"curies":[{"name":"wp","href":"https:\/\/api.w.org\/{rel}","templated":true}]}}